{"id":95,"date":"2014-06-13T15:26:32","date_gmt":"2014-06-13T13:26:32","guid":{"rendered":"http:\/\/localhost\/wordpress\/?page_id=95"},"modified":"2025-06-09T14:18:36","modified_gmt":"2025-06-09T13:18:36","slug":"actualites-2","status":"publish","type":"page","link":"https:\/\/uparbois.org\/?page_id=95","title":{"rendered":"Reportages Photos des paroisses"},"content":{"rendered":"<h3 style=\"text-align: center;\"><a href=\"https:\/\/uparbois.org\/wp-content\/uploads\/2016\/03\/Banderole-up-arbois-Copier.jpg\"><img loading=\"lazy\" decoding=\"async\" class=\"alignnone size-large wp-image-6115\" src=\"https:\/\/uparbois.org\/wp-content\/uploads\/2016\/03\/Banderole-up-arbois-Copier-1024x358.jpg\" alt=\"\" width=\"720\" height=\"252\" srcset=\"https:\/\/uparbois.org\/wp-content\/uploads\/2016\/03\/Banderole-up-arbois-Copier-1024x358.jpg 1024w, https:\/\/uparbois.org\/wp-content\/uploads\/2016\/03\/Banderole-up-arbois-Copier-300x105.jpg 300w, https:\/\/uparbois.org\/wp-content\/uploads\/2016\/03\/Banderole-up-arbois-Copier-768x269.jpg 768w, https:\/\/uparbois.org\/wp-content\/uploads\/2016\/03\/Banderole-up-arbois-Copier.jpg 1280w\" sizes=\"(max-width: 720px) 100vw, 720px\" \/><\/a><\/h3>\n<h3><span style=\"text-decoration: underline; color: #ff0000;\"><strong>Informations importantes concernant le \u00ab\u00a0Respect du Droit \u00e0 l&rsquo;image\u00a0\u00bb<\/strong><\/span><\/h3>\n<h4><span style=\"font-size: 10pt; color: #0000ff;\"><em>Dans le cas des \u00e9v\u00e9nements d&rsquo;actualit\u00e9 et manifestations publiques, une photographie peut \u00eatre publi\u00e9e sans l&rsquo;autorisation des personnes \u00e0 condition de ne pas d\u00e9passer les limites du droit \u00e0 l&rsquo;information. Ce principe a \u00e9t\u00e9 clairement pos\u00e9 par les tribunaux : si l&rsquo;autorisation devait \u00eatre syst\u00e9matique, toute publication de photo de foule ou manifestation publique pour illustrer un reportage serait impossible.\u00a0 <a style=\"color: #0000ff;\" href=\"http:\/\/www.droit-image.fr\" target=\"_blank\" rel=\"noopener noreferrer\">(Source \u00ab\u00a0Droit-image.fr\u00a0\u00bb)<\/a><\/em> <\/span><\/h4>\n<h4><span style=\"font-size: 10pt; color: #0000ff;\"><em>Dans le cas d&rsquo;images prises dans les lieux publics, seule l&rsquo;autorisation des personnes qui sont isol\u00e9es et reconnaissables est n\u00e9cessaire. Pour autant, lorsque la capture de l&rsquo;image d&rsquo;une personne a \u00e9t\u00e9 accomplie au vu et au su de l&rsquo;int\u00e9ress\u00e9e sans qu&rsquo;elle s&rsquo;y soit oppos\u00e9e alors qu&rsquo;elle \u00e9tait en mesure de le faire, le consentement de celle-ci est pr\u00e9sum\u00e9. <a style=\"color: #0000ff;\" href=\"http:\/\/www.cnil.fr\" target=\"_blank\" rel=\"noopener noreferrer\">(Source \u00ab\u00a0Cnil.fr)<\/a><\/em> <\/span><\/h4>\n<h4 style=\"text-align: left;\"><span style=\"font-size: 10pt;\"><span style=\"color: #0000ff;\"><em>En mati\u00e8re de droit \u00e0 l\u2019image, s<\/em><em>\u2019agissant de groupe de personnes dans un lieu public ou de sc\u00e8nes de rue, il n\u2019est pas n\u00e9cessaire d\u2019obtenir le consentement des personnes photographi\u00e9es pour la publication de leur image, sous les conditions cumulatives suivantes : &#8211; il doit s&rsquo;agir d&rsquo;un lieu public\u00a0 &#8212; il ne doit pas y avoir de cadrage restrictif\u00a0 &#8211; il ne doit pas y avoir d&rsquo;atteinte \u00e0 la vie priv\u00e9e. Suivant la d\u00e9finition de la Cour de Cassation, un lieu public est un lieu accessible \u00e0 tous sans autorisation sp\u00e9ciale de quiconque, que l\u2019acc\u00e8s en soit permanent ou subordonn\u00e9 \u00e0 certaines conditions heures ou causes d\u00e9termin\u00e9es. <\/em><em>La voie publique, la rue et les lieux de culte sont naturellement consid\u00e9r\u00e9s comme des lieux publics. <\/em><\/span><br \/><span style=\"color: #0000ff;\"><em>Les animateurs du site Up Arbois sont particuli\u00e8rement attentifs au respect de ces r\u00e8gles. Si toutefois une publication vous\u00a0 d\u00e9rangeait, faites nous le savoir pour que nous y rem\u00e9dions.<\/em><\/span><br \/><\/span><\/h4>\n<p><span style=\"color: #0000ff;\"><strong>Nos photos sont stock\u00e9es sur Google photos. Vous pouvez les t\u00e9l\u00e9charger depuis le menu Google photos, en respectant les mentions d&rsquo;auteur lorsqu&rsquo;elles y figurent. <\/strong><\/span><\/p>\n<p><span style=\"color: #0000ff;\"><strong>(AL = Andr\u00e9 Luzy\u00a0 &#8211;\u00a0 JCL = Jean Claude Lenaers)<\/strong><\/span><\/p>\n<table style=\"width: 100%;\">\n<tbody>\n<tr>\n<td style=\"width: 57.2619%;\"><strong>\u00a0<\/strong><\/td>\n<td style=\"width: 41.7857%;\"><a href=\"https:\/\/uparbois.org\/?page_id=19849\" target=\"_blank\" rel=\"noopener\"><strong>Voir les photos 2025<\/strong><\/a><\/td>\n<\/tr>\n<tr>\n<td style=\"width: 57.2619%;\"><strong>\u00a0<a href=\"https:\/\/uparbois.org\/?page_id=18956\" target=\"_blank\" rel=\"noopener\">Voir les photos 2024<\/a><br \/><\/strong><\/td>\n<td style=\"width: 41.7857%;\"><strong><a href=\"https:\/\/uparbois.org\/?page_id=18224\" target=\"_blank\" rel=\"noopener\">Voir les photos 2023<\/a><br \/><\/strong><\/td>\n<\/tr>\n<tr>\n<td style=\"width: 57.2619%;\"><a href=\"https:\/\/uparbois.org\/?page_id=16124\" target=\"_blank\" rel=\"noopener\"><strong>Voir les photos 2021 et 2022<\/strong><\/a><strong><br \/><\/strong><\/td>\n<td style=\"width: 41.7857%;\"><a href=\"https:\/\/uparbois.org\/?page_id=16116\" target=\"_blank\" rel=\"noopener\"><strong>Voir les photos 2020<\/strong><\/a><\/td>\n<\/tr>\n<tr>\n<td style=\"width: 57.2619%;\"><a href=\"https:\/\/uparbois.org\/?page_id=14196\"><strong>Voir les photos 2019<\/strong><\/a><\/td>\n<td style=\"width: 41.7857%;\"><a href=\"https:\/\/uparbois.org\/?page_id=11643\" target=\"_blank\" rel=\"noopener noreferrer\"><strong>V<\/strong><strong>oir les<\/strong><strong> photo<\/strong><strong>s 2018<\/strong><\/a><em><br \/><\/em><\/td>\n<\/tr>\n<tr>\n<td style=\"width: 57.2619%;\"><a href=\"https:\/\/uparbois.org\/?page_id=9488\" target=\"_blank\" rel=\"noopener noreferrer\"> <strong>Voir les photos 2017<\/strong> <\/a><\/td>\n<td style=\"width: 41.7857%;\"><a href=\"https:\/\/uparbois.org\/?page_id=6862\" target=\"_blank\" rel=\"noopener noreferrer\"><strong>Voir les photos 2016<\/strong><\/a><\/td>\n<\/tr>\n<tr>\n<td style=\"width: 57.2619%;\"><a href=\"https:\/\/uparbois.org\/?page_id=5572\" target=\"_blank\" rel=\"noopener noreferrer\"><strong>Voir les photos 2015\u00a0<\/strong><\/a><\/td>\n<td style=\"width: 41.7857%;\"><a href=\"https:\/\/uparbois.org\/?page_id=5567\" target=\"_blank\" rel=\"noopener noreferrer\"><strong>Voir les photos 2014<\/strong><\/a><\/td>\n<\/tr>\n<\/tbody>\n<\/table>\n\n","protected":false},"excerpt":{"rendered":"<p>Informations importantes concernant le \u00ab\u00a0Respect du Droit \u00e0 l&rsquo;image\u00a0\u00bb Dans le cas des \u00e9v\u00e9nements d&rsquo;actualit\u00e9 et manifestations publiques, une photographie peut \u00eatre publi\u00e9e sans l&rsquo;autorisation des personnes \u00e0 condition de ne pas d\u00e9passer les limites du droit \u00e0 l&rsquo;information. Ce principe a \u00e9t\u00e9 clairement pos\u00e9 par les tribunaux : si l&rsquo;autorisation devait \u00eatre syst\u00e9matique, toute [&hellip;]<\/p>\n","protected":false},"author":2,"featured_media":0,"parent":0,"menu_order":3,"comment_status":"closed","ping_status":"closed","template":"","meta":{"ocean_post_layout":"","ocean_both_sidebars_style":"","ocean_both_sidebars_content_width":0,"ocean_both_sidebars_sidebars_width":0,"ocean_sidebar":"0","ocean_second_sidebar":"0","ocean_disable_margins":"enable","ocean_add_body_class":"","ocean_shortcode_before_top_bar":"","ocean_shortcode_after_top_bar":"","ocean_shortcode_before_header":"","ocean_shortcode_after_header":"","ocean_has_shortcode":"","ocean_shortcode_after_title":"","ocean_shortcode_before_footer_widgets":"","ocean_shortcode_after_footer_widgets":"","ocean_shortcode_before_footer_bottom":"","ocean_shortcode_after_footer_bottom":"","ocean_display_top_bar":"default","ocean_display_header":"default","ocean_header_style":"","ocean_center_header_left_menu":"0","ocean_custom_header_template":"0","ocean_custom_logo":0,"ocean_custom_retina_logo":0,"ocean_custom_logo_max_width":0,"ocean_custom_logo_tablet_max_width":0,"ocean_custom_logo_mobile_max_width":0,"ocean_custom_logo_max_height":0,"ocean_custom_logo_tablet_max_height":0,"ocean_custom_logo_mobile_max_height":0,"ocean_header_custom_menu":"0","ocean_menu_typo_font_family":"0","ocean_menu_typo_font_subset":"","ocean_menu_typo_font_size":0,"ocean_menu_typo_font_size_tablet":0,"ocean_menu_typo_font_size_mobile":0,"ocean_menu_typo_font_size_unit":"px","ocean_menu_typo_font_weight":"","ocean_menu_typo_font_weight_tablet":"","ocean_menu_typo_font_weight_mobile":"","ocean_menu_typo_transform":"","ocean_menu_typo_transform_tablet":"","ocean_menu_typo_transform_mobile":"","ocean_menu_typo_line_height":0,"ocean_menu_typo_line_height_tablet":0,"ocean_menu_typo_line_height_mobile":0,"ocean_menu_typo_line_height_unit":"","ocean_menu_typo_spacing":0,"ocean_menu_typo_spacing_tablet":0,"ocean_menu_typo_spacing_mobile":0,"ocean_menu_typo_spacing_unit":"","ocean_menu_link_color":"","ocean_menu_link_color_hover":"","ocean_menu_link_color_active":"","ocean_menu_link_background":"","ocean_menu_link_hover_background":"","ocean_menu_link_active_background":"","ocean_menu_social_links_bg":"","ocean_menu_social_hover_links_bg":"","ocean_menu_social_links_color":"","ocean_menu_social_hover_links_color":"","ocean_disable_title":"default","ocean_disable_heading":"default","ocean_post_title":"","ocean_post_subheading":"","ocean_post_title_style":"","ocean_post_title_background_color":"","ocean_post_title_background":0,"ocean_post_title_bg_image_position":"","ocean_post_title_bg_image_attachment":"","ocean_post_title_bg_image_repeat":"","ocean_post_title_bg_image_size":"","ocean_post_title_height":0,"ocean_post_title_bg_overlay":0.5,"ocean_post_title_bg_overlay_color":"","ocean_disable_breadcrumbs":"default","ocean_breadcrumbs_color":"","ocean_breadcrumbs_separator_color":"","ocean_breadcrumbs_links_color":"","ocean_breadcrumbs_links_hover_color":"","ocean_display_footer_widgets":"default","ocean_display_footer_bottom":"default","ocean_custom_footer_template":"0","footnotes":""},"_links":{"self":[{"href":"https:\/\/uparbois.org\/index.php?rest_route=\/wp\/v2\/pages\/95"}],"collection":[{"href":"https:\/\/uparbois.org\/index.php?rest_route=\/wp\/v2\/pages"}],"about":[{"href":"https:\/\/uparbois.org\/index.php?rest_route=\/wp\/v2\/types\/page"}],"author":[{"embeddable":true,"href":"https:\/\/uparbois.org\/index.php?rest_route=\/wp\/v2\/users\/2"}],"replies":[{"embeddable":true,"href":"https:\/\/uparbois.org\/index.php?rest_route=%2Fwp%2Fv2%2Fcomments&post=95"}],"version-history":[{"count":532,"href":"https:\/\/uparbois.org\/index.php?rest_route=\/wp\/v2\/pages\/95\/revisions"}],"predecessor-version":[{"id":19860,"href":"https:\/\/uparbois.org\/index.php?rest_route=\/wp\/v2\/pages\/95\/revisions\/19860"}],"wp:attachment":[{"href":"https:\/\/uparbois.org\/index.php?rest_route=%2Fwp%2Fv2%2Fmedia&parent=95"}],"curies":[{"name":"wp","href":"https:\/\/api.w.org\/{rel}","templated":true}]}}