{"id":904,"date":"2014-07-01T19:50:55","date_gmt":"2014-07-01T17:50:55","guid":{"rendered":"http:\/\/verckendevreuschmen.fr\/?page_id=904"},"modified":"2025-04-10T11:16:38","modified_gmt":"2025-04-10T10:16:38","slug":"denier","status":"publish","type":"page","link":"https:\/\/uparbois.org\/?page_id=904","title":{"rendered":"DONNER"},"content":{"rendered":"<hr \/>\n<p><span style=\"color: #0000ff;\"><img loading=\"lazy\" decoding=\"async\" class=\"size-medium wp-image-19221 alignleft\" src=\"https:\/\/uparbois.org\/wp-content\/uploads\/2024\/09\/messe_calas_31_08_24_bc_006-300x154.jpg\" alt=\"\" width=\"300\" height=\"154\" srcset=\"https:\/\/uparbois.org\/wp-content\/uploads\/2024\/09\/messe_calas_31_08_24_bc_006-300x154.jpg 300w, https:\/\/uparbois.org\/wp-content\/uploads\/2024\/09\/messe_calas_31_08_24_bc_006-1024x526.jpg 1024w, https:\/\/uparbois.org\/wp-content\/uploads\/2024\/09\/messe_calas_31_08_24_bc_006-768x394.jpg 768w, https:\/\/uparbois.org\/wp-content\/uploads\/2024\/09\/messe_calas_31_08_24_bc_006-1536x788.jpg 1536w, https:\/\/uparbois.org\/wp-content\/uploads\/2024\/09\/messe_calas_31_08_24_bc_006-2048x1051.jpg 2048w\" sizes=\"(max-width: 300px) 100vw, 300px\" \/><\/span>Madame, Monsieur,<\/p>\n<p>Nous avons eu la joie de pouvoir f\u00eater ensemble le bapt\u00eame, la premi\u00e8re communion, la profession de foi, la confirmation de votre enfant\u00a0!<\/p>\n<p>La c\u00e9l\u00e9bration de ce sacrement, vous l\u2019avez demand\u00e9e parce que vous faites partie de la communaut\u00e9 catholique.<\/p>\n<p><strong>Nous remercions notre cur\u00e9<\/strong>, le P\u00e8re Luc Marie Lalanne, ses confr\u00e8res et le P\u00e8re Damien pour leur disponibilit\u00e9 et leur pr\u00e9sence.<\/p>\n<p>Rendons gr\u00e2ce au Seigneur de nous offrir ces moments de partage avec tous les membres des paroisses de Bouc Bel air, Cabri\u00e8s et Calas\u2026<\/p>\n<p>Nous voulons attirer votre attention aujourd\u2019hui sur <strong>les besoins financiers de vos pr\u00eatres.<\/strong><\/p>\n<p>Les qu\u00eates et les participations qui sont demand\u00e9es \u00e0 l\u2019occasion des c\u00e9r\u00e9monies ou services permettent uniquement de financer les frais de fonctionnement de nos paroisses, le secr\u00e9tariat, l\u2019entretien, l\u2019\u00e9lectricit\u00e9, l\u2019eau, le t\u00e9l\u00e9phone, les consommables, les r\u00e9parations mobili\u00e8res \u00e0 notre charge et l\u2019entretien int\u00e9rieur des b\u00e2timents mis \u00e0 notre disposition\u2026<\/p>\n<p><strong>Au quotidien, nos pr\u00eatres ont besoin d\u2019assumer leurs d\u00e9penses personnelles.\u00a0 Tout comme nous, ils doivent se nourrir, s\u2019habiller, assurer leur v\u00e9hicule, payer leur carburant, leurs livres, leur forfait t\u00e9l\u00e9phone<\/strong>\u2026<\/p>\n<p>Ils comptent sur nous, les paroissiens, pour y pourvoir.<\/p>\n<p>A nous de leur montrer notre attachement et <strong>notre volont\u00e9 de les voir continuer \u00e0 porter la Bonne Nouvelle. C\u2019est notre responsabilit\u00e9 de paroissiens.<\/strong><\/p>\n<p>Pour apporter votre pierre \u00e0 l\u2019\u00e9difice, vous pouvez utiliser\u00a0:<\/p>\n<ul>\n<li><strong>La carte bancaire<\/strong>: <a href=\"https:\/\/donnons-aixarles.catholique.fr\/le-denier-de-leglise\/don-denier\" target=\"_blank\" rel=\"noopener\">rendez-vous sur le site web du dioc\u00e8se<\/a><\/li>\n<li><strong>Le ch\u00e8que bancaire<\/strong>, \u00e0 d\u00e9poser au presbyt\u00e8re de votre paroisse,<\/li>\n<li><strong>Le pr\u00e9l\u00e8vement automatique r\u00e9gulier<\/strong>: vous en choisissez la date, le rythme, mensuel, trimestriel ou semestriel, et bien s\u00fbr le montant.<\/li>\n<\/ul>\n<p>Les formulaires adapt\u00e9s \u00e0 ces deux solutions se trouvent ci-dessous.<\/p>\n<p>Chaque don, m\u00eame modeste, compte\u00a0!<\/p>\n<p>Et de plus l\u2019\u00c9tat vous permet de d\u00e9duire votre don de vos revenus, \u00e0 hauteur de 66%.<\/p>\n<p>Au nom de nos pr\u00eatres, nous vous remercions d\u2019avoir \u00e9cout\u00e9 et nous l\u2019esp\u00e9rons d\u2019avoir entendu notre appel.<\/p>\n<p>Fraternellement<\/p>\n<p>Pour les P\u00e8res Luc Marie et\u00a0 Damien.<\/p>\n<p>Les membres du Conseil \u00e9conomique des paroisses<\/p>\n<hr \/>\n<p><strong><span style=\"color: #0000ff;\"><em>Pour \u00eatre certain de ne plus oublier, privil\u00e9giez :<\/em><\/span><\/strong><\/p>\n<p><span style=\"color: #0000ff;\"><em>Le <u>pr\u00e9l\u00e8vement automatique<\/u>\u00a0: la date, le montant, la fr\u00e9quence, la dur\u00e9e, c\u2019est vous qui choisissez\u00a0!<\/em><\/span><\/p>\n<p><em><span style=\"color: #008000;\">La <u>carte bancaire<\/u> : <a href=\"https:\/\/donnons-aixarles.catholique.fr\/le-denier-de-leglise\/don-denier\" target=\"_blank\" rel=\"noopener\">rendez-vous sur le site du dioc\u00e8se<\/a>\u00a0 <\/span><\/em><em><span style=\"color: #008000;\">C\u2019est un site s\u00e9curis\u00e9, vous ne courez aucun risque.<\/span><\/em><\/p>\n<p><em><span style=\"color: #800080;\">Le <u>ch\u00e8que bancaire<\/u> que vous adressez ou que vous d\u00e9posez dans l\u2019un des deux presbyt\u00e8res de Bouc Bel Air ou de Cabri\u00e8s-Calas, en y joignant le formulaire de don ci-dessous que vous aurez bien s\u00fbr, compl\u00e9t\u00e9.<\/span><\/em><\/p>\n<p>Dans tous les cas, <strong>pr\u00e9cisez bien votre paroisse de r\u00e9f\u00e9rence<\/strong>, soit Cabri\u00e8s-Calas, soit Bouc Bel air\u2026<\/p>\n<p>Nous comptons sur vous.<\/p>\n<p>Les membres de l\u2019\u00e9quipe Denier et vos pr\u00eatres, Luc Marie, Damien et la communaut\u00e9 de pr\u00eatres de notre dioc\u00e8se.<\/p>\n<div><span style=\"color: #0000ff;\"><em>Les membres en charge de la collecte du Denier<\/em><\/span><\/div>\n<p><span style=\"color: #0000ff;\"><strong><em>\u00a0Chantal Gu\u00e9rin \u2013\u00a0 Claude Duval &#8211; G\u00e9rard Vanden Brande<\/em><\/strong><\/span><\/p>\n<h3><a href=\"https:\/\/uparbois.org\/wp-content\/uploads\/2023\/03\/Denier-2023recto.jpg\" target=\"_blank\" rel=\"noopener\"><span style=\"color: #ff0000;\"><strong>Le formulaire de don \u00e0 joindre \u00e0 votre ch\u00e8que<\/strong><\/span><\/a><\/h3>\n<h3><a href=\"https:\/\/uparbois.org\/wp-content\/uploads\/2023\/03\/Denier-2023verso.jpg\" target=\"_blank\" rel=\"noopener\"><span style=\"color: #ff0000;\"><strong>Pour mettre en place le pr\u00e9l\u00e8vement automatique de votre participation au Denier de l&rsquo;\u00c9glise<\/strong><\/span><\/a>\u00a0\u00a0\u00a0 <img loading=\"lazy\" decoding=\"async\" class=\"alignnone  wp-image-4965\" src=\"https:\/\/uparbois.org\/wp-content\/uploads\/2015\/03\/1855717580.gif\" alt=\"\" width=\"70\" height=\"31\" \/><\/h3>\n<h3><a href=\"https:\/\/uparbois.org\/wp-content\/uploads\/2024\/04\/Augmenter-prelevement-Denier.jpg\" target=\"_blank\" rel=\"noopener\"><span style=\"text-decoration: underline;\"><span style=\"color: #ff0000;\"><strong>Vous souhaitez augmenter le montant de votre pr\u00e9l\u00e8vement<\/strong><\/span><\/span><\/a><\/h3>\n<hr \/>\n<p><span style=\"font-size: 14pt;\">La collecte du Denier a \u00e9t\u00e9 institu\u00e9e en France en d\u00e9cembre 1905. Elle\u00a0 permet la r\u00e9mun\u00e9ration minimum des pr\u00eatres, qui, jusque-l\u00e0, \u00e9tait prise en charge par l&rsquo;\u00c9tat.<br \/>\n<\/span><\/p>\n<p><span style=\"font-size: 14pt;\"><img loading=\"lazy\" decoding=\"async\" class=\" wp-image-8549 alignleft\" src=\"https:\/\/uparbois.org\/wp-content\/uploads\/2014\/07\/1_faire-un-don-d-argent-300x197.jpg\" alt=\"\" width=\"323\" height=\"212\" srcset=\"https:\/\/uparbois.org\/wp-content\/uploads\/2014\/07\/1_faire-un-don-d-argent-300x197.jpg 300w, https:\/\/uparbois.org\/wp-content\/uploads\/2014\/07\/1_faire-un-don-d-argent.jpg 350w\" sizes=\"(max-width: 323px) 100vw, 323px\" \/><\/span><\/p>\n<p><span style=\"font-size: 14pt;\">Le Denier est donc un Don volontaire, il n&rsquo;y a pas de tarif \u00ab\u00a0impos\u00e9\u00a0\u00bb !\u00a0 Chacun donne en conscience, selon ses possibilit\u00e9s. <\/span><\/p>\n<p><span style=\"font-size: 14pt; color: #0000ff;\"><strong>Cet appel du Denier n&rsquo;est pas un appel de plus \u00e0 la g\u00e9n\u00e9rosit\u00e9 ! Il exprime notre appartenance \u00e0 l&rsquo;\u00c9glise catholique. Il s&rsquo;agit m\u00eame du 5\u00e8me devoir du Chr\u00e9tien :<\/strong> <\/span><\/p>\n<h3><\/h3>\n<h3>\u00ab\u00a0Les fid\u00e8les sont tenus par l\u2019obligation de<strong> <a href=\"https:\/\/fr.wikipedia.org\/wiki\/Denier_de_l%27%C3%89glise\">subvenir aux besoins de l\u2019\u00c9glise<\/a><\/strong>.\u00a0\u00bb.<\/h3>\n<p><span style=\"font-size: 14pt;\">Les pr\u00eatres, les religieuses, les la\u00efcs salari\u00e9s, qui sont en charge d&rsquo;annoncer l&rsquo;\u00c9vangile ont droit \u00e0 une juste r\u00e9mun\u00e9ration. Nous faisons suffisamment appel \u00e0 eux pour en avoir conscience.<\/span><\/p>\n<hr \/>\n<p style=\"text-align: center;\"><img loading=\"lazy\" decoding=\"async\" class=\"size-full wp-image-8551 alignleft\" src=\"https:\/\/uparbois.org\/wp-content\/uploads\/2014\/07\/coucou-cache-cache.jpg\" alt=\"\" width=\"288\" height=\"227\" \/><\/p>\n<p><strong><span style=\"color: #993300;\"><em><span style=\"font-size: 14pt;\">Et pourtant, de nombreux catholiques pratiquants r\u00e9guliers ne cotisent pas au Denier de l&rsquo;\u00c9glise &#8230;(?!) &#8230; <\/span><\/em><\/span><\/strong><\/p>\n<p><strong><span style=\"color: #993300;\"><em><span style=\"font-size: 14pt;\">Sur notre Unit\u00e9 pastorale, \u00e0 peine 20 % des catholiques pratiquants r\u00e9guliers participent au Denier de l&rsquo;\u00c9glise&#8230;<\/span><\/em><\/span><\/strong><\/p>\n<hr \/>\n<p style=\"text-align: left;\"><span style=\"font-size: 14pt;\">Alors parce que vous \u00eates \u00ab\u00a0Fid\u00e8les de\u00a0\u00bb et \u00ab\u00a0Fid\u00e8les \u00e0\u00a0\u00bb l&rsquo;\u00c9glise catholique, votre don est indispensable et pr\u00e9cieux !<\/span><\/p>\n<p><span style=\"font-size: 14pt;\"><img loading=\"lazy\" decoding=\"async\" class=\"alignleft wp-image-8552 size-thumbnail\" title=\"https:\/\/uparbois.org\/wp-content\/uploads\/2014\/07\/perennite-entreprise-1024x768-100x100.jpg\" src=\"https:\/\/uparbois.org\/wp-content\/uploads\/2014\/07\/perennite-entreprise-1024x768-100x100.jpg\" alt=\"perennite-entreprise-1024x768\" width=\"100\" height=\"100\" \/>Participer au Denier, c&rsquo;est financer la p\u00e9rennit\u00e9 de nos services paroissiaux ! C&rsquo;est assumer notre choix de l&rsquo;\u00c9glise catholique ! C&rsquo;est soutenir nos pr\u00eatres !<br \/>\n<\/span><\/p>\n<p><span style=\"font-size: 14pt;\">Les formulaires de soutien \u00e0 l&rsquo;\u00c9glise sont disponibles sur les pr\u00e9sentoirs de nos \u00e9glises et dans les accueils paroissiaux. Ils sont personnalis\u00e9s sur l&rsquo;ensemble du Dioc\u00e8se.<br \/>\n<\/span><\/p>\n<p><span style=\"font-size: 14pt;\">Prenez les, remplissez les, accompagnez les d&rsquo;un ch\u00e8que quel qu&rsquo;en soit le montant, l&rsquo;essentiel c&rsquo;est de participer ! Vous pouvez aussi les distribuer autour de vous&#8230;<br \/>\n<\/span><\/p>\n<p><span style=\"font-size: 14pt;\">Vous pouvez \u00e9galement le trouver ci-dessous ou m\u00eame faire un don en ligne<br \/>\n<\/span><\/p>\n<p style=\"text-align: center;\"><span style=\"font-size: 14pt;\"><span style=\"color: #0000ff;\"><strong>Au nom de l&rsquo;\u00e9quipe du Denier : Merci de votre attention et tout simplement , Merci !<\/strong><\/span><br \/>\n<\/span><\/p>\n<p style=\"text-align: center;\"><span style=\"font-size: 14pt;\"><em>\u00a0Les membres de la commission Denier : Chantal Gu\u00e9rin &#8211; Claude Duval &#8211; G\u00e9rard Vanden Brande<\/em><br \/>\n<\/span><\/p>\n<hr \/>\n<p><span style=\"font-size: 14pt;\">&#8230;Et pour vous aider \u00e0 chasser \u00ab\u00a0les id\u00e9es re\u00e7ues\u00a0\u00bb, quelques \u00e9l\u00e9ments de r\u00e9ponse aux questions qui peuvent vous \u00eatre pos\u00e9es&#8230;<\/span><\/p>\n<p><span style=\"font-size: 14pt;\">L&rsquo;\u00c9glise a besoin de ses donateurs pour assurer c\u00e9l\u00e9brations et sacrements, cat\u00e9chisme, accueil, pr\u00e9sence fraternelle aupr\u00e8s des plus fragiles&#8230;Dans le dioc\u00e8se d&rsquo;Aix et Arles, de nombreuses personnes vivent et agissent gr\u00e2ce aux dons des baptis\u00e9s :<\/span><\/p>\n<p><span style=\"font-size: 14pt;\"><span style=\"color: #33cccc;\"><span style=\"color: #0000ff;\"><strong>100<\/strong><\/span> <span style=\"color: #000000;\">pr\u00eatres en activit\u00e9, <strong><span style=\"color: #0000ff;\">5<\/span> <\/strong>pr\u00eatres a\u00een\u00e9s \u00e0 la retraite, <strong><span style=\"color: #0000ff;\">4<\/span> <\/strong>s\u00e9minaristes, <span style=\"color: #0000ff;\"><strong>34 <\/strong><span style=\"color: #000000;\">religieux et religieuses, <span style=\"color: #0000ff;\"><strong>10<\/strong><\/span><\/span><\/span> <span style=\"color: #00ccff;\"><span style=\"color: #000000;\">la\u00efcs salari\u00e9s en mission pastorale<span style=\"color: #00ccff;\"><span style=\"color: #000000;\">.<\/span><\/span><\/span><\/span><br \/>\n<\/span><\/span><\/span><\/p>\n<p><span style=\"font-size: 14pt;\"><span style=\"text-decoration: underline; color: #ff0000;\"><strong>LE DENIER, C&rsquo;EST NOTRE RESPONSABILIT\u00c9 !<\/strong><\/span><br \/>\n<\/span><\/p>\n<p><a href=\"https:\/\/uparbois.org\/wp-content\/uploads\/2014\/07\/Par-qui-les-pr\u00eatres.jpg\"><img loading=\"lazy\" decoding=\"async\" class=\"alignnone wp-image-4663 size-medium\" src=\"https:\/\/uparbois.org\/wp-content\/uploads\/2014\/07\/Par-qui-les-pr\u00eatres-300x42.jpg\" alt=\"Par qui les pr\u00eatres\" width=\"300\" height=\"42\" srcset=\"https:\/\/uparbois.org\/wp-content\/uploads\/2014\/07\/Par-qui-les-pr\u00eatres-300x42.jpg 300w, https:\/\/uparbois.org\/wp-content\/uploads\/2014\/07\/Par-qui-les-pr\u00eatres.jpg 409w\" sizes=\"(max-width: 300px) 100vw, 300px\" \/><\/a> <em><a href=\"https:\/\/uparbois.org\/wp-content\/uploads\/2014\/07\/Par-qui-les-pr\u00eatres-sont-ils-r\u00e9mun\u00e9r\u00e9s.pdf\" target=\"_blank\" rel=\"noopener noreferrer\">Voir la r\u00e9ponse<\/a><\/em><\/p>\n<p><a href=\"https:\/\/uparbois.org\/wp-content\/uploads\/2014\/07\/Combien-gagne-un-pr\u00eatre.jpg\"><img loading=\"lazy\" decoding=\"async\" class=\"alignnone wp-image-4664 size-medium\" src=\"https:\/\/uparbois.org\/wp-content\/uploads\/2014\/07\/Combien-gagne-un-pr\u00eatre-300x23.jpg\" alt=\"Combien gagne un pr\u00eatre\" width=\"300\" height=\"23\" srcset=\"https:\/\/uparbois.org\/wp-content\/uploads\/2014\/07\/Combien-gagne-un-pr\u00eatre-300x23.jpg 300w, https:\/\/uparbois.org\/wp-content\/uploads\/2014\/07\/Combien-gagne-un-pr\u00eatre.jpg 412w\" sizes=\"(max-width: 300px) 100vw, 300px\" \/><\/a><em><a href=\"https:\/\/uparbois.org\/wp-content\/uploads\/2014\/07\/Combien-gagne-un-pr\u00eatre.pdf\" target=\"_blank\" rel=\"noopener noreferrer\">Voir la r\u00e9ponse<\/a><\/em><\/p>\n<p><img loading=\"lazy\" decoding=\"async\" class=\"aligncenter wp-image-9846 size-large\" title=\"https:\/\/uparbois.org\/wp-content\/uploads\/2018\/03\/Messe-Chrismale-2018-1024x683.jpg\" src=\"https:\/\/uparbois.org\/wp-content\/uploads\/2018\/03\/Messe-Chrismale-2018-1024x683.jpg\" alt=\"\" width=\"1024\" height=\"683\" srcset=\"https:\/\/uparbois.org\/wp-content\/uploads\/2018\/03\/Messe-Chrismale-2018-1024x683.jpg 1024w, https:\/\/uparbois.org\/wp-content\/uploads\/2018\/03\/Messe-Chrismale-2018-300x200.jpg 300w, https:\/\/uparbois.org\/wp-content\/uploads\/2018\/03\/Messe-Chrismale-2018-768x512.jpg 768w, https:\/\/uparbois.org\/wp-content\/uploads\/2018\/03\/Messe-Chrismale-2018.jpg 1280w\" sizes=\"(max-width: 1024px) 100vw, 1024px\" \/><\/p>\n<p style=\"text-align: center;\"><span style=\"color: #0000ff;\"><em>Les pr\u00eatres et diacres du Dioc\u00e8se d&rsquo;Aix-Arles lors de la C\u00e9l\u00e9bration de la Messe Chrismale<\/em><\/span><\/p>\n<hr \/>\n<p style=\"text-align: left;\"><a href=\"https:\/\/uparbois.org\/wp-content\/uploads\/2023\/03\/Denier-2023recto.jpg\" target=\"_blank\" rel=\"noopener\"><strong><span style=\"color: #0000ff;\"><em>Oui je r\u00e9ponds \u00e0 l&rsquo;appel du Denier : je fais un don via le formulaire d&rsquo;adh\u00e9sion \u00e0 mon \u00c9glise<\/em><\/span><\/strong><\/a><\/p>\n<p style=\"text-align: left;\"><a href=\"https:\/\/donnons-aixarles.catholique.fr\/\" target=\"_blank\" rel=\"noopener\"><strong><span style=\"color: #ff0000;\"><em>Oui je r\u00e9ponds \u00e0 l&rsquo;appel du Denier : je fais un don en ligne sur le site du Dioc\u00e8se<\/em><\/span><\/strong><\/a>\u00a0 <em><span style=\"color: #ff0000;\">en suivant les recommandations ci-dessous :<\/span><\/em><\/p>\n<p style=\"text-align: center;\"><a href=\"https:\/\/uparbois.org\/wp-content\/uploads\/2021\/05\/Page-site-Aix-202105.jpg\"><img loading=\"lazy\" decoding=\"async\" class=\"alignnone  wp-image-15577\" src=\"https:\/\/uparbois.org\/wp-content\/uploads\/2021\/05\/Page-site-Aix-202105.jpg\" alt=\"\" width=\"671\" height=\"580\" srcset=\"https:\/\/uparbois.org\/wp-content\/uploads\/2021\/05\/Page-site-Aix-202105.jpg 568w, https:\/\/uparbois.org\/wp-content\/uploads\/2021\/05\/Page-site-Aix-202105-300x259.jpg 300w\" sizes=\"(max-width: 671px) 100vw, 671px\" \/><\/a><\/p>\n<hr \/>\n<p style=\"text-align: center;\"><span style=\"color: #ff0000;\"><a style=\"color: #ff0000;\" href=\"https:\/\/uparbois.org\/wp-content\/uploads\/2014\/07\/Modifier-Pr\u00e9l\u00e8vement-Denier.pdf\" target=\"_blank\" rel=\"noopener noreferrer\"><strong>Vous souhaitez modifier votre pr\u00e9l\u00e8vement mensuel ou trimestriel, compl\u00e9tez et renvoyez ce formulaire<\/strong><\/a><\/span><\/p>\n<p><a href=\"https:\/\/uparbois.org\/?page_id=10377\" target=\"_blank\" rel=\"noopener noreferrer\"><span style=\"text-decoration: underline;\"><em>Conformit\u00e9 R.G.P.D.<\/em><\/span><\/a><\/p>\n","protected":false},"excerpt":{"rendered":"<p>Madame, Monsieur, Nous avons eu la joie de pouvoir f\u00eater ensemble le bapt\u00eame, la premi\u00e8re communion, la profession de foi, la confirmation de votre enfant\u00a0! La c\u00e9l\u00e9bration de ce sacrement, vous l\u2019avez demand\u00e9e parce que vous faites partie de la communaut\u00e9 catholique. Nous remercions notre cur\u00e9, le P\u00e8re Luc Marie Lalanne, ses confr\u00e8res et le [&hellip;]<\/p>\n","protected":false},"author":1,"featured_media":0,"parent":0,"menu_order":5,"comment_status":"closed","ping_status":"closed","template":"","meta":{"ocean_post_layout":"","ocean_both_sidebars_style":"","ocean_both_sidebars_content_width":0,"ocean_both_sidebars_sidebars_width":0,"ocean_sidebar":"0","ocean_second_sidebar":"0","ocean_disable_margins":"enable","ocean_add_body_class":"","ocean_shortcode_before_top_bar":"","ocean_shortcode_after_top_bar":"","ocean_shortcode_before_header":"","ocean_shortcode_after_header":"","ocean_has_shortcode":"","ocean_shortcode_after_title":"","ocean_shortcode_before_footer_widgets":"","ocean_shortcode_after_footer_widgets":"","ocean_shortcode_before_footer_bottom":"","ocean_shortcode_after_footer_bottom":"","ocean_display_top_bar":"default","ocean_display_header":"default","ocean_header_style":"","ocean_center_header_left_menu":"0","ocean_custom_header_template":"0","ocean_custom_logo":0,"ocean_custom_retina_logo":0,"ocean_custom_logo_max_width":0,"ocean_custom_logo_tablet_max_width":0,"ocean_custom_logo_mobile_max_width":0,"ocean_custom_logo_max_height":0,"ocean_custom_logo_tablet_max_height":0,"ocean_custom_logo_mobile_max_height":0,"ocean_header_custom_menu":"0","ocean_menu_typo_font_family":"0","ocean_menu_typo_font_subset":"","ocean_menu_typo_font_size":0,"ocean_menu_typo_font_size_tablet":0,"ocean_menu_typo_font_size_mobile":0,"ocean_menu_typo_font_size_unit":"px","ocean_menu_typo_font_weight":"","ocean_menu_typo_font_weight_tablet":"","ocean_menu_typo_font_weight_mobile":"","ocean_menu_typo_transform":"","ocean_menu_typo_transform_tablet":"","ocean_menu_typo_transform_mobile":"","ocean_menu_typo_line_height":0,"ocean_menu_typo_line_height_tablet":0,"ocean_menu_typo_line_height_mobile":0,"ocean_menu_typo_line_height_unit":"","ocean_menu_typo_spacing":0,"ocean_menu_typo_spacing_tablet":0,"ocean_menu_typo_spacing_mobile":0,"ocean_menu_typo_spacing_unit":"","ocean_menu_link_color":"","ocean_menu_link_color_hover":"","ocean_menu_link_color_active":"","ocean_menu_link_background":"","ocean_menu_link_hover_background":"","ocean_menu_link_active_background":"","ocean_menu_social_links_bg":"","ocean_menu_social_hover_links_bg":"","ocean_menu_social_links_color":"","ocean_menu_social_hover_links_color":"","ocean_disable_title":"default","ocean_disable_heading":"default","ocean_post_title":"","ocean_post_subheading":"","ocean_post_title_style":"","ocean_post_title_background_color":"","ocean_post_title_background":0,"ocean_post_title_bg_image_position":"","ocean_post_title_bg_image_attachment":"","ocean_post_title_bg_image_repeat":"","ocean_post_title_bg_image_size":"","ocean_post_title_height":0,"ocean_post_title_bg_overlay":0.5,"ocean_post_title_bg_overlay_color":"","ocean_disable_breadcrumbs":"default","ocean_breadcrumbs_color":"","ocean_breadcrumbs_separator_color":"","ocean_breadcrumbs_links_color":"","ocean_breadcrumbs_links_hover_color":"","ocean_display_footer_widgets":"default","ocean_display_footer_bottom":"default","ocean_custom_footer_template":"0","footnotes":""},"_links":{"self":[{"href":"https:\/\/uparbois.org\/index.php?rest_route=\/wp\/v2\/pages\/904"}],"collection":[{"href":"https:\/\/uparbois.org\/index.php?rest_route=\/wp\/v2\/pages"}],"about":[{"href":"https:\/\/uparbois.org\/index.php?rest_route=\/wp\/v2\/types\/page"}],"author":[{"embeddable":true,"href":"https:\/\/uparbois.org\/index.php?rest_route=\/wp\/v2\/users\/1"}],"replies":[{"embeddable":true,"href":"https:\/\/uparbois.org\/index.php?rest_route=%2Fwp%2Fv2%2Fcomments&post=904"}],"version-history":[{"count":219,"href":"https:\/\/uparbois.org\/index.php?rest_route=\/wp\/v2\/pages\/904\/revisions"}],"predecessor-version":[{"id":19735,"href":"https:\/\/uparbois.org\/index.php?rest_route=\/wp\/v2\/pages\/904\/revisions\/19735"}],"wp:attachment":[{"href":"https:\/\/uparbois.org\/index.php?rest_route=%2Fwp%2Fv2%2Fmedia&parent=904"}],"curies":[{"name":"wp","href":"https:\/\/api.w.org\/{rel}","templated":true}]}}