{"id":6862,"date":"2016-12-22T21:05:57","date_gmt":"2016-12-22T20:05:57","guid":{"rendered":"http:\/\/s323197849.onlinehome.fr\/?page_id=6862"},"modified":"2021-10-25T18:14:36","modified_gmt":"2021-10-25T17:14:36","slug":"reportages-2016","status":"publish","type":"page","link":"https:\/\/uparbois.org\/?page_id=6862","title":{"rendered":"Reportages 2016"},"content":{"rendered":"<table style=\"border-color: #65c9ad; width: 100%;\">\n<tbody>\n<tr style=\"height: 24px;\">\n<td style=\"border-color: #78e3bf; height: 24px; width: 692.1px;\"><span style=\"color: #3366ff;\"><a href=\"https:\/\/goo.gl\/photos\/pbdC1m3YFmY2YiqS7\" target=\"_blank\" rel=\"noopener\"><img loading=\"lazy\" decoding=\"async\" class=\"alignnone size-thumbnail wp-image-6919\" src=\"http:\/\/s323197849.onlinehome.fr\/wp-content\/uploads\/2014\/06\/IMG_1014-100x100.jpg\" alt=\"\" width=\"100\" height=\"100\"\/>G\u00e9n\u00e9rale Cr\u00e8che enfants Calas<em> &#8211; Photos GV <\/em><\/a><\/span><\/td>\n<td style=\"border-color: #78e3bf; height: 24px; width: 703.9px;\"><span style=\"color: #3366ff;\"> <img loading=\"lazy\" decoding=\"async\" class=\"alignnone size-thumbnail wp-image-6827\" src=\"http:\/\/s323197849.onlinehome.fr\/wp-content\/uploads\/2014\/06\/IMG_0818-100x100.jpg\" alt=\"\" width=\"100\" height=\"100\"\/><a href=\"https:\/\/goo.gl\/photos\/u7TCsixwqZUNAynp6\" target=\"_blank\" rel=\"noopener\">Au revoir Famille Mathe &#8211;<em> Photos GV <\/em><\/a><\/span><\/td>\n<\/tr>\n<tr style=\"height: 107px;\">\n<td style=\"border-color: #78e3bf; height: 107px; width: 692.1px;\"><em><span style=\"color: #3366ff;\"><img loading=\"lazy\" decoding=\"async\" class=\"alignnone size-thumbnail wp-image-6828\" src=\"http:\/\/s323197849.onlinehome.fr\/wp-content\/uploads\/2014\/06\/PC170042-100x100.jpg\" alt=\"\" width=\"100\" height=\"100\"\/><\/span><\/em><a href=\"https:\/\/goo.gl\/photos\/RPEZQrvjJ5YYRT3C9\" target=\"_blank\" rel=\"noopener\"> <span style=\"color: #3366ff;\">Cr\u00e8che \u00e9glise Calas 2016 12- <em>Photos RB<\/em><\/span><\/a><\/td>\n<td style=\"border-color: #78e3bf; height: 107px; width: 703.9px;\"><span style=\"color: #3366ff;\"><img loading=\"lazy\" decoding=\"async\" class=\"alignnone size-thumbnail wp-image-6829\" src=\"http:\/\/s323197849.onlinehome.fr\/wp-content\/uploads\/2014\/06\/PC170025-100x100.jpg\" alt=\"\" width=\"100\" height=\"100\"\/> <a href=\"https:\/\/goo.gl\/photos\/vaNVPEx3qFWwRkxz8\" target=\"_blank\" rel=\"noopener\">Cr\u00e8che Cabri\u00e8s 2016 12 &#8211; <em>Photos RB<\/em><\/a><\/span><\/td>\n<\/tr>\n<tr style=\"height: 107px;\">\n<td style=\"border-color: #78e3bf; height: 107px; width: 692.1px;\"><em><span style=\"color: #3366ff;\"><img loading=\"lazy\" decoding=\"async\" class=\"alignnone size-thumbnail wp-image-6577\" src=\"http:\/\/s323197849.onlinehome.fr\/wp-content\/uploads\/2014\/06\/Travaux-BBA-2016-11w-100x100.jpg\" alt=\"\" width=\"100\" height=\"100\"\/> <\/span><\/em><a href=\"https:\/\/goo.gl\/photos\/7DgiwdSvp6G1rno9A\" target=\"_blank\" rel=\"noopener\"><span style=\"color: #3366ff;\">\u00c9<\/span><span style=\"color: #3366ff;\">glise BBA 2016 11 et 12- <em>Photos RB<\/em><\/span><\/a><\/td>\n<td style=\"border-color: #78e3bf; height: 107px; width: 703.9px;\"><span style=\"color: #3366ff;\"><em><img loading=\"lazy\" decoding=\"async\" class=\"alignnone size-thumbnail wp-image-6743\" src=\"http:\/\/s323197849.onlinehome.fr\/wp-content\/uploads\/2014\/06\/PC090034-100x100.jpg\" alt=\"\" width=\"100\" height=\"100\"\/><\/em> <a href=\"https:\/\/goo.gl\/photos\/YHQsf9xodfmcS7KA7\" target=\"_blank\" rel=\"noopener\">POP Louange Calas 2016 12 &#8211;<\/a><em><a href=\"https:\/\/goo.gl\/photos\/YHQsf9xodfmcS7KA7\" target=\"_blank\" rel=\"noopener\"> Photos RB <\/a><\/em><\/span><\/td>\n<\/tr>\n<tr style=\"height: 107px;\">\n<td style=\"border-color: #78e3bf; height: 107px; width: 692.1px;\"><a href=\"https:\/\/goo.gl\/photos\/uYBfa9DHt6zFCxwG7\" target=\"_blank\" rel=\"noopener\"><span style=\"color: #3366ff;\"><img loading=\"lazy\" decoding=\"async\" class=\"alignnone size-thumbnail wp-image-6648\" src=\"http:\/\/s323197849.onlinehome.fr\/wp-content\/uploads\/2014\/06\/IMG_2769W-100x100.jpg\" alt=\"img_2769w\" width=\"100\" height=\"100\"\/>Anniv&rsquo;Chorale<\/span><span style=\"color: #3366ff;\">&#8211; <em>Photos RB<\/em><\/span><\/a><\/td>\n<td style=\"border-color: #78e3bf; height: 107px; width: 703.9px;\"><a href=\"https:\/\/goo.gl\/photos\/QDJ5j953ivHzkevk6\" target=\"_blank\" rel=\"noopener\"><span style=\"color: #3366ff;\"><img loading=\"lazy\" decoding=\"async\" class=\"alignnone size-thumbnail wp-image-6682\" src=\"http:\/\/s323197849.onlinehome.fr\/wp-content\/uploads\/2014\/07\/confirmation-100x100.jpg\" alt=\"\" width=\"100\" height=\"100\"\/>Confirmation 2016 &#8211;<em> Photos RB <\/em><\/span><\/a><\/td>\n<\/tr>\n<tr style=\"height: 107px;\">\n<td style=\"border-color: #78e3bf; height: 107px; width: 692.1px;\"><a href=\"https:\/\/goo.gl\/photos\/PeCtVjQVFxNDdjef8\" target=\"_blank\" rel=\"noopener\"><span style=\"color: #3366ff;\"><img loading=\"lazy\" decoding=\"async\" class=\"alignnone size-thumbnail wp-image-6619\" src=\"http:\/\/s323197849.onlinehome.fr\/wp-content\/uploads\/2014\/06\/IMG_2368w-100x100.jpg\" alt=\"img_2368w\" width=\"100\" height=\"100\"\/>Trebillane Lavandes-<\/span><em><span style=\"color: #3366ff;\">Photos GC<\/span><\/em><\/a><\/td>\n<td style=\"border-color: #78e3bf; height: 107px; width: 703.9px;\"><a href=\"https:\/\/goo.gl\/photos\/rLKr7qNbPTyLzrwx5\" target=\"_blank\" rel=\"noopener\"><span style=\"color: #3366ff;\"> <img loading=\"lazy\" decoding=\"async\" class=\"alignnone size-thumbnail wp-image-6618\" src=\"http:\/\/s323197849.onlinehome.fr\/wp-content\/uploads\/2014\/06\/004-DSC05561w-100x100.jpg\" alt=\"004-dsc05561w\" width=\"100\" height=\"100\"\/>BBA 11\/11 &#8211;<em> Photos JCL <\/em><\/span><\/a><\/td>\n<\/tr>\n<tr style=\"height: 24.75px;\">\n<td style=\"border-color: #78e3bf; height: 24.75px; width: 692.1px;\"><a href=\"https:\/\/goo.gl\/photos\/aLebo4VfnJqdzuoMA\" target=\"_blank\" rel=\"noopener\"><span style=\"color: #3366ff;\"><img loading=\"lazy\" decoding=\"async\" class=\"alignnone size-thumbnail wp-image-6552\" src=\"http:\/\/s323197849.onlinehome.fr\/wp-content\/uploads\/2014\/06\/ND-Garde-100x100.jpg\" alt=\"\" width=\"100\" height=\"100\"\/>Servant(e)s ND Garde<\/span><span style=\"color: #3366ff;\">&#8211; <em>Photos RB<\/em><\/span><\/a><\/td>\n<td style=\"border-color: #78e3bf; height: 24.75px; width: 703.9px;\"><a href=\"https:\/\/goo.gl\/photos\/GUZ1KbHQeB1gzmF76\" target=\"_blank\" rel=\"noopener\"><span style=\"color: #3366ff;\"> <img loading=\"lazy\" decoding=\"async\" class=\"alignnone size-thumbnail wp-image-6545\" src=\"http:\/\/s323197849.onlinehome.fr\/wp-content\/uploads\/2014\/06\/Rentr\u00e9e-2016-100x100.jpg\" alt=\"\" width=\"100\" height=\"100\"\/>Messe Rentr\u00e9e UP &#8211;<em> Photos RB <\/em><\/span><\/a><\/td>\n<\/tr>\n<tr style=\"height: 24px;\">\n<td style=\"border-color: #78e3bf; height: 24px; width: 692.1px;\"><a href=\"https:\/\/goo.gl\/photos\/qmhFT2fF3s6DksELA\" target=\"_blank\" rel=\"noopener\"><span style=\"color: #3366ff;\"><img loading=\"lazy\" decoding=\"async\" class=\"alignnone size-thumbnail wp-image-6284\" src=\"http:\/\/s323197849.onlinehome.fr\/wp-content\/uploads\/2014\/07\/Procession-2016-Repentance-100x100.jpg\" alt=\"Procession 2016 Repentance\" width=\"100\" height=\"100\"\/>P\u00e9lerinage Familles<\/span><span style=\"color: #3366ff;\">&#8211; <em>Photos RB<\/em><\/span><\/a><\/td>\n<td style=\"border-color: #78e3bf; height: 24px; width: 703.9px;\"><a href=\"https:\/\/goo.gl\/photos\/uW4FBT4V6Z9r1aHe6\" target=\"_blank\" rel=\"noopener\"><span style=\"color: #3366ff;\"> <img loading=\"lazy\" decoding=\"async\" class=\"alignnone size-thumbnail wp-image-6547\" src=\"http:\/\/s323197849.onlinehome.fr\/wp-content\/uploads\/2014\/06\/ND-Esp\u00e9rance-2016-100x100.jpg\" alt=\"\" width=\"100\" height=\"100\"\/>F\u00eate St Rapha\u00ebl &#8211;<em> Photos RB <\/em><\/span><\/a><\/td>\n<\/tr>\n<tr style=\"height: 24px;\">\n<td style=\"border-color: #78e3bf; height: 24px; width: 692.1px;\"><a href=\"https:\/\/goo.gl\/photos\/9xeDfwdDKRdWiw7C8\" target=\"_blank\" rel=\"noopener\"><span style=\"color: #3366ff;\"><img loading=\"lazy\" decoding=\"async\" class=\"alignnone size-thumbnail wp-image-6127\" src=\"http:\/\/s323197849.onlinehome.fr\/wp-content\/uploads\/2014\/06\/IMG_7982-100x100.jpg\" alt=\"IMG_7982\" width=\"100\" height=\"100\"\/>Aurevoir Clotilde &amp; JB<\/span><span style=\"color: #3366ff;\">&#8211; <em>Photos RB<\/em><\/span><\/a><\/td>\n<td style=\"border-color: #78e3bf; height: 24px; width: 703.9px;\"><a href=\"https:\/\/goo.gl\/photos\/XUuDBiTdwZ8kAnCX7\" target=\"_blank\" rel=\"noopener\"><span style=\"color: #3366ff;\"> <img loading=\"lazy\" decoding=\"async\" class=\"alignnone size-thumbnail wp-image-6891\" src=\"http:\/\/s323197849.onlinehome.fr\/wp-content\/uploads\/2016\/12\/IMG_2217-100x100.jpg\" alt=\"\" width=\"100\" height=\"100\"\/>P\u00e8re Heckenroth 60 ans &#8211;<em> Photos RB <\/em><\/span><\/a><\/td>\n<\/tr>\n<tr style=\"height: 24px;\">\n<td style=\"border-color: #78e3bf; height: 24px; width: 692.1px;\"><a href=\"https:\/\/goo.gl\/photos\/8egZbnEfEizkgoSz6\" target=\"_blank\" rel=\"noopener\"><span style=\"color: #3366ff;\"><img loading=\"lazy\" decoding=\"async\" class=\"alignnone size-thumbnail wp-image-5919\" src=\"http:\/\/s323197849.onlinehome.fr\/wp-content\/uploads\/2014\/06\/20160618_000_redimensionner-100x100.jpg\" alt=\"\" width=\"100\" height=\"100\"\/>F\u00eate UP Juin<\/span><span style=\"color: #3366ff;\">&#8211; <em>Photos RB<\/em><\/span><\/a><\/td>\n<td style=\"border-color: #78e3bf; height: 24px; width: 703.9px;\"><a href=\"https:\/\/goo.gl\/photos\/tBq4g5erwqZZRmnXA\" target=\"_blank\" rel=\"noopener\"><span style=\"color: #3366ff;\"> <img loading=\"lazy\" decoding=\"async\" class=\"alignnone size-thumbnail wp-image-6123\" src=\"http:\/\/s323197849.onlinehome.fr\/wp-content\/uploads\/2014\/06\/DSC_4964-100x100.jpg\" alt=\"\" width=\"100\" height=\"100\"\/>\u00c9tape KT Aix &#8211;<em> Photos RB <\/em><\/span><\/a><\/td>\n<\/tr>\n<tr style=\"height: 24px;\">\n<td style=\"border-color: #78e3bf; height: 24px; width: 692.1px;\"><a href=\"https:\/\/goo.gl\/photos\/JCEmSA8aYhQ16oe88\" target=\"_blank\" rel=\"noopener\"><span style=\"color: #3366ff;\"><img loading=\"lazy\" decoding=\"async\" class=\"alignnone size-thumbnail wp-image-6096\" src=\"http:\/\/s323197849.onlinehome.fr\/wp-content\/uploads\/2014\/06\/DSC_0180-1-100x100.jpg\" alt=\"DSC_0180\" width=\"100\" height=\"100\"\/>Prof. Foi BBA<\/span><span style=\"color: #3366ff;\">&#8211; <em>Photos RB<\/em><\/span><\/a><\/td>\n<td style=\"border-color: #78e3bf; height: 24px; width: 703.9px;\"><a href=\"https:\/\/goo.gl\/photos\/uN4p1rchjfm5HBZM7\" target=\"_blank\" rel=\"noopener\"><span style=\"color: #3366ff;\"> <img loading=\"lazy\" decoding=\"async\" class=\"alignnone size-thumbnail wp-image-5704\" src=\"http:\/\/s323197849.onlinehome.fr\/wp-content\/uploads\/2014\/06\/20160328_019_redimensionner-100x100.jpg\" alt=\"\" width=\"100\" height=\"100\"\/>B\u00e9n\u00e9dic Chevaux Cavaliers &#8211;<em> Photos AL <\/em><\/span><\/a><\/td>\n<\/tr>\n<tr style=\"height: 24px;\">\n<td style=\"border-color: #78e3bf; height: 24px; width: 692.1px;\"><a href=\"https:\/\/goo.gl\/photos\/mXyMj2WzC9y2SdXL7\" target=\"_blank\" rel=\"noopener\"><span style=\"color: #3366ff;\"><img loading=\"lazy\" decoding=\"async\" class=\"alignnone size-thumbnail wp-image-5683\" src=\"http:\/\/s323197849.onlinehome.fr\/wp-content\/uploads\/2014\/06\/IMG_2205-100x100.jpg\" alt=\"IMG_2205\" width=\"100\" height=\"100\"\/>P\u00e2ques Calas<\/span><span style=\"color: #3366ff;\">&#8211; <em>Photos RB<\/em><\/span><\/a><\/td>\n<td style=\"border-color: #78e3bf; height: 24px; width: 703.9px;\"><a href=\"https:\/\/goo.gl\/photos\/zEgdY6sJ92swB1tX6\" target=\"_blank\" rel=\"noopener\"><span style=\"color: #3366ff;\"> <img loading=\"lazy\" decoding=\"async\" class=\"alignnone size-thumbnail wp-image-5682\" src=\"http:\/\/s323197849.onlinehome.fr\/wp-content\/uploads\/2014\/06\/20160326_017_redimensionner-100x100.jpg\" alt=\"\" width=\"100\" height=\"100\"\/>Vigile Pascale &#8211;<em> Photos AL <\/em><\/span><\/a><\/td>\n<\/tr>\n<tr style=\"height: 24px;\">\n<td style=\"border-color: #78e3bf; height: 24px; width: 692.1px;\"><a href=\"https:\/\/goo.gl\/photos\/FWKR3hPvWKoX5KDW6\" target=\"_blank\" rel=\"noopener\"><span style=\"color: #3366ff;\"><img loading=\"lazy\" decoding=\"async\" class=\"alignnone size-thumbnail wp-image-6899\" src=\"http:\/\/s323197849.onlinehome.fr\/wp-content\/uploads\/2016\/12\/IMG_1729-100x100.jpg\" alt=\"img_1729\" width=\"100\" height=\"100\"\/>Chemin Croix enfants<\/span><span style=\"color: #3366ff;\">&#8211; <em>Photos GC<\/em><\/span><\/a><\/td>\n<td style=\"border-color: #78e3bf; height: 24px; width: 703.9px;\"><a href=\"https:\/\/goo.gl\/photos\/v7KNy9qLZXpa8HNf8\" target=\"_blank\" rel=\"noopener\"><span style=\"color: #3366ff;\"> <img loading=\"lazy\" decoding=\"async\" class=\"alignnone size-thumbnail wp-image-5660\" src=\"http:\/\/s323197849.onlinehome.fr\/wp-content\/uploads\/2014\/06\/20160325_VendrediSaintCabriC3A8s_08_redimensionner-100x100.jpg\" alt=\"\" width=\"100\" height=\"100\"\/>Vendredi saint Cabri\u00e8s &#8211;<em> Photos AL <\/em><\/span><\/a><\/td>\n<\/tr>\n<tr style=\"height: 24px;\">\n<td style=\"border-color: #78e3bf; height: 24px; width: 692.1px;\"><a href=\"https:\/\/goo.gl\/photos\/QU5rsRJfb69HateB9\" target=\"_blank\" rel=\"noopener\"><span style=\"color: #3366ff;\"><img loading=\"lazy\" decoding=\"async\" class=\"alignnone size-thumbnail wp-image-5681\" src=\"http:\/\/s323197849.onlinehome.fr\/wp-content\/uploads\/2014\/06\/IMG_2183-100x100.jpg\" alt=\"IMG_2183\" width=\"100\" height=\"100\"\/>Jeudi saint BBA<\/span><span style=\"color: #3366ff;\">&#8211; <em>Photos RB<\/em><\/span><\/a><\/td>\n<td style=\"border-color: #78e3bf; height: 24px; width: 703.9px;\"><a href=\"https:\/\/goo.gl\/photos\/GDQUjYTEbHdJNfyf9\" target=\"_blank\" rel=\"noopener\"><span style=\"color: #3366ff;\"> <img loading=\"lazy\" decoding=\"async\" class=\"alignnone size-thumbnail wp-image-5658\" src=\"http:\/\/s323197849.onlinehome.fr\/wp-content\/uploads\/2014\/06\/IMG_7206-100x100.jpg\" alt=\"IMG_7206\" width=\"100\" height=\"100\"\/>Jeudi saint Calas &#8211;<em> Photos RB <\/em><\/span><\/a><\/td>\n<\/tr>\n<tr style=\"height: 24px;\">\n<td style=\"border-color: #78e3bf; height: 24px; width: 692.1px;\"><img loading=\"lazy\" decoding=\"async\" class=\"alignnone size-thumbnail wp-image-6905\" src=\"http:\/\/s323197849.onlinehome.fr\/wp-content\/uploads\/2016\/12\/20160319_14_redimensionner-100x100.jpg\" alt=\"\" width=\"100\" height=\"100\"\/><a href=\"https:\/\/goo.gl\/photos\/rZGFrXuzXHFJnkoM9\" target=\"_blank\" rel=\"noopener\"><span style=\"color: #3366ff;\">Rameaux Cabri\u00e8s<\/span><span style=\"color: #3366ff;\">&#8211; <em>Photos RB<\/em><\/span><\/a><\/td>\n<td style=\"border-color: #78e3bf; height: 24px; width: 703.9px;\"><a href=\"https:\/\/goo.gl\/photos\/r9wuHDYM6sHvzLne8\" target=\"_blank\" rel=\"noopener\"><span style=\"color: #3366ff;\"> <img loading=\"lazy\" decoding=\"async\" class=\"alignnone size-thumbnail wp-image-5679\" src=\"http:\/\/s323197849.onlinehome.fr\/wp-content\/uploads\/2014\/06\/IMG_2163-Copier-100x100.jpg\" alt=\"IMG_2163 (Copier)\" width=\"100\" height=\"100\"\/>Nouveau &#8211;<em> Photos RB <\/em><\/span><\/a><\/td>\n<\/tr>\n<tr style=\"height: 24px;\">\n<td style=\"border-color: #78e3bf; height: 24px; width: 692.1px;\"><a href=\"https:\/\/goo.gl\/photos\/swGuMWmCBYDiqU2m6\" target=\"_blank\" rel=\"noopener\"><span style=\"color: #3366ff;\"><img loading=\"lazy\" decoding=\"async\" class=\"alignnone size-thumbnail wp-image-6908\" src=\"http:\/\/s323197849.onlinehome.fr\/wp-content\/uploads\/2016\/12\/001-Capturechantcochal2-001-100x100.jpg\" alt=\"001-capturechantcochal2-001\" width=\"100\" height=\"100\"\/>Concert CCFD<\/span><span style=\"color: #3366ff;\">&#8211; <em>Photos RB<\/em><\/span><\/a><\/td>\n<td style=\"border-color: #78e3bf; height: 24px; width: 703.9px;\"><a href=\"https:\/\/goo.gl\/photos\/mynRHgxmQH571QyX9\" target=\"_blank\" rel=\"noopener\"><span style=\"color: #3366ff;\"> <img loading=\"lazy\" decoding=\"async\" class=\"alignnone size-thumbnail wp-image-5291\" src=\"http:\/\/s323197849.onlinehome.fr\/wp-content\/uploads\/2016\/02\/Car\u00eame-Gu\u00e9rison-malades-2-100x100.jpg\" alt=\"Car\u00eame Gu\u00e9rison malades\" width=\"100\" height=\"100\"\/>Sacrement malades &#8211;<em> Photos RB <\/em><\/span><\/a><\/td>\n<\/tr>\n<tr style=\"height: 24px;\">\n<td style=\"border-color: #78e3bf; height: 24px; width: 692.1px;\"><a href=\"https:\/\/goo.gl\/photos\/AmbpUfzW41gPnrAm8\" target=\"_blank\" rel=\"noopener\"><span style=\"color: #3366ff;\"><img loading=\"lazy\" decoding=\"async\" class=\"alignnone size-thumbnail wp-image-5387\" src=\"http:\/\/s323197849.onlinehome.fr\/wp-content\/uploads\/2014\/06\/IMG_2065-100x100.jpg\" alt=\"IMG_2065\" width=\"100\" height=\"100\"\/>Servantes assembl\u00e9e <\/span><span style=\"color: #3366ff;\">&#8211; <em>Photos RB<\/em><\/span><\/a><\/td>\n<td style=\"border-color: #78e3bf; height: 24px; width: 703.9px;\"><\/td>\n<\/tr>\n<\/tbody>\n<\/table>\n<p><strong><a href=\"https:\/\/uparbois.org\/?page_id=95\" target=\"_blank\" rel=\"noopener\">Retour \u00e0 la page \u00ab\u00a0Reportages des paroisses\u00a0\u00bb<\/a><\/strong><\/p>\n","protected":false},"excerpt":{"rendered":"<p>G\u00e9n\u00e9rale Cr\u00e8che enfants Calas &#8211; Photos GV Au revoir Famille Mathe &#8211; Photos GV Cr\u00e8che \u00e9glise Calas 2016 12- Photos RB Cr\u00e8che Cabri\u00e8s 2016 12 &#8211; Photos RB \u00c9glise BBA 2016 11 et 12- Photos RB POP Louange Calas 2016 12 &#8211; Photos RB Anniv&rsquo;Chorale&#8211; Photos RB Confirmation 2016 &#8211; Photos RB Trebillane Lavandes-Photos GC [&hellip;]<\/p>\n","protected":false},"author":3,"featured_media":0,"parent":95,"menu_order":3,"comment_status":"closed","ping_status":"closed","template":"","meta":{"ocean_post_layout":"","ocean_both_sidebars_style":"","ocean_both_sidebars_content_width":0,"ocean_both_sidebars_sidebars_width":0,"ocean_sidebar":"","ocean_second_sidebar":"","ocean_disable_margins":"enable","ocean_add_body_class":"","ocean_shortcode_before_top_bar":"","ocean_shortcode_after_top_bar":"","ocean_shortcode_before_header":"","ocean_shortcode_after_header":"","ocean_has_shortcode":"","ocean_shortcode_after_title":"","ocean_shortcode_before_footer_widgets":"","ocean_shortcode_after_footer_widgets":"","ocean_shortcode_before_footer_bottom":"","ocean_shortcode_after_footer_bottom":"","ocean_display_top_bar":"default","ocean_display_header":"default","ocean_header_style":"","ocean_center_header_left_menu":"","ocean_custom_header_template":"","ocean_custom_logo":0,"ocean_custom_retina_logo":0,"ocean_custom_logo_max_width":0,"ocean_custom_logo_tablet_max_width":0,"ocean_custom_logo_mobile_max_width":0,"ocean_custom_logo_max_height":0,"ocean_custom_logo_tablet_max_height":0,"ocean_custom_logo_mobile_max_height":0,"ocean_header_custom_menu":"","ocean_menu_typo_font_family":"","ocean_menu_typo_font_subset":"","ocean_menu_typo_font_size":0,"ocean_menu_typo_font_size_tablet":0,"ocean_menu_typo_font_size_mobile":0,"ocean_menu_typo_font_size_unit":"px","ocean_menu_typo_font_weight":"","ocean_menu_typo_font_weight_tablet":"","ocean_menu_typo_font_weight_mobile":"","ocean_menu_typo_transform":"","ocean_menu_typo_transform_tablet":"","ocean_menu_typo_transform_mobile":"","ocean_menu_typo_line_height":0,"ocean_menu_typo_line_height_tablet":0,"ocean_menu_typo_line_height_mobile":0,"ocean_menu_typo_line_height_unit":"","ocean_menu_typo_spacing":0,"ocean_menu_typo_spacing_tablet":0,"ocean_menu_typo_spacing_mobile":0,"ocean_menu_typo_spacing_unit":"","ocean_menu_link_color":"","ocean_menu_link_color_hover":"","ocean_menu_link_color_active":"","ocean_menu_link_background":"","ocean_menu_link_hover_background":"","ocean_menu_link_active_background":"","ocean_menu_social_links_bg":"","ocean_menu_social_hover_links_bg":"","ocean_menu_social_links_color":"","ocean_menu_social_hover_links_color":"","ocean_disable_title":"default","ocean_disable_heading":"default","ocean_post_title":"","ocean_post_subheading":"","ocean_post_title_style":"","ocean_post_title_background_color":"","ocean_post_title_background":0,"ocean_post_title_bg_image_position":"","ocean_post_title_bg_image_attachment":"","ocean_post_title_bg_image_repeat":"","ocean_post_title_bg_image_size":"","ocean_post_title_height":0,"ocean_post_title_bg_overlay":0.5,"ocean_post_title_bg_overlay_color":"","ocean_disable_breadcrumbs":"default","ocean_breadcrumbs_color":"","ocean_breadcrumbs_separator_color":"","ocean_breadcrumbs_links_color":"","ocean_breadcrumbs_links_hover_color":"","ocean_display_footer_widgets":"default","ocean_display_footer_bottom":"default","ocean_custom_footer_template":"","footnotes":""},"_links":{"self":[{"href":"https:\/\/uparbois.org\/index.php?rest_route=\/wp\/v2\/pages\/6862"}],"collection":[{"href":"https:\/\/uparbois.org\/index.php?rest_route=\/wp\/v2\/pages"}],"about":[{"href":"https:\/\/uparbois.org\/index.php?rest_route=\/wp\/v2\/types\/page"}],"author":[{"embeddable":true,"href":"https:\/\/uparbois.org\/index.php?rest_route=\/wp\/v2\/users\/3"}],"replies":[{"embeddable":true,"href":"https:\/\/uparbois.org\/index.php?rest_route=%2Fwp%2Fv2%2Fcomments&post=6862"}],"version-history":[{"count":47,"href":"https:\/\/uparbois.org\/index.php?rest_route=\/wp\/v2\/pages\/6862\/revisions"}],"predecessor-version":[{"id":16113,"href":"https:\/\/uparbois.org\/index.php?rest_route=\/wp\/v2\/pages\/6862\/revisions\/16113"}],"up":[{"embeddable":true,"href":"https:\/\/uparbois.org\/index.php?rest_route=\/wp\/v2\/pages\/95"}],"wp:attachment":[{"href":"https:\/\/uparbois.org\/index.php?rest_route=%2Fwp%2Fv2%2Fmedia&parent=6862"}],"curies":[{"name":"wp","href":"https:\/\/api.w.org\/{rel}","templated":true}]}}