{"id":5611,"date":"2016-03-16T19:14:07","date_gmt":"2016-03-16T18:14:07","guid":{"rendered":"http:\/\/s323197849.onlinehome.fr\/?page_id=5611"},"modified":"2026-04-30T14:43:39","modified_gmt":"2026-04-30T13:43:39","slug":"bienvenue-dans-l-unite-pastorale-arbois-2","status":"publish","type":"page","link":"https:\/\/uparbois.org\/","title":{"rendered":"Bienvenue \u00e0 vous"},"content":{"rendered":"<table class=\" aligncenter\" style=\"width: 100.117%; height: 3878px;\">\n<tbody>\n<tr style=\"height: auto;\">\n<td style=\"width: 100%; background-color: #c6f7f7; height: auto; text-align: center;\"><img loading=\"lazy\" decoding=\"async\" class=\"size-full wp-image-6115 aligncenter\" src=\"https:\/\/uparbois.org\/wp-content\/uploads\/2016\/03\/Banderole-up-arbois-Copier.jpg\" alt=\"\" width=\"1280\" height=\"448\" srcset=\"https:\/\/uparbois.org\/wp-content\/uploads\/2016\/03\/Banderole-up-arbois-Copier.jpg 1280w, https:\/\/uparbois.org\/wp-content\/uploads\/2016\/03\/Banderole-up-arbois-Copier-300x105.jpg 300w, https:\/\/uparbois.org\/wp-content\/uploads\/2016\/03\/Banderole-up-arbois-Copier-768x269.jpg 768w, https:\/\/uparbois.org\/wp-content\/uploads\/2016\/03\/Banderole-up-arbois-Copier-1024x358.jpg 1024w\" sizes=\"(max-width: 1280px) 100vw, 1280px\" \/><\/p>\n<p style=\"text-align: left;\">\u00c9glise catholique du <a href=\"http:\/\/www.catho-aixarles.fr\/\" target=\"_blank\" rel=\"noopener noreferrer\"><em>Dioc\u00e8se d&rsquo;Aix et d&rsquo; Arles<\/em><\/a><em>\u00a0 <\/em>qui regroupe les paroisses de Bouc Bel air et Cabri\u00e8s-Calas<\/p>\n<h6><strong><a href=\"https:\/\/uparbois.org\/wp-content\/uploads\/2025\/05\/Historiques-Pretres-UP-ND-de-lArbois-2025-05.pdf\" target=\"_blank\" rel=\"noopener\">La liste de nos pasteurs de 1800 \u00e0 ce jour<\/a><\/strong><a href=\"https:\/\/uparbois.org\/wp-content\/uploads\/2024\/08\/HistoriquePretresUP-ND-de-lArbois-2024.pdf\" target=\"_blank\" rel=\"noopener\"><br \/>\n<\/a><\/h6>\n<h1><a href=\"https:\/\/uparbois.org\/?page_id=1631\" target=\"_blank\" rel=\"noopener\"><span style=\"color: #ff0000;\"><strong><span style=\"color: #0000ff;\"><span style=\"color: #ff0000;\">Consulter les horaires<\/span><\/span><\/strong><\/span><\/a><\/h1>\n<h2><\/h2>\n<\/td>\n<\/tr>\n<tr style=\"height: auto;\">\n<td style=\"background-color: #f7f7f7; width: 100%; text-align: left; height: auto;\">\n<h1><img loading=\"lazy\" decoding=\"async\" class=\"alignnone size-full wp-image-16132\" src=\"https:\/\/uparbois.org\/wp-content\/uploads\/2021\/10\/Trebillane_2021_messe_de_rentree_bc_15-scaled.jpg\" alt=\"\" width=\"2560\" height=\"1707\" srcset=\"https:\/\/uparbois.org\/wp-content\/uploads\/2021\/10\/Trebillane_2021_messe_de_rentree_bc_15-scaled.jpg 2560w, https:\/\/uparbois.org\/wp-content\/uploads\/2021\/10\/Trebillane_2021_messe_de_rentree_bc_15-300x200.jpg 300w, https:\/\/uparbois.org\/wp-content\/uploads\/2021\/10\/Trebillane_2021_messe_de_rentree_bc_15-1024x683.jpg 1024w, https:\/\/uparbois.org\/wp-content\/uploads\/2021\/10\/Trebillane_2021_messe_de_rentree_bc_15-768x512.jpg 768w, https:\/\/uparbois.org\/wp-content\/uploads\/2021\/10\/Trebillane_2021_messe_de_rentree_bc_15-1536x1024.jpg 1536w, https:\/\/uparbois.org\/wp-content\/uploads\/2021\/10\/Trebillane_2021_messe_de_rentree_bc_15-2048x1365.jpg 2048w\" sizes=\"(max-width: 2560px) 100vw, 2560px\" \/><\/h1>\n<h1 style=\"text-align: center;\"><span style=\"color: #ff0000; background-color: #ffffff;\"><a style=\"color: #ff0000; background-color: #ffffff;\" href=\"https:\/\/uparbois.org\/?page_id=1602\"><strong>Nos prochains \u00c9v\u00e9nements<\/strong><\/a><\/span><\/h1>\n<\/td>\n<\/tr>\n<tr style=\"height: 351px;\">\n<td style=\"background-color: #c6f7f7; width: 100%; text-align: center; height: 351px;\">\n<div id=\"fb-root\"><\/div>\n<p><script async defer crossorigin=\"anonymous\" src=\"https:\/\/connect.facebook.net\/fr_FR\/sdk.js#xfbml=1&#038;version=v6.0\"><\/script><\/p>\n<div class=\"fb-page\" data-href=\"https:\/\/www.facebook.com\/upnotredamedelarbois\/\" data-tabs=\"timeline\" data-width=\"500\" data-height=\"\" data-small-header=\"false\" data-adapt-container-width=\"true\" data-hide-cover=\"false\" data-show-facepile=\"true\">\n<blockquote class=\"fb-xfbml-parse-ignore\" cite=\"https:\/\/www.facebook.com\/upnotredamedelarbois\/\"><p><a href=\"https:\/\/www.facebook.com\/upnotredamedelarbois\/\">Unit\u00e9 Pastorale Notre Dame de l&rsquo;Arbois<\/a><\/p><\/blockquote>\n<\/div>\n<h1 style=\"text-align: center;\"><span style=\"text-decoration: underline;\"><span style=\"color: #0000ff;\"><strong>Notre page Facebook<\/strong><\/span><\/span><\/h1>\n<\/td>\n<\/tr>\n<tr style=\"height: 24px; background-color: #f7f7f7;\">\n<td style=\"height: 24px; background-color: #fafaf7; width: 100%; text-align: center;\">\n<h3 style=\"text-align: left;\"><span style=\"color: #ff0000;\"><strong><span style=\"color: #333300;\"><img loading=\"lazy\" decoding=\"async\" class=\"size-full wp-image-2357 aligncenter\" src=\"https:\/\/uparbois.org\/wp-content\/uploads\/2014\/07\/Bapteme.jpg\" alt=\"\" width=\"1417\" height=\"955\" srcset=\"https:\/\/uparbois.org\/wp-content\/uploads\/2014\/07\/Bapteme.jpg 1417w, https:\/\/uparbois.org\/wp-content\/uploads\/2014\/07\/Bapteme-300x202.jpg 300w, https:\/\/uparbois.org\/wp-content\/uploads\/2014\/07\/Bapteme-1024x690.jpg 1024w\" sizes=\"(max-width: 1417px) 100vw, 1417px\" \/><\/span><\/strong><\/span><\/h3>\n<h1><span style=\"color: #ff0000;\"><strong><span style=\"color: #333300;\"><a href=\"https:\/\/uparbois.org\/?page_id=1638\" target=\"_blank\" rel=\"noopener\"><span style=\"text-decoration: underline;\"><span style=\"color: #ff0000; text-decoration: underline;\">Pr\u00e9parer le Bapt\u00eame<\/span><\/span><\/a><\/span><\/strong><\/span><\/h1>\n<\/td>\n<\/tr>\n<tr style=\"height: auto;\">\n<td style=\"width: 100%; height: auto; background-color: #c6f7f7; text-align: center;\">\n<h3 style=\"text-align: left;\"><strong><img loading=\"lazy\" decoding=\"async\" class=\"size-full wp-image-15770 aligncenter\" src=\"https:\/\/uparbois.org\/wp-content\/uploads\/2021\/07\/Catechisme.jpeg\" alt=\"\" width=\"1126\" height=\"700\" srcset=\"https:\/\/uparbois.org\/wp-content\/uploads\/2021\/07\/Catechisme.jpeg 1126w, https:\/\/uparbois.org\/wp-content\/uploads\/2021\/07\/Catechisme-300x187.jpeg 300w, https:\/\/uparbois.org\/wp-content\/uploads\/2021\/07\/Catechisme-1024x637.jpeg 1024w, https:\/\/uparbois.org\/wp-content\/uploads\/2021\/07\/Catechisme-768x477.jpeg 768w\" sizes=\"(max-width: 1126px) 100vw, 1126px\" \/><\/strong><\/h3>\n<h1><a href=\"https:\/\/uparbois.org\/?page_id=1619\" target=\"_blank\" rel=\"noopener\"><strong><span style=\"text-decoration: underline; color: #0000ff;\">Se renseigner sur<\/span><\/strong><\/a><\/h1>\n<h1><strong><a href=\"https:\/\/uparbois.org\/?page_id=1619\" target=\"_blank\" rel=\"noopener\"><span style=\"text-decoration: underline; color: #0000ff;\"> le Cat\u00e9chisme&#8230;<\/span><\/a><br \/>\n<\/strong><\/h1>\n<h1 style=\"text-align: left;\"><\/h1>\n<h1><\/h1>\n<h1><a href=\"https:\/\/uparbois.org\/?page_id=1625\" target=\"_blank\" rel=\"noopener\"><strong><span style=\"text-decoration: underline;\"><span style=\"color: #ff0000; text-decoration: underline;\"><span style=\"color: #0000ff; text-decoration: underline;\">Se renseigner sur<\/span><\/span><\/span><\/strong><\/a><\/h1>\n<h1><a href=\"https:\/\/uparbois.org\/?page_id=1625\" target=\"_blank\" rel=\"noopener\"><strong><span style=\"text-decoration: underline;\"><span style=\"color: #ff0000; text-decoration: underline;\"><span style=\"color: #0000ff; text-decoration: underline;\"> l&rsquo;Aum\u00f4nerie des Jeunes<\/span><\/span><\/span><\/strong><\/a><\/h1>\n<\/td>\n<\/tr>\n<tr style=\"height: auto;\">\n<td style=\"text-align: center; width: 100%; height: auto;\">\n<h3 style=\"text-align: left;\"><strong><img loading=\"lazy\" decoding=\"async\" class=\"size-full wp-image-8281 aligncenter\" src=\"https:\/\/uparbois.org\/wp-content\/uploads\/2016\/03\/Mariage2.png\" alt=\"\" width=\"663\" height=\"768\" srcset=\"https:\/\/uparbois.org\/wp-content\/uploads\/2016\/03\/Mariage2.png 663w, https:\/\/uparbois.org\/wp-content\/uploads\/2016\/03\/Mariage2-259x300.png 259w\" sizes=\"(max-width: 663px) 100vw, 663px\" \/><\/strong><\/h3>\n<h1><strong><a href=\"https:\/\/uparbois.org\/?page_id=1621\" target=\"_blank\" rel=\"noopener\"><span style=\"text-decoration: underline;\"><span style=\"color: #ff0000; text-decoration: underline;\">Pr\u00e9parer le Mariage<\/span><\/span><\/a><\/strong><\/h1>\n<\/td>\n<\/tr>\n<tr style=\"height: auto;\">\n<td style=\"width: 100%; height: auto; background-color: #c6f7f7; text-align: center;\">\n<h3 style=\"text-align: left;\"><img loading=\"lazy\" decoding=\"async\" class=\"size-large wp-image-19221 aligncenter\" src=\"https:\/\/uparbois.org\/wp-content\/uploads\/2024\/09\/messe_calas_31_08_24_bc_006-1024x526.jpg\" alt=\"\" width=\"1024\" height=\"526\" srcset=\"https:\/\/uparbois.org\/wp-content\/uploads\/2024\/09\/messe_calas_31_08_24_bc_006-1024x526.jpg 1024w, https:\/\/uparbois.org\/wp-content\/uploads\/2024\/09\/messe_calas_31_08_24_bc_006-300x154.jpg 300w, https:\/\/uparbois.org\/wp-content\/uploads\/2024\/09\/messe_calas_31_08_24_bc_006-768x394.jpg 768w, https:\/\/uparbois.org\/wp-content\/uploads\/2024\/09\/messe_calas_31_08_24_bc_006-1536x788.jpg 1536w, https:\/\/uparbois.org\/wp-content\/uploads\/2024\/09\/messe_calas_31_08_24_bc_006-2048x1051.jpg 2048w\" sizes=\"(max-width: 1024px) 100vw, 1024px\" \/><\/h3>\n<h1><a href=\"https:\/\/uparbois.org\/?page_id=11409\" target=\"_blank\" rel=\"noopener\"><strong><span style=\"color: #0000ff;\"><span style=\"text-decoration: underline;\">Se renseigner sur <\/span><\/span><\/strong><\/a><\/h1>\n<h1><a href=\"https:\/\/uparbois.org\/?page_id=11409\" target=\"_blank\" rel=\"noopener\"><strong><span style=\"color: #0000ff;\"><span style=\"text-decoration: underline;\">la vie spirituelle<\/span> <\/span><\/strong><\/a><\/h1>\n<h1><\/h1>\n<h1><strong><a href=\"https:\/\/uparbois.org\/?page_id=8622\" target=\"_blank\" rel=\"noopener\"><span style=\"text-decoration: underline; color: #0000ff;\">Se renseigner <\/span><\/a><\/strong><\/h1>\n<h1><strong><a href=\"https:\/\/uparbois.org\/?page_id=8622\" target=\"_blank\" rel=\"noopener\"><span style=\"text-decoration: underline; color: #0000ff;\">sur les formations<\/span><\/a><br \/>\n<\/strong><\/h1>\n<\/td>\n<\/tr>\n<tr style=\"height: auto;\">\n<td style=\"text-align: center; width: 100%; height: auto;\">\n<h3 style=\"text-align: left;\"><strong><img decoding=\"async\" class=\"size-full wp-image-16658 aligncenter\" src=\"https:\/\/uparbois.org\/wp-content\/uploads\/2022\/04\/Jeudi-saint.jpg\" alt=\"\" width=\"auto\" height=\"630\" srcset=\"https:\/\/uparbois.org\/wp-content\/uploads\/2022\/04\/Jeudi-saint.jpg 688w, https:\/\/uparbois.org\/wp-content\/uploads\/2022\/04\/Jeudi-saint-300x275.jpg 300w\" sizes=\"(max-width: 688px) 100vw, 688px\" \/><\/strong><\/h3>\n<h1><strong><a href=\"https:\/\/uparbois.org\/?page_id=1623\" target=\"_blank\" rel=\"noopener\"><span style=\"text-decoration: underline;\"><span style=\"color: #ff0000; text-decoration: underline;\">Conna\u00eetre les Sacrements<\/span><\/span><\/a><\/strong><\/h1>\n<\/td>\n<\/tr>\n<tr style=\"height: auto;\">\n<td style=\"width: 100%; height: auto; background-color: #c6f7f7; text-align: center;\">\n<h1><strong><a href=\"https:\/\/uparbois.org\/wp-content\/uploads\/2020\/06\/famille2.jpg\"><img loading=\"lazy\" decoding=\"async\" class=\"wp-image-14107 size-full aligncenter\" src=\"https:\/\/uparbois.org\/wp-content\/uploads\/2020\/06\/famille2.jpg\" alt=\"\" width=\"680\" height=\"400\" srcset=\"https:\/\/uparbois.org\/wp-content\/uploads\/2020\/06\/famille2.jpg 680w, https:\/\/uparbois.org\/wp-content\/uploads\/2020\/06\/famille2-300x176.jpg 300w\" sizes=\"(max-width: 680px) 100vw, 680px\" \/><\/a><a href=\"https:\/\/uparbois.org\/?page_id=1633\" target=\"_blank\" rel=\"noopener\"><span style=\"text-decoration: underline; color: #0000ff;\">Prendre le temps en Famille<\/span><\/a><\/strong><\/h1>\n<\/td>\n<\/tr>\n<tr style=\"height: auto;\">\n<td style=\"text-align: center; width: 100%; height: auto;\">\n<h3 style=\"text-align: left;\"><strong><a href=\"https:\/\/uparbois.org\/wp-content\/uploads\/2016\/03\/solidarit\u00e92-1.jpg\"><img loading=\"lazy\" decoding=\"async\" class=\"wp-image-8302 size-full aligncenter\" src=\"https:\/\/uparbois.org\/wp-content\/uploads\/2016\/03\/solidarit\u00e92-1.jpg\" alt=\"\" width=\"849\" height=\"565\" srcset=\"https:\/\/uparbois.org\/wp-content\/uploads\/2016\/03\/solidarit\u00e92-1.jpg 849w, https:\/\/uparbois.org\/wp-content\/uploads\/2016\/03\/solidarit\u00e92-1-300x200.jpg 300w, https:\/\/uparbois.org\/wp-content\/uploads\/2016\/03\/solidarit\u00e92-1-768x511.jpg 768w\" sizes=\"(max-width: 849px) 100vw, 849px\" \/><\/a><\/strong><\/h3>\n<h1><strong><a href=\"https:\/\/uparbois.org\/?page_id=1640\" target=\"_blank\" rel=\"noopener\"><span style=\"text-decoration: underline;\"><span style=\"color: #ff0000; text-decoration: underline;\">Vivre la Solidarit\u00e9<\/span><\/span><\/a><\/strong><\/h1>\n<\/td>\n<\/tr>\n<tr style=\"height: auto;\">\n<td style=\"width: 100%; height: auto; background-color: #c6f7f7; text-align: center;\">\n<h1><strong><img loading=\"lazy\" decoding=\"async\" class=\"size-full wp-image-8298 aligncenter\" src=\"https:\/\/uparbois.org\/wp-content\/uploads\/2016\/03\/Deuil2-1.jpeg\" alt=\"\" width=\"960\" height=\"640\" srcset=\"https:\/\/uparbois.org\/wp-content\/uploads\/2016\/03\/Deuil2-1.jpeg 960w, https:\/\/uparbois.org\/wp-content\/uploads\/2016\/03\/Deuil2-1-300x200.jpeg 300w, https:\/\/uparbois.org\/wp-content\/uploads\/2016\/03\/Deuil2-1-768x512.jpeg 768w\" sizes=\"(max-width: 960px) 100vw, 960px\" \/><\/strong><\/h1>\n<h1><strong><a href=\"https:\/\/uparbois.org\/?page_id=1627\" target=\"_blank\" rel=\"noopener\"><span style=\"text-decoration: underline; color: #0000ff;\">Accompagner le Deuil<\/span><\/a><\/strong><\/h1>\n<\/td>\n<\/tr>\n<tr style=\"height: auto;\">\n<td style=\"text-align: center; width: 100%; height: auto;\">\n<h3><\/h3>\n<h3 style=\"text-align: left;\"><\/h3>\n<h3 style=\"text-align: left;\"><strong><a href=\"https:\/\/uparbois.org\/wp-content\/uploads\/2018\/09\/Arbre-2018-09-30.jpg\"><img loading=\"lazy\" decoding=\"async\" class=\"aligncenter wp-image-10888 size-full\" src=\"https:\/\/uparbois.org\/wp-content\/uploads\/2018\/09\/Arbre-2018-09-30.jpg\" alt=\"\" width=\"457\" height=\"533\" srcset=\"https:\/\/uparbois.org\/wp-content\/uploads\/2018\/09\/Arbre-2018-09-30.jpg 457w, https:\/\/uparbois.org\/wp-content\/uploads\/2018\/09\/Arbre-2018-09-30-257x300.jpg 257w\" sizes=\"(max-width: 457px) 100vw, 457px\" \/><\/a><\/strong><\/h3>\n<h3><a href=\"https:\/\/uparbois.org\/wp-content\/uploads\/2024\/10\/Depliant-services-2024-09.pdf\" target=\"_blank\" rel=\"noopener\"><strong><span style=\"color: #ff0000;\">Se mettre au service des autres<\/span><\/strong><\/a><\/h3>\n<\/td>\n<\/tr>\n<tr style=\"height: auto;\">\n<td style=\"width: 100%; height: auto; background-color: #c6f7f7; text-align: center;\">\n<h3 style=\"text-align: left;\"><span style=\"color: #ff0000;\"><strong><a href=\"https:\/\/uparbois.org\/wp-content\/uploads\/2019\/10\/P\u00e8re-Benoit-2019-09.png\"><img loading=\"lazy\" decoding=\"async\" class=\"size-large wp-image-19224 aligncenter\" src=\"https:\/\/uparbois.org\/wp-content\/uploads\/2024\/09\/messe_calas_31_08_24_bc_018-769x1024.jpg\" alt=\"\" width=\"769\" height=\"1024\" srcset=\"https:\/\/uparbois.org\/wp-content\/uploads\/2024\/09\/messe_calas_31_08_24_bc_018-769x1024.jpg 769w, https:\/\/uparbois.org\/wp-content\/uploads\/2024\/09\/messe_calas_31_08_24_bc_018-225x300.jpg 225w, https:\/\/uparbois.org\/wp-content\/uploads\/2024\/09\/messe_calas_31_08_24_bc_018-768x1023.jpg 768w, https:\/\/uparbois.org\/wp-content\/uploads\/2024\/09\/messe_calas_31_08_24_bc_018-1153x1536.jpg 1153w, https:\/\/uparbois.org\/wp-content\/uploads\/2024\/09\/messe_calas_31_08_24_bc_018-1538x2048.jpg 1538w, https:\/\/uparbois.org\/wp-content\/uploads\/2024\/09\/messe_calas_31_08_24_bc_018-scaled.jpg 1922w\" sizes=\"(max-width: 769px) 100vw, 769px\" \/><\/a><\/strong><\/span><\/h3>\n<h1><span style=\"color: #ff0000;\"><strong><span style=\"text-decoration: underline;\"><a href=\"https:\/\/uparbois.org\/?page_id=3137\"><span style=\"color: #ff0000; text-decoration: underline;\"><span style=\"color: #0000ff; text-decoration: underline;\">Pr\u00e9parer les C\u00e9l\u00e9brations<\/span><\/span><\/a><\/span><\/strong><\/span><\/h1>\n<h2><\/h2>\n<\/td>\n<\/tr>\n<tr style=\"height: 98px;\">\n<td style=\"text-align: center; width: 100%; height: 98px;\">\n<h1><\/h1>\n<h2><a href=\"https:\/\/public.enoria.app\/pubinsc\/gp\/1900b9ccabf613b\/open\" target=\"_blank\" rel=\"noopener\"><span style=\"color: #0000ff;\"><span style=\"text-decoration: underline;\"><span style=\"color: #ff0000; text-decoration: underline;\">Recevoir la Gazette paroissiale<\/span><\/span><\/span><\/a><\/h2>\n<\/td>\n<\/tr>\n<tr style=\"height: 24px;\">\n<td style=\"width: 100%; height: 49px; background-color: #c6f7f7; text-align: center;\"><a href=\"https:\/\/uparbois.org\/wp-content\/uploads\/2021\/05\/Banderole-up-arbois-Web.jpg\"><img loading=\"lazy\" decoding=\"async\" class=\"aligncenter wp-image-15401\" src=\"https:\/\/uparbois.org\/wp-content\/uploads\/2021\/05\/Banderole-up-arbois-Web.jpg\" alt=\"\" width=\"500\" height=\"175\" srcset=\"https:\/\/uparbois.org\/wp-content\/uploads\/2021\/05\/Banderole-up-arbois-Web.jpg 448w, https:\/\/uparbois.org\/wp-content\/uploads\/2021\/05\/Banderole-up-arbois-Web-300x105.jpg 300w\" sizes=\"(max-width: 500px) 100vw, 500px\" \/><\/a><\/td>\n<\/tr>\n<\/tbody>\n<\/table>\n<p style=\"text-align: center;\"><a href=\"http:\/\/s323197849.onlinehome.fr\/wp-content\/uploads\/2019\/03\/Agenda-B-335.pdf\" target=\"_blank\" rel=\"noopener noreferrer\"><span style=\"color: #0000ff; background-color: #ffff99;\"><span style=\"font-size: 8pt;\"><em><span style=\"background-color: #ffffff;\"><strong>\u00a0<\/strong><\/span><\/em><\/span><\/span><\/a><\/p>\n<h3 style=\"text-align: center;\"><\/h3>\n","protected":false},"excerpt":{"rendered":"<p>\u00c9glise catholique du Dioc\u00e8se d&rsquo;Aix et d&rsquo; Arles\u00a0 qui regroupe les paroisses de Bouc Bel air et Cabri\u00e8s-Calas La liste de nos pasteurs de 1800 \u00e0 ce jour Consulter les horaires Nos prochains \u00c9v\u00e9nements Unit\u00e9 Pastorale Notre Dame de l&rsquo;Arbois Notre page Facebook Pr\u00e9parer le Bapt\u00eame Se renseigner sur le Cat\u00e9chisme&#8230; Se renseigner sur l&rsquo;Aum\u00f4nerie [&hellip;]<\/p>\n","protected":false},"author":1,"featured_media":0,"parent":0,"menu_order":0,"comment_status":"closed","ping_status":"closed","template":"","meta":{"ocean_post_layout":"full-width","ocean_both_sidebars_style":"","ocean_both_sidebars_content_width":0,"ocean_both_sidebars_sidebars_width":0,"ocean_sidebar":"0","ocean_second_sidebar":"0","ocean_disable_margins":"on","ocean_add_body_class":"","ocean_shortcode_before_top_bar":"","ocean_shortcode_after_top_bar":"","ocean_shortcode_before_header":"","ocean_shortcode_after_header":"","ocean_has_shortcode":"","ocean_shortcode_after_title":"","ocean_shortcode_before_footer_widgets":"","ocean_shortcode_after_footer_widgets":"","ocean_shortcode_before_footer_bottom":"","ocean_shortcode_after_footer_bottom":"","ocean_display_top_bar":"default","ocean_display_header":"default","ocean_header_style":"","ocean_center_header_left_menu":"0","ocean_custom_header_template":"0","ocean_custom_logo":0,"ocean_custom_retina_logo":0,"ocean_custom_logo_max_width":0,"ocean_custom_logo_tablet_max_width":0,"ocean_custom_logo_mobile_max_width":0,"ocean_custom_logo_max_height":0,"ocean_custom_logo_tablet_max_height":0,"ocean_custom_logo_mobile_max_height":0,"ocean_header_custom_menu":"0","ocean_menu_typo_font_family":"0","ocean_menu_typo_font_subset":"","ocean_menu_typo_font_size":0,"ocean_menu_typo_font_size_tablet":0,"ocean_menu_typo_font_size_mobile":0,"ocean_menu_typo_font_size_unit":"px","ocean_menu_typo_font_weight":"","ocean_menu_typo_font_weight_tablet":"","ocean_menu_typo_font_weight_mobile":"","ocean_menu_typo_transform":"","ocean_menu_typo_transform_tablet":"","ocean_menu_typo_transform_mobile":"","ocean_menu_typo_line_height":0,"ocean_menu_typo_line_height_tablet":0,"ocean_menu_typo_line_height_mobile":0,"ocean_menu_typo_line_height_unit":"","ocean_menu_typo_spacing":0,"ocean_menu_typo_spacing_tablet":0,"ocean_menu_typo_spacing_mobile":0,"ocean_menu_typo_spacing_unit":"","ocean_menu_link_color":"","ocean_menu_link_color_hover":"","ocean_menu_link_color_active":"","ocean_menu_link_background":"","ocean_menu_link_hover_background":"","ocean_menu_link_active_background":"","ocean_menu_social_links_bg":"","ocean_menu_social_hover_links_bg":"","ocean_menu_social_links_color":"","ocean_menu_social_hover_links_color":"","ocean_disable_title":"default","ocean_disable_heading":"default","ocean_post_title":"","ocean_post_subheading":"","ocean_post_title_style":"","ocean_post_title_background_color":"","ocean_post_title_background":0,"ocean_post_title_bg_image_position":"","ocean_post_title_bg_image_attachment":"","ocean_post_title_bg_image_repeat":"","ocean_post_title_bg_image_size":"","ocean_post_title_height":0,"ocean_post_title_bg_overlay":0.5,"ocean_post_title_bg_overlay_color":"","ocean_disable_breadcrumbs":"default","ocean_breadcrumbs_color":"","ocean_breadcrumbs_separator_color":"","ocean_breadcrumbs_links_color":"","ocean_breadcrumbs_links_hover_color":"","ocean_display_footer_widgets":"default","ocean_display_footer_bottom":"default","ocean_custom_footer_template":"0","footnotes":""},"_links":{"self":[{"href":"https:\/\/uparbois.org\/index.php?rest_route=\/wp\/v2\/pages\/5611"}],"collection":[{"href":"https:\/\/uparbois.org\/index.php?rest_route=\/wp\/v2\/pages"}],"about":[{"href":"https:\/\/uparbois.org\/index.php?rest_route=\/wp\/v2\/types\/page"}],"author":[{"embeddable":true,"href":"https:\/\/uparbois.org\/index.php?rest_route=\/wp\/v2\/users\/1"}],"replies":[{"embeddable":true,"href":"https:\/\/uparbois.org\/index.php?rest_route=%2Fwp%2Fv2%2Fcomments&post=5611"}],"version-history":[{"count":1543,"href":"https:\/\/uparbois.org\/index.php?rest_route=\/wp\/v2\/pages\/5611\/revisions"}],"predecessor-version":[{"id":20317,"href":"https:\/\/uparbois.org\/index.php?rest_route=\/wp\/v2\/pages\/5611\/revisions\/20317"}],"wp:attachment":[{"href":"https:\/\/uparbois.org\/index.php?rest_route=%2Fwp%2Fv2%2Fmedia&parent=5611"}],"curies":[{"name":"wp","href":"https:\/\/api.w.org\/{rel}","templated":true}]}}