{"id":5572,"date":"2016-03-14T20:43:43","date_gmt":"2016-03-14T19:43:43","guid":{"rendered":"http:\/\/s323197849.onlinehome.fr\/?page_id=5572"},"modified":"2021-10-25T18:13:55","modified_gmt":"2021-10-25T17:13:55","slug":"reportages-2015","status":"publish","type":"page","link":"https:\/\/uparbois.org\/?page_id=5572","title":{"rendered":"Reportages 2015"},"content":{"rendered":"<p>&nbsp;<\/p>\n<table style=\"border-color: #65c9ad; width: 100%;\">\n<tbody>\n<tr>\n<td style=\"border-color: #78e3bf;\"><a href=\"http:\/\/s323197849.onlinehome.fr\/wp-content\/uploads\/2014\/06\/IMG_1907.jpg\"><img loading=\"lazy\" decoding=\"async\" class=\"alignnone size-thumbnail wp-image-5234\" src=\"http:\/\/s323197849.onlinehome.fr\/wp-content\/uploads\/2014\/06\/IMG_1907-100x100.jpg\" alt=\"IMG_1907\" width=\"100\" height=\"100\"\/><\/a> <a href=\"https:\/\/goo.gl\/photos\/tPfkYQ1aCLiT5aPv6\" target=\"_blank\" rel=\"noopener\">1\u00e8re \u00e9tape Bapt\u00eame Calas et Bba 2015 11 28\/29<\/a> &#8211; <span style=\"font-size: 8pt;\"><em><u><span style=\"color: #0066cc;\">Photos&nbsp; JV<\/span><\/u><\/em><\/span><\/td>\n<td style=\"border-color: #78e3bf;\"><span style=\"color: #0066cc;\">&nbsp;<\/span> <a href=\"http:\/\/s323197849.onlinehome.fr\/wp-content\/uploads\/2014\/06\/IMG_3559.jpg\"><img loading=\"lazy\" decoding=\"async\" class=\"alignnone size-thumbnail wp-image-5233\" src=\"http:\/\/s323197849.onlinehome.fr\/wp-content\/uploads\/2014\/06\/IMG_3559-100x100.jpg\" alt=\"IMG_3559\" width=\"100\" height=\"100\"\/><\/a> <a href=\"https:\/\/goo.gl\/photos\/aXpFtrN9vpCKHUjy8\" target=\"_blank\" rel=\"noopener\">Bapt\u00eames BBA 2015 11 15<\/a> &#8211; <span style=\"font-size: 8pt;\"><em><u><span style=\"color: #0066cc;\">Photos&nbsp; RB<br \/>\n<\/span><\/u><\/em><\/span><\/td>\n<\/tr>\n<\/tbody>\n<\/table>\n<table style=\"border-color: #65c9ad;\">\n<tbody>\n<tr>\n<td style=\"border-color: #78e3bf;\">&nbsp;<a href=\"http:\/\/s323197849.onlinehome.fr\/wp-content\/uploads\/2014\/06\/PB082889.jpg\"><img loading=\"lazy\" decoding=\"async\" class=\"alignnone size-thumbnail wp-image-5036\" src=\"http:\/\/s323197849.onlinehome.fr\/wp-content\/uploads\/2014\/06\/PB082889-100x100.jpg\" alt=\"PB082889\" width=\"100\" height=\"100\"\/><\/a> <a href=\"https:\/\/goo.gl\/photos\/3ivasKACEiNQ8zVu8\" target=\"_blank\" rel=\"noopener\">Ancoli 2015 11 Lourdes<\/a> &#8211; <span style=\"font-size: 8pt;\"><em><u><span style=\"color: #0066cc;\">Photos&nbsp; IV<\/span><\/u><\/em><\/span><\/td>\n<td style=\"border-color: #78e3bf;\"><span style=\"color: #0066cc;\">&nbsp;<\/span>&nbsp;<a href=\"http:\/\/s323197849.onlinehome.fr\/wp-content\/uploads\/2014\/06\/IMG_1888-Copier.jpg\"><img loading=\"lazy\" decoding=\"async\" class=\"alignnone size-thumbnail wp-image-5033\" src=\"http:\/\/s323197849.onlinehome.fr\/wp-content\/uploads\/2014\/06\/IMG_1888-Copier-100x100.jpg\" alt=\"IMG_1888 (Copier)\" width=\"100\" height=\"100\"\/><\/a> <a href=\"https:\/\/goo.gl\/photos\/hdattBLS2iB5bixh9\" target=\"_blank\" rel=\"noopener\">2\u00e8me \u00e9tape Bapt\u00eame Cabri\u00e8s-Calas 2015 11 14<\/a> &#8211; <span style=\"font-size: 8pt;\"><em><u><span style=\"color: #0066cc;\">Photos&nbsp; RB<\/span><\/u><\/em><\/span><\/td>\n<\/tr>\n<\/tbody>\n<\/table>\n<table style=\"border-color: #65c9ad;\">\n<tbody>\n<tr>\n<td style=\"border-color: #78e3bf;\"><a href=\"https:\/\/goo.gl\/photos\/8HBeRVH78JBhQPbs8\" target=\"_blank\" rel=\"noopener\"><span style=\"color: #0066cc;\"><img loading=\"lazy\" decoding=\"async\" class=\"alignnone size-thumbnail wp-image-4927\" src=\"http:\/\/s323197849.onlinehome.fr\/wp-content\/uploads\/2014\/06\/IMG_1832-100x100.jpg\" alt=\"IMG_1832\" width=\"100\" height=\"100\"\/>Rentr\u00e9e de l&rsquo;UPArbois 2015 &#8211; Calas Trebillane &#8211; <span style=\"font-size: 8pt;\"><em><u>Photos R. Brunet &#8211; GV<\/u><\/em><\/span><\/span><\/a><\/td>\n<td style=\"border-color: #78e3bf;\"><a href=\"http:\/\/s323197849.onlinehome.fr\/wp-content\/uploads\/2014\/06\/IMG_3757.jpg\"><img loading=\"lazy\" decoding=\"async\" class=\"alignnone size-thumbnail wp-image-4932\" src=\"http:\/\/s323197849.onlinehome.fr\/wp-content\/uploads\/2014\/06\/IMG_3757-100x100.jpg\" alt=\"IMG_3757\" width=\"100\" height=\"100\"\/><\/a><a href=\"https:\/\/goo.gl\/photos\/UVsRjhouPTEBHmgi9\" target=\"_blank\" rel=\"noopener\">F\u00eate de la St Rapha\u00ebl Cabri\u00e8s Mas des Luces&nbsp;2015 &#8211;<span style=\"font-size: 8pt;\"><em><u><span style=\"color: #0066cc;\">Photos&nbsp; GV<\/span><\/u><\/em><\/span><\/a><\/td>\n<\/tr>\n<\/tbody>\n<\/table>\n<table style=\"border-color: #65c9ad;\">\n<tbody>\n<tr>\n<td style=\"border-color: #78e3bf;\"><a href=\"http:\/\/s323197849.onlinehome.fr\/wp-content\/uploads\/2014\/06\/2015-Sec-Catho.jpg\"><img loading=\"lazy\" decoding=\"async\" class=\"alignnone size-thumbnail wp-image-5006\" src=\"http:\/\/s323197849.onlinehome.fr\/wp-content\/uploads\/2014\/06\/2015-Sec-Catho-100x100.jpg\" alt=\"2015 Sec Catho\" width=\"100\" height=\"100\"\/><\/a><a href=\"https:\/\/picasaweb.google.com\/113129910957472700435\/SecoursCatho?feat=directlink\" target=\"_blank\" rel=\"noopener\">Rencontres SC 2015 06 04 &#8211;&nbsp;<span style=\"font-size: 8pt;\"><em>Photos A.Luzy<\/em><\/span><\/a><\/td>\n<td style=\"border-color: #78e3bf;\">&nbsp;<a href=\"http:\/\/s323197849.onlinehome.fr\/wp-content\/uploads\/2014\/06\/IMG_13172.jpg\"><img loading=\"lazy\" decoding=\"async\" class=\"alignnone size-thumbnail wp-image-5041\" src=\"http:\/\/s323197849.onlinehome.fr\/wp-content\/uploads\/2014\/06\/IMG_13172-100x100.jpg\" alt=\"IMG_1317\" width=\"100\" height=\"100\"\/><\/a>&nbsp;&nbsp; <a href=\"https:\/\/goo.gl\/photos\/Lx8hGunyWKY9ntG57\" target=\"_blank\" rel=\"noopener\">Professions de foi 2015<\/a>&nbsp;<u><span style=\"color: #0066cc;\">&#8211;<\/span><\/u><span style=\"font-size: 8pt;\"><em><u><span style=\"color: #0066cc;\">Photos&nbsp; RB<\/span><\/u><\/em><\/span><\/td>\n<\/tr>\n<\/tbody>\n<\/table>\n<table style=\"border-color: #65c9ad;\">\n<tbody>\n<tr>\n<td style=\"border-color: #78e3bf;\"><a title=\"Confirmation adultes 23052015\" href=\"https:\/\/plus.google.com\/photos\/109733089444512195344\/albums\/6153113181456620305\" target=\"_blank\" rel=\"noopener\"><img loading=\"lazy\" decoding=\"async\" class=\"alignnone size-thumbnail wp-image-4378\" src=\"http:\/\/s323197849.onlinehome.fr\/wp-content\/uploads\/2014\/06\/DSC_0135-100x100.jpg\" alt=\"DSC_0135\" width=\"100\" height=\"100\"\/>&nbsp; Confirmation 80 adultes Aix en Provence 23 mai 2015- <span style=\"font-size: 10pt;\"><span style=\"font-size: 8pt;\"><em>Photos T. Lafforgue<\/em><\/span><\/span><\/a><\/td>\n<td style=\"border-color: #78e3bf;\"><a title=\"Lourdes 2015\" href=\"https:\/\/plus.google.com\/photos\/115373101802957549308\/albums\/6152757633426078657\" target=\"_blank\" rel=\"noopener\">&nbsp;<img loading=\"lazy\" decoding=\"async\" class=\"alignnone wp-image-4372\" src=\"http:\/\/s323197849.onlinehome.fr\/wp-content\/uploads\/2014\/06\/IMG_4243w-100x100.jpg\" alt=\"IMG_4243w\" width=\"113\" height=\"113\"\/>Lourdes 2015 &#8211; <span style=\"font-size: 10pt;\"><span style=\"font-size: 8pt;\"><em>Photos T.Ravet<\/em><\/span><\/span><\/a><\/td>\n<\/tr>\n<\/tbody>\n<\/table>\n<table style=\"border-color: #65c9ad;\">\n<tbody>\n<tr>\n<td style=\"border-color: #78e3bf;\"><a href=\"http:\/\/s323197849.onlinehome.fr\/wp-content\/uploads\/2014\/06\/IMG_1107.jpg\"><img loading=\"lazy\" decoding=\"async\" class=\"alignnone size-thumbnail wp-image-4383\" src=\"http:\/\/s323197849.onlinehome.fr\/wp-content\/uploads\/2014\/06\/IMG_1107-100x100.jpg\" alt=\"IMG_1107\" width=\"100\" height=\"100\" srcset=\"https:\/\/uparbois.org\/wp-content\/uploads\/2014\/06\/IMG_1107-100x100.jpg 100w, https:\/\/uparbois.org\/wp-content\/uploads\/2014\/06\/IMG_1107-300x300.jpg 300w, https:\/\/uparbois.org\/wp-content\/uploads\/2014\/06\/IMG_1107.jpg 569w\" sizes=\"(max-width: 100px) 100vw, 100px\" \/><\/a>&nbsp;<a title=\"Premi\u00e8res communions 2015\" href=\"https:\/\/plus.google.com\/photos\/115373101802957549308\/albums\/6153224898926426737?hl=fr\" target=\"_blank\" rel=\"noopener\">1\u00e8res Communions 2015 UP Arbois &#8211; <span style=\"font-size: 10pt;\"><span style=\"font-size: 8pt;\"><em>Photos R. Brunet<\/em><\/span><\/span><\/a><\/td>\n<td style=\"border-color: #78e3bf;\"><a href=\"http:\/\/s323197849.onlinehome.fr\/wp-content\/uploads\/2014\/06\/BaptemeMosca-002.jpg\"><img loading=\"lazy\" decoding=\"async\" class=\"alignnone size-thumbnail wp-image-4007\" src=\"http:\/\/s323197849.onlinehome.fr\/wp-content\/uploads\/2014\/06\/BaptemeMosca-002-100x100.jpg\" alt=\"BaptemeMosca-002\" width=\"100\" height=\"100\"\/><\/a><a title=\"Bapt\u00eames Calas 2015 04 11\" href=\"https:\/\/plus.google.com\/photos\/115373101802957549308\/albums\/6138765946241086481\" target=\"_blank\" rel=\"noopener\">Bapt\u00eames Calas 2015 04 11<\/a> &#8211; <span style=\"font-size: 10pt;\"><span style=\"font-size: 8pt;\"><em>Photos O.Tourillon<\/em><\/span><\/span><\/td>\n<\/tr>\n<\/tbody>\n<\/table>\n<table style=\"border-color: #65c9ad;\">\n<tbody>\n<tr>\n<td style=\"border-color: #78e3bf;\"><a href=\"http:\/\/s323197849.onlinehome.fr\/wp-content\/uploads\/2014\/06\/Rameaux-2015.jpg\"><img loading=\"lazy\" decoding=\"async\" class=\" size-thumbnail wp-image-3885 alignleft\" src=\"http:\/\/s323197849.onlinehome.fr\/wp-content\/uploads\/2014\/06\/Rameaux-2015-100x100.jpg\" alt=\"Rameaux 2015\" width=\"100\" height=\"100\"\/><\/a><a title=\"Rameaux 2015\" href=\"https:\/\/plus.google.com\/u\/0\/photos\/115373101802957549308\/albums\/6131620804645716929?authkey=CKWkrsz2qsfCUw%20\" target=\"_blank\" rel=\"noopener\">C\u00e9l\u00e9brations des Rameaux 2015 \u00e0 Cabri\u00e8s et \u00e0 Calas<\/a> &#8211; <span style=\"font-size: 10pt;\"><span style=\"font-size: 8pt;\"><em>Photos R. Brunet<\/em><\/span><\/span><a title=\"Rameaux 2015 suite\" href=\"https:\/\/picasaweb.google.com\/113129910957472700435\/Rameaux2015?authuser=0&amp;feat=directlink\" target=\"_blank\" rel=\"noopener\">C\u00e9l\u00e9bration des Rameaux 2015 \u00e0&nbsp; Cabri\u00e8s <\/a>&#8211; <span style=\"font-size: 10pt;\"><span style=\"font-size: 8pt;\"><em>Photos A.Luzy<\/em><\/span><\/span><\/td>\n<td style=\"border-color: #78e3bf;\"><a href=\"http:\/\/s323197849.onlinehome.fr\/wp-content\/uploads\/2014\/06\/Bol-de-riz-15-7-Copier.jpg\"><img loading=\"lazy\" decoding=\"async\" class=\" size-thumbnail wp-image-3700 alignleft\" src=\"http:\/\/s323197849.onlinehome.fr\/wp-content\/uploads\/2014\/06\/Bol-de-riz-15-7-Copier-100x100.jpg\" alt=\"Bol de riz 15-7 (Copier)\" width=\"100\" height=\"100\"\/><\/a><a title=\"CCFD Bol de riz 2015 02\" href=\"https:\/\/plus.google.com\/photos\/115373101802957549308\/albums\/6120543251982114225?authkey=CKnohLTb6t37tAE\" target=\"_blank\" rel=\"noopener\">CCFD Bol de riz Car\u00eame 2015<\/a>&nbsp; &#8211; <span style=\"font-size: 8pt;\"><em>Photos P. Vachier<\/em><\/span><br \/>\n<a title=\"Pri\u00e8re du Bol de Riz 2015\" href=\"http:\/\/s323197849.onlinehome.fr\/wp-content\/uploads\/2014\/06\/Pri\u00e8re-Bol-de-Riz-2015.pdf\" target=\"_blank\" rel=\"noopener\">Lire la pri\u00e8re du Bol de riz<\/a><\/td>\n<\/tr>\n<tr>\n<td style=\"border-color: #78e3bf;\">&nbsp;<a href=\"http:\/\/s323197849.onlinehome.fr\/wp-content\/uploads\/2014\/06\/IMG_3062W.jpg\"><img loading=\"lazy\" decoding=\"async\" class=\" wp-image-3689 alignleft\" src=\"http:\/\/s323197849.onlinehome.fr\/wp-content\/uploads\/2014\/06\/IMG_3062W-224x300.jpg\" alt=\"IMG_3062W\" width=\"101\" height=\"135\" srcset=\"https:\/\/uparbois.org\/wp-content\/uploads\/2014\/06\/IMG_3062W-224x300.jpg 224w, https:\/\/uparbois.org\/wp-content\/uploads\/2014\/06\/IMG_3062W.jpg 478w\" sizes=\"(max-width: 101px) 100vw, 101px\" \/><\/a><span style=\"text-decoration: underline;\">Recollection de l&rsquo;UP Arbois \u00e0 la Cath\u00e9drale St Sauveur d&rsquo;Aix en Provence 01\/02\/2015<\/span><strong>&nbsp;<\/strong><strong>\u00a0\u00bb Quand la beaut\u00e9 parle de Dieu\u00a0\u00bb&nbsp;&nbsp; <\/strong><a title=\"Quand la beaut\u00e9 parle de Dieu \" href=\"https:\/\/plus.google.com\/photos\/115373101802957549308\/albums\/6123528629824115729\" target=\"_blank\" rel=\"noopener\">Voir les photos <\/a>&#8211;&nbsp; <em><span style=\"font-size: 8pt;\">Photos G.V&nbsp; <\/span><\/em><a title=\"Conf\u00e9rence R. Lecina\" href=\"http:\/\/s323197849.onlinehome.fr\/wp-content\/uploads\/2014\/06\/QUAND-LA-BEAUT\u00c9-PARLE-DE-DIEU.pdf\" target=\"_blank\" rel=\"noopener\">Lire le texte de la Conf\u00e9rence de R. Lecina<\/a><\/td>\n<td style=\"border-color: #78e3bf;\"><a href=\"http:\/\/s323197849.onlinehome.fr\/wp-content\/uploads\/2014\/06\/Vatican.jpg\"><img loading=\"lazy\" decoding=\"async\" class=\" size-thumbnail wp-image-3627 alignleft\" src=\"http:\/\/s323197849.onlinehome.fr\/wp-content\/uploads\/2014\/06\/Vatican-100x100.jpg\" alt=\"Vatican\" width=\"100\" height=\"100\"\/><\/a> <a title=\"Visite du Vatican\" href=\"http:\/\/www.vatican.va\/various\/basiliche\/san_giovanni\/vr_tour\/index-en.html\" target=\"_blank\" rel=\"noopener\">Visite virtuelle de la Basilique St Jean de Latran au Vatican<\/a><\/td>\n<\/tr>\n<tr>\n<td style=\"border-color: #78e3bf;\"><span style=\"font-size: 10pt;\"><a href=\"http:\/\/s323197849.onlinehome.fr\/wp-content\/uploads\/2014\/06\/IMG_1082.jpg\"><img loading=\"lazy\" decoding=\"async\" class=\" size-thumbnail wp-image-3367 alignleft\" src=\"http:\/\/s323197849.onlinehome.fr\/wp-content\/uploads\/2014\/06\/IMG_1082-100x100.jpg\" alt=\"IMG_1082\" width=\"100\" height=\"100\"\/><\/a><a title=\"Claude et Fran\u00e7oise f\u00eatent leurs 20 ans\" href=\"https:\/\/plus.google.com\/photos\/115373101802957549308\/albums\/6105634495700203601\" target=\"_blank\" rel=\"noopener\">Claude et Fran\u00e7oise f\u00eatent leurs 20 ans<\/a>&nbsp;&nbsp;&nbsp;&nbsp;&nbsp;&nbsp;&nbsp; <span style=\"font-size: 8pt;\"><em>Photos G. Cretin<\/em><\/span><br \/>\n<\/span><\/td>\n<td style=\"border-color: #78e3bf;\"><\/td>\n<\/tr>\n<\/tbody>\n<\/table>\n\n\n<p><strong><a href=\"https:\/\/uparbois.org\/?page_id=95\" target=\"_blank\" rel=\"noopener\">Retour \u00e0 la page \u00ab\u00a0Reportages des paroisses\u00a0\u00bb<\/a><\/strong><\/p>\n","protected":false},"excerpt":{"rendered":"<p>&nbsp; 1\u00e8re \u00e9tape Bapt\u00eame Calas et Bba 2015 11 28\/29 &#8211; Photos&nbsp; JV &nbsp; Bapt\u00eames BBA 2015 11 15 &#8211; Photos&nbsp; RB &nbsp; Ancoli 2015 11 Lourdes &#8211; Photos&nbsp; IV &nbsp;&nbsp; 2\u00e8me \u00e9tape Bapt\u00eame Cabri\u00e8s-Calas 2015 11 14 &#8211; Photos&nbsp; RB Rentr\u00e9e de l&rsquo;UPArbois 2015 &#8211; Calas Trebillane &#8211; Photos R. Brunet &#8211; GV F\u00eate [&hellip;]<\/p>\n","protected":false},"author":3,"featured_media":0,"parent":95,"menu_order":2,"comment_status":"closed","ping_status":"closed","template":"","meta":{"ocean_post_layout":"","ocean_both_sidebars_style":"","ocean_both_sidebars_content_width":0,"ocean_both_sidebars_sidebars_width":0,"ocean_sidebar":"","ocean_second_sidebar":"","ocean_disable_margins":"enable","ocean_add_body_class":"","ocean_shortcode_before_top_bar":"","ocean_shortcode_after_top_bar":"","ocean_shortcode_before_header":"","ocean_shortcode_after_header":"","ocean_has_shortcode":"","ocean_shortcode_after_title":"","ocean_shortcode_before_footer_widgets":"","ocean_shortcode_after_footer_widgets":"","ocean_shortcode_before_footer_bottom":"","ocean_shortcode_after_footer_bottom":"","ocean_display_top_bar":"default","ocean_display_header":"default","ocean_header_style":"","ocean_center_header_left_menu":"","ocean_custom_header_template":"","ocean_custom_logo":0,"ocean_custom_retina_logo":0,"ocean_custom_logo_max_width":0,"ocean_custom_logo_tablet_max_width":0,"ocean_custom_logo_mobile_max_width":0,"ocean_custom_logo_max_height":0,"ocean_custom_logo_tablet_max_height":0,"ocean_custom_logo_mobile_max_height":0,"ocean_header_custom_menu":"","ocean_menu_typo_font_family":"","ocean_menu_typo_font_subset":"","ocean_menu_typo_font_size":0,"ocean_menu_typo_font_size_tablet":0,"ocean_menu_typo_font_size_mobile":0,"ocean_menu_typo_font_size_unit":"px","ocean_menu_typo_font_weight":"","ocean_menu_typo_font_weight_tablet":"","ocean_menu_typo_font_weight_mobile":"","ocean_menu_typo_transform":"","ocean_menu_typo_transform_tablet":"","ocean_menu_typo_transform_mobile":"","ocean_menu_typo_line_height":0,"ocean_menu_typo_line_height_tablet":0,"ocean_menu_typo_line_height_mobile":0,"ocean_menu_typo_line_height_unit":"","ocean_menu_typo_spacing":0,"ocean_menu_typo_spacing_tablet":0,"ocean_menu_typo_spacing_mobile":0,"ocean_menu_typo_spacing_unit":"","ocean_menu_link_color":"","ocean_menu_link_color_hover":"","ocean_menu_link_color_active":"","ocean_menu_link_background":"","ocean_menu_link_hover_background":"","ocean_menu_link_active_background":"","ocean_menu_social_links_bg":"","ocean_menu_social_hover_links_bg":"","ocean_menu_social_links_color":"","ocean_menu_social_hover_links_color":"","ocean_disable_title":"default","ocean_disable_heading":"default","ocean_post_title":"","ocean_post_subheading":"","ocean_post_title_style":"","ocean_post_title_background_color":"","ocean_post_title_background":0,"ocean_post_title_bg_image_position":"","ocean_post_title_bg_image_attachment":"","ocean_post_title_bg_image_repeat":"","ocean_post_title_bg_image_size":"","ocean_post_title_height":0,"ocean_post_title_bg_overlay":0.5,"ocean_post_title_bg_overlay_color":"","ocean_disable_breadcrumbs":"default","ocean_breadcrumbs_color":"","ocean_breadcrumbs_separator_color":"","ocean_breadcrumbs_links_color":"","ocean_breadcrumbs_links_hover_color":"","ocean_display_footer_widgets":"default","ocean_display_footer_bottom":"default","ocean_custom_footer_template":"","footnotes":""},"_links":{"self":[{"href":"https:\/\/uparbois.org\/index.php?rest_route=\/wp\/v2\/pages\/5572"}],"collection":[{"href":"https:\/\/uparbois.org\/index.php?rest_route=\/wp\/v2\/pages"}],"about":[{"href":"https:\/\/uparbois.org\/index.php?rest_route=\/wp\/v2\/types\/page"}],"author":[{"embeddable":true,"href":"https:\/\/uparbois.org\/index.php?rest_route=\/wp\/v2\/users\/3"}],"replies":[{"embeddable":true,"href":"https:\/\/uparbois.org\/index.php?rest_route=%2Fwp%2Fv2%2Fcomments&post=5572"}],"version-history":[{"count":12,"href":"https:\/\/uparbois.org\/index.php?rest_route=\/wp\/v2\/pages\/5572\/revisions"}],"predecessor-version":[{"id":16108,"href":"https:\/\/uparbois.org\/index.php?rest_route=\/wp\/v2\/pages\/5572\/revisions\/16108"}],"up":[{"embeddable":true,"href":"https:\/\/uparbois.org\/index.php?rest_route=\/wp\/v2\/pages\/95"}],"wp:attachment":[{"href":"https:\/\/uparbois.org\/index.php?rest_route=%2Fwp%2Fv2%2Fmedia&parent=5572"}],"curies":[{"name":"wp","href":"https:\/\/api.w.org\/{rel}","templated":true}]}}