{"id":4229,"date":"2015-05-16T21:21:55","date_gmt":"2015-05-16T19:21:55","guid":{"rendered":"http:\/\/s323197849.onlinehome.fr\/?page_id=4229"},"modified":"2018-10-27T10:39:47","modified_gmt":"2018-10-27T09:39:47","slug":"eglise-de-calas","status":"publish","type":"page","link":"https:\/\/uparbois.org\/?page_id=4229","title":{"rendered":"Travaux Paroisse Cabri\u00e8s-Calas"},"content":{"rendered":"<p>Vous trouverez ci-dessous un aper\u00e7u des <strong>r\u00e9alisations d&rsquo;am\u00e9nagements ou d&rsquo;am\u00e9liorations apport\u00e9s \u00e0 nos structures paroissiales, <span style=\"text-decoration: underline;\"><span style=\"color: #0000ff; text-decoration: underline;\">financ\u00e9s par la Paroisse<\/span><\/span>.<\/strong><\/p>\n<table style=\"height: 85px;\" width=\"100%\">\n<tbody>\n<tr>\n<td style=\"text-align: left; width: 47.0038%;\"><a href=\"http:\/\/s323197849.onlinehome.fr\/wp-content\/uploads\/2018\/10\/IMG_0504.jpg\"><img loading=\"lazy\" decoding=\"async\" class=\" wp-image-11057 alignleft\" src=\"http:\/\/s323197849.onlinehome.fr\/wp-content\/uploads\/2018\/10\/IMG_0504-300x225.jpg\" alt=\"\" width=\"245\" height=\"184\" srcset=\"https:\/\/uparbois.org\/wp-content\/uploads\/2018\/10\/IMG_0504-300x225.jpg 300w, https:\/\/uparbois.org\/wp-content\/uploads\/2018\/10\/IMG_0504-768x576.jpg 768w, https:\/\/uparbois.org\/wp-content\/uploads\/2018\/10\/IMG_0504.jpg 1024w\" sizes=\"(max-width: 245px) 100vw, 245px\" \/><\/a>2018-10 &#8211; Remplacement des rideaux occultants\u00a0 et \u00c9quipement audio\/vid\u00e9o de la grande salle de la Maison Garavaque.<\/p>\n<p>&nbsp;<\/p>\n<p>&nbsp;<\/td>\n<td style=\"vertical-align: middle; text-align: left; width: 52.7817%;\"><img loading=\"lazy\" decoding=\"async\" class=\"wp-image-7800 alignleft\" src=\"http:\/\/s323197849.onlinehome.fr\/wp-content\/uploads\/2014\/06\/IMG_3871-300x225.jpg\" alt=\"\" width=\"245\" height=\"184\" srcset=\"https:\/\/uparbois.org\/wp-content\/uploads\/2014\/06\/IMG_3871-300x225.jpg 300w, https:\/\/uparbois.org\/wp-content\/uploads\/2014\/06\/IMG_3871-768x576.jpg 768w, https:\/\/uparbois.org\/wp-content\/uploads\/2014\/06\/IMG_3871.jpg 1024w\" sizes=\"(max-width: 245px) 100vw, 245px\" \/>\u00a0 2017\/05 &#8211; Cr\u00e9ation d&rsquo;un espace \u00e9veil \u00e0 la foi &#8211; \u00e9glise de Calas<\/td>\n<\/tr>\n<tr>\n<td style=\"text-align: left; width: 47.0038%;\">\u00a0<img loading=\"lazy\" decoding=\"async\" class=\"wp-image-6999 alignleft\" src=\"http:\/\/s323197849.onlinehome.fr\/wp-content\/uploads\/2015\/05\/Placard-Sacristie-225x300.jpg\" alt=\"placard-sacristie\" width=\"149\" height=\"199\" srcset=\"https:\/\/uparbois.org\/wp-content\/uploads\/2015\/05\/Placard-Sacristie-225x300.jpg 225w, https:\/\/uparbois.org\/wp-content\/uploads\/2015\/05\/Placard-Sacristie.jpg 576w\" sizes=\"(max-width: 149px) 100vw, 149px\" \/>2017\/01 &#8211; Am\u00e9nagement penderie Sacristie Calas<\/p>\n<p><span style=\"font-size: 10pt;\">R\u00e9alisation G.Cretin\/J Dumeyniou<\/span><\/p>\n<p>&nbsp;<\/p>\n<p>&nbsp;<\/td>\n<td style=\"vertical-align: middle; text-align: left; width: 52.7817%;\"><img loading=\"lazy\" decoding=\"async\" class=\"wp-image-6358 alignleft\" src=\"http:\/\/s323197849.onlinehome.fr\/wp-content\/uploads\/2015\/05\/IMG_9795-300x300.jpg\" alt=\"img_9795\" width=\"166\" height=\"166\" srcset=\"https:\/\/uparbois.org\/wp-content\/uploads\/2015\/05\/IMG_9795-300x300.jpg 300w, https:\/\/uparbois.org\/wp-content\/uploads\/2015\/05\/IMG_9795-100x100.jpg 100w, https:\/\/uparbois.org\/wp-content\/uploads\/2015\/05\/IMG_9795.jpg 768w\" sizes=\"(max-width: 166px) 100vw, 166px\" \/>2016\/06 &#8211; Restauration de la sacristie de l&rsquo;\u00e9glise de Cabri\u00e8s<\/td>\n<\/tr>\n<\/tbody>\n<\/table>\n<table style=\"height: 85px; width: 100%;\">\n<tbody>\n<tr>\n<td style=\"text-align: left; width: 43.3853%;\"><img loading=\"lazy\" decoding=\"async\" class=\" wp-image-5748 alignleft\" src=\"http:\/\/s323197849.onlinehome.fr\/wp-content\/uploads\/2015\/05\/Animateur-225x300.jpg\" alt=\"Animateur\" width=\"175\" height=\"233\" srcset=\"https:\/\/uparbois.org\/wp-content\/uploads\/2015\/05\/Animateur-225x300.jpg 225w, https:\/\/uparbois.org\/wp-content\/uploads\/2015\/05\/Animateur.jpg 576w\" sizes=\"(max-width: 175px) 100vw, 175px\" \/>2016\/02 &#8211; Pupitre animation<\/p>\n<p>2016\/02 &#8211; Am\u00e9nagement estrade lat\u00e9rale\u00a0 &#8211; <span style=\"font-size: 10pt;\">Conception et r\u00e9alisation JC Dumeyniou<\/span><\/td>\n<td style=\"vertical-align: middle; text-align: left; width: 49%;\"><img loading=\"lazy\" decoding=\"async\" class=\" wp-image-5747 alignleft\" src=\"http:\/\/s323197849.onlinehome.fr\/wp-content\/uploads\/2015\/05\/Parole-225x300.jpg\" alt=\"Parole\" width=\"177\" height=\"236\" srcset=\"https:\/\/uparbois.org\/wp-content\/uploads\/2015\/05\/Parole-225x300.jpg 225w, https:\/\/uparbois.org\/wp-content\/uploads\/2015\/05\/Parole.jpg 576w\" sizes=\"(max-width: 177px) 100vw, 177px\" \/>2016\/02 &#8211;\u00a0 Ambon de la Parole<\/p>\n<p>2016\/02 &#8211; Am\u00e9nagement estrade lat\u00e9rale &#8211; C<span style=\"font-size: 10pt;\">onception et r\u00e9alisation JC Dumeyniou<\/span><\/td>\n<\/tr>\n<\/tbody>\n<\/table>\n<table style=\"height: 85px;\" width=\"100%\">\n<tbody>\n<tr>\n<td><span style=\"font-size: 10pt;\"><a href=\"http:\/\/s323197849.onlinehome.fr\/wp-content\/uploads\/2015\/05\/IMG_4587.jpg\"><img loading=\"lazy\" decoding=\"async\" class=\"size-medium wp-image-4983 alignleft\" src=\"http:\/\/s323197849.onlinehome.fr\/wp-content\/uploads\/2015\/05\/IMG_4587-225x300.jpg\" alt=\"IMG_4587\" width=\"225\" height=\"300\" srcset=\"https:\/\/uparbois.org\/wp-content\/uploads\/2015\/05\/IMG_4587-225x300.jpg 225w, https:\/\/uparbois.org\/wp-content\/uploads\/2015\/05\/IMG_4587.jpg 576w\" sizes=\"(max-width: 225px) 100vw, 225px\" \/><\/a><\/span><span style=\"font-size: 10pt;\">2015\/10 &#8211; R\u00e9fection des peintures de la sacristie de l&rsquo;\u00e9glise de Calas et des portes de service\u00a0ext\u00e9rieures<\/span><\/p>\n<p>&nbsp;<\/td>\n<td style=\"text-align: left;\"><a href=\"http:\/\/s323197849.onlinehome.fr\/wp-content\/uploads\/2015\/05\/IMG_4589.jpg\"><img loading=\"lazy\" decoding=\"async\" class=\" wp-image-4982 alignleft\" src=\"http:\/\/s323197849.onlinehome.fr\/wp-content\/uploads\/2015\/05\/IMG_4589-225x300.jpg\" alt=\"IMG_4589\" width=\"228\" height=\"304\" srcset=\"https:\/\/uparbois.org\/wp-content\/uploads\/2015\/05\/IMG_4589-225x300.jpg 225w, https:\/\/uparbois.org\/wp-content\/uploads\/2015\/05\/IMG_4589.jpg 576w\" sizes=\"(max-width: 228px) 100vw, 228px\" \/><\/a>2015\/10 &#8211; R\u00e9fection des peintures\u00a0au presbyt\u00e8re de Calas<\/td>\n<td style=\"vertical-align: middle; text-align: left;\">\u00a0<a href=\"http:\/\/s323197849.onlinehome.fr\/wp-content\/uploads\/2015\/05\/IMG_1988.jpg\"><img loading=\"lazy\" decoding=\"async\" class=\" wp-image-4316 alignleft\" src=\"http:\/\/s323197849.onlinehome.fr\/wp-content\/uploads\/2015\/05\/IMG_1988-225x300.jpg\" alt=\"IMG_1988\" width=\"233\" height=\"311\" srcset=\"https:\/\/uparbois.org\/wp-content\/uploads\/2015\/05\/IMG_1988-225x300.jpg 225w, https:\/\/uparbois.org\/wp-content\/uploads\/2015\/05\/IMG_1988.jpg 576w\" sizes=\"(max-width: 233px) 100vw, 233px\" \/><\/a>2015\/05 &#8211; Meuble pr\u00e9sentoir et panneau d&rsquo;affichage \u00e9glise de Calas &#8211; <span style=\"font-size: 10pt;\">Conception et r\u00e9alisation JC Dumeyniou<\/span><\/td>\n<\/tr>\n<\/tbody>\n<\/table>\n<table style=\"height: 85px;\" width=\"100%\">\n<tbody>\n<tr>\n<td><span style=\"font-size: 10pt;\">\u00a0<a href=\"http:\/\/s323197849.onlinehome.fr\/wp-content\/uploads\/2015\/05\/IMG_19921.jpg\"><img loading=\"lazy\" decoding=\"async\" class=\"wp-image-4321 alignleft\" src=\"http:\/\/s323197849.onlinehome.fr\/wp-content\/uploads\/2015\/05\/IMG_19921-225x300.jpg\" alt=\"IMG_1992\" width=\"222\" height=\"296\" srcset=\"https:\/\/uparbois.org\/wp-content\/uploads\/2015\/05\/IMG_19921-225x300.jpg 225w, https:\/\/uparbois.org\/wp-content\/uploads\/2015\/05\/IMG_19921.jpg 576w\" sizes=\"(max-width: 222px) 100vw, 222px\" \/><\/a><\/span>2015\/01 &#8211; R\u00e9fection des peintures du Presbyt\u00e8re de Calas<\/td>\n<td style=\"text-align: left;\"><a href=\"http:\/\/s323197849.onlinehome.fr\/wp-content\/uploads\/2014\/07\/Escaliers-Tribune.jpg\"><img loading=\"lazy\" decoding=\"async\" class=\"size-medium wp-image-4150 alignleft\" src=\"http:\/\/s323197849.onlinehome.fr\/wp-content\/uploads\/2014\/07\/Escaliers-Tribune-225x300.jpg\" alt=\"Escaliers Tribune\" width=\"225\" height=\"300\" srcset=\"https:\/\/uparbois.org\/wp-content\/uploads\/2014\/07\/Escaliers-Tribune-225x300.jpg 225w, https:\/\/uparbois.org\/wp-content\/uploads\/2014\/07\/Escaliers-Tribune.jpg 480w\" sizes=\"(max-width: 225px) 100vw, 225px\" \/><\/a>2014\/12 &#8211; Am\u00e9nagement de placards sous les escaliers menant \u00e0 la tribune &#8211; <span style=\"font-size: 10pt;\">Conception et r\u00e9alisation JC Dumeyniou<\/span><\/td>\n<td style=\"vertical-align: middle; text-align: left;\"><a href=\"http:\/\/s323197849.onlinehome.fr\/wp-content\/uploads\/2014\/07\/Portes-int\u00e9rieures-2014.jpg\"><img loading=\"lazy\" decoding=\"async\" class=\"size-medium wp-image-4146 alignleft\" src=\"http:\/\/s323197849.onlinehome.fr\/wp-content\/uploads\/2014\/07\/Portes-int\u00e9rieures-2014-224x300.jpg\" alt=\"Portes int\u00e9rieures 2014\" width=\"224\" height=\"300\" srcset=\"https:\/\/uparbois.org\/wp-content\/uploads\/2014\/07\/Portes-int\u00e9rieures-2014-224x300.jpg 224w, https:\/\/uparbois.org\/wp-content\/uploads\/2014\/07\/Portes-int\u00e9rieures-2014.jpg 478w\" sizes=\"(max-width: 224px) 100vw, 224px\" \/><\/a>2014\/ 05 &#8211; Portes int\u00e9rieures vitr\u00e9es &#8211; <span style=\"font-size: 10pt;\">Conception et r\u00e9alisation L&rsquo;\u00c9quipe Baie Aix en Provence<\/span><\/td>\n<\/tr>\n<\/tbody>\n<\/table>\n<table style=\"height: 85px;\" width=\"100%\">\n<tbody>\n<tr>\n<td><span style=\"font-size: 10pt;\">\u00a0<a href=\"http:\/\/s323197849.onlinehome.fr\/wp-content\/uploads\/2014\/07\/\u00c9crans-t\u00e9l\u00e9.jpg\"><img loading=\"lazy\" decoding=\"async\" class=\"wp-image-4155 alignleft\" src=\"http:\/\/s323197849.onlinehome.fr\/wp-content\/uploads\/2014\/07\/\u00c9crans-t\u00e9l\u00e9-300x224.jpg\" alt=\"\u00c9crans t\u00e9l\u00e9\" width=\"246\" height=\"184\" srcset=\"https:\/\/uparbois.org\/wp-content\/uploads\/2014\/07\/\u00c9crans-t\u00e9l\u00e9-300x224.jpg 300w, https:\/\/uparbois.org\/wp-content\/uploads\/2014\/07\/\u00c9crans-t\u00e9l\u00e9.jpg 640w\" sizes=\"(max-width: 246px) 100vw, 246px\" \/><\/a><\/span>2013\/06 &#8211; Circuit vid\u00e9o avec cam\u00e9ra et \u00e9crans dans les chapelles lat\u00e9rales &#8211; <span style=\"font-size: 10pt;\">r\u00e9alisation St\u00e9 Aliers Calas<br \/>\n<\/span><\/td>\n<td style=\"text-align: left;\"><a href=\"http:\/\/s323197849.onlinehome.fr\/wp-content\/uploads\/2014\/07\/IMG_08401.jpg\"><img loading=\"lazy\" decoding=\"async\" class=\"wp-image-4176 alignleft\" src=\"http:\/\/s323197849.onlinehome.fr\/wp-content\/uploads\/2014\/07\/IMG_08401-300x224.jpg\" alt=\"IMG_0840\" width=\"260\" height=\"194\" srcset=\"https:\/\/uparbois.org\/wp-content\/uploads\/2014\/07\/IMG_08401-300x224.jpg 300w, https:\/\/uparbois.org\/wp-content\/uploads\/2014\/07\/IMG_08401.jpg 640w\" sizes=\"(max-width: 260px) 100vw, 260px\" \/><\/a>2013\/03 Am\u00e9nagement d&rsquo;un espace pour\u00a0 enfants<\/td>\n<td style=\"vertical-align: middle; text-align: left;\">\u00a0<a href=\"http:\/\/s323197849.onlinehome.fr\/wp-content\/uploads\/2014\/07\/Clocher-EgliseCalas_2.jpg\"><img loading=\"lazy\" decoding=\"async\" class=\"wp-image-4163 alignleft\" src=\"http:\/\/s323197849.onlinehome.fr\/wp-content\/uploads\/2014\/07\/Clocher-EgliseCalas_2-231x300.jpg\" alt=\"KONICA MINOLTA DIGITAL CAMERA\" width=\"162\" height=\"210\" srcset=\"https:\/\/uparbois.org\/wp-content\/uploads\/2014\/07\/Clocher-EgliseCalas_2-231x300.jpg 231w, https:\/\/uparbois.org\/wp-content\/uploads\/2014\/07\/Clocher-EgliseCalas_2.jpg 480w\" sizes=\"(max-width: 162px) 100vw, 162px\" \/><\/a>2012\/03 Automatisation \u00e9lectrique de la cloche de l&rsquo;\u00e9glise<\/td>\n<\/tr>\n<\/tbody>\n<\/table>\n<p>&nbsp;<\/p>\n","protected":false},"excerpt":{"rendered":"<p>Vous trouverez ci-dessous un aper\u00e7u des r\u00e9alisations d&rsquo;am\u00e9nagements ou d&rsquo;am\u00e9liorations apport\u00e9s \u00e0 nos structures paroissiales, financ\u00e9s par la Paroisse. 2018-10 &#8211; Remplacement des rideaux occultants\u00a0 et \u00c9quipement audio\/vid\u00e9o de la grande salle de la Maison Garavaque. &nbsp; &nbsp; \u00a0 2017\/05 &#8211; Cr\u00e9ation d&rsquo;un espace \u00e9veil \u00e0 la foi &#8211; \u00e9glise de Calas \u00a02017\/01 &#8211; Am\u00e9nagement [&hellip;]<\/p>\n","protected":false},"author":3,"featured_media":0,"parent":1544,"menu_order":2,"comment_status":"closed","ping_status":"open","template":"","meta":{"ocean_post_layout":"","ocean_both_sidebars_style":"","ocean_both_sidebars_content_width":0,"ocean_both_sidebars_sidebars_width":0,"ocean_sidebar":"","ocean_second_sidebar":"","ocean_disable_margins":"enable","ocean_add_body_class":"","ocean_shortcode_before_top_bar":"","ocean_shortcode_after_top_bar":"","ocean_shortcode_before_header":"","ocean_shortcode_after_header":"","ocean_has_shortcode":"","ocean_shortcode_after_title":"","ocean_shortcode_before_footer_widgets":"","ocean_shortcode_after_footer_widgets":"","ocean_shortcode_before_footer_bottom":"","ocean_shortcode_after_footer_bottom":"","ocean_display_top_bar":"default","ocean_display_header":"default","ocean_header_style":"","ocean_center_header_left_menu":"","ocean_custom_header_template":"","ocean_custom_logo":0,"ocean_custom_retina_logo":0,"ocean_custom_logo_max_width":0,"ocean_custom_logo_tablet_max_width":0,"ocean_custom_logo_mobile_max_width":0,"ocean_custom_logo_max_height":0,"ocean_custom_logo_tablet_max_height":0,"ocean_custom_logo_mobile_max_height":0,"ocean_header_custom_menu":"","ocean_menu_typo_font_family":"","ocean_menu_typo_font_subset":"","ocean_menu_typo_font_size":0,"ocean_menu_typo_font_size_tablet":0,"ocean_menu_typo_font_size_mobile":0,"ocean_menu_typo_font_size_unit":"px","ocean_menu_typo_font_weight":"","ocean_menu_typo_font_weight_tablet":"","ocean_menu_typo_font_weight_mobile":"","ocean_menu_typo_transform":"","ocean_menu_typo_transform_tablet":"","ocean_menu_typo_transform_mobile":"","ocean_menu_typo_line_height":0,"ocean_menu_typo_line_height_tablet":0,"ocean_menu_typo_line_height_mobile":0,"ocean_menu_typo_line_height_unit":"","ocean_menu_typo_spacing":0,"ocean_menu_typo_spacing_tablet":0,"ocean_menu_typo_spacing_mobile":0,"ocean_menu_typo_spacing_unit":"","ocean_menu_link_color":"","ocean_menu_link_color_hover":"","ocean_menu_link_color_active":"","ocean_menu_link_background":"","ocean_menu_link_hover_background":"","ocean_menu_link_active_background":"","ocean_menu_social_links_bg":"","ocean_menu_social_hover_links_bg":"","ocean_menu_social_links_color":"","ocean_menu_social_hover_links_color":"","ocean_disable_title":"default","ocean_disable_heading":"default","ocean_post_title":"","ocean_post_subheading":"","ocean_post_title_style":"","ocean_post_title_background_color":"","ocean_post_title_background":0,"ocean_post_title_bg_image_position":"","ocean_post_title_bg_image_attachment":"","ocean_post_title_bg_image_repeat":"","ocean_post_title_bg_image_size":"","ocean_post_title_height":0,"ocean_post_title_bg_overlay":0.5,"ocean_post_title_bg_overlay_color":"","ocean_disable_breadcrumbs":"default","ocean_breadcrumbs_color":"","ocean_breadcrumbs_separator_color":"","ocean_breadcrumbs_links_color":"","ocean_breadcrumbs_links_hover_color":"","ocean_display_footer_widgets":"default","ocean_display_footer_bottom":"default","ocean_custom_footer_template":"","footnotes":""},"_links":{"self":[{"href":"https:\/\/uparbois.org\/index.php?rest_route=\/wp\/v2\/pages\/4229"}],"collection":[{"href":"https:\/\/uparbois.org\/index.php?rest_route=\/wp\/v2\/pages"}],"about":[{"href":"https:\/\/uparbois.org\/index.php?rest_route=\/wp\/v2\/types\/page"}],"author":[{"embeddable":true,"href":"https:\/\/uparbois.org\/index.php?rest_route=\/wp\/v2\/users\/3"}],"replies":[{"embeddable":true,"href":"https:\/\/uparbois.org\/index.php?rest_route=%2Fwp%2Fv2%2Fcomments&post=4229"}],"version-history":[{"count":31,"href":"https:\/\/uparbois.org\/index.php?rest_route=\/wp\/v2\/pages\/4229\/revisions"}],"predecessor-version":[{"id":11058,"href":"https:\/\/uparbois.org\/index.php?rest_route=\/wp\/v2\/pages\/4229\/revisions\/11058"}],"up":[{"embeddable":true,"href":"https:\/\/uparbois.org\/index.php?rest_route=\/wp\/v2\/pages\/1544"}],"wp:attachment":[{"href":"https:\/\/uparbois.org\/index.php?rest_route=%2Fwp%2Fv2%2Fmedia&parent=4229"}],"curies":[{"name":"wp","href":"https:\/\/api.w.org\/{rel}","templated":true}]}}