{"id":19849,"date":"2025-06-09T11:06:08","date_gmt":"2025-06-09T10:06:08","guid":{"rendered":"https:\/\/uparbois.org\/?page_id=19849"},"modified":"2025-06-09T14:19:40","modified_gmt":"2025-06-09T13:19:40","slug":"reportages-2025","status":"publish","type":"page","link":"https:\/\/uparbois.org\/?page_id=19849","title":{"rendered":"Reportages 2025"},"content":{"rendered":"<table style=\"border-collapse: collapse; width: 100%; height: 236px;\">\n<tbody>\n<tr style=\"height: 24px;\">\n<td style=\"width: 50%; height: 24px;\">\u00a0<\/td>\n<td style=\"width: 50%; height: 24px;\">\u00a0<\/td>\n<\/tr>\n<tr style=\"height: 24px;\">\n<td style=\"width: 50%; height: 24px;\">\u00a0<\/td>\n<td style=\"width: 50%; height: 24px;\">\u00a0<\/td>\n<\/tr>\n<tr style=\"height: 24px;\">\n<td style=\"width: 50%; height: 24px;\">\u00a0<\/td>\n<td style=\"width: 50%; height: 24px;\">\u00a0<\/td>\n<\/tr>\n<tr style=\"height: 24px;\">\n<td style=\"width: 50%; height: 24px;\">\u00a0<\/td>\n<td style=\"width: 50%; height: 24px;\">\u00a0<\/td>\n<\/tr>\n<tr style=\"height: 24px;\">\n<td style=\"width: 50%; height: 24px;\"><a href=\"https:\/\/photos.app.goo.gl\/mUMaNSwoHcYF5zmd8\" target=\"_blank\" rel=\"noopener\">Confirmations 31 mai<\/a><img loading=\"lazy\" decoding=\"async\" class=\"size-thumbnail wp-image-19855 alignleft\" src=\"https:\/\/uparbois.org\/wp-content\/uploads\/2025\/06\/Confirmations_Calas_31_05_25_bc_190-100x100.jpg\" alt=\"\" width=\"100\" height=\"100\" srcset=\"https:\/\/uparbois.org\/wp-content\/uploads\/2025\/06\/Confirmations_Calas_31_05_25_bc_190-100x100.jpg 100w, https:\/\/uparbois.org\/wp-content\/uploads\/2025\/06\/Confirmations_Calas_31_05_25_bc_190-600x600.jpg 600w\" sizes=\"(max-width: 100px) 100vw, 100px\" \/><\/td>\n<td style=\"width: 50%; height: 24px;\">\u00a0<\/td>\n<\/tr>\n<tr style=\"height: 116px;\">\n<td style=\"width: 50%; height: 116px;\">\u00a0<a href=\"https:\/\/photos.app.goo.gl\/hBJBk675pVm1L6J89\" target=\"_blank\" rel=\"noopener\">1\u00e8res Communions 17 mai<\/a><img loading=\"lazy\" decoding=\"async\" class=\"size-thumbnail wp-image-19850 alignleft\" src=\"https:\/\/uparbois.org\/wp-content\/uploads\/2025\/06\/R4_04501-100x100.jpg\" alt=\"\" width=\"100\" height=\"100\" srcset=\"https:\/\/uparbois.org\/wp-content\/uploads\/2025\/06\/R4_04501-100x100.jpg 100w, https:\/\/uparbois.org\/wp-content\/uploads\/2025\/06\/R4_04501-600x600.jpg 600w\" sizes=\"(max-width: 100px) 100vw, 100px\" \/><\/td>\n<td style=\"width: 50%; height: 116px;\"><a href=\"https:\/\/photos.app.goo.gl\/3Rp5CmZFERi3TM8y6\" target=\"_blank\" rel=\"noopener\">1\u00e8res Communions 24 mai<\/a> <img loading=\"lazy\" decoding=\"async\" class=\"size-thumbnail wp-image-19852 alignleft\" src=\"https:\/\/uparbois.org\/wp-content\/uploads\/2025\/06\/premieres_communions_calas_24_05_25_bc_123-100x100.jpg\" alt=\"\" width=\"100\" height=\"100\" srcset=\"https:\/\/uparbois.org\/wp-content\/uploads\/2025\/06\/premieres_communions_calas_24_05_25_bc_123-100x100.jpg 100w, https:\/\/uparbois.org\/wp-content\/uploads\/2025\/06\/premieres_communions_calas_24_05_25_bc_123-600x600.jpg 600w\" sizes=\"(max-width: 100px) 100vw, 100px\" \/><\/td>\n<\/tr>\n<\/tbody>\n<\/table>\n\n\n<p><a href=\"https:\/\/uparbois.org\/?page_id=95\" target=\"_blank\" rel=\"noopener\">Retour \u00e0 la page \u00ab\u00a0Reportages photos des paroisses\u00a0\u00bb<\/a><\/p>\n","protected":false},"excerpt":{"rendered":"<p>\u00a0 \u00a0 \u00a0 \u00a0 \u00a0 \u00a0 \u00a0 \u00a0 Confirmations 31 mai \u00a0 \u00a01\u00e8res Communions 17 mai 1\u00e8res Communions 24 mai Retour \u00e0 la page \u00ab\u00a0Reportages photos des paroisses\u00a0\u00bb<\/p>\n","protected":false},"author":3,"featured_media":0,"parent":0,"menu_order":0,"comment_status":"closed","ping_status":"closed","template":"","meta":{"ocean_post_layout":"","ocean_both_sidebars_style":"","ocean_both_sidebars_content_width":0,"ocean_both_sidebars_sidebars_width":0,"ocean_sidebar":"","ocean_second_sidebar":"","ocean_disable_margins":"enable","ocean_add_body_class":"","ocean_shortcode_before_top_bar":"","ocean_shortcode_after_top_bar":"","ocean_shortcode_before_header":"","ocean_shortcode_after_header":"","ocean_has_shortcode":"","ocean_shortcode_after_title":"","ocean_shortcode_before_footer_widgets":"","ocean_shortcode_after_footer_widgets":"","ocean_shortcode_before_footer_bottom":"","ocean_shortcode_after_footer_bottom":"","ocean_display_top_bar":"default","ocean_display_header":"default","ocean_header_style":"","ocean_center_header_left_menu":"","ocean_custom_header_template":"","ocean_custom_logo":0,"ocean_custom_retina_logo":0,"ocean_custom_logo_max_width":0,"ocean_custom_logo_tablet_max_width":0,"ocean_custom_logo_mobile_max_width":0,"ocean_custom_logo_max_height":0,"ocean_custom_logo_tablet_max_height":0,"ocean_custom_logo_mobile_max_height":0,"ocean_header_custom_menu":"","ocean_menu_typo_font_family":"","ocean_menu_typo_font_subset":"","ocean_menu_typo_font_size":0,"ocean_menu_typo_font_size_tablet":0,"ocean_menu_typo_font_size_mobile":0,"ocean_menu_typo_font_size_unit":"px","ocean_menu_typo_font_weight":"","ocean_menu_typo_font_weight_tablet":"","ocean_menu_typo_font_weight_mobile":"","ocean_menu_typo_transform":"","ocean_menu_typo_transform_tablet":"","ocean_menu_typo_transform_mobile":"","ocean_menu_typo_line_height":0,"ocean_menu_typo_line_height_tablet":0,"ocean_menu_typo_line_height_mobile":0,"ocean_menu_typo_line_height_unit":"","ocean_menu_typo_spacing":0,"ocean_menu_typo_spacing_tablet":0,"ocean_menu_typo_spacing_mobile":0,"ocean_menu_typo_spacing_unit":"","ocean_menu_link_color":"","ocean_menu_link_color_hover":"","ocean_menu_link_color_active":"","ocean_menu_link_background":"","ocean_menu_link_hover_background":"","ocean_menu_link_active_background":"","ocean_menu_social_links_bg":"","ocean_menu_social_hover_links_bg":"","ocean_menu_social_links_color":"","ocean_menu_social_hover_links_color":"","ocean_disable_title":"default","ocean_disable_heading":"default","ocean_post_title":"","ocean_post_subheading":"","ocean_post_title_style":"","ocean_post_title_background_color":"","ocean_post_title_background":0,"ocean_post_title_bg_image_position":"","ocean_post_title_bg_image_attachment":"","ocean_post_title_bg_image_repeat":"","ocean_post_title_bg_image_size":"","ocean_post_title_height":0,"ocean_post_title_bg_overlay":0.5,"ocean_post_title_bg_overlay_color":"","ocean_disable_breadcrumbs":"default","ocean_breadcrumbs_color":"","ocean_breadcrumbs_separator_color":"","ocean_breadcrumbs_links_color":"","ocean_breadcrumbs_links_hover_color":"","ocean_display_footer_widgets":"default","ocean_display_footer_bottom":"default","ocean_custom_footer_template":"","footnotes":""},"_links":{"self":[{"href":"https:\/\/uparbois.org\/index.php?rest_route=\/wp\/v2\/pages\/19849"}],"collection":[{"href":"https:\/\/uparbois.org\/index.php?rest_route=\/wp\/v2\/pages"}],"about":[{"href":"https:\/\/uparbois.org\/index.php?rest_route=\/wp\/v2\/types\/page"}],"author":[{"embeddable":true,"href":"https:\/\/uparbois.org\/index.php?rest_route=\/wp\/v2\/users\/3"}],"replies":[{"embeddable":true,"href":"https:\/\/uparbois.org\/index.php?rest_route=%2Fwp%2Fv2%2Fcomments&post=19849"}],"version-history":[{"count":6,"href":"https:\/\/uparbois.org\/index.php?rest_route=\/wp\/v2\/pages\/19849\/revisions"}],"predecessor-version":[{"id":19861,"href":"https:\/\/uparbois.org\/index.php?rest_route=\/wp\/v2\/pages\/19849\/revisions\/19861"}],"wp:attachment":[{"href":"https:\/\/uparbois.org\/index.php?rest_route=%2Fwp%2Fv2%2Fmedia&parent=19849"}],"curies":[{"name":"wp","href":"https:\/\/api.w.org\/{rel}","templated":true}]}}