{"id":1640,"date":"2014-07-24T17:41:06","date_gmt":"2014-07-24T15:41:06","guid":{"rendered":"http:\/\/localhost\/wordpress\/?page_id=1640"},"modified":"2025-10-22T08:35:53","modified_gmt":"2025-10-22T07:35:53","slug":"la-solidarite","status":"publish","type":"page","link":"https:\/\/uparbois.org\/?page_id=1640","title":{"rendered":"Charit\u00e9 Solidarit\u00e9"},"content":{"rendered":"<p style=\"text-align: center;\"><span style=\"color: #ffffff;\"><span style=\"font-family: Calibri; font-size: 12pt;\"><br \/>\n<a href=\"http:\/\/s323197849.onlinehome.fr\/wp-content\/uploads\/2014\/07\/Communaut\u00e9-S.jpg\"><img loading=\"lazy\" decoding=\"async\" class=\"aligncenter wp-image-2503 size-medium\" src=\"https:\/\/uparbois.org\/wp-content\/uploads\/2014\/07\/Communaut\u00e9-S-300x225.jpg\" alt=\"Communaut\u00e9 S\" width=\"300\" height=\"225\" srcset=\"https:\/\/uparbois.org\/wp-content\/uploads\/2014\/07\/Communaut\u00e9-S-300x225.jpg 300w, https:\/\/uparbois.org\/wp-content\/uploads\/2014\/07\/Communaut\u00e9-S.jpg 754w\" sizes=\"(max-width: 300px) 100vw, 300px\" \/><\/a><\/span><\/span><span style=\"color: #ffffff;\"><span style=\"font-family: Calibri; font-size: 12pt;\"><br \/>\n<\/span><\/span><\/p>\n<hr \/>\n<p><span style=\"color: #ff0000; font-family: Calibri;\"><b><img loading=\"lazy\" decoding=\"async\" class=\"size-full wp-image-11842 alignleft\" src=\"https:\/\/uparbois.org\/wp-content\/uploads\/2019\/03\/ccfd-logo.png\" alt=\"\" width=\"220\" height=\"157\" \/><span style=\"text-decoration: underline;\"><span style=\"font-size: 12pt;\">CCFD: <\/span><\/span><\/b><\/span><b><\/b><\/p>\n<p><span style=\"font-family: Calibri;\">Sans se substituer aux int\u00e9ress\u00e9s, le Comit\u00e9 Catholique contre la Faim Dans le monde apporte sur le terrain son soutien \u00e0 des groupements et associations locales, ses partenaires, qui assument la totale responsabilit\u00e9 des projets : lutte contre la malnutrition, en faveur de la paix afin de redonner espoir aux populations exploit\u00e9es et marginalis\u00e9es.<\/span><\/p>\n<p><span style=\"font-family: Calibri;\">Des actions d\u2019information et de sensibilisation se concr\u00e9tisent particuli\u00e8rement au moment du Car\u00eame : soir\u00e9es d\u2019animation et d\u2019invitation au partage. \u00a0 \u00a0 \u00a0 <\/span><\/p>\n<p><span style=\"font-family: Calibri;\"><span style=\"font-size: 14pt;\"><em><strong><a title=\"CCFD\" href=\"http:\/\/ccfd-terresolidaire.org\/\" target=\"_blank\" rel=\"noopener\">Voir le site du CCFD<\/a><\/strong><\/em><\/span><br \/>\n<\/span><\/p>\n<p><span style=\"font-family: Calibri;\">Solange et Paul VACHIER, t\u00e9l\u00a0: 04 42 22 14 37<\/span><\/p>\n<p><span style=\"font-family: Calibri;\">G\u00e9rard et Marie-Odile BLANC, t\u00e9l\u00a0: 04 42 22 35 38<\/span><span style=\"font-family: Calibri;\">\u00a0<\/span><\/p>\n<hr \/>\n<address><span style=\"color: #ff0000; font-family: Calibri;\"><b><a href=\"https:\/\/uparbois.org\/wp-content\/uploads\/2014\/07\/bmphey2.jpg\"><img loading=\"lazy\" decoding=\"async\" class=\"alignleft wp-image-1712 size-thumbnail\" src=\"https:\/\/uparbois.org\/wp-content\/uploads\/2014\/07\/bmphey2-100x100.jpg\" alt=\"~bmphey2\" width=\"100\" height=\"100\" \/><\/a><\/b><\/span> <span style=\"text-decoration: underline;\"><span style=\"color: #ff0000; font-family: Calibri; font-size: 12pt; text-decoration: underline;\"><b>SECOURS CATHOLIQUE<\/b><\/span><b style=\"color: #ff0000; line-height: 1.5; font-family: inherit; font-style: inherit; text-decoration: underline;\"><br \/>\n<\/b><\/span><\/address>\n<address><span style=\"font-family: Calibri;\">Le Secours Catholique Caritas France est un service de l\u2019\u00c9glise Catholique, membre de la Conf\u00e9d\u00e9ration Caritas Internationalis et association reconnue d\u2019utilit\u00e9 publique. <\/span><\/address>\n<address><span style=\"font-family: Calibri;\">Sa mission : le rayonnement de la charit\u00e9 chr\u00e9tienne. Le Secours catholique n\u2019est pas l\u2019organisation de la charit\u00e9, mais la charit\u00e9 qui s\u2019organise. Le Secours catholique\u00a0 de l&rsquo;Unit\u00e9 Pastorale Notre Dame de l&rsquo;Arbois (UPA) regroupe les deux \u00e9quipes de Cabri\u00e8s-Calas et de\u00a0Bouc Bel Air dans un m\u00eame esprit de g\u00e9n\u00e9rosit\u00e9 et de charit\u00e9, pour une pr\u00e9sence plus efficace sur les deux villages. Nous portons l&rsquo; esp\u00e9rance d&rsquo;une soci\u00e9t\u00e9 juste et fraternelle, au service\u00a0 de tout l&rsquo;homme et de tous les hommes, cr\u00e9\u00e9s \u00e0 l&rsquo;image de Dieu. <\/span><\/address>\n<p><span style=\"font-family: Calibri;\">\u00a0<\/span><\/p>\n<table style=\"height: 55px;\" width=\"80%\">\n<tbody>\n<tr>\n<td style=\"text-align: center;\"><strong><em>Pour nous contacter :<\/em>\u00a0<\/strong><\/td>\n<td style=\"text-align: center;\"><em><span style=\"font-size: 8pt;\">Coordonnatrice<\/span><\/em><\/td>\n<td style=\"text-align: center;\"><em><span style=\"font-size: 8pt;\">Accueils<\/span><\/em><\/td>\n<\/tr>\n<tr>\n<td style=\"background-color: #c9f2e9; text-align: center;\"><span style=\"font-size: 10pt;\"><span style=\"font-family: Calibri;\"><span style=\"font-size: 12pt;\"><strong>06 82 85 25 83<\/strong><\/span><\/span><\/span><\/td>\n<td style=\"background-color: #c9f2e9; text-align: center;\">Florence DUVAL<\/td>\n<td style=\"background-color: #c9f2e9; text-align: center;\"><span style=\"font-family: Calibri;\">Bouc Bel Air ou Cabri\u00e8s-Calas<\/span><\/td>\n<\/tr>\n<\/tbody>\n<\/table>\n<p><span style=\"color: #000000; font-family: Calibri; font-size: 12pt;\"><span style=\"font-family: Calibri;\"><img loading=\"lazy\" decoding=\"async\" class=\"size-medium wp-image-20090 alignleft\" src=\"https:\/\/uparbois.org\/wp-content\/uploads\/2025\/10\/Sec-Catho-2025-300x225.jpg\" alt=\"\" width=\"300\" height=\"225\" srcset=\"https:\/\/uparbois.org\/wp-content\/uploads\/2025\/10\/Sec-Catho-2025-300x225.jpg 300w, https:\/\/uparbois.org\/wp-content\/uploads\/2025\/10\/Sec-Catho-2025.jpg 760w\" sizes=\"(max-width: 300px) 100vw, 300px\" \/><\/span><\/span><\/p>\n<p><strong>L\u2019\u00e9quipe UPArbois r\u00e9unit une quinzaine de b\u00e9n\u00e9voles et se mobilise sur Bouc-Bel-Air et Cabri\u00e8s-Calas.<\/strong><\/p>\n<p><strong>Notre mission est d\u2019accueillir les personnes en situation pr\u00e9caire, de pourvoir aux secours d\u2019urgence financi\u00e8re ou mat\u00e9rielle\u00a0: factures, vestiaire, ch\u00e8ques services alimentaires<\/strong>.<\/p>\n<p><strong>Nous avons le souci d\u2019\u00e9coute, de respect et de dignit\u00e9 de la personne, visant son autonomie.<\/strong><\/p>\n<ul>\n<li>Soutien de personnes en difficult\u00e9s, vestiaire et ch\u00e8ques services alimentaires<\/li>\n<li>Rompre la solitude\u00a0: caf\u00e9 accueil, galette des rois, go\u00fbter gourmand de P\u00e2ques<\/li>\n<li>Interventions aupr\u00e8s de familles ROM, migrants et r\u00e9fugi\u00e9s\u00a0; alphab\u00e9tisation<\/li>\n<li>R\u00e9ception du linge pour redistribuer en secours. Comme les dons sont \u00e9normes, nous organisons des \u00ab\u00a0Vide-local\u00a0\u00bb afin de financer nos actions.<\/li>\n<li>Organisation d\u2019\u00e9v\u00e9nements de sensibilisation et soutien\u00a0: conf\u00e9rence, th\u00e9\u00e2tre\u2026<\/li>\n<li>Confection de colis de No\u00ebl<\/li>\n<li>Pr\u00e9sence sur les march\u00e9s de No\u00ebl<\/li>\n<\/ul>\n<p><strong>Accueil et permanences<\/strong><\/p>\n<p><img loading=\"lazy\" decoding=\"async\" class=\"wp-image-20092 alignleft\" src=\"https:\/\/uparbois.org\/wp-content\/uploads\/2025\/10\/Pause-cafe-SCat-213x300.jpg\" alt=\"\" width=\"127\" height=\"179\" srcset=\"https:\/\/uparbois.org\/wp-content\/uploads\/2025\/10\/Pause-cafe-SCat-213x300.jpg 213w, https:\/\/uparbois.org\/wp-content\/uploads\/2025\/10\/Pause-cafe-SCat.jpg 409w\" sizes=\"(max-width: 127px) 100vw, 127px\" \/><br \/>\nLundi 16h-18h,<\/p>\n<p>Mercredi 14h-16h,<\/p>\n<p>Jeudi 8h30-10h30 &#8211;<\/p>\n<p>Domaine de La Salle Rue Honor\u00e9 Daumier &#8211; 13320 Bouc-Bel-Air<\/p>\n<hr \/>\n<p><span style=\"color: #ff0000; font-family: Calibri; font-size: 12pt;\"><b><img loading=\"lazy\" decoding=\"async\" class=\" wp-image-8801 alignleft\" src=\"https:\/\/uparbois.org\/wp-content\/uploads\/2014\/07\/IMG_5806w-288x300.jpg\" alt=\"\" width=\"189\" height=\"197\" srcset=\"https:\/\/uparbois.org\/wp-content\/uploads\/2014\/07\/IMG_5806w-288x300.jpg 288w, https:\/\/uparbois.org\/wp-content\/uploads\/2014\/07\/IMG_5806w.jpg 298w\" sizes=\"(max-width: 189px) 100vw, 189px\" \/> <span style=\"text-decoration: underline;\">FOYER ST-RAPHA\u00cbL CABRI\u00c8S-CALAS<\/span><br \/>\n<\/b><\/span><\/p>\n<p><span style=\"font-family: Calibri; font-size: 12pt;\"><strong>En soutien d&rsquo;actions caritatives et des projets de la Paroisse<\/strong>, le Foyer Saint Rapha\u00ebl propose des activit\u00e9s tr\u00e8s diverses :<\/span><\/p>\n<p><span style=\"font-family: Calibri; font-size: 12pt;\">&#8211; 3\u00a0 <strong>BRADERIES<\/strong>\u00a0 <strong>V\u00eatements, Brocante, Livres<\/strong> : <strong><span style=\"color: #008000;\">Printemps<\/span><\/strong> : Lundi de P\u00e2ques &#8211;\u00a0<span style=\"color: #ff0000;\"><strong> \u00c9t\u00e9<\/strong><\/span> : 15 Ao\u00fbt\u00a0 &#8211; \u00a0\u00a0 <span style=\"color: #ff6600;\"><strong>Automne<\/strong><\/span> : Octobre (vendredi et samedi) <\/span><\/p>\n<p><span style=\"font-family: Calibri; font-size: 12pt;\">\u00a0Les b\u00e9n\u00e9voles de l\u2019association Foyer Saint Rapha\u00ebl trient les articles qui leur ont \u00e9t\u00e9 donn\u00e9s et vous les proposent \u00e0 petits prix.<\/span><\/p>\n<p><span style=\"font-family: Calibri; font-size: 12pt;\"><span style=\"color: #ff0000; font-family: Calibri; font-size: 12pt;\"><b><span style=\"color: #000000; background-color: #ffff00;\"><em>La Prochaine Braderie 2024 se tiendra les 11 et 12 octobre 2024 sur le parvis de la salle Garavaque \u00e0 CALAS (13480 CABRI\u00c8S)<\/em><\/span><\/b><\/span><b><br \/>\n<\/b><\/span><\/p>\n<p><span style=\"font-family: Calibri; font-size: 12pt;\"><b> <\/b><a href=\"https:\/\/uparbois.org\/wp-content\/uploads\/2024\/07\/AfficheBraderie-2024-10.jpg\" target=\"_blank\" rel=\"noopener\"><strong><em>Voir l&rsquo;affiche \u00a0<\/em>\u00a0<\/strong> <\/a><\/span><\/p>\n<p><span style=\"font-family: Calibri; font-size: 12pt; color: #000000;\"><em>Vous voulez faire de bonnes affaires : Un rendez-vous \u00e0 ne pas manquer &#8230;Renseignements 06 85 64 15 85<\/em><\/span><\/p>\n<p><span style=\"color: #ff0000; font-family: Calibri; font-size: 12pt;\"><b><a href=\"https:\/\/uparbois.org\/wp-content\/uploads\/2014\/07\/Bani\u00e8re-St-Raf.jpg\"><img loading=\"lazy\" decoding=\"async\" class=\"alignleft wp-image-2626 size-full\" src=\"https:\/\/uparbois.org\/wp-content\/uploads\/2014\/07\/Bani\u00e8re-St-Raf.jpg\" alt=\"Bani\u00e8re St Raf\" width=\"153\" height=\"222\" \/><\/a><\/b><\/span>&#8211; <span style=\"font-family: Calibri; font-size: 12pt;\">Spectacles \u00ab\u00a0La Pastorale\u00a0\u00bb et \u00ab\u00a0Com\u00e9die marseillaise\u00a0\u00bb mis en sc\u00e8ne avec talent par des com\u00e9diens amateurs, membres de la communaut\u00e9 paroissiale,<\/span><\/p>\n<p><span style=\"font-family: Calibri; font-size: 12pt;\">&#8211; Soir\u00e9e Chants et Guitares,<br \/>\n<\/span><\/p>\n<p><span style=\"font-family: Calibri; font-size: 12pt;\">&#8211; Concerts de Musique Gospel ou Chants du monde, <\/span><\/p>\n<p><span style=\"font-family: Calibri; font-size: 12pt;\">&#8211; Conf\u00e9rences sur des sujets divers, Projection du film \u00ab\u00a0Demain\u00a0\u00bb, etc..<\/span><\/p>\n<p><span style=\"font-family: Calibri; font-size: 12pt;\">&#8211; Collecte de jouets pendant le March\u00e9 de No\u00ebl de Cabri\u00e8s-Calas, au profit d&rsquo;associations caritatives.<br \/>\n<\/span><\/p>\n<p><span style=\"font-family: Calibri; font-size: 12pt;\">Contact : Mireille VAN DEN BRANDE, t\u00e9l\u00a0:<\/span><span style=\"color: #ff0000; font-family: Calibri; font-size: 12pt;\"><b>\u00a0<\/b><\/span><span style=\"font-family: Calibri; font-size: 12pt;\">\u00a0 06 85 64 15 85 &#8211; <em>04 42 69 21 73 (r\u00e9pondeur)<\/em><br \/>\n<\/span><\/p>\n<p><span style=\"font-size: 12pt;\"><span style=\"font-family: Calibri; font-size: 12pt;\">Le Foyer St Rapha\u00ebl g\u00e8re \u00e9galement une <strong>BIBLIOTH\u00c8QUE ouverte \u00e0 tous.<\/strong><\/span><\/span><\/p>\n<p><span style=\"font-size: 12pt;\"><strong><span style=\"color: #ff0000;\"><img loading=\"lazy\" decoding=\"async\" class=\" wp-image-1949 alignleft\" src=\"https:\/\/uparbois.org\/wp-content\/uploads\/2014\/07\/LouiseCPR-268x300.jpg\" alt=\"\" width=\"188\" height=\"210\" srcset=\"https:\/\/uparbois.org\/wp-content\/uploads\/2014\/07\/LouiseCPR-268x300.jpg 268w, https:\/\/uparbois.org\/wp-content\/uploads\/2014\/07\/LouiseCPR-917x1024.jpg 917w, https:\/\/uparbois.org\/wp-content\/uploads\/2014\/07\/LouiseCPR.jpg 960w\" sizes=\"(max-width: 188px) 100vw, 188px\" \/>Biblioth\u00e8que Saint Rapha\u00ebl<\/span><\/strong><\/span> &#8211; Avenue de Provence\u00a0 \u00e0\u00a0 Calas &#8211;<\/p>\n<p><a href=\"http:\/\/www.biblio-st-raphael.fr\" target=\"_blank\" rel=\"noopener\">http:\/\/www.biblio-st-raphael.fr<\/a> &#8211; Plus de 30.000 ouvrages disponibles &#8211;<\/p>\n<p><span style=\"font-size: 12pt;\">La Biblioth\u00e8que est ouverte : &#8211; Le mardi de 16h \u00e0 19h\u00a0 &#8211;\u00a0 Le mercredi, le jeudi et le samedi de 9h15 \u00e0 12h15 &#8211; Elle est ferm\u00e9e les jours de f\u00eate &#8211; Facilit\u00e9 de parking devant et derri\u00e8re le b\u00e2timent.<\/span><\/p>\n<p>Contact Biblioth\u00e8que\u00a0 : <strong>04 42 69 25 41<\/strong><\/p>\n<hr \/>\n<p><img loading=\"lazy\" decoding=\"async\" class=\"size-medium wp-image-2791 alignleft\" src=\"https:\/\/uparbois.org\/wp-content\/uploads\/2014\/07\/logo_pasto-_sante-300x119.jpg\" alt=\"\" width=\"300\" height=\"119\" srcset=\"https:\/\/uparbois.org\/wp-content\/uploads\/2014\/07\/logo_pasto-_sante-300x119.jpg 300w, https:\/\/uparbois.org\/wp-content\/uploads\/2014\/07\/logo_pasto-_sante.jpg 448w\" sizes=\"(max-width: 300px) 100vw, 300px\" \/><span style=\"color: #0000ff;\"><b>\u00a0\u00a0 <span style=\"color: #ff0000; text-decoration: underline;\">PASTORALE DE LA SANT\u00c9<\/span><\/b><\/span><\/p>\n<p><span style=\"color: #008080;\"><b>Visites aux malades<\/b><\/span><\/p>\n<p>Pour tous renseignements ou demande de visite ou de sacrement contacter les accueils paroissiaux :<\/p>\n<table style=\"height: 55px;\" width=\"60%\">\n<tbody>\n<tr>\n<td style=\"border-color: #66e4e8;\">Paroisse<\/td>\n<td style=\"border-color: #66e4e8;\"><strong>Bouc Bel air<\/strong><\/td>\n<td style=\"border-color: #66e4e8;\"><strong>Cabri\u00e8s-Calas<\/strong><\/td>\n<\/tr>\n<tr>\n<td style=\"border-color: #66e4e8;\">Accueil Secr\u00e9tariat<\/td>\n<td style=\"border-color: #66e4e8;\">04 42 22 09 34<\/td>\n<td style=\"border-color: #66e4e8;\">04 42 69 06 34<\/td>\n<\/tr>\n<tr>\n<td style=\"border-color: #66e4e8;\">Responsable locale<\/td>\n<td style=\"border-color: #66e4e8; text-align: left;\" colspan=\"2\"><strong>\u00a0\u00a0\u00a0\u00a0\u00a0\u00a0\u00a0\u00a0\u00a0\u00a0\u00a0\u00a0\u00a0\u00a0\u00a0\u00a0\u00a0\u00a0\u00a0\u00a0\u00a0\u00a0\u00a0\u00a0\u00a0\u00a0\u00a0\u00a0\u00a0\u00a0\u00a0\u00a0\u00a0\u00a0\u00a0\u00a0\u00a0\u00a0\u00a0\u00a0\u00a0\u00a0\u00a0\u00a0\u00a0\u00a0\u00a0\u00a0\u00a0\u00a0\u00a0\u00a0\u00a0\u00a0\u00a0\u00a0\u00a0\u00a0\u00a0\u00a0\u00a0\u00a0\u00a0\u00a0\u00a0\u00a0\u00a0\u00a0\u00a0\u00a0\u00a0\u00a0\u00a0\u00a0\u00a0\u00a0\u00a0\u00a0 Anne DONN\u00c9<\/strong><\/td>\n<\/tr>\n<\/tbody>\n<\/table>\n<p><img loading=\"lazy\" decoding=\"async\" class=\"size-medium wp-image-10424 alignleft\" src=\"https:\/\/uparbois.org\/wp-content\/uploads\/2018\/06\/SEM-2018-06-300x184.jpg\" alt=\"\" width=\"300\" height=\"184\" srcset=\"https:\/\/uparbois.org\/wp-content\/uploads\/2018\/06\/SEM-2018-06-300x184.jpg 300w, https:\/\/uparbois.org\/wp-content\/uploads\/2018\/06\/SEM-2018-06-768x471.jpg 768w, https:\/\/uparbois.org\/wp-content\/uploads\/2018\/06\/SEM-2018-06-1024x628.jpg 1024w, https:\/\/uparbois.org\/wp-content\/uploads\/2018\/06\/SEM-2018-06.jpg 1253w\" sizes=\"(max-width: 300px) 100vw, 300px\" \/><\/p>\n<p><span style=\"background-color: #ffcc99;\"><strong>Pr\u00e9sences dans les \u00e9tablissements de sant\u00e9 et de personnes \u00e2g\u00e9es<\/strong><\/span><\/p>\n<p><span style=\"text-decoration: underline;\"><strong>Bouc Bel Air :<\/strong><\/span><br \/>\n&#8211; La Ch\u00eanaie : Visites les mardis apr\u00e8s-midi + Temps de pri\u00e8re le mercredi \u00e0 11h<br \/>\n&#8211; La Malle : Temps de pri\u00e8re tous les vendredis apr\u00e8s-midi de 14h \u00e0 15h + 4 messes des vendredis apr\u00e8s-midi, pour Toussaint, No\u00ebl, P\u00e2ques, Pentec\u00f4te.<br \/>\n&#8211; Pour La Lauranne et St Christophe, s\u2019adresser au secr\u00e9tariat, t\u00e9l : 04 42 22 09 34<\/p>\n<p><span style=\"text-decoration: underline;\"><strong>Cabri\u00e8s-Calas :<\/strong><\/span><\/p>\n<p>&#8211; L&rsquo;Occitanie \u00e0 Calas : Temps de pri\u00e8re chaque semaine &#8211;\u00a0 Pendant les temps de No\u00ebl et de P\u00e2ques, des messes seront c\u00e9l\u00e9br\u00e9es \u00e0 la maison de retraite l&rsquo;Occitanie durant la semaine qui pr\u00e9c\u00e8de ces dates de f\u00eates.<\/p>\n<p>Prendre contact avec Anne Donn\u00e9 06 16 80 76 23<\/p>\n<p><span style=\"background-color: #ccffcc;\"><strong>Visites \u00e0 domicile<\/strong><\/span><br \/>\n&#8211; Pour les visites \u00e0 domicile sur Bouc Bel Air, s\u2019adresser au secr\u00e9tariat, t\u00e9l : 04 42 22 09 34<br \/>\n&#8211; Pour les visites \u00e0 domicile sur Cabri\u00e8s et Calas, s\u2019adresser au presbyt\u00e8re de Calas : 04 42 69 06 34<\/p>\n<p><span style=\"background-color: #ff99cc;\"><strong>Communion<\/strong><\/span><br \/>\nToute personne malade ou fatigu\u00e9e, d\u00e9sireuse de recevoir la communion et qui n\u2019est pas en mesure de se d\u00e9placer, peut se faire conna\u00eetre aux secr\u00e9tariats des presbyt\u00e8res.<\/p>\n<p><a href=\"https:\/\/uparbois.org\/wp-content\/uploads\/2018\/11\/communion_malade.jpg\"><img loading=\"lazy\" decoding=\"async\" class=\"wp-image-11246 size-full alignleft\" src=\"https:\/\/uparbois.org\/wp-content\/uploads\/2018\/11\/communion_malade.jpg\" alt=\"\" width=\"246\" height=\"261\" \/><\/a><\/p>\n<p><span style=\"background-color: #ccffff;\"><strong>Sacrement des malades<\/strong><\/span><br \/>\nCe sacrement est propos\u00e9 aux malades ou aux personnes \u00e2g\u00e9es pour les r\u00e9conforter dans leur \u00e9preuve. Il peut \u00eatre re\u00e7u individuellement ou dans le cadre d\u2019une messe pr\u00e9par\u00e9e par l\u2019\u00e9quipe de la Pastorale de la Sant\u00e9. S\u2019adresser aux secr\u00e9tariats des presbyt\u00e8res.<\/p>\n<hr \/>\n<p><span style=\"text-decoration: underline;\"><span style=\"color: #ff0000;\"><strong>T\u00c9MOIGNAGES ET ACTIONS<\/strong><\/span><\/span><\/p>\n<p><strong>RAFFIERKRO, l&rsquo;engagement du Docteur Gilbert Raffier et de Mija\u00a0 au service de l&rsquo;Afrique\u00a0 <\/strong><a href=\"https:\/\/uparbois.org\/wp-content\/uploads\/2014\/07\/RAFFIER.pdf\" target=\"_blank\" rel=\"noopener\"><em>Lire l&rsquo;article de Mija Raffier<\/em><\/a><\/p>\n","protected":false},"excerpt":{"rendered":"<p>CCFD: Sans se substituer aux int\u00e9ress\u00e9s, le Comit\u00e9 Catholique contre la Faim Dans le monde apporte sur le terrain son soutien \u00e0 des groupements et associations locales, ses partenaires, qui assument la totale responsabilit\u00e9 des projets : lutte contre la malnutrition, en faveur de la paix afin de redonner espoir aux populations exploit\u00e9es et marginalis\u00e9es. [&hellip;]<\/p>\n","protected":false},"author":2,"featured_media":0,"parent":0,"menu_order":10,"comment_status":"closed","ping_status":"closed","template":"","meta":{"ocean_post_layout":"","ocean_both_sidebars_style":"","ocean_both_sidebars_content_width":0,"ocean_both_sidebars_sidebars_width":0,"ocean_sidebar":"0","ocean_second_sidebar":"0","ocean_disable_margins":"enable","ocean_add_body_class":"","ocean_shortcode_before_top_bar":"","ocean_shortcode_after_top_bar":"","ocean_shortcode_before_header":"","ocean_shortcode_after_header":"","ocean_has_shortcode":"","ocean_shortcode_after_title":"","ocean_shortcode_before_footer_widgets":"","ocean_shortcode_after_footer_widgets":"","ocean_shortcode_before_footer_bottom":"","ocean_shortcode_after_footer_bottom":"","ocean_display_top_bar":"default","ocean_display_header":"default","ocean_header_style":"","ocean_center_header_left_menu":"0","ocean_custom_header_template":"0","ocean_custom_logo":0,"ocean_custom_retina_logo":0,"ocean_custom_logo_max_width":0,"ocean_custom_logo_tablet_max_width":0,"ocean_custom_logo_mobile_max_width":0,"ocean_custom_logo_max_height":0,"ocean_custom_logo_tablet_max_height":0,"ocean_custom_logo_mobile_max_height":0,"ocean_header_custom_menu":"0","ocean_menu_typo_font_family":"0","ocean_menu_typo_font_subset":"","ocean_menu_typo_font_size":0,"ocean_menu_typo_font_size_tablet":0,"ocean_menu_typo_font_size_mobile":0,"ocean_menu_typo_font_size_unit":"px","ocean_menu_typo_font_weight":"","ocean_menu_typo_font_weight_tablet":"","ocean_menu_typo_font_weight_mobile":"","ocean_menu_typo_transform":"","ocean_menu_typo_transform_tablet":"","ocean_menu_typo_transform_mobile":"","ocean_menu_typo_line_height":0,"ocean_menu_typo_line_height_tablet":0,"ocean_menu_typo_line_height_mobile":0,"ocean_menu_typo_line_height_unit":"","ocean_menu_typo_spacing":0,"ocean_menu_typo_spacing_tablet":0,"ocean_menu_typo_spacing_mobile":0,"ocean_menu_typo_spacing_unit":"","ocean_menu_link_color":"","ocean_menu_link_color_hover":"","ocean_menu_link_color_active":"","ocean_menu_link_background":"","ocean_menu_link_hover_background":"","ocean_menu_link_active_background":"","ocean_menu_social_links_bg":"","ocean_menu_social_hover_links_bg":"","ocean_menu_social_links_color":"","ocean_menu_social_hover_links_color":"","ocean_disable_title":"default","ocean_disable_heading":"default","ocean_post_title":"","ocean_post_subheading":"","ocean_post_title_style":"","ocean_post_title_background_color":"","ocean_post_title_background":0,"ocean_post_title_bg_image_position":"","ocean_post_title_bg_image_attachment":"","ocean_post_title_bg_image_repeat":"","ocean_post_title_bg_image_size":"","ocean_post_title_height":0,"ocean_post_title_bg_overlay":0.5,"ocean_post_title_bg_overlay_color":"","ocean_disable_breadcrumbs":"default","ocean_breadcrumbs_color":"","ocean_breadcrumbs_separator_color":"","ocean_breadcrumbs_links_color":"","ocean_breadcrumbs_links_hover_color":"","ocean_display_footer_widgets":"default","ocean_display_footer_bottom":"default","ocean_custom_footer_template":"0","footnotes":""},"_links":{"self":[{"href":"https:\/\/uparbois.org\/index.php?rest_route=\/wp\/v2\/pages\/1640"}],"collection":[{"href":"https:\/\/uparbois.org\/index.php?rest_route=\/wp\/v2\/pages"}],"about":[{"href":"https:\/\/uparbois.org\/index.php?rest_route=\/wp\/v2\/types\/page"}],"author":[{"embeddable":true,"href":"https:\/\/uparbois.org\/index.php?rest_route=\/wp\/v2\/users\/2"}],"replies":[{"embeddable":true,"href":"https:\/\/uparbois.org\/index.php?rest_route=%2Fwp%2Fv2%2Fcomments&post=1640"}],"version-history":[{"count":251,"href":"https:\/\/uparbois.org\/index.php?rest_route=\/wp\/v2\/pages\/1640\/revisions"}],"predecessor-version":[{"id":20093,"href":"https:\/\/uparbois.org\/index.php?rest_route=\/wp\/v2\/pages\/1640\/revisions\/20093"}],"wp:attachment":[{"href":"https:\/\/uparbois.org\/index.php?rest_route=%2Fwp%2Fv2%2Fmedia&parent=1640"}],"curies":[{"name":"wp","href":"https:\/\/api.w.org\/{rel}","templated":true}]}}