{"id":1638,"date":"2014-07-24T17:40:44","date_gmt":"2014-07-24T15:40:44","guid":{"rendered":"http:\/\/localhost\/wordpress\/?page_id=1638"},"modified":"2024-09-15T17:44:56","modified_gmt":"2024-09-15T16:44:56","slug":"le-bapteme","status":"publish","type":"page","link":"https:\/\/uparbois.org\/?page_id=1638","title":{"rendered":"Le Bapt\u00eame"},"content":{"rendered":"<h4>\u00a0<\/h4>\n<h2 style=\"text-align: center;\"><span style=\"color: #0000ff;\"><strong>Le BAPT\u00caME est le sacrement <\/strong><\/span><\/h2>\n<h2 style=\"text-align: center;\"><span style=\"color: #0000ff;\"><strong>d&rsquo; ENTR\u00c9E DANS L&rsquo;\u00c9GLISE<\/strong><\/span><\/h2>\n<hr \/>\n<p><span style=\"text-decoration: underline;\"><span style=\"font-family: Calibri; font-size: 12pt;\"><b><img loading=\"lazy\" decoding=\"async\" class=\"size-medium wp-image-8297 alignleft\" src=\"https:\/\/uparbois.org\/wp-content\/uploads\/2016\/03\/Bapt\u00eame2-1-300x202.jpg\" alt=\"\" width=\"300\" height=\"202\" srcset=\"https:\/\/uparbois.org\/wp-content\/uploads\/2016\/03\/Bapt\u00eame2-1-300x202.jpg 300w, https:\/\/uparbois.org\/wp-content\/uploads\/2016\/03\/Bapt\u00eame2-1-768x518.jpg 768w, https:\/\/uparbois.org\/wp-content\/uploads\/2016\/03\/Bapt\u00eame2-1-1024x690.jpg 1024w, https:\/\/uparbois.org\/wp-content\/uploads\/2016\/03\/Bapt\u00eame2-1.jpg 1279w\" sizes=\"(max-width: 300px) 100vw, 300px\" \/><\/b><\/span><strong><span style=\"color: #ff00ff; text-decoration: underline;\">Pour<\/span><span style=\"color: #ff00ff; text-decoration: underline;\"> les NOUVEAUX-N\u00c9S <br \/><\/span><\/strong><\/span><\/p>\n<p>Il est pr\u00e9f\u00e9rable de c\u00e9l\u00e9brer le bapt\u00eame avant l\u2019\u00e2ge de <span style=\"color: #ff00ff;\"><strong>2<\/strong> <strong>ans<\/strong><\/span>.<\/p>\n<p>La demande se fait <span style=\"color: #ff00ff;\">6 mois<\/span> \u00e0 l\u2019avance aupr\u00e8s du secr\u00e9tariat de la paroisse. Apr\u00e8s avoir retenu une date est alors propos\u00e9e une pr\u00e9paration pour approfondir la foi, r\u00e9fl\u00e9chir sur le sens de ce sacrement et prendre conscience du r\u00f4le des parrains et marraines. Cela se fait au cours de <span style=\"color: #ff00ff;\">2 soir\u00e9es<\/span> de pr\u00e9paration.<\/p>\n<p><strong>Une premi\u00e8re rencontre\u00a0 avec le p\u00e8re Luc Marie LALANNE. <\/strong>Cette r\u00e9union a lieu \u00e0<strong> <span style=\"color: #ff00ff;\">Bouc Bel Air, en soir\u00e9e, un mardi \u00e0 20h30<\/span>.<\/strong> Il nous invite \u00e0 une r\u00e9flexion sur ce qu\u2019est le bapt\u00eame pour nous, chr\u00e9tiens.<\/p>\n<p>Une seconde rencontre, avec des la\u00efcs, membres de l\u2019\u00e9quipe de pr\u00e9paration au bapt\u00eame. Cette session se d\u00e9roule soit \u00e0 Bouc-Bel-Air, soit \u00e0 Calas et ce lieu d\u00e9pend, pour vous, de l\u2019\u00e9glise o\u00f9 se d\u00e9roulera le bapt\u00eame de votre enfant. Elle est centr\u00e9e sur la c\u00e9l\u00e9bration et comment la pr\u00e9parer. Elle a \u00e9galement lieu en soir\u00e9e \u00e0 20h30. Chacune de ces sessions dure environ 1h30, et est v\u00e9cue en groupe.<\/p>\n<p>Vous pouvez maintenant, soit remplir le dossier de <strong><a href=\"https:\/\/public.enoria.app\/pubinsc\/gp\/7bc74fb3de44cc5\/open\" target=\"_blank\" rel=\"noopener\">demande de bapt\u00eame EN LIGNE<\/a> <\/strong>(la date que vous proposez devra \u00eatre pr\u00e9alablement valid\u00e9e par le secr\u00e9tariat)<\/p>\n<p>\u00a0soit contacter le secr\u00e9tariat par t\u00e9l\u00e9phone au 04 42 22 09 34 ou par mail : <a href=\"mailto:uparbois@gmail.com\" target=\"_blank\" rel=\"noopener\">uparbois@gmail.com<\/a>,<\/p>\n<p>ou encore\u00a0 vous rendre directement aux secr\u00e9tariats aux heures d\u2019ouverture.<\/p>\n<hr \/>\n<h4><span style=\"text-decoration: underline; color: #ff6600;\"><strong><img loading=\"lazy\" decoding=\"async\" class=\"size-medium wp-image-8647 alignleft\" src=\"https:\/\/uparbois.org\/wp-content\/uploads\/2014\/07\/scolaire-300x198.png\" alt=\"\" width=\"300\" height=\"198\" srcset=\"https:\/\/uparbois.org\/wp-content\/uploads\/2014\/07\/scolaire-300x198.png 300w, https:\/\/uparbois.org\/wp-content\/uploads\/2014\/07\/scolaire-768x506.png 768w, https:\/\/uparbois.org\/wp-content\/uploads\/2014\/07\/scolaire-1024x674.png 1024w, https:\/\/uparbois.org\/wp-content\/uploads\/2014\/07\/scolaire.png 1160w\" sizes=\"(max-width: 300px) 100vw, 300px\" \/><\/strong><\/span><\/h4>\n<h4>\u00a0<\/h4>\n<h4><span style=\"text-decoration: underline; color: #ff6600;\">Pour<strong> les ENFANTS ET LES JEUNES <\/strong><\/span><\/h4>\n<h4><span style=\"text-decoration: underline; color: #ff6600;\"><strong>EN \u00c2GE SCOLAIRE<br \/><\/strong><\/span><\/h4>\n<p><strong><span style=\"color: #008000;\">S&rsquo;ils le demandent, <\/span><\/strong><span style=\"color: #008000;\">les enfants cat\u00e9chis\u00e9s ou les jeunes en aum\u00f4nerie pourront recevoir le bapt\u00eame au bout de<\/span>\u00a0 <span style=\"color: #ff6600;\"><strong>2 ans<\/strong> de pr\u00e9paration<\/span><\/p>\n<h4><span style=\"color: #008000;\"><span style=\"font-family: Calibri; font-size: 12pt;\">Contact pour le Primaire : <br \/><\/span><\/span><\/h4>\n<h3><span style=\"color: #008000;\"><span style=\"font-family: Calibri; font-size: 12pt;\">Contact pour l&rsquo; Aum\u00f4nerie : <br \/><\/span><\/span><\/h3>\n<hr \/>\n<h4><span style=\"color: #008000;\">\u00a0<span style=\"text-decoration: underline;\"><strong>Pour les ADULTES EN CAT\u00c9CHUM\u00c9NAT <br \/><\/strong><\/span><\/span><\/h4>\n<h4>\u00a0<\/h4>\n<p><span style=\"color: #0000ff;\">Notre communaut\u00e9 paroissiale pr\u00e9pare de fa\u00e7on personnalis\u00e9e les adultes candidats au bapt\u00eame !<\/span><\/p>\n<p><span style=\"color: #0000ff;\">Vous vous interrogez&#8230;? <\/span><span style=\"color: #0000ff;\">N&rsquo;h\u00e9sitez pas \u00e0 nous contacter et nous rencontrer&#8230; en contactant l&rsquo;accueil des paroisses : <\/span><\/p>\n<p><span style=\"color: #0000ff;\">Bouc Bel Air : 04 42 22 09 34\u00a0 &#8211;\u00a0 Cabri\u00e8s Calas : 04 42 69 06 34<\/span><\/p>\n<h5><span style=\"font-family: Calibri;\">\u00a0<\/span><\/h5>\n<hr \/>\n<h4><span style=\"color: #008000;\">\u00a0<strong>Pour les PARRAINS ET MARRAINES<br \/><\/strong><\/span><\/h4>\n<p>Vous avez \u00e9t\u00e9 choisi(e) comme parrain ou marraine. Les parents vous ont fait un honneur tout particulier en ayant confiance en vous, confiance dans votre capacit\u00e9 \u00e0 accompagner cet enfant toute sa vie, confiance dans des qualit\u00e9s humaines qu\u2019ils appr\u00e9cient chez vous. Vous avez \u00e9t\u00e9 heureux de leur dire \u00ab\u00a0oui\u00a0\u00bb certainement.<\/p>\n<p>\u00catre parrain et marraine, c\u2019est accepter la mission spirituelle du bapt\u00eame\u00a0: \u00e9veiller l\u2019enfant \u00e0 ce qu\u2019il va recevoir dans cette c\u00e9l\u00e9bration, l\u2019Amour de Dieu.<\/p>\n<p>Vous ne savez pas tout de Dieu, personne ne sait tout, mais votre engagement c\u2019est d\u2019\u00eatre avec votre filleul-e un chercheur\u00a0: \u00ab\u00a0<em>Nous allons d\u00e9couvrir ensemble qui est Dieu, quel est ce bapt\u00eame que tu as re\u00e7u, le beau visage de J\u00e9sus, l\u2019\u00c9glise<\/em>\u00a0\u00bb.<\/p>\n<p>Voil\u00e0 ce que vous pourrez lui dire quand il pourra comprendre. C\u2019est en tout cas ce que l\u2019\u00c9glise et les parents vous invitent \u00e0 vivre<\/p>\n<p>Des ouvrages tr\u00e8s clairs sont disponibles dans les librairies chr\u00e9tiennes. <a href=\"https:\/\/uparbois.org\/wp-content\/uploads\/2019\/03\/R\u00e9f\u00e9rences-livres-Parrains-Marraines-Bapt\u00eame.pdf\" target=\"_blank\" rel=\"noopener\">Vous trouverez ci-joint quelques r\u00e9f\u00e9rences pour vous aider<\/a>, sachant que bien d\u2019autres ouvrages pourraient vous \u00eatre conseill\u00e9s. N&rsquo;h\u00e9sitez-pas \u00e0 nous contacter (<a href=\"mailto:uparbois@gmail.com\" target=\"_blank\" rel=\"noopener\">uparbois@gmail.com<\/a>)<\/p>\n<p>Sachez en tout cas que vous n\u2019\u00eates pas seul(e), la communaut\u00e9 chr\u00e9tienne la plus proche est \u00e0 vos c\u00f4t\u00e9s et Dieu vous donne dans cette mission de parrainage toute sa force et son Amour.<\/p>\n<p>Que le Seigneur vous b\u00e9nisse ainsi que tous les v\u00f4tres\u00a0!<\/p>\n<p>P\u00e8re Luc Marie Lalanne<\/p>\n\n","protected":false},"excerpt":{"rendered":"<p>\u00a0 Le BAPT\u00caME est le sacrement d&rsquo; ENTR\u00c9E DANS L&rsquo;\u00c9GLISE Pour les NOUVEAUX-N\u00c9S Il est pr\u00e9f\u00e9rable de c\u00e9l\u00e9brer le bapt\u00eame avant l\u2019\u00e2ge de 2 ans. La demande se fait 6 mois \u00e0 l\u2019avance aupr\u00e8s du secr\u00e9tariat de la paroisse. Apr\u00e8s avoir retenu une date est alors propos\u00e9e une pr\u00e9paration pour approfondir la foi, r\u00e9fl\u00e9chir sur [&hellip;]<\/p>\n","protected":false},"author":2,"featured_media":0,"parent":0,"menu_order":9,"comment_status":"closed","ping_status":"closed","template":"","meta":{"ocean_post_layout":"","ocean_both_sidebars_style":"","ocean_both_sidebars_content_width":0,"ocean_both_sidebars_sidebars_width":0,"ocean_sidebar":"0","ocean_second_sidebar":"0","ocean_disable_margins":"enable","ocean_add_body_class":"","ocean_shortcode_before_top_bar":"","ocean_shortcode_after_top_bar":"","ocean_shortcode_before_header":"","ocean_shortcode_after_header":"","ocean_has_shortcode":"","ocean_shortcode_after_title":"","ocean_shortcode_before_footer_widgets":"","ocean_shortcode_after_footer_widgets":"","ocean_shortcode_before_footer_bottom":"","ocean_shortcode_after_footer_bottom":"","ocean_display_top_bar":"default","ocean_display_header":"default","ocean_header_style":"","ocean_center_header_left_menu":"0","ocean_custom_header_template":"0","ocean_custom_logo":0,"ocean_custom_retina_logo":0,"ocean_custom_logo_max_width":0,"ocean_custom_logo_tablet_max_width":0,"ocean_custom_logo_mobile_max_width":0,"ocean_custom_logo_max_height":0,"ocean_custom_logo_tablet_max_height":0,"ocean_custom_logo_mobile_max_height":0,"ocean_header_custom_menu":"0","ocean_menu_typo_font_family":"0","ocean_menu_typo_font_subset":"","ocean_menu_typo_font_size":0,"ocean_menu_typo_font_size_tablet":0,"ocean_menu_typo_font_size_mobile":0,"ocean_menu_typo_font_size_unit":"px","ocean_menu_typo_font_weight":"","ocean_menu_typo_font_weight_tablet":"","ocean_menu_typo_font_weight_mobile":"","ocean_menu_typo_transform":"","ocean_menu_typo_transform_tablet":"","ocean_menu_typo_transform_mobile":"","ocean_menu_typo_line_height":0,"ocean_menu_typo_line_height_tablet":0,"ocean_menu_typo_line_height_mobile":0,"ocean_menu_typo_line_height_unit":"","ocean_menu_typo_spacing":0,"ocean_menu_typo_spacing_tablet":0,"ocean_menu_typo_spacing_mobile":0,"ocean_menu_typo_spacing_unit":"","ocean_menu_link_color":"","ocean_menu_link_color_hover":"","ocean_menu_link_color_active":"","ocean_menu_link_background":"","ocean_menu_link_hover_background":"","ocean_menu_link_active_background":"","ocean_menu_social_links_bg":"","ocean_menu_social_hover_links_bg":"","ocean_menu_social_links_color":"","ocean_menu_social_hover_links_color":"","ocean_disable_title":"default","ocean_disable_heading":"default","ocean_post_title":"","ocean_post_subheading":"","ocean_post_title_style":"","ocean_post_title_background_color":"","ocean_post_title_background":0,"ocean_post_title_bg_image_position":"","ocean_post_title_bg_image_attachment":"","ocean_post_title_bg_image_repeat":"","ocean_post_title_bg_image_size":"","ocean_post_title_height":0,"ocean_post_title_bg_overlay":0.5,"ocean_post_title_bg_overlay_color":"","ocean_disable_breadcrumbs":"default","ocean_breadcrumbs_color":"","ocean_breadcrumbs_separator_color":"","ocean_breadcrumbs_links_color":"","ocean_breadcrumbs_links_hover_color":"","ocean_display_footer_widgets":"default","ocean_display_footer_bottom":"default","ocean_custom_footer_template":"0","footnotes":""},"_links":{"self":[{"href":"https:\/\/uparbois.org\/index.php?rest_route=\/wp\/v2\/pages\/1638"}],"collection":[{"href":"https:\/\/uparbois.org\/index.php?rest_route=\/wp\/v2\/pages"}],"about":[{"href":"https:\/\/uparbois.org\/index.php?rest_route=\/wp\/v2\/types\/page"}],"author":[{"embeddable":true,"href":"https:\/\/uparbois.org\/index.php?rest_route=\/wp\/v2\/users\/2"}],"replies":[{"embeddable":true,"href":"https:\/\/uparbois.org\/index.php?rest_route=%2Fwp%2Fv2%2Fcomments&post=1638"}],"version-history":[{"count":90,"href":"https:\/\/uparbois.org\/index.php?rest_route=\/wp\/v2\/pages\/1638\/revisions"}],"predecessor-version":[{"id":19240,"href":"https:\/\/uparbois.org\/index.php?rest_route=\/wp\/v2\/pages\/1638\/revisions\/19240"}],"wp:attachment":[{"href":"https:\/\/uparbois.org\/index.php?rest_route=%2Fwp%2Fv2%2Fmedia&parent=1638"}],"curies":[{"name":"wp","href":"https:\/\/api.w.org\/{rel}","templated":true}]}}