{"id":1633,"date":"2014-07-24T17:33:42","date_gmt":"2014-07-24T15:33:42","guid":{"rendered":"http:\/\/localhost\/wordpress\/?page_id=1633"},"modified":"2024-09-15T17:47:48","modified_gmt":"2024-09-15T16:47:48","slug":"la-famille","status":"publish","type":"page","link":"https:\/\/uparbois.org\/?page_id=1633","title":{"rendered":"La Famille"},"content":{"rendered":"<p><span style=\"font-family: Calibri; color: #008000;\"><b><img loading=\"lazy\" decoding=\"async\" class=\"alignleft wp-image-8716 size-medium\" src=\"https:\/\/uparbois.org\/wp-content\/uploads\/2014\/07\/Chapelle-212x300.jpg\" alt=\"\" width=\"212\" height=\"300\" srcset=\"https:\/\/uparbois.org\/wp-content\/uploads\/2014\/07\/Chapelle-212x300.jpg 212w, https:\/\/uparbois.org\/wp-content\/uploads\/2014\/07\/Chapelle-768x1086.jpg 768w, https:\/\/uparbois.org\/wp-content\/uploads\/2014\/07\/Chapelle-724x1024.jpg 724w, https:\/\/uparbois.org\/wp-content\/uploads\/2014\/07\/Chapelle.jpg 1240w\" sizes=\"(max-width: 212px) 100vw, 212px\" \/><img loading=\"lazy\" decoding=\"async\" class=\"alignleft wp-image-8860 size-medium\" src=\"https:\/\/uparbois.org\/wp-content\/uploads\/2014\/07\/Chapelle-enfants-219x300.png\" alt=\"\" width=\"219\" height=\"300\" srcset=\"https:\/\/uparbois.org\/wp-content\/uploads\/2014\/07\/Chapelle-enfants-219x300.png 219w, https:\/\/uparbois.org\/wp-content\/uploads\/2014\/07\/Chapelle-enfants.png 558w\" sizes=\"(max-width: 219px) 100vw, 219px\" \/>\u00a0\u00a0\u00a0 <span style=\"text-decoration: underline;\"><span style=\"font-size: 12pt;\">SP\u00c9CIAL ACCUEIL ENFANTS :<\/span><\/span>\u00a0<\/b><\/span><\/p>\n<ul>\n<li><span style=\"font-family: Calibri; font-size: 12pt;\">A Bouc Bel Air, pendant la messe du dimanche \u00e0 11h, les jeunes enfants sont accueillis dans la salle du Presbyt\u00e8re. La c\u00e9l\u00e9bration y est retransmise en direct sur \u00e9cran t\u00e9l\u00e9. Un \u00c9veil \u00e0 la foi est propos\u00e9 chaque 2\u00e8me dimanche du mois. <\/span><\/li>\n<li><span style=\"font-family: Calibri; font-size: 12pt;\">A Calas, \u00a0\u00bb <a href=\"https:\/\/photos.google.com\/share\/AF1QipOjkjBOiyC0bvNre1Wn9K-Fqgq3KJewe0MmWZ2fWSoq9VoFz-gIfrMQ5SRNpr_O8Q?key=d3V1cnRoeVZGQUxIRTJaV3l6TW1rRjVReEJBelF3\" target=\"_blank\" rel=\"noopener\">La chapelle des enfants<\/a>\u00ab\u00a0, \u00e0 l&rsquo;int\u00e9rieur de l&rsquo;\u00e9glise,\u00a0 a \u00e9t\u00e9 am\u00e9nag\u00e9e pour accueillir\u00a0 les enfants. Un \u00c9veil \u00e0 la Foi leur est propos\u00e9 depuis la rentr\u00e9e de septembre.<\/span><\/li>\n<\/ul>\n<h4><\/h4>\n<hr \/>\n<table style=\"border-collapse: collapse; width: 100%; height: 168px;\" border=\"1\">\n<tbody>\n<tr style=\"height: 21px; background-color: #73f0a3;\">\n<td style=\"width: 25%; height: 21px;\"><em><strong>Groupe<\/strong><\/em><\/td>\n<td style=\"width: 25%; height: 21px;\"><em><strong>Quand \/ O\u00f9 :<\/strong><\/em><\/td>\n<td style=\"width: 25%; height: 21px;\"><em><strong>Les propositions :<\/strong><\/em><\/td>\n<td style=\"width: 25%; height: 21px;\"><em><strong>Qui contacter<\/strong><\/em><\/td>\n<\/tr>\n<tr style=\"height: 22px; background-color: #aae3f2;\">\n<td style=\"width: 25%; height: 22px;\"><span style=\"color: #0000ff;\"><strong><em>AFC Chantiers \u00c9ducation<\/em><\/strong><\/span><\/td>\n<td style=\"width: 25%; height: 22px;\"><span style=\"color: #0000ff;\">Une fois par p\u00e9riode scolaire<\/span><\/td>\n<td style=\"width: 25%; height: 22px;\"><span style=\"color: #0000ff;\">Il s\u2019agit d\u2019un groupe de partages entre parents sur des sujets \u00e9ducatifs (ex\u00a0: la jalousie dans la fratrie, comment g\u00e9rer les conflits, la frustration, quelle autonomie pour mon ado, \u00eatre m\u00e8re et rester soi-m\u00eame, g\u00e9rer le rush en fin de journ\u00e9e, etc\u2026)<\/span><\/td>\n<td style=\"width: 25%; height: 22px;\"><span style=\"color: #0000ff;\">Camille Huber<\/span><span style=\"color: #0000ff;\">(07 68 71 63 67)<\/span><\/td>\n<\/tr>\n<tr style=\"height: 22px; background-color: #f7e6e6;\">\n<td style=\"width: 25%; height: 22px;\"><span style=\"color: #993300;\"><strong><em>Amoris Laetitia<\/em><\/strong><\/span><\/td>\n<td style=\"width: 25%; height: 22px;\"><span style=\"color: #993300;\">Une fois par p\u00e9riode scolaire<\/span><\/td>\n<td style=\"width: 25%; height: 22px;\"><span style=\"color: #993300;\">Plusieurs \u00e9quipes de 4 ou 5 couples se retrouvent autour d\u2019un repas pour approfondir un aspect particulier de la vie conjugale et familiale, \u00e0 la lumi\u00e8re de l\u2019enseignement de l\u2019\u00c9glise et de l\u2019\u00c9vangile (ex\u00a0: qu\u2019est-ce qu\u2019\u00eatre chr\u00e9tien\u00a0? comment \u00eatre diff\u00e9rent dans un monde de la consommation et de l\u2019apparence\u00a0? l\u2019\u00e9coute dans le couple, la souffrance dans la famille, la gratitude, le pardon&#8230;)<\/span><\/td>\n<td style=\"width: 25%; height: 22px;\"><span style=\"color: #993300;\">Alice Burdeyron<\/span><span style=\"color: #993300;\">(06 61 46 13 76)<\/span><\/td>\n<\/tr>\n<tr style=\"height: 22px; background-color: #aae3f2;\">\n<td style=\"width: 25%; height: 22px;\"><span style=\"color: #0000ff;\"><strong><em>Pri\u00e8re des enfants \u00e0<\/em><\/strong><\/span><span style=\"color: #0000ff;\"><strong><em>Notre Dame de la Salette<\/em><\/strong><\/span><\/td>\n<td style=\"width: 25%; height: 22px;\"><span style=\"color: #0000ff;\">Une fois par p\u00e9riode scolaire \u00e0 17h<\/span><\/td>\n<td style=\"width: 25%; height: 22px;\"><span style=\"color: #0000ff;\">L\u2019\u00e9cole est finie\u00a0! Les familles se rassemblent autour de la chapelle pour un go\u00fbter, un temps de pri\u00e8re et de partage joyeux et convivial avec les enfants. En fonction du temps liturgique, des th\u00e8mes sont propos\u00e9s\u00a0: <strong>louange avec Marie<\/strong>, plantation de lavandes apr\u00e8s les vacances de la Toussaint, lumi\u00e8re de Bethl\u00e9em, Mardi gras, chemin de Croix le Vendredi Saint\u2026<\/span><\/td>\n<td style=\"width: 25%; height: 22px;\"><span style=\"color: #0000ff;\">Alice Burdeyron<\/span><span style=\"color: #0000ff;\">(06 61 46 13 76)<\/span><span style=\"color: #0000ff;\">et Nathalie Vesy<\/span><\/td>\n<\/tr>\n<tr style=\"height: 22px; background-color: #f7e6e6;\">\n<td style=\"width: 25%; height: 22px;\"><span style=\"color: #993300;\"><strong><em>Pri\u00e8re des M\u00e8res<\/em><\/strong> <em><strong>Bba<\/strong><\/em><\/span><\/td>\n<td style=\"width: 25%; height: 22px;\"><span style=\"color: #993300;\">Le mercredi \u00e0 20h30 en p\u00e9riode scolaire<\/span><\/td>\n<td style=\"width: 25%; height: 22px;\"><span style=\"color: #993300;\">Le groupe se r\u00e9unit environ une heure par semaine pour prier en suivant le livret de la Pri\u00e8re des M\u00e8res, chanter et partager la parole de Dieu. Temps de silence et pri\u00e8res personnelles ou collectives permettent de confier nos familles ou celles de proches&#8230; Temps de pause et d\u2019int\u00e9riorit\u00e9 pour rendre gr\u00e2ces ou confier sa pri\u00e8re dans un climat respectueux et bienveillant.<\/span><\/td>\n<td style=\"width: 25%; height: 22px;\"><span style=\"color: #993300;\">Elvire Arrighi de Casanova<\/span><span style=\"color: #993300;\">(06 81 94 13 03)<\/span><\/td>\n<\/tr>\n<tr style=\"height: 37px; background-color: #aae3f2;\">\n<td style=\"width: 25%; height: 37px;\"><span style=\"color: #0000ff;\"><strong><em>Pri\u00e8re des M\u00e8res Calas<br \/>\n<\/em><\/strong><\/span><\/td>\n<td style=\"width: 25%; height: 37px;\"><span style=\"color: #0000ff;\"><em>Groupe \u00e0 r\u00e9activer<br \/>\n<\/em><\/span><\/td>\n<td style=\"width: 25%; height: 37px;\"><\/td>\n<td style=\"width: 25%; height: 37px;\"><span style=\"color: #0000ff;\">Claire Gorioux<\/span><span style=\"color: #0000ff;\">(06 64 97 78 27)<\/span><\/td>\n<\/tr>\n<\/tbody>\n<\/table>\n<hr \/>\n<p><strong><img loading=\"lazy\" decoding=\"async\" class=\"size-medium wp-image-8868 alignleft\" src=\"https:\/\/uparbois.org\/wp-content\/uploads\/2014\/07\/Retrait\u00e9s-Calque-1-300x151.png\" alt=\"\" width=\"300\" height=\"151\" srcset=\"https:\/\/uparbois.org\/wp-content\/uploads\/2014\/07\/Retrait\u00e9s-Calque-1-300x151.png 300w, https:\/\/uparbois.org\/wp-content\/uploads\/2014\/07\/Retrait\u00e9s-Calque-1-768x385.png 768w, https:\/\/uparbois.org\/wp-content\/uploads\/2014\/07\/Retrait\u00e9s-Calque-1.png 897w\" sizes=\"(max-width: 300px) 100vw, 300px\" \/>Mouvement Chr\u00e9tien des Retrait\u00e9s<\/strong><\/p>\n<p>De toutes cat\u00e9gories sociales, de tous \u00e2ges, vivant les m\u00eames difficult\u00e9s et les m\u00eames joies, des retrait\u00e9s cherchant \u00e0 r\u00e9v\u00e9ler la force d&rsquo;amour que Dieu met au c\u0153ur de tout homme, se sont retrouv\u00e9s pour fonder Vie Montante qui donne naissance au Mouvement Chr\u00e9tien des Retrait\u00e9s. Mouvement d&rsquo;\u00c9glise anim\u00e9 par des la\u00efcs, constitu\u00e9 en association loi 1901. Le MCR national est en contact permanent avec les pouvoirs publics et les autres associations de retrait\u00e9s. Il est reconnu par la Conf\u00e9rence des \u00e9v\u00eaques de France. Pr\u00e9sent dans tous les dioc\u00e8ses de France, il est compos\u00e9 d&rsquo;\u00e9quipes locales qui se r\u00e9unissent une fois par mois pour r\u00e9fl\u00e9chir, \u00e9couter, dialoguer, partager leurs joies, leurs peines, leurs questions, donner du sens \u00e0 leur vie \u00e0 la lumi\u00e8re de la Parole de Dieu. Ces rencontres approfondissent notre foi et nous aident \u00e0 vivre plus pleinement ce temps de retraite.<\/p>\n<p>Le MCR propose un th\u00e8me d&rsquo;ann\u00e9e qui aide \u00e0 la r\u00e9flexion et au partage.\u00a0 Aujourd&rsquo;hui en plus des \u00e9quipes traditionnelles et pour r\u00e9pondre aux nouvelles attentes, le MCR propose :<\/p>\n<ul>\n<li>des conf\u00e9rences-d\u00e9bats sur tous les sujets de la vie ;<\/li>\n<li>des voyages avec Vie Montante Internationale, qui permettent de rencontrer des retrait\u00e9s d&rsquo;autres pays ;<\/li>\n<li>des p\u00e8lerinages (les chemins de Compostelle et autres) ;<\/li>\n<li>des espace-temps qui leur permettent d&rsquo;aborder la retraite sereinement.<\/li>\n<\/ul>\n<p>Le MCR reste ouvert \u00e0 toute demande ou proposition des jeunes ou des moins jeunes. Le MCR s&rsquo;associe \u00e0 la r\u00e9flexion avec d&rsquo;autres associations la\u00efques ou confessionnelles ouvertes aux questions europ\u00e9ennes.<\/p>\n<p><strong>\u00ab La Famille \u00bb<\/strong><br \/>\nC\u2019est justement\u00a0 le th\u00e8me que nous nous proposons d\u2019approfondir cette ann\u00e9e.<br \/>\nLe sujet vous int\u00e9resse ?<\/p>\n<p>Venez nous rejoindre. C\u2019est dans une ambiance amicale que nous dialoguons sur des sujets, pour nous chr\u00e9tiens, aussi importants que la Famille.<br \/>\n(chaque 2e jeudi du mois \u00e0 14h30 \u00e0 Bouc).<\/p>\n<p>Contact : Marcel H\u00e9brard &#8211; 04 42 27 98 05<\/p>\n<hr \/>\n<p><img loading=\"lazy\" decoding=\"async\" class=\"size-medium wp-image-8494 alignleft\" src=\"https:\/\/uparbois.org\/wp-content\/uploads\/2014\/07\/couple2-300x169.jpg\" alt=\"\" width=\"300\" height=\"169\" srcset=\"https:\/\/uparbois.org\/wp-content\/uploads\/2014\/07\/couple2-300x169.jpg 300w, https:\/\/uparbois.org\/wp-content\/uploads\/2014\/07\/couple2.jpg 640w\" sizes=\"(max-width: 300px) 100vw, 300px\" \/><\/p>\n<p><span style=\"color: #0000ff;\"><strong>Couples, familles, ce que propose l&rsquo;\u00c9glise, tout au long de la vie&#8230;<\/strong><\/span><\/p>\n<p><a href=\"https:\/\/www.catho-aixarles.fr\/\" target=\"_blank\" rel=\"noopener\"><em>Aller sur le site du Dioc\u00e8se d&rsquo;Aix et Arles<\/em><\/a><\/p>\n<p><em><span style=\"font-family: Calibri;\">\u00a0<\/span><\/em><\/p>\n<p><a href=\"https:\/\/www.catho-aixarles.fr\/seminairesaintluc\/\" target=\"_blank\" rel=\"noopener\">Aller sur le site du S\u00e9minaire St Luc<\/a><\/p>\n<hr \/>\n<p><span style=\"font-family: Calibri;\">\u00a0<\/span><strong><img loading=\"lazy\" decoding=\"async\" class=\"size-medium wp-image-8873 alignleft\" src=\"https:\/\/uparbois.org\/wp-content\/uploads\/2014\/07\/Famille-recompos\u00e9e-Calque-1-300x134.png\" alt=\"\" width=\"300\" height=\"134\" srcset=\"https:\/\/uparbois.org\/wp-content\/uploads\/2014\/07\/Famille-recompos\u00e9e-Calque-1-300x134.png 300w, https:\/\/uparbois.org\/wp-content\/uploads\/2014\/07\/Famille-recompos\u00e9e-Calque-1.png 543w\" sizes=\"(max-width: 300px) 100vw, 300px\" \/>Groupe d\u2019accueil et de partage des personnes ayant v\u00e9cu une s\u00e9paration, un divorce, un remariage<\/strong><\/p>\n<p>Fr\u00e8res et s\u0153urs chr\u00e9tiens qui vivez ou avez v\u00e9cu le d\u00e9chirement de votre couple, ou qui vivez avec un conjoint divorc\u00e9, nous souhaitons vous offrir un accueil vrai, plein de respect : un lieu pour parler, pour aider \u00e0 se reconstruire. Un groupe d\u2019accueil et de partage existe \u00e0 votre intention dans l\u2019Unit\u00e9 Pastorale. N&rsquo;ayez pas peur ! Rejoignez-nous !<\/p>\n<p><a title=\"Accueil Divorc\u00e9s\" href=\"http:\/\/s323197849.onlinehome.fr\/wp-content\/uploads\/2014\/07\/D\u00e9pliant-S\u00e9par\u00e9s-divorc\u00e9s.pdf\" target=\"_blank\" rel=\"noopener\">Lire la lettre d&rsquo;accueil<\/a><\/p>\n<p>Contacts : \u00c9lisabeth et Francis KLEFSTAD, t\u00e9l\u00a0: 04 42 22 48 70<\/p>\n<hr \/>\n<p><span style=\"color: #ff0000;\">\u00a0<b><img loading=\"lazy\" decoding=\"async\" class=\"wp-image-8866 alignleft\" src=\"https:\/\/uparbois.org\/wp-content\/uploads\/2014\/07\/Conseil-Calque-1-300x228.png\" alt=\"\" width=\"220\" height=\"167\" srcset=\"https:\/\/uparbois.org\/wp-content\/uploads\/2014\/07\/Conseil-Calque-1-300x228.png 300w, https:\/\/uparbois.org\/wp-content\/uploads\/2014\/07\/Conseil-Calque-1-768x583.png 768w, https:\/\/uparbois.org\/wp-content\/uploads\/2014\/07\/Conseil-Calque-1.png 770w\" sizes=\"(max-width: 220px) 100vw, 220px\" \/>\u00a0\u00a0\u00a0 <span style=\"text-decoration: underline;\"><span style=\"font-size: 10pt;\">C.L.E.R. Amour et Famille<\/span><\/span><\/b><\/span><\/p>\n<p>Mouvement chr\u00e9tien d\u2019accompagnement et de conseil conjugal.<br \/>\nResponsable de l\u2019\u00e9quipe d\u2019Aix en Provence : Anne LE DUY\u00a0: 04 42 39 92 48<\/p>\n<p><a href=\"https:\/\/www.cler.net\/\" target=\"_blank\" rel=\"noopener\"><em>Aller sur le site du C.L.E.R.<\/em><\/a><\/p>\n<hr \/>\n","protected":false},"excerpt":{"rendered":"<p>\u00a0\u00a0\u00a0 SP\u00c9CIAL ACCUEIL ENFANTS :\u00a0 A Bouc Bel Air, pendant la messe du dimanche \u00e0 11h, les jeunes enfants sont accueillis dans la salle du Presbyt\u00e8re. La c\u00e9l\u00e9bration y est retransmise en direct sur \u00e9cran t\u00e9l\u00e9. Un \u00c9veil \u00e0 la foi est propos\u00e9 chaque 2\u00e8me dimanche du mois. A Calas, \u00a0\u00bb La chapelle des enfants\u00ab\u00a0, [&hellip;]<\/p>\n","protected":false},"author":2,"featured_media":0,"parent":0,"menu_order":8,"comment_status":"closed","ping_status":"closed","template":"","meta":{"ocean_post_layout":"","ocean_both_sidebars_style":"","ocean_both_sidebars_content_width":0,"ocean_both_sidebars_sidebars_width":0,"ocean_sidebar":"0","ocean_second_sidebar":"0","ocean_disable_margins":"enable","ocean_add_body_class":"","ocean_shortcode_before_top_bar":"","ocean_shortcode_after_top_bar":"","ocean_shortcode_before_header":"","ocean_shortcode_after_header":"","ocean_has_shortcode":"","ocean_shortcode_after_title":"","ocean_shortcode_before_footer_widgets":"","ocean_shortcode_after_footer_widgets":"","ocean_shortcode_before_footer_bottom":"","ocean_shortcode_after_footer_bottom":"","ocean_display_top_bar":"default","ocean_display_header":"default","ocean_header_style":"","ocean_center_header_left_menu":"0","ocean_custom_header_template":"0","ocean_custom_logo":0,"ocean_custom_retina_logo":0,"ocean_custom_logo_max_width":0,"ocean_custom_logo_tablet_max_width":0,"ocean_custom_logo_mobile_max_width":0,"ocean_custom_logo_max_height":0,"ocean_custom_logo_tablet_max_height":0,"ocean_custom_logo_mobile_max_height":0,"ocean_header_custom_menu":"0","ocean_menu_typo_font_family":"0","ocean_menu_typo_font_subset":"","ocean_menu_typo_font_size":0,"ocean_menu_typo_font_size_tablet":0,"ocean_menu_typo_font_size_mobile":0,"ocean_menu_typo_font_size_unit":"px","ocean_menu_typo_font_weight":"","ocean_menu_typo_font_weight_tablet":"","ocean_menu_typo_font_weight_mobile":"","ocean_menu_typo_transform":"","ocean_menu_typo_transform_tablet":"","ocean_menu_typo_transform_mobile":"","ocean_menu_typo_line_height":0,"ocean_menu_typo_line_height_tablet":0,"ocean_menu_typo_line_height_mobile":0,"ocean_menu_typo_line_height_unit":"","ocean_menu_typo_spacing":0,"ocean_menu_typo_spacing_tablet":0,"ocean_menu_typo_spacing_mobile":0,"ocean_menu_typo_spacing_unit":"","ocean_menu_link_color":"","ocean_menu_link_color_hover":"","ocean_menu_link_color_active":"","ocean_menu_link_background":"","ocean_menu_link_hover_background":"","ocean_menu_link_active_background":"","ocean_menu_social_links_bg":"","ocean_menu_social_hover_links_bg":"","ocean_menu_social_links_color":"","ocean_menu_social_hover_links_color":"","ocean_disable_title":"default","ocean_disable_heading":"default","ocean_post_title":"","ocean_post_subheading":"","ocean_post_title_style":"","ocean_post_title_background_color":"","ocean_post_title_background":0,"ocean_post_title_bg_image_position":"","ocean_post_title_bg_image_attachment":"","ocean_post_title_bg_image_repeat":"","ocean_post_title_bg_image_size":"","ocean_post_title_height":0,"ocean_post_title_bg_overlay":0.5,"ocean_post_title_bg_overlay_color":"","ocean_disable_breadcrumbs":"default","ocean_breadcrumbs_color":"","ocean_breadcrumbs_separator_color":"","ocean_breadcrumbs_links_color":"","ocean_breadcrumbs_links_hover_color":"","ocean_display_footer_widgets":"default","ocean_display_footer_bottom":"default","ocean_custom_footer_template":"0","footnotes":""},"_links":{"self":[{"href":"https:\/\/uparbois.org\/index.php?rest_route=\/wp\/v2\/pages\/1633"}],"collection":[{"href":"https:\/\/uparbois.org\/index.php?rest_route=\/wp\/v2\/pages"}],"about":[{"href":"https:\/\/uparbois.org\/index.php?rest_route=\/wp\/v2\/types\/page"}],"author":[{"embeddable":true,"href":"https:\/\/uparbois.org\/index.php?rest_route=\/wp\/v2\/users\/2"}],"replies":[{"embeddable":true,"href":"https:\/\/uparbois.org\/index.php?rest_route=%2Fwp%2Fv2%2Fcomments&post=1633"}],"version-history":[{"count":88,"href":"https:\/\/uparbois.org\/index.php?rest_route=\/wp\/v2\/pages\/1633\/revisions"}],"predecessor-version":[{"id":19243,"href":"https:\/\/uparbois.org\/index.php?rest_route=\/wp\/v2\/pages\/1633\/revisions\/19243"}],"wp:attachment":[{"href":"https:\/\/uparbois.org\/index.php?rest_route=%2Fwp%2Fv2%2Fmedia&parent=1633"}],"curies":[{"name":"wp","href":"https:\/\/api.w.org\/{rel}","templated":true}]}}