{"id":1631,"date":"2014-07-24T17:33:21","date_gmt":"2014-07-24T15:33:21","guid":{"rendered":"http:\/\/localhost\/wordpress\/?page_id=1631"},"modified":"2026-04-10T16:18:19","modified_gmt":"2026-04-10T15:18:19","slug":"horaires-des-messes","status":"publish","type":"page","link":"https:\/\/uparbois.org\/?page_id=1631","title":{"rendered":"Voir les horaires des messes"},"content":{"rendered":"\n\n<p style=\"text-align: left;\"><span style=\"color: #ff0000;\"><strong><span style=\"text-decoration: underline; font-size: 18pt; color: #0000ff;\"><img loading=\"lazy\" decoding=\"async\" class=\"wp-image-2506 alignright\" src=\"https:\/\/uparbois.org\/wp-content\/uploads\/2014\/07\/Vitrail-178x300.jpg\" alt=\"\" width=\"117\" height=\"197\" srcset=\"https:\/\/uparbois.org\/wp-content\/uploads\/2014\/07\/Vitrail-178x300.jpg 178w, https:\/\/uparbois.org\/wp-content\/uploads\/2014\/07\/Vitrail-608x1024.jpg 608w, https:\/\/uparbois.org\/wp-content\/uploads\/2014\/07\/Vitrail.jpg 943w\" sizes=\"(max-width: 117px) 100vw, 117px\" \/><\/span><span style=\"text-decoration: underline;\"><span style=\"background-color: #ffffff; color: #0000ff; text-decoration: underline;\">Les messes dominicales<\/span><\/span><\/strong><\/span><\/p>\n<p style=\"text-align: left;\"><strong><em><span style=\"color: #0000ff;\"><a href=\"https:\/\/uparbois.org\/wp-content\/uploads\/2026\/04\/Agenda-2-Gazette-avril-2026.pdf\" target=\"_blank\" rel=\"noopener\">Voir les horaires du mois en cours<\/a>\u00a0 \u00a0 \u00a0 \u00a0 \u00a0 \u00a0 \u00a0 \u00a0 \u00a0 \u00a0 \u00a0 \u00a0 \u00a0 \u00a0 \u00a0 \u00a0 \u00a0 \u00a0 <\/span><\/em><\/strong><\/p>\n<p><span style=\"color: #0000ff;\">\u00a0Nous vous accueillerons avec joie les<\/span><\/p>\n<ul>\n<li><span style=\"color: #0000ff;\">SAMEDI \u00e0 <span style=\"color: #ff6600;\"><strong>18h 30<\/strong><\/span> \u00e0 CALAS &#8211; <span style=\"color: #ff6600;\"><strong>(Passage \u00e0 l&rsquo;<\/strong><strong>horaire d&rsquo;\u00e9t\u00e9\u00a0 depuis le 29\/03\/2026)<\/strong><\/span><\/span><\/li>\n<li><span style=\"color: #0000ff;\">DIMANCHE \u00e0 10h 30 \u00e0 BOUC BEL AIR<\/span><\/li>\n<\/ul>\n<p><span style=\"color: #0000ff;\">&#8211; Voir les horaires d&rsquo;accueil des secr\u00e9tariats de<\/span><\/p>\n<p><strong><span style=\"color: #0000ff;\"><a href=\"https:\/\/uparbois.org\/?page_id=1542\" target=\"_blank\" rel=\"noopener\"> Bouc Bel Air<\/a> et <a href=\"https:\/\/uparbois.org\/?page_id=1546\" target=\"_blank\" rel=\"noopener\">Cabri\u00e8s-Calas<\/a><\/span><\/strong><\/p>\n<hr \/>\n<h6><a href=\"https:\/\/uparbois.org\/wp-content\/uploads\/2025\/06\/calendrier-scolaire-2025-2026-119770.pdf\" target=\"_blank\" rel=\"noopener\"><em>\u00a0Les vacances scolaires 2025-2026<\/em><\/a><\/h6>\n<p><a href=\"https:\/\/uparbois.org\/wp-content\/uploads\/2025\/01\/Calendrier-liturgique2025.pdf\" target=\"_blank\" rel=\"noopener\"><strong><em>Le calendrier de l&rsquo;ann\u00e9e liturgique (ann\u00e9e C)<\/em><\/strong><\/a><\/p>\n<hr \/>\n<p><span style=\"text-decoration: underline;\"><span style=\"font-size: 10pt;\"><strong><span style=\"color: #0000ff; text-decoration: underline;\">La communion des malades<\/span><\/strong><\/span><\/span> :<\/p>\n<p><span style=\"color: #0000ff;\"><em>Prendre contact avec les secr\u00e9tariats\u00a0 <\/em><\/span><span style=\"color: #0000ff;\">(Bouc Bel Air : 04 42 22 09 34\u00a0 &#8211;\u00a0 Cabri\u00e8s-Calas : 04 42 69 06 34)<\/span><\/p>\n<hr \/>\n<p><span style=\"text-decoration: underline; color: #0000ff; font-size: 10pt;\"><strong>Les messes de semaine : <br \/><\/strong><\/span><\/p>\n<p>Le P\u00e8re Luc Marie propose d&rsquo;autres messes de semaine, en fonction de ses disponibilit\u00e9s. Pour en recevoir l&rsquo;information, <a href=\"https:\/\/public.enoria.app\/pubinsc\/gp\/52e8039cef43d7b\/open\" target=\"_blank\" rel=\"noopener\">cliquez sur ce lien<\/a><\/p>\n<table class=\"aligncenter\" style=\"height: 165px; width: 92.5188%; border-collapse: collapse; border-color: #86ebe7;\" border=\"1\">\n<tbody>\n<tr style=\"height: 22px;\">\n<td style=\"width: 20%; height: 22px; background-color: #b4f1fa;\"><span style=\"color: #0000ff;\"><strong>MARDI<\/strong><\/span><\/td>\n<td style=\"width: 10%; height: 22px; background-color: #b4f1fa;\"><span style=\"color: #0000ff;\"><strong>09:00<\/strong><\/span><\/td>\n<td style=\"width: 173.957%; height: 22px; background-color: #b4f1fa;\"><span style=\"color: #0000ff;\"><strong>BOUC BEL AIR<br \/><\/strong><\/span><\/td>\n<\/tr>\n<tr style=\"height: 12px;\">\n<td style=\"width: 20%; height: 12px;\"><span style=\"color: #0000ff;\"><strong>\u00a0<\/strong><\/span><\/td>\n<td style=\"width: 10%; height: 12px;\"><span style=\"color: #0000ff;\"><strong>\u00a0<\/strong><\/span><\/td>\n<td style=\"width: 173.957%; height: 12px;\"><span style=\"color: #0000ff;\"><strong>\u00a0<\/strong><\/span><\/td>\n<\/tr>\n<tr style=\"height: 18px;\">\n<td style=\"width: 20%; height: 18px; background-color: #b4f1fa;\"><span style=\"color: #0000ff;\"><strong>JEUDI<br \/><\/strong><\/span><\/td>\n<td style=\"width: 10%; height: 18px; background-color: #b4f1fa;\"><span style=\"color: #0000ff;\"><strong>09:00<br \/><\/strong><\/span><\/td>\n<td style=\"width: 173.957%; height: 18px; background-color: #b4f1fa;\"><span style=\"color: #0000ff;\"><strong>CALAS<br \/><\/strong><\/span><\/td>\n<\/tr>\n<tr style=\"background-color: #f7f2f2;\">\n<td style=\"width: 20%; background-color: #f5f7f7; height: 18px;\"><span style=\"color: #0000ff;\"><strong>\u00a0<\/strong><\/span><\/td>\n<td style=\"width: 10%; background-color: #f5f7f7; height: 18px;\"><span style=\"color: #0000ff;\"><strong>\u00a0<\/strong><\/span><\/td>\n<td style=\"width: 173.957%; background-color: #f5f7f7; height: 18px;\"><span style=\"color: #0000ff;\"><strong>\u00a0<\/strong><\/span><\/td>\n<\/tr>\n<tr style=\"height: 18px;\">\n<td style=\"width: 20%; background-color: #b4f1fa; height: 18px;\"><span style=\"color: #0000ff;\"><strong>VENDREDI<br \/><\/strong><\/span><\/td>\n<td style=\"width: 10%; background-color: #b4f1fa; height: 18px;\"><span style=\"color: #0000ff;\"><strong>19:00<\/strong><\/span><\/td>\n<td style=\"width: 173.957%; background-color: #b4f1fa; height: 18px;\"><span style=\"color: #0000ff;\"><strong>BOUC BEL AIR<br \/><\/strong><\/span><\/td>\n<\/tr>\n<\/tbody>\n<\/table>\n\n\n<p>\u00a0<\/p>\n<hr \/>\n<p><span style=\"color: #0000ff;\"><span style=\"text-decoration: underline;\"><strong>Sacrement de R\u00e9conciliation \/ Confessions :<\/strong><\/span> \u00e0 Bouc Bel air, le vendredi de 18h \u00e0 19h00 et \u00e0 Gardanne le samedi de 9h30 \u00e0 10h30<br \/><\/span><\/p>\n","protected":false},"excerpt":{"rendered":"<p>Les messes dominicales Voir les horaires du mois en cours\u00a0 \u00a0 \u00a0 \u00a0 \u00a0 \u00a0 \u00a0 \u00a0 \u00a0 \u00a0 \u00a0 \u00a0 \u00a0 \u00a0 \u00a0 \u00a0 \u00a0 \u00a0 \u00a0Nous vous accueillerons avec joie les SAMEDI \u00e0 18h 30 \u00e0 CALAS &#8211; (Passage \u00e0 l&rsquo;horaire d&rsquo;\u00e9t\u00e9\u00a0 depuis le 29\/03\/2026) DIMANCHE \u00e0 10h 30 \u00e0 BOUC BEL AIR [&hellip;]<\/p>\n","protected":false},"author":2,"featured_media":0,"parent":1540,"menu_order":1,"comment_status":"closed","ping_status":"closed","template":"","meta":{"ocean_post_layout":"","ocean_both_sidebars_style":"","ocean_both_sidebars_content_width":0,"ocean_both_sidebars_sidebars_width":0,"ocean_sidebar":"0","ocean_second_sidebar":"0","ocean_disable_margins":"enable","ocean_add_body_class":"","ocean_shortcode_before_top_bar":"","ocean_shortcode_after_top_bar":"","ocean_shortcode_before_header":"","ocean_shortcode_after_header":"","ocean_has_shortcode":"","ocean_shortcode_after_title":"","ocean_shortcode_before_footer_widgets":"","ocean_shortcode_after_footer_widgets":"","ocean_shortcode_before_footer_bottom":"","ocean_shortcode_after_footer_bottom":"","ocean_display_top_bar":"default","ocean_display_header":"default","ocean_header_style":"","ocean_center_header_left_menu":"0","ocean_custom_header_template":"0","ocean_custom_logo":0,"ocean_custom_retina_logo":0,"ocean_custom_logo_max_width":0,"ocean_custom_logo_tablet_max_width":0,"ocean_custom_logo_mobile_max_width":0,"ocean_custom_logo_max_height":0,"ocean_custom_logo_tablet_max_height":0,"ocean_custom_logo_mobile_max_height":0,"ocean_header_custom_menu":"0","ocean_menu_typo_font_family":"0","ocean_menu_typo_font_subset":"","ocean_menu_typo_font_size":0,"ocean_menu_typo_font_size_tablet":0,"ocean_menu_typo_font_size_mobile":0,"ocean_menu_typo_font_size_unit":"px","ocean_menu_typo_font_weight":"","ocean_menu_typo_font_weight_tablet":"","ocean_menu_typo_font_weight_mobile":"","ocean_menu_typo_transform":"","ocean_menu_typo_transform_tablet":"","ocean_menu_typo_transform_mobile":"","ocean_menu_typo_line_height":0,"ocean_menu_typo_line_height_tablet":0,"ocean_menu_typo_line_height_mobile":0,"ocean_menu_typo_line_height_unit":"","ocean_menu_typo_spacing":0,"ocean_menu_typo_spacing_tablet":0,"ocean_menu_typo_spacing_mobile":0,"ocean_menu_typo_spacing_unit":"","ocean_menu_link_color":"#022af2","ocean_menu_link_color_hover":"#03a9f4","ocean_menu_link_color_active":"#9cd8f4","ocean_menu_link_background":"","ocean_menu_link_hover_background":"","ocean_menu_link_active_background":"","ocean_menu_social_links_bg":"","ocean_menu_social_hover_links_bg":"","ocean_menu_social_links_color":"","ocean_menu_social_hover_links_color":"","ocean_disable_title":"default","ocean_disable_heading":"default","ocean_post_title":"","ocean_post_subheading":"","ocean_post_title_style":"","ocean_post_title_background_color":"","ocean_post_title_background":0,"ocean_post_title_bg_image_position":"","ocean_post_title_bg_image_attachment":"","ocean_post_title_bg_image_repeat":"","ocean_post_title_bg_image_size":"","ocean_post_title_height":0,"ocean_post_title_bg_overlay":0.5,"ocean_post_title_bg_overlay_color":"","ocean_disable_breadcrumbs":"default","ocean_breadcrumbs_color":"","ocean_breadcrumbs_separator_color":"","ocean_breadcrumbs_links_color":"","ocean_breadcrumbs_links_hover_color":"","ocean_display_footer_widgets":"default","ocean_display_footer_bottom":"default","ocean_custom_footer_template":"0","footnotes":""},"_links":{"self":[{"href":"https:\/\/uparbois.org\/index.php?rest_route=\/wp\/v2\/pages\/1631"}],"collection":[{"href":"https:\/\/uparbois.org\/index.php?rest_route=\/wp\/v2\/pages"}],"about":[{"href":"https:\/\/uparbois.org\/index.php?rest_route=\/wp\/v2\/types\/page"}],"author":[{"embeddable":true,"href":"https:\/\/uparbois.org\/index.php?rest_route=\/wp\/v2\/users\/2"}],"replies":[{"embeddable":true,"href":"https:\/\/uparbois.org\/index.php?rest_route=%2Fwp%2Fv2%2Fcomments&post=1631"}],"version-history":[{"count":685,"href":"https:\/\/uparbois.org\/index.php?rest_route=\/wp\/v2\/pages\/1631\/revisions"}],"predecessor-version":[{"id":20282,"href":"https:\/\/uparbois.org\/index.php?rest_route=\/wp\/v2\/pages\/1631\/revisions\/20282"}],"up":[{"embeddable":true,"href":"https:\/\/uparbois.org\/index.php?rest_route=\/wp\/v2\/pages\/1540"}],"wp:attachment":[{"href":"https:\/\/uparbois.org\/index.php?rest_route=%2Fwp%2Fv2%2Fmedia&parent=1631"}],"curies":[{"name":"wp","href":"https:\/\/api.w.org\/{rel}","templated":true}]}}