{"id":1625,"date":"2014-07-24T17:31:49","date_gmt":"2014-07-24T15:31:49","guid":{"rendered":"http:\/\/localhost\/wordpress\/?page_id=1625"},"modified":"2025-11-04T09:11:07","modified_gmt":"2025-11-04T08:11:07","slug":"aumonerie","status":"publish","type":"page","link":"https:\/\/uparbois.org\/?page_id=1625","title":{"rendered":"Aum\u00f4nerie"},"content":{"rendered":"<p><a href=\"https:\/\/uparbois.org\/wp-content\/uploads\/2021\/07\/P5141701.jpeg\"><img loading=\"lazy\" decoding=\"async\" class=\"size-medium wp-image-15873 alignleft\" src=\"https:\/\/uparbois.org\/wp-content\/uploads\/2021\/07\/P5141701-300x225.jpeg\" alt=\"\" width=\"300\" height=\"225\" srcset=\"https:\/\/uparbois.org\/wp-content\/uploads\/2021\/07\/P5141701-300x225.jpeg 300w, https:\/\/uparbois.org\/wp-content\/uploads\/2021\/07\/P5141701.jpeg 640w\" sizes=\"(max-width: 300px) 100vw, 300px\" \/><\/a><span style=\"font-family: Calibri;\"><span style=\"color: #3366ff; background-color: #ffff00;\">\u2022 <strong>pour les 6\u00e8me et 5\u00e8me<\/strong><\/span><\/span><\/p>\n<p>Ces deux ann\u00e9es permettent au jeune d&rsquo;approfondir la foi de son bapt\u00eame pour l&rsquo;amener \u00e0 la profession de foi en fin de 5\u00e8me.<\/p>\n<p>Ce chemin comprend les messes d&rsquo;aum\u00f4nerie le dimanche matin \u00e0 Bouc Bel Air et des sorties avec des adultes et des lyc\u00e9ens comme animateurs : quatre samedis l\u2019apr\u00e8s-midi de 13h30 \u00e0 18h30 (<em>Notre-Dame de la Garde, St Maximin, Aix en Provence<\/em>\u2026) et quatre samedis matin de 9h45 \u00e0 12h pour une relecture.<\/p>\n<p><a href=\"https:\/\/photos.app.goo.gl\/7rgrbZV7zIhnnPam2\" target=\"_blank\" rel=\"noopener noreferrer\"><em>Voir les photos de la sortie au s\u00e9minaire St Luc<\/em><\/a><\/p>\n<p><a href=\"https:\/\/photos.google.com\/share\/AF1QipOwJr3GyUeSgb5v-7h2oBOHXxeq6fj_h7DPTjGVtn7XtIg_rswhINBLOdNqkwB1Rg?key=bExadWZ0MU0yVGllaXh3VllDM09YbWpHSFVvZFZ3\" target=\"_blank\" rel=\"noopener noreferrer\"><em>Voir les photos de la sortie \u00e0 la Sainte Baume <\/em><\/a><\/p>\n<p style=\"text-align: left;\"><span style=\"color: #ffffff;\">\u221e<\/span><\/p>\n<hr \/>\n<h4 style=\"text-align: left;\"><span style=\"font-family: Calibri;\">\u00a0<a href=\"https:\/\/uparbois.org\/wp-content\/uploads\/2021\/07\/Confirmation-26-juin-Calas-250.jpg\"><img loading=\"lazy\" decoding=\"async\" class=\" wp-image-15871 alignleft\" src=\"https:\/\/uparbois.org\/wp-content\/uploads\/2021\/07\/Confirmation-26-juin-Calas-250-300x200.jpg\" alt=\"\" width=\"360\" height=\"240\" srcset=\"https:\/\/uparbois.org\/wp-content\/uploads\/2021\/07\/Confirmation-26-juin-Calas-250-300x200.jpg 300w, https:\/\/uparbois.org\/wp-content\/uploads\/2021\/07\/Confirmation-26-juin-Calas-250.jpg 640w\" sizes=\"(max-width: 360px) 100vw, 360px\" \/><\/a><span style=\"background-color: #ffcc00; color: #ff0000;\">\u2022 <strong>Pour les 4\u00e8me et 3\u00e8me :<\/strong><\/span><\/span><\/h4>\n<p>Ces deux ann\u00e9es d&rsquo;approfondissement sur l&rsquo;Esprit-Saint conduisent \u00e0 la confirmation, dernier sacrement de l&rsquo;initiation chr\u00e9tienne. \u00a0Les jeunes d&rsquo;une part participent aux messes d&rsquo;aum\u00f4nerie le dimanche matin \u00e0 Bouc Bel Air, et se retrouvent un vendredi soir par mois.<\/p>\n<h6 style=\"text-align: left;\"><span style=\"color: #ffffff;\">\u221e<\/span><\/h6>\n<div id=\"Text2\"><hr \/>\n<h4><a href=\"https:\/\/uparbois.org\/wp-content\/uploads\/2019\/07\/2019-10.jpg\"><img loading=\"lazy\" decoding=\"async\" class=\"alignleft wp-image-12315 size-medium\" src=\"https:\/\/uparbois.org\/wp-content\/uploads\/2019\/07\/2019-10-300x225.jpg\" alt=\"\" width=\"300\" height=\"225\" srcset=\"https:\/\/uparbois.org\/wp-content\/uploads\/2019\/07\/2019-10-300x225.jpg 300w, https:\/\/uparbois.org\/wp-content\/uploads\/2019\/07\/2019-10.jpg 734w\" sizes=\"(max-width: 300px) 100vw, 300px\" \/><\/a><span style=\"font-family: Calibri;\"><span style=\"color: #0000ff; background-color: #ffff00;\">\u2022 <strong>Pour les lyc\u00e9ens<\/strong> : <\/span><br \/><\/span><\/h4>\n<p>L\u2019aum\u00f4nerie des lyc\u00e9ens est ouverte \u00e0 tous les jeunes de 15 \u00e0 18 ans, qu\u2019ils soient scolaris\u00e9s dans des \u00e9tablissements priv\u00e9s ou publics, \u00e0 Luynes, Gardanne, Aix ou ailleurs.<\/p>\n<p>Nous nous retrouvons tous les mois (g\u00e9n\u00e9ralement le samedi soir) pour\u00a0:<\/p>\n<ul>\n<li>\n<p>des soir\u00e9es \u00e0 th\u00e8me,<\/p>\n<\/li>\n<li>\n<p>des c\u00e9l\u00e9brations,<\/p>\n<\/li>\n<li>\n<p>des sorties week-end.<\/p>\n<\/li>\n<\/ul>\n<hr \/>\n<h5 style=\"text-align: center;\"><em>Pour t\u00e9l\u00e9charger les documents, <\/em><\/h5>\n<h5 style=\"text-align: center;\"><em>cliquer sur chaque lien ci-dessous\u00a0<\/em><\/h5>\n<h4 style=\"text-align: center;\"><a href=\"https:\/\/uparbois.org\/wp-content\/uploads\/2025\/06\/Charte-Aumonerie-2025-2026.pdf\" target=\"_blank\" rel=\"noopener\"><strong>\u00a0La Charte de l&rsquo;Aum\u00f4nerie <\/strong><\/a><\/h4>\n<h5 style=\"text-align: center;\"><strong><em>(\u00e0 joindre au dossier d&rsquo;inscription)<\/em><\/strong><\/h5>\n<h4 style=\"text-align: center;\"><a href=\"https:\/\/uparbois.org\/wp-content\/uploads\/2025\/06\/Lettre-de-rentree-Aumonerie-2025-2026.pdf\" target=\"_blank\" rel=\"noopener\">La Lettre de rentr\u00e9e Aum\u00f4nerie 2025 2026<\/a><\/h4>\n<h4 style=\"text-align: center;\"><a href=\"https:\/\/uparbois.org\/wp-content\/uploads\/2025\/11\/Plannig-annuel-general-2025-2026-V-11-25.pdf\" target=\"_blank\" rel=\"noopener\"><strong>Le Planning Aum\u00f4nerie 2025-26<\/strong><\/a><\/h4>\n<h5 style=\"text-align: center;\"><a href=\"https:\/\/uparbois.org\/wp-content\/uploads\/2025\/06\/Vacances-scolaires-2025-2026.png\" target=\"_blank\" rel=\"noopener\"><em>Voir les vacances scolaires 2025-2026<\/em><\/a><\/h5>\n<h1 style=\"text-align: center;\"><a href=\"https:\/\/public.enoria.app\/pubinsc\/gp\/c4b0501783fa9af\/open\" target=\"_blank\" rel=\"noopener\">POUR M&rsquo;INSCRIRE A<\/a><\/h1>\n<h1 style=\"text-align: center;\"><a href=\"https:\/\/public.enoria.app\/pubinsc\/gp\/c4b0501783fa9af\/open\" target=\"_blank\" rel=\"noopener\"> L&rsquo;AUM\u00d4NERIE<\/a><\/h1>\n<h5 style=\"text-align: center;\"><em>\u00a0<\/em><\/h5>\n<h5 style=\"text-align: center;\"><a href=\"https:\/\/uparbois.org\/wp-content\/uploads\/2025\/06\/Vacances-scolaires-2025-2026.png\" target=\"_blank\" rel=\"noopener\">\u00a0<\/a><\/h5>\n<\/div>\n\n","protected":false},"excerpt":{"rendered":"<p>\u2022 pour les 6\u00e8me et 5\u00e8me Ces deux ann\u00e9es permettent au jeune d&rsquo;approfondir la foi de son bapt\u00eame pour l&rsquo;amener \u00e0 la profession de foi en fin de 5\u00e8me. Ce chemin comprend les messes d&rsquo;aum\u00f4nerie le dimanche matin \u00e0 Bouc Bel Air et des sorties avec des adultes et des lyc\u00e9ens comme animateurs : quatre [&hellip;]<\/p>\n","protected":false},"author":2,"featured_media":0,"parent":0,"menu_order":4,"comment_status":"closed","ping_status":"closed","template":"","meta":{"ocean_post_layout":"","ocean_both_sidebars_style":"","ocean_both_sidebars_content_width":0,"ocean_both_sidebars_sidebars_width":0,"ocean_sidebar":"0","ocean_second_sidebar":"0","ocean_disable_margins":"enable","ocean_add_body_class":"","ocean_shortcode_before_top_bar":"","ocean_shortcode_after_top_bar":"","ocean_shortcode_before_header":"","ocean_shortcode_after_header":"","ocean_has_shortcode":"","ocean_shortcode_after_title":"","ocean_shortcode_before_footer_widgets":"","ocean_shortcode_after_footer_widgets":"","ocean_shortcode_before_footer_bottom":"","ocean_shortcode_after_footer_bottom":"","ocean_display_top_bar":"default","ocean_display_header":"default","ocean_header_style":"","ocean_center_header_left_menu":"0","ocean_custom_header_template":"0","ocean_custom_logo":0,"ocean_custom_retina_logo":0,"ocean_custom_logo_max_width":0,"ocean_custom_logo_tablet_max_width":0,"ocean_custom_logo_mobile_max_width":0,"ocean_custom_logo_max_height":0,"ocean_custom_logo_tablet_max_height":0,"ocean_custom_logo_mobile_max_height":0,"ocean_header_custom_menu":"0","ocean_menu_typo_font_family":"0","ocean_menu_typo_font_subset":"","ocean_menu_typo_font_size":0,"ocean_menu_typo_font_size_tablet":0,"ocean_menu_typo_font_size_mobile":0,"ocean_menu_typo_font_size_unit":"px","ocean_menu_typo_font_weight":"","ocean_menu_typo_font_weight_tablet":"","ocean_menu_typo_font_weight_mobile":"","ocean_menu_typo_transform":"","ocean_menu_typo_transform_tablet":"","ocean_menu_typo_transform_mobile":"","ocean_menu_typo_line_height":0,"ocean_menu_typo_line_height_tablet":0,"ocean_menu_typo_line_height_mobile":0,"ocean_menu_typo_line_height_unit":"","ocean_menu_typo_spacing":0,"ocean_menu_typo_spacing_tablet":0,"ocean_menu_typo_spacing_mobile":0,"ocean_menu_typo_spacing_unit":"","ocean_menu_link_color":"","ocean_menu_link_color_hover":"","ocean_menu_link_color_active":"","ocean_menu_link_background":"","ocean_menu_link_hover_background":"","ocean_menu_link_active_background":"","ocean_menu_social_links_bg":"","ocean_menu_social_hover_links_bg":"","ocean_menu_social_links_color":"","ocean_menu_social_hover_links_color":"","ocean_disable_title":"default","ocean_disable_heading":"default","ocean_post_title":"","ocean_post_subheading":"","ocean_post_title_style":"","ocean_post_title_background_color":"","ocean_post_title_background":0,"ocean_post_title_bg_image_position":"","ocean_post_title_bg_image_attachment":"","ocean_post_title_bg_image_repeat":"","ocean_post_title_bg_image_size":"","ocean_post_title_height":0,"ocean_post_title_bg_overlay":0.5,"ocean_post_title_bg_overlay_color":"","ocean_disable_breadcrumbs":"default","ocean_breadcrumbs_color":"","ocean_breadcrumbs_separator_color":"","ocean_breadcrumbs_links_color":"","ocean_breadcrumbs_links_hover_color":"","ocean_display_footer_widgets":"default","ocean_display_footer_bottom":"default","ocean_custom_footer_template":"0","footnotes":""},"_links":{"self":[{"href":"https:\/\/uparbois.org\/index.php?rest_route=\/wp\/v2\/pages\/1625"}],"collection":[{"href":"https:\/\/uparbois.org\/index.php?rest_route=\/wp\/v2\/pages"}],"about":[{"href":"https:\/\/uparbois.org\/index.php?rest_route=\/wp\/v2\/types\/page"}],"author":[{"embeddable":true,"href":"https:\/\/uparbois.org\/index.php?rest_route=\/wp\/v2\/users\/2"}],"replies":[{"embeddable":true,"href":"https:\/\/uparbois.org\/index.php?rest_route=%2Fwp%2Fv2%2Fcomments&post=1625"}],"version-history":[{"count":287,"href":"https:\/\/uparbois.org\/index.php?rest_route=\/wp\/v2\/pages\/1625\/revisions"}],"predecessor-version":[{"id":20129,"href":"https:\/\/uparbois.org\/index.php?rest_route=\/wp\/v2\/pages\/1625\/revisions\/20129"}],"wp:attachment":[{"href":"https:\/\/uparbois.org\/index.php?rest_route=%2Fwp%2Fv2%2Fmedia&parent=1625"}],"curies":[{"name":"wp","href":"https:\/\/api.w.org\/{rel}","templated":true}]}}