{"id":1623,"date":"2014-07-24T17:30:05","date_gmt":"2014-07-24T15:30:05","guid":{"rendered":"http:\/\/localhost\/wordpress\/?page_id=1623"},"modified":"2022-09-10T07:40:19","modified_gmt":"2022-09-10T06:40:19","slug":"les-sacrements-2","status":"publish","type":"page","link":"https:\/\/uparbois.org\/?page_id=1623","title":{"rendered":"Les Sacrements"},"content":{"rendered":"<p style=\"text-align: justify;\"><span style=\"font-family: Calibri; color: #0000ff;\"><em><a href=\"https:\/\/uparbois.org\/wp-content\/uploads\/2014\/07\/Sacrements.jpg\"><img loading=\"lazy\" decoding=\"async\" class=\"aligncenter wp-image-2539 size-medium\" src=\"https:\/\/uparbois.org\/wp-content\/uploads\/2014\/07\/Sacrements-300x96.jpg\" alt=\"Sacrements\" width=\"300\" height=\"96\" srcset=\"https:\/\/uparbois.org\/wp-content\/uploads\/2014\/07\/Sacrements-300x96.jpg 300w, https:\/\/uparbois.org\/wp-content\/uploads\/2014\/07\/Sacrements.jpg 372w\" sizes=\"(max-width: 300px) 100vw, 300px\" \/><\/a>\u00ab Comme \u00eatre social, l\u00b4homme a besoin de signes et de symboles pour communiquer avec autrui, par le langage, par des gestes, par des actions. Il en est de m\u00eame pour sa relation \u00e0 Dieu. \u00bb (Cat\u00e9chisme de l\u00b4\u00c9glise catholique, n\u00b0 1146). <\/em><em>Ainsi les sacrements sont des signes visibles du don gratuit de Dieu (la gr\u00e2ce), qui permettent aux hommes de prendre conscience de la pr\u00e9sence de Dieu au milieu d\u00b4eux. Ce sont des actes d\u2019alliance qui unissent au Christ par l\u2019action de l\u2019Esprit Saint, relient les hommes \u00e0 Dieu et \u00e0 leurs fr\u00e8res par le plus intime d\u2019eux-m\u00eames et incorporent dans l\u2019\u00c9glise.<\/em><\/span><\/p>\n<p><span style=\"font-family: Calibri; color: #0000ff;\"><em>Tout sacrement comporte trois dimensions :<\/em><br \/>\n<a href=\"https:\/\/uparbois.org\/wp-content\/uploads\/2014\/07\/signe.gif\"><img loading=\"lazy\" decoding=\"async\" class=\"alignleft wp-image-2541 size-full\" src=\"https:\/\/uparbois.org\/wp-content\/uploads\/2014\/07\/signe.gif\" alt=\"signe\" width=\"150\" height=\"140\" \/><\/a><span style=\"color: #800000;\"><em>\u2022 un signe, ce que l\u00b4on voit,<\/em><\/span><\/span><\/p>\n<p><span style=\"font-family: Calibri; color: #0000ff;\"><br \/>\n<a href=\"https:\/\/uparbois.org\/wp-content\/uploads\/2014\/07\/Parole.jpg\"><img loading=\"lazy\" decoding=\"async\" class=\"alignleft wp-image-2542 size-thumbnail\" src=\"https:\/\/uparbois.org\/wp-content\/uploads\/2014\/07\/Parole-100x100.jpg\" alt=\"Parole\" width=\"100\" height=\"100\" \/><\/a><span style=\"color: #ff0000;\"><em>\u2022 une parole, ce que l\u00b4on entend,<\/em><\/span><\/span><\/p>\n<p><span style=\"font-family: Calibri; color: #0000ff;\"><a href=\"https:\/\/uparbois.org\/wp-content\/uploads\/2014\/07\/symbole.jpg\"><img loading=\"lazy\" decoding=\"async\" class=\"alignleft wp-image-2543 size-thumbnail\" src=\"https:\/\/uparbois.org\/wp-content\/uploads\/2014\/07\/symbole-100x100.jpg\" alt=\"symbole\" width=\"100\" height=\"100\" \/><\/a><br \/>\n<span style=\"color: #ff00ff;\"><em>\u2022 un symbole, ce que le signe et la parole expriment.<\/em><\/span><\/span><\/p>\n<p style=\"text-align: justify;\"><span style=\"font-family: Calibri;\"><span style=\"color: #0000ff;\"><em>Le concile Vatican II exprime l\u2019action du Christ dans la c\u00e9l\u00e9bration des sacrements : \u00ab Il est l\u00e0 pr\u00e9sent par sa vertu dans les sacrements au point que lorsque quelqu\u2019un baptise, c\u2019est le Christ lui-m\u00eame qui baptise \u00bb (Constitution Sacrosanctum, n\u00b0 7).\u00a0 Ainsi le sacrement est un \u00ab\u00e9v\u00e9nement de salut\u00bb dans lequel le Christ lui-m\u00eame agit et nous rejoint dans des situations particuli\u00e8res de notre vie.<\/em><\/span><br \/>\n<\/span><\/p>\n<p><span style=\"font-family: Calibri;\"><em>En marquant les moments les plus d\u00e9cisifs de la vie humaine, <strong>les sept sacrements<\/strong> manifestent que c\u2019est toute notre existence, dans ses diff\u00e9rentes \u00e9tapes, qui est appel\u00e9e \u00e0 \u00eatre v\u00e9cue avec le Christ :<\/em><br \/>\n<em>\u2022 <span style=\"font-size: 12pt; background-color: #ffff99; color: #ff0000;\"><strong>Initiation Chr\u00e9tienne<\/strong> <\/span>: <span style=\"background-color: #ffff99; color: #ff0000;\"><strong>Bapt\u00eame, Eucharistie et Confirmation<\/strong> <\/span>sont trois \u00e9tapes qui permettent d\u2019entrer dans le myst\u00e8re du Christ mort et ressuscit\u00e9 et de grandir dans la foi.<\/em><br \/>\n<em>\u2022 <span style=\"background-color: #ccffcc; color: #ffffff;\"><strong><span style=\"font-size: 12pt;\"><span style=\"color: #ff0000;\">Gu\u00e9rison<\/span> <\/span><\/strong><\/span>: <span style=\"background-color: #ccffcc; color: #ff0000;\"><strong>R\u00e9conciliation et Onction des malades<\/strong><\/span> ouvrent un chemin d\u2019esp\u00e9rance.<\/em><br \/>\n<em>\u2022 <span style=\"font-size: 12pt; background-color: #ccffff; color: #ff0000;\"><strong>Engagement<\/strong> <\/span>: <span style=\"background-color: #ccffff; color: #ff0000;\"><strong>L\u2019Ordre et le Mariage<\/strong><\/span> consacrent des cheminements de vie baptismale.<\/em><\/span><\/p>\n<p><span style=\"font-family: Calibri;\"><em>Les sacrements sont une force qui permet d\u2019<strong>aimer et de \u00ab porter du fruit \u00bb<\/strong> dans tous nos lieux de vie. Ils communiquent la vie divine, r\u00e9alisant notre vocation de fils du P\u00e8re, fr\u00e8res en J\u00e9sus Christ, anim\u00e9s du souffle du m\u00eame Esprit !<\/em><\/span><\/p>\n<p><span style=\"text-decoration: underline; background-color: #ffff00; color: #ff0000;\"><strong>INITATION CHR\u00c9TIENNE :<br \/>\n<\/strong><\/span><\/p>\n<p><a href=\"https:\/\/uparbois.org\/wp-content\/uploads\/2018\/07\/P5050184.jpg\"><img loading=\"lazy\" decoding=\"async\" class=\"alignleft wp-image-10527 size-medium\" src=\"https:\/\/uparbois.org\/wp-content\/uploads\/2018\/07\/P5050184-300x225.jpg\" alt=\"\" width=\"300\" height=\"225\" srcset=\"https:\/\/uparbois.org\/wp-content\/uploads\/2018\/07\/P5050184-300x225.jpg 300w, https:\/\/uparbois.org\/wp-content\/uploads\/2018\/07\/P5050184-768x576.jpg 768w, https:\/\/uparbois.org\/wp-content\/uploads\/2018\/07\/P5050184.jpg 1024w\" sizes=\"(max-width: 300px) 100vw, 300px\" \/><\/a><\/p>\n<p><span style=\"font-family: Calibri;\"><strong><span style=\"font-size: 12pt;\"><a title=\"Le Bapt\u00e8me\" href=\"http:\/\/s323197849.onlinehome.fr\/famille\/le-bapteme\/\" target=\"_blank\" rel=\"noopener\"><span style=\"background-color: #ffff00; color: #ff0000; font-family: arial black,avant garde;\">Le BAPT\u00caME<\/span><\/a><\/span><\/strong><\/span><a title=\"Le Bapt\u00e8me\" href=\"https:\/\/uparbois.org\/?page_id=1638\" target=\"_blank\" rel=\"noopener\">\u00a0<span style=\"font-size: 8pt; color: #0000ff;\"> <em>cliquer pour aller sur la page<\/em><\/span><\/a><\/p>\n<p><span style=\"font-family: Calibri;\"><span style=\"font-size: 12pt;\"> <b><span style=\"background-color: #ffff00; color: #ff0000; font-family: arial black,avant garde;\">L&rsquo;EUCHARISTIE <\/span>: <\/b><\/span>Ce sacrement est au centre de la vie chr\u00e9tienne.\u00a0 C\u2019est une vraie rencontre avec J\u00e9sus Christ, pain vivant donn\u00e9 pour tous. La premi\u00e8re communion est propos\u00e9e apr\u00e8s un minimum de deux ans de cat\u00e9chisme lorsque l\u2019enfant ou l\u2019adulte se sent pr\u00eat. Les enfants s\u2019y pr\u00e9parent au cours de plusieurs temps forts.<\/span><\/p>\n<p><span style=\"font-family: Calibri;\"><span style=\"font-size: 12pt;\"><b><span style=\"font-family: arial black,avant garde; color: #ff0000; background-color: #ffff00;\">La CONFIRMATION<\/span> : <\/b><\/span>La confirmation, avec les deux sacrements pr\u00e9c\u00e9dents, conf\u00e8re la pl\u00e9nitude du bapt\u00eame. Elle est propos\u00e9e aux jeunes de l\u2019aum\u00f4nerie d\u00e8s la 3e et aux adultes dans le cadre du cat\u00e9chum\u00e9nat.<\/span><\/p>\n<p><span style=\"text-decoration: underline; background-color: #ccffcc;\"><span style=\"color: #ff0000;\"><strong>GU\u00c9RISON :<br \/>\n<\/strong><\/span><\/span><\/p>\n<p><img loading=\"lazy\" decoding=\"async\" class=\"alignleft wp-image-9755 size-medium\" src=\"https:\/\/uparbois.org\/wp-content\/uploads\/2018\/03\/Sacrement-malades-2018-300x227.jpg\" alt=\"\" width=\"300\" height=\"227\" srcset=\"https:\/\/uparbois.org\/wp-content\/uploads\/2018\/03\/Sacrement-malades-2018-300x227.jpg 300w, https:\/\/uparbois.org\/wp-content\/uploads\/2018\/03\/Sacrement-malades-2018-768x580.jpg 768w, https:\/\/uparbois.org\/wp-content\/uploads\/2018\/03\/Sacrement-malades-2018.jpg 917w\" sizes=\"(max-width: 300px) 100vw, 300px\" \/><span style=\"font-family: Calibri;\"><span style=\"font-family: arial black,avant garde; font-size: 12pt; background-color: #ccffcc; color: #ff0000;\">La R\u00c9CONCILIATION <\/span><b>(CONFESSION) : \u00a0\u00a0 <\/b>A tout\u00a0 moment il est possible de renouveler l\u2019alliance avec Dieu et de recevoir son pardon. Ce sacrement est donn\u00e9 par le pr\u00eatre, lors de ses permanences et sur rendez-vous. Des c\u00e9l\u00e9brations p\u00e9nitentielles avec confessions individuelles sont organis\u00e9es avant No\u00ebl et P\u00e2ques.<\/span><\/p>\n<p>Vous pouvez recevoir le Sacrement de R\u00e9conciliation sur rendez-vous ou lors des temps pr\u00e9vus pendant les grandes f\u00eates religieuses.<\/p>\n<p><span style=\"font-family: Calibri; font-size: 12pt;\"><span style=\"font-family: arial black,avant garde; background-color: #ccffcc; color: #ff0000;\">L&rsquo;ONCTION DES MALADES :\u00a0\u00a0<\/span><\/span><span style=\"font-family: Calibri;\">\u00a0 Ce sacrement est propos\u00e9 aux malades ou aux personnes \u00e2g\u00e9es pour les r\u00e9conforter dans leur \u00e9preuve. Il peut \u00eatre re\u00e7u individuellement ou dans le cadre d&rsquo;une messe pr\u00e9par\u00e9e par <a href=\"https:\/\/uparbois.org\/?page_id=1640\" target=\"_blank\" rel=\"noopener\">l&rsquo;\u00e9quipe pastorale de la Sant\u00e9.<\/a><\/span>\u00a0 <a href=\"https:\/\/uparbois.org\/?page_id=1640\" target=\"_blank\" rel=\"noopener\"><em>(en savoir plus)<\/em><\/a><\/p>\n<p><span style=\"text-decoration: underline; color: #ff0000; background-color: #ccffff;\"><strong>ENGAGEMENT :<br \/>\n<\/strong><\/span><\/p>\n<p><img loading=\"lazy\" decoding=\"async\" class=\"alignleft wp-image-9757 size-medium\" src=\"https:\/\/uparbois.org\/wp-content\/uploads\/2018\/03\/Ordination-300x200.jpg\" alt=\"\" width=\"300\" height=\"200\" srcset=\"https:\/\/uparbois.org\/wp-content\/uploads\/2018\/03\/Ordination-300x200.jpg 300w, https:\/\/uparbois.org\/wp-content\/uploads\/2018\/03\/Ordination-768x512.jpg 768w, https:\/\/uparbois.org\/wp-content\/uploads\/2018\/03\/Ordination-1024x683.jpg 1024w, https:\/\/uparbois.org\/wp-content\/uploads\/2018\/03\/Ordination.jpg 1042w\" sizes=\"(max-width: 300px) 100vw, 300px\" \/><span style=\"font-family: Calibri;\"><span style=\"font-family: arial black,avant garde; font-size: 12pt; background-color: #ccffcc; color: #ff0000;\"><span style=\"background-color: #ccffff;\">L&rsquo;ORDINATION :<\/span><\/span><span style=\"font-family: arial black,avant garde; font-size: 8pt; color: #ff0000;\"><span style=\"color: #000000;\">\u00a0\u00a0<\/span><\/span><\/span> <span style=\"font-family: Calibri;\">Les pr\u00eatres sont les signes de la pr\u00e9sence du Christ, ils animent la Communaut\u00e9.<\/span><\/p>\n<p><span style=\"font-family: Calibri;\"> Pour les jeunes qui pensent au sacerdoce, <a href=\"https:\/\/www.catho-aixarles.fr\/seminairesaintluc\/\" target=\"_blank\" rel=\"noopener\"><strong>le s\u00e9minaire Saint Luc<\/strong><\/a> forme les futurs pr\u00eatres.<\/span><\/p>\n<p><a title=\"Le Mariage\" href=\"https:\/\/uparbois.org\/?page_id=1621\" target=\"_blank\" rel=\"noopener\"><span style=\"font-family: Calibri;\"><b><span style=\"color: #ff0000; background-color: #ccffff;\"><span style=\"font-size: 12pt;\"><span style=\"font-family: arial black,avant garde;\">Le MARIAGE<\/span><\/span> :<\/span>\u00a0<\/b><span style=\"font-size: 8pt; color: #0000ff;\"><em>cliquer pour aller sur la page<\/em><\/span><\/span><\/a><\/p>\n<p><span style=\"font-family: Calibri;\"><span style=\"font-family: arial black,avant garde; font-size: 8pt; background-color: #ccffcc; color: #ff0000;\"><span style=\"background-color: #ccffff;\"><br \/>\n<\/span> <\/span><\/span><\/p>\n","protected":false},"excerpt":{"rendered":"<p>\u00ab Comme \u00eatre social, l\u00b4homme a besoin de signes et de symboles pour communiquer avec autrui, par le langage, par des gestes, par des actions. Il en est de m\u00eame pour sa relation \u00e0 Dieu. \u00bb (Cat\u00e9chisme de l\u00b4\u00c9glise catholique, n\u00b0 1146). Ainsi les sacrements sont des signes visibles du don gratuit de Dieu (la [&hellip;]<\/p>\n","protected":false},"author":2,"featured_media":0,"parent":0,"menu_order":1,"comment_status":"closed","ping_status":"closed","template":"","meta":{"ocean_post_layout":"","ocean_both_sidebars_style":"","ocean_both_sidebars_content_width":0,"ocean_both_sidebars_sidebars_width":0,"ocean_sidebar":"0","ocean_second_sidebar":"0","ocean_disable_margins":"enable","ocean_add_body_class":"","ocean_shortcode_before_top_bar":"","ocean_shortcode_after_top_bar":"","ocean_shortcode_before_header":"","ocean_shortcode_after_header":"","ocean_has_shortcode":"","ocean_shortcode_after_title":"","ocean_shortcode_before_footer_widgets":"","ocean_shortcode_after_footer_widgets":"","ocean_shortcode_before_footer_bottom":"","ocean_shortcode_after_footer_bottom":"","ocean_display_top_bar":"default","ocean_display_header":"default","ocean_header_style":"","ocean_center_header_left_menu":"0","ocean_custom_header_template":"0","ocean_custom_logo":0,"ocean_custom_retina_logo":0,"ocean_custom_logo_max_width":0,"ocean_custom_logo_tablet_max_width":0,"ocean_custom_logo_mobile_max_width":0,"ocean_custom_logo_max_height":0,"ocean_custom_logo_tablet_max_height":0,"ocean_custom_logo_mobile_max_height":0,"ocean_header_custom_menu":"0","ocean_menu_typo_font_family":"0","ocean_menu_typo_font_subset":"","ocean_menu_typo_font_size":0,"ocean_menu_typo_font_size_tablet":0,"ocean_menu_typo_font_size_mobile":0,"ocean_menu_typo_font_size_unit":"px","ocean_menu_typo_font_weight":"","ocean_menu_typo_font_weight_tablet":"","ocean_menu_typo_font_weight_mobile":"","ocean_menu_typo_transform":"","ocean_menu_typo_transform_tablet":"","ocean_menu_typo_transform_mobile":"","ocean_menu_typo_line_height":0,"ocean_menu_typo_line_height_tablet":0,"ocean_menu_typo_line_height_mobile":0,"ocean_menu_typo_line_height_unit":"","ocean_menu_typo_spacing":0,"ocean_menu_typo_spacing_tablet":0,"ocean_menu_typo_spacing_mobile":0,"ocean_menu_typo_spacing_unit":"","ocean_menu_link_color":"","ocean_menu_link_color_hover":"","ocean_menu_link_color_active":"","ocean_menu_link_background":"","ocean_menu_link_hover_background":"","ocean_menu_link_active_background":"","ocean_menu_social_links_bg":"","ocean_menu_social_hover_links_bg":"","ocean_menu_social_links_color":"","ocean_menu_social_hover_links_color":"","ocean_disable_title":"default","ocean_disable_heading":"default","ocean_post_title":"","ocean_post_subheading":"","ocean_post_title_style":"","ocean_post_title_background_color":"","ocean_post_title_background":0,"ocean_post_title_bg_image_position":"","ocean_post_title_bg_image_attachment":"","ocean_post_title_bg_image_repeat":"","ocean_post_title_bg_image_size":"","ocean_post_title_height":0,"ocean_post_title_bg_overlay":0.5,"ocean_post_title_bg_overlay_color":"","ocean_disable_breadcrumbs":"default","ocean_breadcrumbs_color":"","ocean_breadcrumbs_separator_color":"","ocean_breadcrumbs_links_color":"","ocean_breadcrumbs_links_hover_color":"","ocean_display_footer_widgets":"default","ocean_display_footer_bottom":"default","ocean_custom_footer_template":"0","footnotes":""},"_links":{"self":[{"href":"https:\/\/uparbois.org\/index.php?rest_route=\/wp\/v2\/pages\/1623"}],"collection":[{"href":"https:\/\/uparbois.org\/index.php?rest_route=\/wp\/v2\/pages"}],"about":[{"href":"https:\/\/uparbois.org\/index.php?rest_route=\/wp\/v2\/types\/page"}],"author":[{"embeddable":true,"href":"https:\/\/uparbois.org\/index.php?rest_route=\/wp\/v2\/users\/2"}],"replies":[{"embeddable":true,"href":"https:\/\/uparbois.org\/index.php?rest_route=%2Fwp%2Fv2%2Fcomments&post=1623"}],"version-history":[{"count":56,"href":"https:\/\/uparbois.org\/index.php?rest_route=\/wp\/v2\/pages\/1623\/revisions"}],"predecessor-version":[{"id":17264,"href":"https:\/\/uparbois.org\/index.php?rest_route=\/wp\/v2\/pages\/1623\/revisions\/17264"}],"wp:attachment":[{"href":"https:\/\/uparbois.org\/index.php?rest_route=%2Fwp%2Fv2%2Fmedia&parent=1623"}],"curies":[{"name":"wp","href":"https:\/\/api.w.org\/{rel}","templated":true}]}}