{"id":1621,"date":"2014-07-24T17:26:28","date_gmt":"2014-07-24T15:26:28","guid":{"rendered":"http:\/\/localhost\/wordpress\/?page_id=1621"},"modified":"2024-09-15T17:39:42","modified_gmt":"2024-09-15T16:39:42","slug":"le-mariage","status":"publish","type":"page","link":"https:\/\/uparbois.org\/?page_id=1621","title":{"rendered":"Le Mariage"},"content":{"rendered":"<p style=\"text-align: left;\"><span style=\"color: #008000;\"><strong><img loading=\"lazy\" decoding=\"async\" class=\"size-full wp-image-8484 alignleft\" src=\"https:\/\/uparbois.org\/wp-content\/uploads\/2014\/07\/fianc\u00e9s11.jpg\" alt=\"\" width=\"199\" height=\"160\" \/>\u00a0\u00a0<\/strong><\/span><span style=\"color: #008000; background-color: #ffff00;\"><strong>Les Fianc\u00e9<\/strong><\/span><span style=\"color: #008000; background-color: #ffff00;\"><strong>s<\/strong><\/span><\/p>\n<p style=\"text-align: left;\"><strong><em><span style=\"background-color: #ffffff;\"><span style=\"color: #808000;\">Bienvenue \u00e0 vous les fianc\u00e9s, qui venez demander de vous marier \u00e0 l\u2019\u00c9glise !<\/span><\/span><\/em><span style=\"background-color: #ffffff;\"><br \/>\n<\/span><\/strong><\/p>\n<table style=\"border-color: #0537eb; background-color: #0af0e0;\">\n<tbody>\n<tr>\n<td>\n<p style=\"text-align: center;\"><em><span style=\"background-color: #0af0e0;\"><strong><span style=\"color: #0000ff;\">\u00ab Vous avez \u00e9cout\u00e9 la Parole de Dieu qui r\u00e9v\u00e8le la grandeur de l\u2019amour humain et du mariage.<\/span><\/strong><\/span><\/em><br \/>\n<em><span style=\"color: #0000ff; background-color: #0af0e0;\"> <strong>Vous allez vous engager l\u2019un envers l\u2019autre, Est-ce librement et sans contrainte ? \u00bb<\/strong><\/span><\/em><\/p>\n<\/td>\n<\/tr>\n<\/tbody>\n<\/table>\n<table style=\"border-color: #f2aa5c; background-color: #f5f17f;\">\n<tbody>\n<tr>\n<td>\n<p style=\"text-align: center;\"><em><span style=\"color: #ff00ff; background-color: #f5f17f;\"><strong>\u00ab En vous engageant dans la voie du mariage, vous vous promettez amour mutuel et respect,<\/strong><\/span><\/em><br \/>\n<em><span style=\"color: #ff00ff; background-color: #f5f17f;\"> <strong>Est-ce pour toute votre vie ? \u00bb<\/strong><\/span><\/em><\/p>\n<\/td>\n<\/tr>\n<\/tbody>\n<\/table>\n<table style=\"border-color: #0537eb; background-color: #0af0e0;\">\n<tbody>\n<tr>\n<td><em><span style=\"background-color: #0af0e0;\"><strong><span style=\"color: #0000ff;\">\u00ab \u00cates-vous pr\u00eats \u00e0 accueillir les enfants que Dieu vous donne <\/span><\/strong><\/span><\/em><em><span style=\"background-color: #0af0e0;\"><strong><span style=\"color: #0000ff;\">et \u00e0 les \u00e9duquer selon l&rsquo;\u00c9vangile du Christ et dans la foi de l&rsquo;\u00c9glise ? \u00ab\u00a0<\/span><\/strong><\/span><\/em><\/td>\n<\/tr>\n<\/tbody>\n<\/table>\n<p style=\"text-align: center;\"><span style=\"color: #0000ff;\"><strong><span style=\"background-color: #ffffff;\"><em>C\u2019est en r\u00e9pondant positivement \u00e0 ces trois questions puis en \u00e9changeant vos consentements, que vous les fianc\u00e9s, avec l&rsquo;assistance de l&rsquo;\u00c9glise, devenez mari et femme devant Dieu. Au cours de la c\u00e9l\u00e9bration, ce rite central ne prendra que quelques minutes, mais il vous engage pour toute votre vie, vis \u00e0 vis du Christ, de l&rsquo;\u00c9glise et de vous-m\u00eames<\/em><br \/>\n<\/span><\/strong><\/span><\/p>\n<hr \/>\n<p><span style=\"background-color: #ffffff;\"><img loading=\"lazy\" decoding=\"async\" class=\"size-thumbnail wp-image-9810 alignleft\" src=\"https:\/\/uparbois.org\/wp-content\/uploads\/2018\/03\/Coeur-attentionn\u00e9-Copier-100x100.jpeg\" alt=\"\" width=\"100\" height=\"100\" \/>Vous demandez \u00e0 l\u2019\u00c9glise catholique <span style=\"color: #ff0000;\">\u00ab\u00a0<strong>le sacrement de mariage\u00a0\u00bb. <\/strong><\/span><\/span><\/p>\n<p><span style=\"background-color: #ffffff;\">Il est n\u00e9cessaire que vos engagements soient conformes pour l\u2019essentiel, \u00e0 sa vision sur le mariage.<\/span><\/p>\n<p><span style=\"background-color: #ffffff;\">La pr\u00e9paration de votre mariage est un parcours important qui ne peut se faire h\u00e2tivement. <\/span><\/p>\n<hr \/>\n<p><span style=\"background-color: #ffffff;\"><span style=\"color: #808000;\"><img loading=\"lazy\" decoding=\"async\" class=\"size-thumbnail wp-image-8492 alignleft\" src=\"https:\/\/uparbois.org\/wp-content\/uploads\/2014\/07\/Agenda-R\u00e9union-100x100.jpg\" alt=\"\" width=\"100\" height=\"100\" \/>Cela signifie qu\u2019en choisissant de vous marier au sein de votre paroisse,<\/span><\/span><\/p>\n<p><span style=\"background-color: #ffffff; color: #808000;\">vous vous engagez de fa\u00e7on ferme \u00e0 suivre les soir\u00e9es et les journ\u00e9es de pr\u00e9paration.<\/span><\/p>\n<p><span style=\"background-color: #ffffff; color: #808000;\">Le parcours comprend un rassemblement des fianc\u00e9s le soir des quatre vendredis du mois de janvier \u00e0 partir de 20h,<\/span><\/p>\n<p><span style=\"background-color: #ffffff; color: #808000;\"> et au d\u00e9but du printemps un samedi et un dimanche. Les dates sont disponibles longtemps \u00e0 l\u2019avance, ce qui vous permet de vous organiser.<\/span><\/p>\n<p style=\"text-align: center;\"><a href=\"https:\/\/uparbois.org\/wp-content\/uploads\/2019\/02\/photo-alpha-2019.jpeg\"><img loading=\"lazy\" decoding=\"async\" class=\"alignnone wp-image-11752 size-large\" src=\"https:\/\/uparbois.org\/wp-content\/uploads\/2019\/02\/photo-alpha-2019-1024x682.jpeg\" alt=\"\" width=\"1024\" height=\"682\" srcset=\"https:\/\/uparbois.org\/wp-content\/uploads\/2019\/02\/photo-alpha-2019-1024x682.jpeg 1024w, https:\/\/uparbois.org\/wp-content\/uploads\/2019\/02\/photo-alpha-2019-300x200.jpeg 300w, https:\/\/uparbois.org\/wp-content\/uploads\/2019\/02\/photo-alpha-2019-768x512.jpeg 768w, https:\/\/uparbois.org\/wp-content\/uploads\/2019\/02\/photo-alpha-2019.jpeg 1280w\" sizes=\"(max-width: 1024px) 100vw, 1024px\" \/><\/a><\/p>\n<p style=\"text-align: center;\">Une des r\u00e9unions &#8230;<\/p>\n<hr \/>\n<h1><span style=\"background-color: #ffffff;\"><span style=\"text-decoration: underline;\"><span style=\"color: #008000; text-decoration: underline;\"><b><img loading=\"lazy\" decoding=\"async\" class=\"alignleft wp-image-8281 \" src=\"https:\/\/uparbois.org\/wp-content\/uploads\/2016\/03\/Mariage2-259x300.png\" alt=\"\" width=\"133\" height=\"154\" srcset=\"https:\/\/uparbois.org\/wp-content\/uploads\/2016\/03\/Mariage2-259x300.png 259w, https:\/\/uparbois.org\/wp-content\/uploads\/2016\/03\/Mariage2.png 663w\" sizes=\"(max-width: 133px) 100vw, 133px\" \/>Le Mariage<\/b><\/span><\/span><br \/>\n<\/span><\/h1>\n<p><img loading=\"lazy\" decoding=\"async\" class=\" wp-image-8493 alignleft\" src=\"https:\/\/uparbois.org\/wp-content\/uploads\/2014\/07\/12mois-300x105.jpeg\" alt=\"\" width=\"128\" height=\"45\" srcset=\"https:\/\/uparbois.org\/wp-content\/uploads\/2014\/07\/12mois-300x105.jpeg 300w, https:\/\/uparbois.org\/wp-content\/uploads\/2014\/07\/12mois.jpeg 383w\" sizes=\"(max-width: 128px) 100vw, 128px\" \/>Vous devez donc d\u00e9poser une demande un an avant la date souhait\u00e9e de votre mariage aupr\u00e8s du secr\u00e9tariat de Bouc Bel Air<\/p>\n<p>au <span style=\"font-size: 12pt;\"><span style=\"font-family: Calibri;\"><strong><span style=\"background-color: #ccffcc;\">04 42 22 09 34<\/span><\/strong><\/span><\/span> ou par mail <span style=\"font-size: 12pt;\"><span style=\"font-family: Calibri;\"><a href=\"mailto:uparbois@gmail.com\" target=\"_blank\" rel=\"noopener\">uparbois@gmail.com<\/a><br \/>\n<\/span><\/span><\/p>\n<hr \/>\n<h3><\/h3>\n<h3><\/h3>\n<p><img loading=\"lazy\" decoding=\"async\" class=\"alignleft wp-image-8494 size-medium\" src=\"https:\/\/uparbois.org\/wp-content\/uploads\/2014\/07\/couple2-300x169.jpg\" alt=\"\" width=\"300\" height=\"169\" srcset=\"https:\/\/uparbois.org\/wp-content\/uploads\/2014\/07\/couple2-300x169.jpg 300w, https:\/\/uparbois.org\/wp-content\/uploads\/2014\/07\/couple2.jpg 640w\" sizes=\"(max-width: 300px) 100vw, 300px\" \/>Vous serez dirig\u00e9s alors vers un couple d\u2019accueil qui vous explicitera le parcours de pr\u00e9paration et vous aidera \u00e0 formaliser votre demande de mariage.<\/p>\n<p>C&rsquo;est ce couple qui sera votre r\u00e9f\u00e9rent pendant tout le temps de la pr\u00e9paration.<\/p>\n<hr \/>\n<p>Notre souhait final, au-del\u00e0 de la pr\u00e9paration \u00e0 cette c\u00e9r\u00e9monie, sera d\u2019avoir contribu\u00e9 \u00e0 <span style=\"color: #0000ff;\"><strong>faire grandir demain votre amour au sein d\u2019un mariage qui dure toute une vie<\/strong><\/span>, sous le regard de Dieu.<\/p>\n<p>Avec notre entier d\u00e9vouement.<\/p>\n<p>P\u00e8re Luc Marie Lalanne<br \/>\nEt l\u2019\u00e9quipe d\u2019accueil des fianc\u00e9s.<\/p>\n<p><span style=\"font-family: Calibri; font-size: 12pt;\"><a title=\"Fianc\u00e9s\" href=\"https:\/\/uparbois.org\/wp-content\/uploads\/2014\/07\/Accueil-fianc\u00e9s-2015.pdf\" target=\"_blank\" rel=\"noopener\">Pour imprimer la lettre aux fianc\u00e9s<\/a><br \/>\n<\/span><\/p>\n<p><span style=\"font-family: Calibri;\">\u00a0<\/span><\/p>\n<p><span style=\"font-family: Calibri;\"><b>\u00a0<\/b><\/span><\/p>\n","protected":false},"excerpt":{"rendered":"<p>\u00a0\u00a0Les Fianc\u00e9s Bienvenue \u00e0 vous les fianc\u00e9s, qui venez demander de vous marier \u00e0 l\u2019\u00c9glise ! \u00ab Vous avez \u00e9cout\u00e9 la Parole de Dieu qui r\u00e9v\u00e8le la grandeur de l\u2019amour humain et du mariage. Vous allez vous engager l\u2019un envers l\u2019autre, Est-ce librement et sans contrainte ? \u00bb \u00ab En vous engageant dans la voie [&hellip;]<\/p>\n","protected":false},"author":2,"featured_media":0,"parent":0,"menu_order":3,"comment_status":"closed","ping_status":"closed","template":"","meta":{"ocean_post_layout":"","ocean_both_sidebars_style":"","ocean_both_sidebars_content_width":0,"ocean_both_sidebars_sidebars_width":0,"ocean_sidebar":"0","ocean_second_sidebar":"0","ocean_disable_margins":"enable","ocean_add_body_class":"","ocean_shortcode_before_top_bar":"","ocean_shortcode_after_top_bar":"","ocean_shortcode_before_header":"","ocean_shortcode_after_header":"","ocean_has_shortcode":"","ocean_shortcode_after_title":"","ocean_shortcode_before_footer_widgets":"","ocean_shortcode_after_footer_widgets":"","ocean_shortcode_before_footer_bottom":"","ocean_shortcode_after_footer_bottom":"","ocean_display_top_bar":"default","ocean_display_header":"default","ocean_header_style":"","ocean_center_header_left_menu":"0","ocean_custom_header_template":"0","ocean_custom_logo":0,"ocean_custom_retina_logo":0,"ocean_custom_logo_max_width":0,"ocean_custom_logo_tablet_max_width":0,"ocean_custom_logo_mobile_max_width":0,"ocean_custom_logo_max_height":0,"ocean_custom_logo_tablet_max_height":0,"ocean_custom_logo_mobile_max_height":0,"ocean_header_custom_menu":"0","ocean_menu_typo_font_family":"0","ocean_menu_typo_font_subset":"","ocean_menu_typo_font_size":0,"ocean_menu_typo_font_size_tablet":0,"ocean_menu_typo_font_size_mobile":0,"ocean_menu_typo_font_size_unit":"px","ocean_menu_typo_font_weight":"","ocean_menu_typo_font_weight_tablet":"","ocean_menu_typo_font_weight_mobile":"","ocean_menu_typo_transform":"","ocean_menu_typo_transform_tablet":"","ocean_menu_typo_transform_mobile":"","ocean_menu_typo_line_height":0,"ocean_menu_typo_line_height_tablet":0,"ocean_menu_typo_line_height_mobile":0,"ocean_menu_typo_line_height_unit":"","ocean_menu_typo_spacing":0,"ocean_menu_typo_spacing_tablet":0,"ocean_menu_typo_spacing_mobile":0,"ocean_menu_typo_spacing_unit":"","ocean_menu_link_color":"","ocean_menu_link_color_hover":"","ocean_menu_link_color_active":"","ocean_menu_link_background":"","ocean_menu_link_hover_background":"","ocean_menu_link_active_background":"","ocean_menu_social_links_bg":"","ocean_menu_social_hover_links_bg":"","ocean_menu_social_links_color":"","ocean_menu_social_hover_links_color":"","ocean_disable_title":"default","ocean_disable_heading":"default","ocean_post_title":"","ocean_post_subheading":"","ocean_post_title_style":"","ocean_post_title_background_color":"","ocean_post_title_background":0,"ocean_post_title_bg_image_position":"","ocean_post_title_bg_image_attachment":"","ocean_post_title_bg_image_repeat":"","ocean_post_title_bg_image_size":"","ocean_post_title_height":0,"ocean_post_title_bg_overlay":0.5,"ocean_post_title_bg_overlay_color":"","ocean_disable_breadcrumbs":"default","ocean_breadcrumbs_color":"","ocean_breadcrumbs_separator_color":"","ocean_breadcrumbs_links_color":"","ocean_breadcrumbs_links_hover_color":"","ocean_display_footer_widgets":"default","ocean_display_footer_bottom":"default","ocean_custom_footer_template":"0","footnotes":""},"_links":{"self":[{"href":"https:\/\/uparbois.org\/index.php?rest_route=\/wp\/v2\/pages\/1621"}],"collection":[{"href":"https:\/\/uparbois.org\/index.php?rest_route=\/wp\/v2\/pages"}],"about":[{"href":"https:\/\/uparbois.org\/index.php?rest_route=\/wp\/v2\/types\/page"}],"author":[{"embeddable":true,"href":"https:\/\/uparbois.org\/index.php?rest_route=\/wp\/v2\/users\/2"}],"replies":[{"embeddable":true,"href":"https:\/\/uparbois.org\/index.php?rest_route=%2Fwp%2Fv2%2Fcomments&post=1621"}],"version-history":[{"count":65,"href":"https:\/\/uparbois.org\/index.php?rest_route=\/wp\/v2\/pages\/1621\/revisions"}],"predecessor-version":[{"id":19237,"href":"https:\/\/uparbois.org\/index.php?rest_route=\/wp\/v2\/pages\/1621\/revisions\/19237"}],"wp:attachment":[{"href":"https:\/\/uparbois.org\/index.php?rest_route=%2Fwp%2Fv2%2Fmedia&parent=1621"}],"curies":[{"name":"wp","href":"https:\/\/api.w.org\/{rel}","templated":true}]}}