{"id":1619,"date":"2014-07-24T17:25:24","date_gmt":"2014-07-24T15:25:24","guid":{"rendered":"http:\/\/localhost\/wordpress\/?page_id=1619"},"modified":"2026-02-01T19:02:25","modified_gmt":"2026-02-01T18:02:25","slug":"le-cathechisme","status":"publish","type":"page","link":"https:\/\/uparbois.org\/?page_id=1619","title":{"rendered":"Le Cat\u00e9chisme"},"content":{"rendered":"<h2 style=\"text-align: center;\"><a href=\"https:\/\/uparbois.org\/wp-content\/uploads\/2021\/07\/Catechisme.jpeg\"><img loading=\"lazy\" decoding=\"async\" class=\"alignnone size-large wp-image-15770\" src=\"https:\/\/uparbois.org\/wp-content\/uploads\/2021\/07\/Catechisme-1024x637.jpeg\" alt=\"\" width=\"720\" height=\"448\" srcset=\"https:\/\/uparbois.org\/wp-content\/uploads\/2021\/07\/Catechisme-1024x637.jpeg 1024w, https:\/\/uparbois.org\/wp-content\/uploads\/2021\/07\/Catechisme-300x187.jpeg 300w, https:\/\/uparbois.org\/wp-content\/uploads\/2021\/07\/Catechisme-768x477.jpeg 768w, https:\/\/uparbois.org\/wp-content\/uploads\/2021\/07\/Catechisme.jpeg 1126w\" sizes=\"(max-width: 720px) 100vw, 720px\" \/><\/a><\/h2>\n<p style=\"text-align: center;\"><a href=\"https:\/\/eglise.catholique.fr\/approfondir-sa-foi\/vivre-sa-foi-a-tous-les-ages\/transmettre-la-foi\/371036-quest-ce-que-le-catechisme\/\" target=\"_blank\" rel=\"noopener\"><span style=\"color: #ff0000;\"><span style=\"font-family: Forte; font-size: 18pt;\"><b>Qu&rsquo;est-ce que le cat\u00e9chisme ?<\/b><\/span><\/span><\/a><\/p>\n<div id=\"Text2\"><hr \/><\/div>\n<p><span style=\"font-family: Arial; color: #008000;\"><span style=\"font-family: Forte; font-size: 18pt;\"><b><a href=\"https:\/\/uparbois.org\/wp-content\/uploads\/2019\/07\/2019-3-1.jpg\"><img loading=\"lazy\" decoding=\"async\" class=\"alignleft wp-image-12285 size-medium\" src=\"https:\/\/uparbois.org\/wp-content\/uploads\/2019\/07\/2019-3-1-300x225.jpg\" alt=\"\" width=\"300\" height=\"225\" srcset=\"https:\/\/uparbois.org\/wp-content\/uploads\/2019\/07\/2019-3-1-300x225.jpg 300w, https:\/\/uparbois.org\/wp-content\/uploads\/2019\/07\/2019-3-1.jpg 679w\" sizes=\"(max-width: 300px) 100vw, 300px\" \/><\/a>L&rsquo;\u00e9veil de la foi <\/b><\/span><\/span><\/p>\n<p><span style=\"font-family: Arial; color: #008000;\"><span style=\"font-family: Forte; font-size: 18pt;\"><b>pour les 3 \u00e0 5 ans<br \/><\/b><\/span><\/span><\/p>\n<p>Pendant la messe \u00e0 Bouc-Bel-Air, chaque deuxi\u00e8me dimanche du mois, un <u>\u00ab<\/u><u>\u00c9<\/u><u>veil \u00e0 la Foi\u00bb<\/u> est propos\u00e9 pour que votre enfant d\u00e9couvre la pri\u00e8re avec les autres enfants de notre communaut\u00e9 paroissiale, pour qu\u2019il entende la Parole et d\u00e9couvre l\u2019amour de Dieu \u00e0 travers des mots simples.<\/p>\n<p>Deux fois par an, \u00e0 No\u00ebl et P\u00e2ques,\u00a0 nous proposons un temps en famille dans nos \u00e9glises.<\/p>\n<hr \/>\n<h2><span style=\"color: #008000; font-family: Forte; font-size: 18pt;\"><b><a href=\"https:\/\/uparbois.org\/wp-content\/uploads\/2019\/07\/2019-4.jpg\"><img loading=\"lazy\" decoding=\"async\" class=\"alignleft wp-image-12288 size-medium\" src=\"https:\/\/uparbois.org\/wp-content\/uploads\/2019\/07\/2019-4-300x225.jpg\" alt=\"\" width=\"300\" height=\"225\" srcset=\"https:\/\/uparbois.org\/wp-content\/uploads\/2019\/07\/2019-4-300x225.jpg 300w, https:\/\/uparbois.org\/wp-content\/uploads\/2019\/07\/2019-4.jpg 639w\" sizes=\"(max-width: 300px) 100vw, 300px\" \/><\/a><\/b><\/span><\/h2>\n<h2><span style=\"color: #008000; font-family: Forte; font-size: 18pt;\"><b>Approche de la foi <\/b><\/span><\/h2>\n<h2><span style=\"color: #008000; font-family: Forte; font-size: 18pt;\"><b>pour les 6 \u00e0 7 ans (CP-CE1)<\/b><\/span><\/h2>\n<p>Nous proposons pour les CP et CE1 une approche de la foi chr\u00e9tienne \u00e0 vivre en famille. C\u2019est une cat\u00e9ch\u00e8se familiale qui s\u2019articule autour d\u2019un texte biblique, de jeux, de r\u00e9flexions et de pri\u00e8res. Nous avons 5 rendez-vous par an le samedi matin.<\/p>\n<p>Contact : Isabelle FIHEY\u00a0 \u00a0 \u00a0 <a href=\"mailto:eric_isa@yahoo.fr\" target=\"_blank\" rel=\"noopener\">eric_isa@yahoo.fr<\/a><\/p>\n<hr \/>\n<p><img loading=\"lazy\" decoding=\"async\" class=\"size-medium wp-image-12669 alignleft\" src=\"https:\/\/uparbois.org\/wp-content\/uploads\/2019\/11\/Avignon_journee_servants_17_novembre_2019_100-300x200.jpg\" alt=\"\" width=\"300\" height=\"200\" srcset=\"https:\/\/uparbois.org\/wp-content\/uploads\/2019\/11\/Avignon_journee_servants_17_novembre_2019_100-300x200.jpg 300w, https:\/\/uparbois.org\/wp-content\/uploads\/2019\/11\/Avignon_journee_servants_17_novembre_2019_100-768x512.jpg 768w, https:\/\/uparbois.org\/wp-content\/uploads\/2019\/11\/Avignon_journee_servants_17_novembre_2019_100-1024x683.jpg 1024w\" sizes=\"(max-width: 300px) 100vw, 300px\" \/><span style=\"color: #943634; font-family: Forte; font-size: 18pt;\"><b><span style=\"color: #008000;\">Parcours de foi <\/span><\/b><\/span><span style=\"color: #943634; font-family: Forte; font-size: 18pt;\"><b><span style=\"color: #008000;\">pour les enfants<\/span><\/b><\/span><\/p>\n<h2><span style=\"color: #943634; font-family: Forte; font-size: 18pt;\"><b><span style=\"color: #008000;\">de CE2, CM1 <\/span><\/b><\/span><\/h2>\n<h2><span style=\"color: #943634; font-family: Forte; font-size: 18pt;\"><b><span style=\"color: #008000;\">et CM2<\/span> <\/b><\/span><\/h2>\n<p>Ce parcours d&rsquo;initiation \u00e0 la foi conduit l&rsquo;enfant au bapt\u00eame, s&rsquo;il n&rsquo;est pas baptis\u00e9, et \u00e0 la communion au Corps du Christ. Il comprend d&rsquo;une part des s\u00e9ances de cat\u00e9chisme de 1h15 tous les quinze jours et d&rsquo;autre part des messes du cat\u00e9chisme le samedi soir \u00e0 Calas. Le bapt\u00eame, s&rsquo;il y a lieu, et la premi\u00e8re communion<span style=\"font-size: inherit;\"> sont v\u00e9cus au bout de deux ans de cat\u00e9chisme.<\/span><\/p>\n<p>Contacts : Dany HERNANDEZ\u00a0 \u00a0 \u00a0 \u00a0 \u00a0 \u00a0 \u00a0 \u00a0 \u00a0 \u00a0 \u00a0<a href=\"mailto:danielehernandez13480@gmail.com\" target=\"_blank\" rel=\"noopener\">danielehernandez13480@gmail.com<\/a><\/p>\n<p>\u00a0 \u00a0 \u00a0 \u00a0 \u00a0 \u00a0 \u00a0 \u00a0 \u00a0 Mireille VAN DEN BRANDE\u00a0 \u00a0 \u00a0 \u00a0<a href=\"mailto:mireil.vdb@gmail.com\" target=\"_blank\" rel=\"noopener\">mireil.vdb@gmail.com<\/a><\/p>\n<p>Les jours et horaires des s\u00e9ances de cat\u00e9chisme sont :<\/p>\n<table style=\"border-collapse: collapse; width: 74.0497%; height: 151px;\">\n<tbody>\n<tr>\n<td style=\"width: 71.4286%; border-style: solid; background-color: #bce5f5;\" colspan=\"6\">\n<h2 style=\"text-align: center;\"><span style=\"color: #000080;\"><strong>\u00c9veil \u00e0 la Foi<\/strong> 2025-2026<\/span><\/h2>\n<h5 style=\"text-align: center;\"><span style=\"color: #000080;\"><em>Pour les enfants de 3 \u00e0 7 ans \u00e0 Bouc Bel air &#8211; pendant la messe du Dimanche \u00e0 10h30<\/em><\/span><\/h5>\n<\/td>\n<\/tr>\n<tr>\n<td style=\"width: 12.1957%; border-style: solid; background-color: #5df70a; text-align: center; vertical-align: middle;\">\n<h3><strong>9 novembre<\/strong><\/h3>\n<\/td>\n<td style=\"width: 13.1603%; border-style: solid; background-color: #f0e773; text-align: center; vertical-align: middle;\">\n<h3><strong>14 d\u00e9cembre<\/strong><\/h3>\n<\/td>\n<td style=\"width: 11.3918%; border-style: solid; background-color: #09ede2; text-align: center; vertical-align: middle;\">\n<h3><strong>11 janvier<\/strong><\/h3>\n<\/td>\n<td style=\"width: 10.6799%; border-style: solid; background-color: #0caaed; text-align: center; vertical-align: middle;\">\n<h3><strong>15 f\u00e9vrier<\/strong><\/h3>\n<\/td>\n<td style=\"width: 9.7152%; border-style: solid; background-color: #ed0ce2; text-align: center; vertical-align: middle;\">\n<h3><strong>22 mars<\/strong><\/h3>\n<\/td>\n<td style=\"width: 14.2857%; border-style: solid; background-color: #f059b6; text-align: center; vertical-align: middle;\">\n<h3><strong>12 avril<\/strong><\/h3>\n<\/td>\n<\/tr>\n<\/tbody>\n<\/table>\n<table style=\"height: 191px; width: 74.1667%; border-collapse: collapse; border-style: solid; border-color: #000000;\">\n<tbody>\n<tr style=\"height: 23px; background-color: #d4faf7;\">\n<td style=\"width: 11.1111%; height: 23px; border-color: #000000; border-style: solid;\"><em>Niveau<\/em><\/td>\n<td style=\"width: 14.6144%; height: 23px; border-color: #000000; border-style: solid;\"><em>\u00e0<\/em><\/td>\n<td style=\"width: 8.34225%; height: 23px; border-color: #000000; border-style: solid;\"><em>le<\/em><\/td>\n<td style=\"width: 14.7708%; height: 23px; border-color: #000000; border-style: solid;\"><em>horaire<\/em><\/td>\n<td style=\"height: 23px; text-align: center; width: 2.30929%;\" rowspan=\"4\">\u00a0<\/td>\n<td style=\"width: 22.6984%; height: 23px; text-align: center; border-style: solid; border-color: #000000;\"><em>\u00e0<\/em><\/td>\n<td style=\"width: 12.4941%; height: 23px; text-align: center; border-style: solid; border-color: #000000;\"><em>le<\/em><\/td>\n<td style=\"width: 12.628%; height: 23px; text-align: center; border-style: solid; border-color: #000000;\"><em>horaire<\/em><\/td>\n<\/tr>\n<tr style=\"height: 23px;\">\n<td style=\"width: 11.1111%; height: 23px; border-color: #000000; border-style: solid;\">\n<h4><strong>CE 2<\/strong><\/h4>\n<\/td>\n<td style=\"width: 14.6144%; height: 23px; border-color: #000000; border-style: solid;\"><strong>Calas<\/strong><\/td>\n<td style=\"width: 8.34225%; height: 23px; border-color: #000000; border-style: solid; text-align: center;\">lundi<\/td>\n<td style=\"width: 14.7708%; height: 23px; border-color: #000000; border-style: solid; text-align: center;\">17h \u00e0 18h15<\/td>\n<td style=\"width: 22.6984%; height: 23px; text-align: center; border-style: solid; border-color: #000000;\"><strong>Bouc Bel Air<\/strong><\/td>\n<td style=\"width: 12.4941%; height: 23px; border-style: solid; border-color: #000000; text-align: center;\">mardi<\/td>\n<td style=\"width: 12.628%; height: 23px; border-style: solid; border-color: #000000; text-align: center;\">17 \u00e0 18h15<\/td>\n<\/tr>\n<tr style=\"background-color: #d4faf7; height: 24px;\">\n<td style=\"width: 11.1111%; height: 24px; border-color: #000000; border-style: solid;\">\n<h4><strong>CM 1<\/strong><\/h4>\n<\/td>\n<td style=\"width: 14.6144%; height: 24px; border-color: #000000; border-style: solid;\"><strong>Calas<\/strong><\/td>\n<td style=\"width: 8.34225%; height: 24px; border-color: #000000; border-style: solid; text-align: center;\">mardi<\/td>\n<td style=\"width: 14.7708%; height: 24px; border-color: #000000; border-style: solid; text-align: center;\">17h \u00e0 18h15<\/td>\n<td style=\"width: 22.6984%; height: 24px; text-align: center; border-style: solid; border-color: #000000;\"><strong>Bouc Bel Air<\/strong><\/td>\n<td style=\"width: 12.4941%; height: 24px; border-style: solid; border-color: #000000; text-align: center;\">mercredi<\/td>\n<td style=\"width: 12.628%; height: 24px; border-style: solid; border-color: #000000; text-align: center;\">10 \u00e0 11h15<\/td>\n<\/tr>\n<tr style=\"height: 23px;\">\n<td style=\"width: 11.1111%; height: 23px; border-color: #000000; border-style: solid;\">\n<h4><strong>CM 2<br \/><\/strong><\/h4>\n<\/td>\n<td style=\"width: 14.6144%; height: 23px; border-color: #000000; border-style: solid;\"><strong>Calas<\/strong><\/td>\n<td style=\"width: 8.34225%; height: 23px; border-color: #000000; border-style: solid; text-align: center;\">jeudi<\/td>\n<td style=\"width: 14.7708%; height: 23px; border-color: #000000; border-style: solid; text-align: center;\">17h \u00e0 18h15<\/td>\n<td style=\"height: 23px; border-style: solid; border-color: #000000; text-align: center; width: 22.6984%; background-color: #f7f5f5;\"><strong>Bouc Bel Air<\/strong><\/td>\n<td style=\"border-style: solid; border-color: #000000; text-align: center; width: 12.4941%; background-color: #f7f5f5;\">samedi<\/td>\n<td style=\"border-style: solid; border-color: #000000; text-align: center; width: 12.628%; background-color: #f7f5f5;\">\u00a09 \u00e0 10h15<\/td>\n<\/tr>\n<\/tbody>\n<\/table>\n<h1 style=\"text-align: center;\"><span style=\"color: #0000ff;\"><strong><a href=\"https:\/\/public.enoria.app\/pubinsc\/gp\/38d8ab79c1d5396\/open\" target=\"_blank\" rel=\"noopener\">OUI j&rsquo;inscris mon enfant au KT<\/a> <\/strong><\/span><\/h1>\n<p style=\"text-align: center;\"><a href=\"https:\/\/uparbois.org\/wp-content\/uploads\/2025\/06\/Planning-Eveil-a-la-foi-2025-2026.pdf\" target=\"_blank\" rel=\"noopener\"><strong>Le planning de l&rsquo;\u00c9veil \u00e0 la Foi ann\u00e9e 2025-2026<\/strong><\/a><\/p>\n<p style=\"text-align: center;\"><a href=\"https:\/\/uparbois.org\/wp-content\/uploads\/2026\/02\/Planning-2025-2026-CP-CE1-avec-2-mai.pdf\" target=\"_blank\" rel=\"noopener\"><strong>Le Planning du CP-CE1 ann\u00e9e 2025-2026<\/strong><\/a><\/p>\n<p style=\"text-align: center;\"><a href=\"https:\/\/uparbois.org\/wp-content\/uploads\/2025\/11\/Planning-KT-2025-09-a-2026-06-DHMV-NEWau-231125.pdf\" target=\"_blank\" rel=\"noopener\"><strong>Le planning<\/strong><strong> du CE2 AU CM2 2025-2026<\/strong><\/a><\/p>\n<div>\n<h6 style=\"text-align: center;\"><em><a href=\"https:\/\/uparbois.org\/wp-content\/uploads\/2025\/06\/Vacances-scolaires-2025-2026.png\" target=\"_blank\" rel=\"noopener\">Voir les vacances scolaires 2025-2026<\/a><\/em><\/h6>\n<\/div>\n<div id=\"Text4\">\u00a0<\/div>\n<div id=\"Text5\">\u00a0<\/div>\n\n","protected":false},"excerpt":{"rendered":"<p>Qu&rsquo;est-ce que le cat\u00e9chisme ? L&rsquo;\u00e9veil de la foi pour les 3 \u00e0 5 ans Pendant la messe \u00e0 Bouc-Bel-Air, chaque deuxi\u00e8me dimanche du mois, un \u00ab\u00c9veil \u00e0 la Foi\u00bb est propos\u00e9 pour que votre enfant d\u00e9couvre la pri\u00e8re avec les autres enfants de notre communaut\u00e9 paroissiale, pour qu\u2019il entende la Parole et d\u00e9couvre l\u2019amour [&hellip;]<\/p>\n","protected":false},"author":2,"featured_media":0,"parent":0,"menu_order":2,"comment_status":"closed","ping_status":"closed","template":"","meta":{"ocean_post_layout":"","ocean_both_sidebars_style":"","ocean_both_sidebars_content_width":0,"ocean_both_sidebars_sidebars_width":0,"ocean_sidebar":"0","ocean_second_sidebar":"0","ocean_disable_margins":"enable","ocean_add_body_class":"","ocean_shortcode_before_top_bar":"","ocean_shortcode_after_top_bar":"","ocean_shortcode_before_header":"","ocean_shortcode_after_header":"","ocean_has_shortcode":"","ocean_shortcode_after_title":"","ocean_shortcode_before_footer_widgets":"","ocean_shortcode_after_footer_widgets":"","ocean_shortcode_before_footer_bottom":"","ocean_shortcode_after_footer_bottom":"","ocean_display_top_bar":"default","ocean_display_header":"default","ocean_header_style":"","ocean_center_header_left_menu":"0","ocean_custom_header_template":"0","ocean_custom_logo":0,"ocean_custom_retina_logo":0,"ocean_custom_logo_max_width":0,"ocean_custom_logo_tablet_max_width":0,"ocean_custom_logo_mobile_max_width":0,"ocean_custom_logo_max_height":0,"ocean_custom_logo_tablet_max_height":0,"ocean_custom_logo_mobile_max_height":0,"ocean_header_custom_menu":"0","ocean_menu_typo_font_family":"0","ocean_menu_typo_font_subset":"","ocean_menu_typo_font_size":0,"ocean_menu_typo_font_size_tablet":0,"ocean_menu_typo_font_size_mobile":0,"ocean_menu_typo_font_size_unit":"px","ocean_menu_typo_font_weight":"","ocean_menu_typo_font_weight_tablet":"","ocean_menu_typo_font_weight_mobile":"","ocean_menu_typo_transform":"","ocean_menu_typo_transform_tablet":"","ocean_menu_typo_transform_mobile":"","ocean_menu_typo_line_height":0,"ocean_menu_typo_line_height_tablet":0,"ocean_menu_typo_line_height_mobile":0,"ocean_menu_typo_line_height_unit":"","ocean_menu_typo_spacing":0,"ocean_menu_typo_spacing_tablet":0,"ocean_menu_typo_spacing_mobile":0,"ocean_menu_typo_spacing_unit":"","ocean_menu_link_color":"","ocean_menu_link_color_hover":"","ocean_menu_link_color_active":"","ocean_menu_link_background":"","ocean_menu_link_hover_background":"","ocean_menu_link_active_background":"","ocean_menu_social_links_bg":"","ocean_menu_social_hover_links_bg":"","ocean_menu_social_links_color":"","ocean_menu_social_hover_links_color":"","ocean_disable_title":"default","ocean_disable_heading":"default","ocean_post_title":"","ocean_post_subheading":"","ocean_post_title_style":"","ocean_post_title_background_color":"","ocean_post_title_background":0,"ocean_post_title_bg_image_position":"","ocean_post_title_bg_image_attachment":"","ocean_post_title_bg_image_repeat":"","ocean_post_title_bg_image_size":"","ocean_post_title_height":0,"ocean_post_title_bg_overlay":0.5,"ocean_post_title_bg_overlay_color":"","ocean_disable_breadcrumbs":"default","ocean_breadcrumbs_color":"","ocean_breadcrumbs_separator_color":"","ocean_breadcrumbs_links_color":"","ocean_breadcrumbs_links_hover_color":"","ocean_display_footer_widgets":"default","ocean_display_footer_bottom":"default","ocean_custom_footer_template":"0","footnotes":""},"_links":{"self":[{"href":"https:\/\/uparbois.org\/index.php?rest_route=\/wp\/v2\/pages\/1619"}],"collection":[{"href":"https:\/\/uparbois.org\/index.php?rest_route=\/wp\/v2\/pages"}],"about":[{"href":"https:\/\/uparbois.org\/index.php?rest_route=\/wp\/v2\/types\/page"}],"author":[{"embeddable":true,"href":"https:\/\/uparbois.org\/index.php?rest_route=\/wp\/v2\/users\/2"}],"replies":[{"embeddable":true,"href":"https:\/\/uparbois.org\/index.php?rest_route=%2Fwp%2Fv2%2Fcomments&post=1619"}],"version-history":[{"count":383,"href":"https:\/\/uparbois.org\/index.php?rest_route=\/wp\/v2\/pages\/1619\/revisions"}],"predecessor-version":[{"id":20219,"href":"https:\/\/uparbois.org\/index.php?rest_route=\/wp\/v2\/pages\/1619\/revisions\/20219"}],"wp:attachment":[{"href":"https:\/\/uparbois.org\/index.php?rest_route=%2Fwp%2Fv2%2Fmedia&parent=1619"}],"curies":[{"name":"wp","href":"https:\/\/api.w.org\/{rel}","templated":true}]}}