{"id":16124,"date":"2021-10-25T18:26:38","date_gmt":"2021-10-25T17:26:38","guid":{"rendered":"https:\/\/uparbois.org\/?page_id=16124"},"modified":"2023-05-29T17:42:21","modified_gmt":"2023-05-29T16:42:21","slug":"test-3","status":"publish","type":"page","link":"https:\/\/uparbois.org\/?page_id=16124","title":{"rendered":"Reportages 2021-2022"},"content":{"rendered":"\n\n\n<table style=\"width: 100%;\">\n<tbody>\n<tr>\n<td style=\"width: 50%;\">\u00a0<\/td>\n<td style=\"width: 50%;\">\u00a0<a href=\"https:\/\/photos.app.goo.gl\/Zh7bXt1ps52cqqbQ8\" target=\"_blank\" rel=\"noopener\">P\u00e8lerinage ND Laus 2022 11<\/a><img loading=\"lazy\" decoding=\"async\" class=\"size-thumbnail wp-image-17791 alignleft\" src=\"https:\/\/uparbois.org\/wp-content\/uploads\/2022\/11\/Pelerinage_ND_du_Laus_11_2022_bc_34-100x100.jpg\" alt=\"\" width=\"100\" height=\"100\" srcset=\"https:\/\/uparbois.org\/wp-content\/uploads\/2022\/11\/Pelerinage_ND_du_Laus_11_2022_bc_34-100x100.jpg 100w, https:\/\/uparbois.org\/wp-content\/uploads\/2022\/11\/Pelerinage_ND_du_Laus_11_2022_bc_34-600x600.jpg 600w\" sizes=\"(max-width: 100px) 100vw, 100px\" \/><\/td>\n<\/tr>\n<tr>\n<td style=\"width: 50%;\"><a href=\"https:\/\/photos.app.goo.gl\/LS2S9euMQ5v4jSiK8\" target=\"_blank\" rel=\"noopener\">F\u00eate Saint Rapha\u00ebl Cabri\u00e8s<\/a><img loading=\"lazy\" decoding=\"async\" class=\"size-thumbnail wp-image-17728 alignleft\" src=\"https:\/\/uparbois.org\/wp-content\/uploads\/2022\/10\/IMG_8262-100x100.jpg\" alt=\"\" width=\"100\" height=\"100\" \/><\/td>\n<td style=\"width: 50%;\"><a href=\"https:\/\/photos.app.goo.gl\/4dwguoYWUAoXcnjD8\" target=\"_blank\" rel=\"noopener\">Messe de rentr\u00e9e 2022 09<\/a><img loading=\"lazy\" decoding=\"async\" class=\"size-thumbnail wp-image-17479 alignleft\" src=\"https:\/\/uparbois.org\/wp-content\/uploads\/2022\/09\/Trebillane_2022_messe_de_rentree_bc_22-100x100.jpg\" alt=\"\" width=\"100\" height=\"100\" srcset=\"https:\/\/uparbois.org\/wp-content\/uploads\/2022\/09\/Trebillane_2022_messe_de_rentree_bc_22-100x100.jpg 100w, https:\/\/uparbois.org\/wp-content\/uploads\/2022\/09\/Trebillane_2022_messe_de_rentree_bc_22-600x600.jpg 600w\" sizes=\"(max-width: 100px) 100vw, 100px\" \/><\/td>\n<\/tr>\n<tr>\n<td style=\"width: 50%;\"><a href=\"https:\/\/photos.app.goo.gl\/wQcsCsNEpfBEPbui8\" target=\"_blank\" rel=\"noopener\">Servants Avignon 2019 11 17<\/a><img loading=\"lazy\" decoding=\"async\" class=\"size-thumbnail wp-image-17499 alignleft\" src=\"https:\/\/uparbois.org\/wp-content\/uploads\/2022\/09\/DSC_5271-100x100.jpg\" alt=\"\" width=\"100\" height=\"100\" srcset=\"https:\/\/uparbois.org\/wp-content\/uploads\/2022\/09\/DSC_5271-100x100.jpg 100w, https:\/\/uparbois.org\/wp-content\/uploads\/2022\/09\/DSC_5271-600x600.jpg 600w\" sizes=\"(max-width: 100px) 100vw, 100px\" \/><\/td>\n<td style=\"width: 50%;\"><a href=\"https:\/\/photos.app.goo.gl\/hm6eUvMcMEhHxBpi6\" target=\"_blank\" rel=\"noopener\">1\u00e8res Communions Calas 05 06 2022<\/a><img loading=\"lazy\" decoding=\"async\" class=\"size-thumbnail wp-image-17496 alignleft\" src=\"https:\/\/uparbois.org\/wp-content\/uploads\/2022\/09\/DSC_9095--100x100.jpg\" alt=\"\" width=\"100\" height=\"100\" srcset=\"https:\/\/uparbois.org\/wp-content\/uploads\/2022\/09\/DSC_9095--100x100.jpg 100w, https:\/\/uparbois.org\/wp-content\/uploads\/2022\/09\/DSC_9095--600x600.jpg 600w\" sizes=\"(max-width: 100px) 100vw, 100px\" \/><\/td>\n<\/tr>\n<tr>\n<td style=\"width: 50%;\"><a href=\"https:\/\/photos.app.goo.gl\/7hXfJL12W6Xo8gdr9\" target=\"_blank\" rel=\"noopener\">Professions Foi 27 05 2022 Calas<\/a> <img loading=\"lazy\" decoding=\"async\" class=\"size-thumbnail wp-image-17493 alignleft\" src=\"https:\/\/uparbois.org\/wp-content\/uploads\/2022\/09\/DSC_8907--100x100.jpg\" alt=\"\" width=\"100\" height=\"100\" srcset=\"https:\/\/uparbois.org\/wp-content\/uploads\/2022\/09\/DSC_8907--100x100.jpg 100w, https:\/\/uparbois.org\/wp-content\/uploads\/2022\/09\/DSC_8907--600x600.jpg 600w\" sizes=\"(max-width: 100px) 100vw, 100px\" \/><\/td>\n<td style=\"width: 50%;\"><a href=\"https:\/\/photos.app.goo.gl\/rP1hKBKXcsEPfJp26\" target=\"_blank\" rel=\"noopener\">Confirmations Calas 11 06 2022<\/a><img loading=\"lazy\" decoding=\"async\" class=\"size-thumbnail wp-image-17490 alignleft\" src=\"https:\/\/uparbois.org\/wp-content\/uploads\/2022\/09\/Confirmations_Calas_11_06_22_bc_143-100x100.jpg\" alt=\"\" width=\"100\" height=\"100\" srcset=\"https:\/\/uparbois.org\/wp-content\/uploads\/2022\/09\/Confirmations_Calas_11_06_22_bc_143-100x100.jpg 100w, https:\/\/uparbois.org\/wp-content\/uploads\/2022\/09\/Confirmations_Calas_11_06_22_bc_143-600x600.jpg 600w\" sizes=\"(max-width: 100px) 100vw, 100px\" \/><\/td>\n<\/tr>\n<tr>\n<td style=\"width: 50%;\"><a href=\"https:\/\/photos.app.goo.gl\/6iJLpSHhjifhtvP2A\" target=\"_blank\" rel=\"noopener\">Remise en \u00e9tat du clocher de l&rsquo;\u00e9glise de Calas 2022 04<\/a><img loading=\"lazy\" decoding=\"async\" class=\"size-thumbnail wp-image-17487 alignleft\" src=\"https:\/\/uparbois.org\/wp-content\/uploads\/2022\/09\/leblanc_eglise-calas_ATX-5-Copier-100x100.jpg\" alt=\"\" width=\"100\" height=\"100\" srcset=\"https:\/\/uparbois.org\/wp-content\/uploads\/2022\/09\/leblanc_eglise-calas_ATX-5-Copier-100x100.jpg 100w, https:\/\/uparbois.org\/wp-content\/uploads\/2022\/09\/leblanc_eglise-calas_ATX-5-Copier-600x600.jpg 600w\" sizes=\"(max-width: 100px) 100vw, 100px\" \/><\/td>\n<td style=\"width: 50%;\"><a href=\"https:\/\/photos.app.goo.gl\/KvuBUUVndWyvQp2r8\" target=\"_blank\" rel=\"noopener\">Acc\u00e8s PMR \u00e9glise Calas 2022 05<\/a><img loading=\"lazy\" decoding=\"async\" class=\"size-thumbnail wp-image-17484 alignleft\" src=\"https:\/\/uparbois.org\/wp-content\/uploads\/2022\/09\/IMG_5692-100x100.jpg\" alt=\"\" width=\"100\" height=\"100\" \/><\/td>\n<\/tr>\n<tr>\n<td style=\"width: 50%;\">\u00a0 <img loading=\"lazy\" decoding=\"async\" class=\"size-thumbnail wp-image-17481 alignleft\" src=\"https:\/\/uparbois.org\/wp-content\/uploads\/2022\/09\/Premieres_communions_calas_28_05_22_bc_2531-100x100.jpg\" alt=\"\" width=\"100\" height=\"100\" srcset=\"https:\/\/uparbois.org\/wp-content\/uploads\/2022\/09\/Premieres_communions_calas_28_05_22_bc_2531-100x100.jpg 100w, https:\/\/uparbois.org\/wp-content\/uploads\/2022\/09\/Premieres_communions_calas_28_05_22_bc_2531-600x600.jpg 600w\" sizes=\"(max-width: 100px) 100vw, 100px\" \/><a href=\"https:\/\/photos.app.goo.gl\/wvuoiqNM2AyHu8f2A\" target=\"_blank\" rel=\"noopener\">Calas 1\u00e8res Communions 2022 05 28<\/a><\/td>\n<td style=\"width: 50%;\"><a href=\"https:\/\/uparbois.org\/wp-content\/uploads\/2022\/05\/DSC_0143-Copie.jpeg\"><img loading=\"lazy\" decoding=\"async\" class=\"size-thumbnail wp-image-16713 alignleft\" src=\"https:\/\/uparbois.org\/wp-content\/uploads\/2022\/05\/DSC_0143-Copie-100x100.jpeg\" alt=\"\" width=\"100\" height=\"100\" \/><\/a><a href=\"https:\/\/photos.app.goo.gl\/6fThMT67g9SpLY7K7\" target=\"_blank\" rel=\"noopener\">1\u00e8res Communions BBA 2022\/05<\/a><\/td>\n<\/tr>\n<tr>\n<td style=\"width: 50%;\"><a href=\"https:\/\/photos.app.goo.gl\/ncWsLMjvirMZncZp6\" target=\"_blank\" rel=\"noopener\">Eug\u00e9nie Lanfranco 100 ans-2022\/03\/05<img loading=\"lazy\" decoding=\"async\" class=\"size-thumbnail wp-image-16443 alignleft\" src=\"https:\/\/uparbois.org\/wp-content\/uploads\/2022\/03\/Eugenie-100x100.png\" alt=\"\" width=\"100\" height=\"100\" \/><\/a><\/td>\n<td style=\"width: 50%;\"><a href=\"https:\/\/uparbois.org\/wp-content\/uploads\/2021\/11\/priere_reliques_st_Bernadette_14_05_22_bc_34-scaled.jpg\"><img loading=\"lazy\" decoding=\"async\" class=\"size-thumbnail wp-image-16216 alignleft\" src=\"https:\/\/uparbois.org\/wp-content\/uploads\/2021\/11\/priere_reliques_st_Bernadette_14_05_22_bc_34-100x100.jpg\" alt=\"\" width=\"100\" height=\"100\" \/><\/a><a href=\"https:\/\/photos.app.goo.gl\/AeLKXFXwzesUSYy48\" target=\"_blank\" rel=\"noopener\">Reliques Ste Bernadette<\/a><\/td>\n<\/tr>\n<tr>\n<td style=\"width: 50%;\"><a href=\"https:\/\/uparbois.org\/wp-content\/uploads\/2021\/10\/Trebillane_2021_messe_de_rentree_bc_15-scaled.jpg\"><img loading=\"lazy\" decoding=\"async\" class=\"size-thumbnail wp-image-16132 alignleft\" src=\"https:\/\/uparbois.org\/wp-content\/uploads\/2021\/10\/Trebillane_2021_messe_de_rentree_bc_15-100x100.jpg\" alt=\"\" width=\"100\" height=\"100\" \/><\/a> <a href=\"https:\/\/photos.app.goo.gl\/wbqY8LWN3NGNnAVu5\" target=\"_blank\" rel=\"noopener\">Messe de rentr\u00e9e Trebillane 2021\/10<\/a><\/td>\n<td style=\"width: 50%;\"><a href=\"https:\/\/uparbois.org\/wp-content\/uploads\/2021\/11\/Priere_reliques_st_Jean_Paul_II_05_11_21_Calas_bc_03-scaled.jpg\"><img loading=\"lazy\" decoding=\"async\" class=\"size-thumbnail wp-image-16214 alignleft\" src=\"https:\/\/uparbois.org\/wp-content\/uploads\/2021\/11\/Priere_reliques_st_Jean_Paul_II_05_11_21_Calas_bc_03-100x100.jpg\" alt=\"\" width=\"100\" height=\"100\" \/><\/a><a href=\"https:\/\/photos.app.goo.gl\/sNzan2vBEG8E8Nni6\" target=\"_blank\" rel=\"noopener\">Reliques Jean Paul 2<\/a><\/td>\n<\/tr>\n<\/tbody>\n<\/table>\n<p><strong><a href=\"https:\/\/uparbois.org\/?page_id=95\" target=\"_blank\" rel=\"noopener\">Retour \u00e0 la page \u00ab\u00a0Reportages photos des paroisses\u00a0\u00bb<\/a><\/strong><\/p>\n\n\n\n\n","protected":false},"excerpt":{"rendered":"<p>\u00a0 \u00a0P\u00e8lerinage ND Laus 2022 11 F\u00eate Saint Rapha\u00ebl Cabri\u00e8s Messe de rentr\u00e9e 2022 09 Servants Avignon 2019 11 17 1\u00e8res Communions Calas 05 06 2022 Professions Foi 27 05 2022 Calas Confirmations Calas 11 06 2022 Remise en \u00e9tat du clocher de l&rsquo;\u00e9glise de Calas 2022 04 Acc\u00e8s PMR \u00e9glise Calas 2022 05 \u00a0 [&hellip;]<\/p>\n","protected":false},"author":3,"featured_media":0,"parent":95,"menu_order":8,"comment_status":"closed","ping_status":"closed","template":"","meta":{"ocean_post_layout":"","ocean_both_sidebars_style":"","ocean_both_sidebars_content_width":0,"ocean_both_sidebars_sidebars_width":0,"ocean_sidebar":"0","ocean_second_sidebar":"0","ocean_disable_margins":"enable","ocean_add_body_class":"","ocean_shortcode_before_top_bar":"","ocean_shortcode_after_top_bar":"","ocean_shortcode_before_header":"","ocean_shortcode_after_header":"","ocean_has_shortcode":"","ocean_shortcode_after_title":"","ocean_shortcode_before_footer_widgets":"","ocean_shortcode_after_footer_widgets":"","ocean_shortcode_before_footer_bottom":"","ocean_shortcode_after_footer_bottom":"","ocean_display_top_bar":"default","ocean_display_header":"default","ocean_header_style":"","ocean_center_header_left_menu":"0","ocean_custom_header_template":"0","ocean_custom_logo":0,"ocean_custom_retina_logo":0,"ocean_custom_logo_max_width":0,"ocean_custom_logo_tablet_max_width":0,"ocean_custom_logo_mobile_max_width":0,"ocean_custom_logo_max_height":0,"ocean_custom_logo_tablet_max_height":0,"ocean_custom_logo_mobile_max_height":0,"ocean_header_custom_menu":"0","ocean_menu_typo_font_family":"0","ocean_menu_typo_font_subset":"","ocean_menu_typo_font_size":0,"ocean_menu_typo_font_size_tablet":0,"ocean_menu_typo_font_size_mobile":0,"ocean_menu_typo_font_size_unit":"px","ocean_menu_typo_font_weight":"","ocean_menu_typo_font_weight_tablet":"","ocean_menu_typo_font_weight_mobile":"","ocean_menu_typo_transform":"","ocean_menu_typo_transform_tablet":"","ocean_menu_typo_transform_mobile":"","ocean_menu_typo_line_height":0,"ocean_menu_typo_line_height_tablet":0,"ocean_menu_typo_line_height_mobile":0,"ocean_menu_typo_line_height_unit":"","ocean_menu_typo_spacing":0,"ocean_menu_typo_spacing_tablet":0,"ocean_menu_typo_spacing_mobile":0,"ocean_menu_typo_spacing_unit":"","ocean_menu_link_color":"","ocean_menu_link_color_hover":"","ocean_menu_link_color_active":"","ocean_menu_link_background":"","ocean_menu_link_hover_background":"","ocean_menu_link_active_background":"","ocean_menu_social_links_bg":"","ocean_menu_social_hover_links_bg":"","ocean_menu_social_links_color":"","ocean_menu_social_hover_links_color":"","ocean_disable_title":"default","ocean_disable_heading":"default","ocean_post_title":"","ocean_post_subheading":"","ocean_post_title_style":"","ocean_post_title_background_color":"","ocean_post_title_background":0,"ocean_post_title_bg_image_position":"","ocean_post_title_bg_image_attachment":"","ocean_post_title_bg_image_repeat":"","ocean_post_title_bg_image_size":"","ocean_post_title_height":0,"ocean_post_title_bg_overlay":0.5,"ocean_post_title_bg_overlay_color":"","ocean_disable_breadcrumbs":"default","ocean_breadcrumbs_color":"","ocean_breadcrumbs_separator_color":"","ocean_breadcrumbs_links_color":"","ocean_breadcrumbs_links_hover_color":"","ocean_display_footer_widgets":"default","ocean_display_footer_bottom":"default","ocean_custom_footer_template":"0","footnotes":""},"_links":{"self":[{"href":"https:\/\/uparbois.org\/index.php?rest_route=\/wp\/v2\/pages\/16124"}],"collection":[{"href":"https:\/\/uparbois.org\/index.php?rest_route=\/wp\/v2\/pages"}],"about":[{"href":"https:\/\/uparbois.org\/index.php?rest_route=\/wp\/v2\/types\/page"}],"author":[{"embeddable":true,"href":"https:\/\/uparbois.org\/index.php?rest_route=\/wp\/v2\/users\/3"}],"replies":[{"embeddable":true,"href":"https:\/\/uparbois.org\/index.php?rest_route=%2Fwp%2Fv2%2Fcomments&post=16124"}],"version-history":[{"count":29,"href":"https:\/\/uparbois.org\/index.php?rest_route=\/wp\/v2\/pages\/16124\/revisions"}],"predecessor-version":[{"id":18247,"href":"https:\/\/uparbois.org\/index.php?rest_route=\/wp\/v2\/pages\/16124\/revisions\/18247"}],"up":[{"embeddable":true,"href":"https:\/\/uparbois.org\/index.php?rest_route=\/wp\/v2\/pages\/95"}],"wp:attachment":[{"href":"https:\/\/uparbois.org\/index.php?rest_route=%2Fwp%2Fv2%2Fmedia&parent=16124"}],"curies":[{"name":"wp","href":"https:\/\/api.w.org\/{rel}","templated":true}]}}