{"id":1602,"date":"2014-07-24T16:00:21","date_gmt":"2014-07-24T14:00:21","guid":{"rendered":"http:\/\/localhost\/wordpress\/?page_id=1602"},"modified":"2026-04-10T16:26:04","modified_gmt":"2026-04-10T15:26:04","slug":"a-la-une","status":"publish","type":"page","link":"https:\/\/uparbois.org\/?page_id=1602","title":{"rendered":"Les \u00c9v\u00e9nements de vos paroisses"},"content":{"rendered":"\n<p>\u00a0<\/p>\n<p><img loading=\"lazy\" decoding=\"async\" class=\"size-medium wp-image-20286 alignleft\" src=\"https:\/\/uparbois.org\/wp-content\/uploads\/2026\/04\/Sacre-coeur-FSR-2026-212x300.jpg\" alt=\"\" width=\"212\" height=\"300\" srcset=\"https:\/\/uparbois.org\/wp-content\/uploads\/2026\/04\/Sacre-coeur-FSR-2026-212x300.jpg 212w, https:\/\/uparbois.org\/wp-content\/uploads\/2026\/04\/Sacre-coeur-FSR-2026-724x1024.jpg 724w, https:\/\/uparbois.org\/wp-content\/uploads\/2026\/04\/Sacre-coeur-FSR-2026-768x1086.jpg 768w, https:\/\/uparbois.org\/wp-content\/uploads\/2026\/04\/Sacre-coeur-FSR-2026-1086x1536.jpg 1086w, https:\/\/uparbois.org\/wp-content\/uploads\/2026\/04\/Sacre-coeur-FSR-2026.jpg 1240w\" sizes=\"(max-width: 212px) 100vw, 212px\" \/> \u00a0<span style=\"color: #ff0000;\"><strong><span style=\"text-decoration: underline;\">LE FILM \u00ab\u00a0SACR\u00c9 COEUR\u00a0\u00bb EN PROJECTION A CALAS<\/span><\/strong><\/span><\/p>\n<p>Mercredi 6 mai \u00e0 20h \u00e0 la Maison Garavaque,<\/p>\n<p>le Foyer St Rapha\u00ebl vous propose de voir ou revoir le film<\/p>\n<p>\u00ab\u00a0SACR\u00c9 COEUR\u00a0\u00bb<\/p>\n<p>Nous serons heureux de partager ce moment avec vous.<\/p>\n<p>\u00a0<\/p>\n<p>\u00a0<\/p>\n<hr \/>\n<p>\u00a0<\/p>\n\n\n\n<p><img loading=\"lazy\" decoding=\"async\" class=\"size-medium wp-image-20206 alignleft\" src=\"https:\/\/uparbois.org\/wp-content\/uploads\/2026\/01\/OClocher-2026-213x300.jpg\" alt=\"\" width=\"213\" height=\"300\" srcset=\"https:\/\/uparbois.org\/wp-content\/uploads\/2026\/01\/OClocher-2026-213x300.jpg 213w, https:\/\/uparbois.org\/wp-content\/uploads\/2026\/01\/OClocher-2026.jpg 327w\" sizes=\"(max-width: 213px) 100vw, 213px\" \/>\u00a0<span style=\"text-decoration: underline;\"><span style=\"color: #ff0000;\"><strong>OCLOCHER : NOUVEL OUTIL DE DIFFUSION DE L&rsquo;INFORMATION<\/strong><\/span><\/span><\/p>\n<div class=\"mtm _5pco\" data-testid=\"post_message\" data-ft=\"{&quot;tn&quot;:&quot;K&quot;}\">\n<div id=\"id_697b926e6b0bb3201873640\" class=\"text_exposed_root\">\n<p>Notre Unit\u00e9 pastorale se lance dans la communication du XXIe si\u00e8cle avec l&rsquo;application OClocher !<\/p>\n<p>Nous vous invitons \u00e0 la t\u00e9l\u00e9charger sans attendre pour vous permettre de suivre en temps r\u00e9el toute l&rsquo;actualit\u00e9 de notre Unit\u00e9 Pastorale Notre Dame de l&rsquo;Arbois. Les animateurs des diff\u00e9rents groupes alimentent directement leurs informations sur l&rsquo;application.<\/p>\n<p>\u00a0<\/p>\n<p><a href=\"https:\/\/app.oclocher.fr\/\" target=\"_blank\" rel=\"noopener\">Enregistrez-vous<\/a> sur l&rsquo;application OClocher pour rester inform\u00e9s.<\/p>\n<\/div>\n<\/div>\n<p>\u00a0<\/p>\n<div class=\"event\">\n<div class=\"properties left\"><hr \/><\/div>\n<\/div>\n\n\n\n<p><span style=\"color: #ff0000;\"><img loading=\"lazy\" decoding=\"async\" class=\"wp-image-19802 alignleft\" src=\"https:\/\/uparbois.org\/wp-content\/uploads\/2025\/05\/Blason-Leon-XIV-284x300.jpg\" alt=\"\" width=\"227\" height=\"240\" srcset=\"https:\/\/uparbois.org\/wp-content\/uploads\/2025\/05\/Blason-Leon-XIV-284x300.jpg 284w, https:\/\/uparbois.org\/wp-content\/uploads\/2025\/05\/Blason-Leon-XIV.jpg 483w\" sizes=\"(max-width: 227px) 100vw, 227px\" \/><span style=\"text-decoration: underline;\"><strong> IN ILLO UNO UNUM &#8211;&nbsp;<\/strong><\/span><\/span><span style=\"text-decoration: underline;\"><strong><span style=\"color: #ff0000; text-decoration: underline;\">EN CELUI QUI EST UN, SOYONS UN<\/span><\/strong><\/span><\/p>\n<p><strong>La devise de L\u00e9on XIV<\/strong>, \u00ab In illo uno unum \u00bb, que l\u2019on peut traduire par <strong>\u00ab En Celui qui est Un, soyons un \u00bb,<\/strong> puise son inspiration dans la pens\u00e9e de <strong>saint Augustin<\/strong>. Elle exprime un appel profond \u00e0 l\u2019unit\u00e9 des croyants dans le Christ, seul fondement v\u00e9ritable de la communion eccl\u00e9siale. Par ces mots, le pape souligne la centralit\u00e9 du Christ dans la mission de l\u2019\u00c9glise et invite \u00e0 d\u00e9passer les divisions pour retrouver l\u2019unit\u00e9 dans l\u2019Un, Dieu lui-m\u00eame.<br \/>Les armoiries pontificales de L\u00e9on XIV s\u2019inscrivent dans cette m\u00eame spiritualit\u00e9.&nbsp;<br \/><br \/><\/p>\n<p><a href=\"https:\/\/uparbois.org\/wp-content\/uploads\/2025\/05\/La-devise-de-Leon-XIV.pdf\" target=\"_blank\" rel=\"noopener\"><em>Lire l&rsquo;article entier<\/em><\/a><\/p>\n<hr \/>\n<p><img loading=\"lazy\" decoding=\"async\" class=\"size-medium wp-image-19799 alignleft\" src=\"https:\/\/uparbois.org\/wp-content\/uploads\/2025\/05\/Leon-XIV-216x300.jpg\" alt=\"\" width=\"216\" height=\"300\" srcset=\"https:\/\/uparbois.org\/wp-content\/uploads\/2025\/05\/Leon-XIV-216x300.jpg 216w, https:\/\/uparbois.org\/wp-content\/uploads\/2025\/05\/Leon-XIV-738x1024.jpg 738w, https:\/\/uparbois.org\/wp-content\/uploads\/2025\/05\/Leon-XIV-768x1066.jpg 768w, https:\/\/uparbois.org\/wp-content\/uploads\/2025\/05\/Leon-XIV-1107x1536.jpg 1107w, https:\/\/uparbois.org\/wp-content\/uploads\/2025\/05\/Leon-XIV.jpg 1170w\" sizes=\"(max-width: 216px) 100vw, 216px\" \/><\/p>\n<p><strong>&nbsp; <span style=\"text-decoration: underline;\"><span style=\"color: #ff0000; text-decoration: underline;\">HABEMUS PAPAM : L\u00c9ON XIV<\/span><\/span><\/strong><\/p>\n<p>Le 8 mai 2025, les cardinaux ont \u00e9lu<\/p>\n<p>Mgr Robert Francis PR\u00c9VOST,&nbsp;<\/p>\n<p>267\u00e8me successeur de Saint&nbsp; Pierre \u00e0 la t\u00eate de l&rsquo;\u00c9glise Catholique.<\/p>\n<p>Docteur en droit canonique, \u00e9v\u00eaque missionnaire au P\u00e9rou, prieur de l&rsquo;ordre de Saint Augustin, il a \u00e9t\u00e9 cr\u00e9\u00e9 cardinal en 2023 et nomm\u00e9 pr\u00e9fet du dicast\u00e8re pour les \u00e9v\u00eaques. Il s&rsquo;inscrit dans la droite ligne du Pape Fran\u00e7ois, notamment sur la synodalit\u00e9. Lors des crises politiques successives au P\u00e9rou, son r\u00f4le a \u00e9t\u00e9 d\u00e9terminant pour la paix.<\/p>\n<p>Nous remercions l&rsquo;Esprit Saint de votre \u00e9lection et vous accompagnons de nos pri\u00e8res.<\/p>\n<p>&nbsp;<\/p>\n<hr \/>\n<p><img loading=\"lazy\" decoding=\"async\" class=\"wp-image-19808 alignleft\" src=\"https:\/\/uparbois.org\/wp-content\/uploads\/2025\/05\/Charte-de-bientraitance-2025-300x212.png\" alt=\"\" width=\"219\" height=\"155\" srcset=\"https:\/\/uparbois.org\/wp-content\/uploads\/2025\/05\/Charte-de-bientraitance-2025-300x212.png 300w, https:\/\/uparbois.org\/wp-content\/uploads\/2025\/05\/Charte-de-bientraitance-2025-1024x723.png 1024w, https:\/\/uparbois.org\/wp-content\/uploads\/2025\/05\/Charte-de-bientraitance-2025-768x543.png 768w, https:\/\/uparbois.org\/wp-content\/uploads\/2025\/05\/Charte-de-bientraitance-2025.png 1107w\" sizes=\"(max-width: 219px) 100vw, 219px\" \/> <span style=\"text-decoration: underline;\"><span style=\"color: #ff0000;\"><strong>CHARTE DE BIENTRAITANCE PROTECTION DES MINEURS<\/strong><\/span><\/span><\/p>\n<p>Le <strong>Comit\u00e9 de protection des personnes contre les abus dans l\u2019\u00c9glise (CPPPCAE) a pour mission de:<\/strong><\/p>\n<ul>\n<li><strong>Accueillir et \u00c9couter<\/strong> les personnes<\/li>\n<li><strong>Assurer leur suivi et les accompagner<\/strong><\/li>\n<li><strong>Former et pr\u00e9venir<\/strong> clercs et la\u00efcs en mission d\u2019\u00c9glise<\/li>\n<li><strong>Informer et communiquer <\/strong>sur les actions conduites<\/li>\n<\/ul>\n<p>Pour servir l\u2019\u00c9glise catholique, en relation d\u2019aide aux personnes victimes ou auteurs.<br \/><strong>Fran\u00e7oise Gaussen &#8211; <\/strong><strong>Animatrice du CPPPCAE \u2013 T\u00e9l. 07 45 05 03 19<\/strong><\/p>\n<p>Le comit\u00e9 de protection des personnes s\u2019assure aussi de la diffusion des bonnes pratiques et du suivi de la r\u00e8glementation en mati\u00e8re de protection des mineurs, \u00e0 travers la <strong>charte de bientraitance<\/strong> que chaque animateur en pastorale aupr\u00e8s des mineurs s\u2019engage \u00e0 respecter.<\/p>\n<p><a href=\"https:\/\/uparbois.org\/wp-content\/uploads\/2025\/05\/charte-de-bientraitance-diocese-aix-cef.pdf\" target=\"_blank\" rel=\"noopener\"><em>Lire la charte de bientraitance<\/em><\/a><\/p>\n<hr \/>\n<p><img loading=\"lazy\" decoding=\"async\" class=\"wp-image-19628 alignleft\" src=\"https:\/\/uparbois.org\/wp-content\/uploads\/2025\/02\/IA-300x250.jpg\" alt=\"\" width=\"216\" height=\"180\" srcset=\"https:\/\/uparbois.org\/wp-content\/uploads\/2025\/02\/IA-300x250.jpg 300w, https:\/\/uparbois.org\/wp-content\/uploads\/2025\/02\/IA-768x640.jpg 768w, https:\/\/uparbois.org\/wp-content\/uploads\/2025\/02\/IA.jpg 1024w\" sizes=\"(max-width: 216px) 100vw, 216px\" \/><\/p>\n<p><span style=\"text-decoration: underline; color: #ff0000;\"><strong>INTELLIGENCE ARTIFICIELLE<\/strong><\/span><\/p>\n<p><strong><em>Note sur les relations entre l\u2019intelligence artificielle et l\u2019intelligence humaine<\/em><\/strong><\/p>\n<p>Le document&nbsp;<em>Antiqua Nova<\/em>, publi\u00e9 le 28 janvier 2025, traite des enjeux anthropologiques, \u00e9thiques et sociaux li\u00e9s \u00e0 l\u2019intelligence artificielle (IA). En 35 pages, il explore des domaines vari\u00e9s tels que l\u2019\u00e9ducation, l\u2019\u00e9conomie, le travail, la sant\u00e9, les relations humaines et la guerre. Il met en garde contre les risques de d\u00e9s\u00e9quilibres sociaux, de surveillance accrue, de perte des comp\u00e9tences humaines et d\u2019utilisation des armes autonomes sans contr\u00f4le humain.<\/p>\n<p>Un article sur le site du dioc\u00e8se offre une r\u00e9capitulation de la parole du Magist\u00e8re de l\u2019\u00c9glise sur l\u2019Intelligence artificielle ces derni\u00e8res ann\u00e9es.<\/p>\n<p><em>Vous le trouverez sur&nbsp;:&nbsp;<\/em><\/p>\n<p><a href=\"https:\/\/www.vatican.va\/roman_curia\/congregations\/cfaith\/documents\/rc_ddf_doc_20250128_antiqua-et-nova_fr.html#_ftn59\" target=\"_blank\" rel=\"noopener\"><em>Lire Antiqua et Nova<\/em><\/a><\/p>\n<p><a href=\"https:\/\/www.vatican.va\/content\/francesco\/fr\/messages\/pont-messages\/2025\/documents\/20250114-messaggio-world-economic-forum.html\" target=\"_blank\" rel=\"noopener\">Message du Pape Fran\u00e7ois au forum de Davos<\/a><\/p>\n\n\n\n<hr \/>\n<p><img loading=\"lazy\" decoding=\"async\" class=\" wp-image-19288 alignleft\" src=\"https:\/\/uparbois.org\/wp-content\/uploads\/2024\/10\/R5_04581-300x244.jpg\" alt=\"\" width=\"243\" height=\"198\" srcset=\"https:\/\/uparbois.org\/wp-content\/uploads\/2024\/10\/R5_04581-300x244.jpg 300w, https:\/\/uparbois.org\/wp-content\/uploads\/2024\/10\/R5_04581-1024x832.jpg 1024w, https:\/\/uparbois.org\/wp-content\/uploads\/2024\/10\/R5_04581-768x624.jpg 768w, https:\/\/uparbois.org\/wp-content\/uploads\/2024\/10\/R5_04581-1536x1248.jpg 1536w, https:\/\/uparbois.org\/wp-content\/uploads\/2024\/10\/R5_04581-2048x1663.jpg 2048w\" sizes=\"(max-width: 243px) 100vw, 243px\" \/><span style=\"color: #ff0000;\"><strong><u>NOMINATIONS<\/u><\/strong><\/span><\/p>\n<p>Pour le service de l\u2019annonce de l\u2019\u00c9vangile, mission commen\u00e7ant le 1er septembre 2024, pour le Doyenn\u00e9 du Pays de Gardanne :<\/p>\n<p>\u2022 Mgr Luc-Marie LALANNE est nomm\u00e9 cur\u00e9 des paroisses de Bouc-Bel-Air, Calas et Cabri\u00e8s, composant l\u2019unit\u00e9 pastorale Notre Dame de I\u2019Arbois.<\/p>\n<p>&nbsp;<strong><em>+ Mgr Christian DELARBRE &#8211; A<\/em><\/strong><strong><em>rchev\u00eaque d&rsquo;Aix-en-Provence et Arles<\/em><\/strong><\/p>\n<p><em>Installation de Mgr Luc Marie LALANNE par Mgr DELARBRE le dimanche 6 octobre 2024 \u00e0 la Trebillane de Calas<\/em><\/p>\n\n\n\n<hr \/>\n<p><strong><img loading=\"lazy\" decoding=\"async\" class=\"size-medium wp-image-19303 alignleft\" src=\"https:\/\/uparbois.org\/wp-content\/uploads\/2024\/10\/IMG_3032page-1-209x300.jpg\" alt=\"\" width=\"209\" height=\"300\" srcset=\"https:\/\/uparbois.org\/wp-content\/uploads\/2024\/10\/IMG_3032page-1-209x300.jpg 209w, https:\/\/uparbois.org\/wp-content\/uploads\/2024\/10\/IMG_3032page-1-712x1024.jpg 712w, https:\/\/uparbois.org\/wp-content\/uploads\/2024\/10\/IMG_3032page-1-768x1105.jpg 768w, https:\/\/uparbois.org\/wp-content\/uploads\/2024\/10\/IMG_3032page-1-1068x1536.jpg 1068w, https:\/\/uparbois.org\/wp-content\/uploads\/2024\/10\/IMG_3032page-1-1424x2048.jpg 1424w, https:\/\/uparbois.org\/wp-content\/uploads\/2024\/10\/IMG_3032page-1.jpg 1698w\" sizes=\"(max-width: 209px) 100vw, 209px\" \/><span style=\"text-decoration: underline;\"><span style=\"color: #ff0000; text-decoration: underline;\">GUIDE DES SERVICES DE L&rsquo;UP ND de l&rsquo;ARBOIS Octobre 2024<\/span><\/span> <br \/><\/strong><\/p>\n<div>Vous trouverez ci-joint le d\u00e9pliant sur les services paroissiaux ou les services assur\u00e9s par des paroissiens.<\/div>\n<div>&nbsp;<\/div>\n<div>Chacun a sa place pour s&rsquo;incorporer \u00e0 un service qu&rsquo;il soit liturgique, cat\u00e9ch\u00e9tique (KT, aum\u00f4nerie, accompagnement des parents pour le bapt\u00eame, des fianc\u00e9s&#8230;), caritatif et d&rsquo;attention aux personnes.<\/div>\n<div>&nbsp;<\/div>\n<div>&nbsp;<\/div>\n<div><strong>L&rsquo;\u00c9glise, c&rsquo;est vou<\/strong>s, et <strong>vous aussi mettez vos talents au service des autres<\/strong> et faire ainsi rayonner la bonne nouvelle du Christ ressuscit\u00e9.<\/div>\n<div>&nbsp;<\/div>\n<div>Des services s&rsquo;ajoutent r\u00e9guli\u00e8rement, et vous pouvez ajouter le v\u00f4tre.<\/div>\n<div>Le petit dernier est celui de la Table Ouverte Paroissiale avec Agathe Stevens comme contact 06 15 28 66 66.<\/div>\n<div>&nbsp;<\/div>\n<div>&nbsp;<\/div>\n<div><a href=\"https:\/\/uparbois.org\/wp-content\/uploads\/2024\/10\/Depliant-services-2024-09.pdf\" target=\"_blank\" rel=\"noopener\">Voir le guide d&rsquo;octobre 2024<\/a><\/div>\n<div>&nbsp;<\/div>\n<div><hr \/><\/div>\n<p>&nbsp;<\/p>\n\n\n\n<p><img loading=\"lazy\" decoding=\"async\" class=\" wp-image-17667 alignleft\" src=\"https:\/\/uparbois.org\/wp-content\/uploads\/2022\/09\/Armoiries-X-Delarbre-1-238x300.png\" alt=\"\" width=\"213\" height=\"269\" srcset=\"https:\/\/uparbois.org\/wp-content\/uploads\/2022\/09\/Armoiries-X-Delarbre-1-238x300.png 238w, https:\/\/uparbois.org\/wp-content\/uploads\/2022\/09\/Armoiries-X-Delarbre-1.png 277w\" sizes=\"(max-width: 213px) 100vw, 213px\" \/><strong><span style=\"color: #0000ff;\">\u00d4 INTERMINATA CARITAS&#8230; \u00d4 CHARIT\u00c9 SANS BORNE&#8230;\u00a0\u00a0\u00a0\u00a0\u00a0\u00a0\u00a0\u00a0\u00a0\u00a0\u00a0\u00a0\u00a0\u00a0\u00a0\u00a0\u00a0\u00a0\u00a0\u00a0\u00a0\u00a0\u00a0\u00a0\u00a0\u00a0\u00a0\u00a0\u00a0\u00a0\u00a0\u00a0\u00a0\u00a0\u00a0\u00a0\u00a0\u00a0\u00a0\u00a0\u00a0\u00a0\u00a0\u00a0\u00a0\u00a0 \u00a0 \u00a0 \u00a0 \u00a0\u00a0 \u00a0\u00a0\u00a0\u00a0 LES ARMOIRIES DE MGR CHRISTIAN DELARBRE <\/span><br \/><\/strong><\/p>\n<p><strong><em>Gironn\u00e9 de gueules et d\u2019argent de douze pi\u00e8ces, appoint\u00e9 au point d\u2019honneur, \u00e0 la croix latine issante d\u2019un rocher \u00e0 trois coupeaux d\u2019or, sur le tout.<\/em><\/strong><\/p>\n<p>Les douze pi\u00e8ces du gironn\u00e9, \u00e9voquent les douze tribus d\u2019Isra\u00ebl, les douze ap\u00f4tres et leur mission qui conduit, par l\u2019annonce de la Parole de Dieu, et le t\u00e9moignage de son amour, \u00e0 la J\u00e9rusalem c\u00e9leste et \u00e9ternelle par laquelle on entre par douze portes. La croix latine est au c\u0153ur de ce rayonnement. Enracin\u00e9e sur un rocher \u00e0 trois coupeaux qui \u00e9voquent la Sainte-Trinit\u00e9. L\u2019or est l\u2019\u00e9mail qui repr\u00e9sente la foi, en h\u00e9raldique, elle est la couleur de la lumi\u00e8re. <em>\u00ab\u00a0Il n\u2019y a pas de plus grand amour que de donner sa vie pour ceux qu\u2019on aime\u00a0\u00bb<\/em>, cet amour qui s\u2019est manifest\u00e9 sur la croix par l\u2019effusion du sang et de l\u2019eau (gueules et argent) s\u2019enracine en la Sainte-Trinit\u00e9. Ce rayonnement veut qui vient du c\u0153ur de la croix est sans fronti\u00e8re. La croix latine sur le rocher \u00e0 trois coupeaux est aussi une repr\u00e9sentation de la croix de Provence qui se dresse sur la Sainte-Victoire, dominant Aix-en-Provence, et veillant sur le dioc\u00e8se. L\u2019utilisation de trois \u00e9maux renforce la r\u00e9f\u00e9rence \u00e0 la Sainte-Trinit\u00e9. \u00ab Sang et or \u00bb sont les couleurs de la Provence, mais aussi celles de Toulouse d\u2019o\u00f9 arrive Mgr Delarbre. L\u2019argent et le gueules sont celles d\u2019Auch, dioc\u00e8se d\u2019origine de Mgr Delarbre. En outre, l\u2019or, l\u2019argent et gueules sont les couleurs de la ville de L\u2019Isle-Jourdain, premi\u00e8re paroisse qui a beaucoup marqu\u00e9 l\u2019\u00e9v\u00eaque, et patrie de saint Bertrand de Comminges.\u00a0 <em>\u00ab\u00a0O Interminata Caritas\u00a0\u00bb<\/em>, l\u2019amour du Dieu trinitaire n\u2019a pas de borne ni de fronti\u00e8re, c\u2019est cet amour qui nous habite comme chr\u00e9tien, et dont on t\u00e9moigne. Habit\u00e9 par l\u2019amour de Dieu pour en t\u00e9moigner sans fronti\u00e8re et sans limite.\u00a0 [<em>Abb\u00e9 Bruno Gerthoux Archiviste du dioc\u00e8se d\u2019<\/em><\/p>\n<hr \/>\n","protected":false},"excerpt":{"rendered":"<p>\u00a0 \u00a0LE FILM \u00ab\u00a0SACR\u00c9 COEUR\u00a0\u00bb EN PROJECTION A CALAS Mercredi 6 mai \u00e0 20h \u00e0 la Maison Garavaque, le Foyer St Rapha\u00ebl vous propose de voir ou revoir le film \u00ab\u00a0SACR\u00c9 COEUR\u00a0\u00bb Nous serons heureux de partager ce moment avec vous. \u00a0 \u00a0 \u00a0 \u00a0OCLOCHER : NOUVEL OUTIL DE DIFFUSION DE L&rsquo;INFORMATION Notre Unit\u00e9 pastorale [&hellip;]<\/p>\n","protected":false},"author":3,"featured_media":0,"parent":0,"menu_order":0,"comment_status":"closed","ping_status":"closed","template":"","meta":{"ocean_post_layout":"","ocean_both_sidebars_style":"","ocean_both_sidebars_content_width":0,"ocean_both_sidebars_sidebars_width":0,"ocean_sidebar":"0","ocean_second_sidebar":"0","ocean_disable_margins":"enable","ocean_add_body_class":"","ocean_shortcode_before_top_bar":"","ocean_shortcode_after_top_bar":"","ocean_shortcode_before_header":"","ocean_shortcode_after_header":"","ocean_has_shortcode":"","ocean_shortcode_after_title":"","ocean_shortcode_before_footer_widgets":"","ocean_shortcode_after_footer_widgets":"","ocean_shortcode_before_footer_bottom":"","ocean_shortcode_after_footer_bottom":"","ocean_display_top_bar":"default","ocean_display_header":"default","ocean_header_style":"","ocean_center_header_left_menu":"0","ocean_custom_header_template":"0","ocean_custom_logo":0,"ocean_custom_retina_logo":0,"ocean_custom_logo_max_width":0,"ocean_custom_logo_tablet_max_width":0,"ocean_custom_logo_mobile_max_width":0,"ocean_custom_logo_max_height":0,"ocean_custom_logo_tablet_max_height":0,"ocean_custom_logo_mobile_max_height":0,"ocean_header_custom_menu":"0","ocean_menu_typo_font_family":"0","ocean_menu_typo_font_subset":"","ocean_menu_typo_font_size":0,"ocean_menu_typo_font_size_tablet":0,"ocean_menu_typo_font_size_mobile":0,"ocean_menu_typo_font_size_unit":"px","ocean_menu_typo_font_weight":"","ocean_menu_typo_font_weight_tablet":"","ocean_menu_typo_font_weight_mobile":"","ocean_menu_typo_transform":"","ocean_menu_typo_transform_tablet":"","ocean_menu_typo_transform_mobile":"","ocean_menu_typo_line_height":0,"ocean_menu_typo_line_height_tablet":0,"ocean_menu_typo_line_height_mobile":0,"ocean_menu_typo_line_height_unit":"","ocean_menu_typo_spacing":0,"ocean_menu_typo_spacing_tablet":0,"ocean_menu_typo_spacing_mobile":0,"ocean_menu_typo_spacing_unit":"","ocean_menu_link_color":"","ocean_menu_link_color_hover":"","ocean_menu_link_color_active":"","ocean_menu_link_background":"","ocean_menu_link_hover_background":"","ocean_menu_link_active_background":"","ocean_menu_social_links_bg":"","ocean_menu_social_hover_links_bg":"","ocean_menu_social_links_color":"","ocean_menu_social_hover_links_color":"","ocean_disable_title":"default","ocean_disable_heading":"default","ocean_post_title":"","ocean_post_subheading":"","ocean_post_title_style":"","ocean_post_title_background_color":"","ocean_post_title_background":0,"ocean_post_title_bg_image_position":"","ocean_post_title_bg_image_attachment":"","ocean_post_title_bg_image_repeat":"","ocean_post_title_bg_image_size":"","ocean_post_title_height":0,"ocean_post_title_bg_overlay":0.5,"ocean_post_title_bg_overlay_color":"","ocean_disable_breadcrumbs":"default","ocean_breadcrumbs_color":"","ocean_breadcrumbs_separator_color":"","ocean_breadcrumbs_links_color":"","ocean_breadcrumbs_links_hover_color":"","ocean_display_footer_widgets":"default","ocean_display_footer_bottom":"default","ocean_custom_footer_template":"0","footnotes":""},"_links":{"self":[{"href":"https:\/\/uparbois.org\/index.php?rest_route=\/wp\/v2\/pages\/1602"}],"collection":[{"href":"https:\/\/uparbois.org\/index.php?rest_route=\/wp\/v2\/pages"}],"about":[{"href":"https:\/\/uparbois.org\/index.php?rest_route=\/wp\/v2\/types\/page"}],"author":[{"embeddable":true,"href":"https:\/\/uparbois.org\/index.php?rest_route=\/wp\/v2\/users\/3"}],"replies":[{"embeddable":true,"href":"https:\/\/uparbois.org\/index.php?rest_route=%2Fwp%2Fv2%2Fcomments&post=1602"}],"version-history":[{"count":1993,"href":"https:\/\/uparbois.org\/index.php?rest_route=\/wp\/v2\/pages\/1602\/revisions"}],"predecessor-version":[{"id":20288,"href":"https:\/\/uparbois.org\/index.php?rest_route=\/wp\/v2\/pages\/1602\/revisions\/20288"}],"wp:attachment":[{"href":"https:\/\/uparbois.org\/index.php?rest_route=%2Fwp%2Fv2%2Fmedia&parent=1602"}],"curies":[{"name":"wp","href":"https:\/\/api.w.org\/{rel}","templated":true}]}}