{"id":1552,"date":"2014-07-24T12:25:31","date_gmt":"2014-07-24T10:25:31","guid":{"rendered":"http:\/\/localhost\/wordpress\/?page_id=1552"},"modified":"2024-02-01T08:56:57","modified_gmt":"2024-02-01T07:56:57","slug":"eal-cabries-calas","status":"publish","type":"page","link":"https:\/\/uparbois.org\/?page_id=1552","title":{"rendered":"EAL Cabri\u00e8s-Calas"},"content":{"rendered":"<p style=\"text-align: left;\"><span style=\"color: #ff0000;\"><strong><span style=\"background-color: #ccffff;\">L&rsquo;\u00e9quipe d&rsquo;animation locale (E.A.L.)<\/span><\/strong><\/span><\/p>\n<p style=\"text-align: left;\">La communaut\u00e9 locale choisit les membres de l&rsquo;\u00e9quipe d&rsquo;animation locale ; ce choix, authentifi\u00e9 par l&rsquo;\u00e9quipe d&rsquo;animation pastorale, est r\u00e9alis\u00e9 tous les 3 ans, afin de maintenir le n\u00e9cessaire renouvellement. L&rsquo;\u00e9quipe d&rsquo;animation locale est compos\u00e9e d&rsquo;un coordinateur, d&rsquo;un responsable pour chacune des trois dimensions pastorales (annonce de la foi, c\u00e9l\u00e9brations, solidarit\u00e9), et d&rsquo;un responsable pour les questions mat\u00e9rielles et financi\u00e8res; elle est responsable vis \u00e0 vis de l&rsquo;\u00e9quipe d&rsquo;animation pastorale, avec laquelle elle est en relation habituelle.<\/p>\n<p style=\"text-align: center;\"><img loading=\"lazy\" decoding=\"async\" class=\"alignnone size-medium wp-image-18680\" src=\"https:\/\/uparbois.org\/wp-content\/uploads\/2024\/02\/EAL-2024-300x280.jpg\" alt=\"\" width=\"300\" height=\"280\" srcset=\"https:\/\/uparbois.org\/wp-content\/uploads\/2024\/02\/EAL-2024-300x280.jpg 300w, https:\/\/uparbois.org\/wp-content\/uploads\/2024\/02\/EAL-2024.jpg 360w\" sizes=\"(max-width: 300px) 100vw, 300px\" \/><\/p>\n<p style=\"text-align: left;\">L&rsquo;\u00e9quipe d&rsquo;Animation locale 2024 de Cabri\u00e8s Calas est compos\u00e9e de :<\/p>\n<p style=\"text-align: left;\">Mesdames Alice BURDEYRON &#8211;\u00a0 Anne DONN\u00c9 &#8211;\u00a0 Marie Claude DRUGUET &#8211; Dani\u00e8le HERNANDEZ &#8211; R\u00e9gine OBERTI &#8211; Sylvie PHILIPPONNEAU &#8211; Anny PIERN\u00c9 &#8211; Sophie REMOND &#8211; Mireille\u00a0 VANDEN BRANDE<\/p>\n<p style=\"text-align: left;\">Messieurs\u00a0\u00a0 Heinz GLESSMER &#8211; Guy LAGAUDE &#8211; Louis LANFRANCO &#8211; Jean Pierre LARY<\/p>\n<p>et des membres de l&rsquo; E.A.P.\u00a0 Elle est coordonn\u00e9e par Pierre GARRIGUE.<\/p>\n<p style=\"text-align: center;\">\n","protected":false},"excerpt":{"rendered":"<p>L&rsquo;\u00e9quipe d&rsquo;animation locale (E.A.L.) La communaut\u00e9 locale choisit les membres de l&rsquo;\u00e9quipe d&rsquo;animation locale ; ce choix, authentifi\u00e9 par l&rsquo;\u00e9quipe d&rsquo;animation pastorale, est r\u00e9alis\u00e9 tous les 3 ans, afin de maintenir le n\u00e9cessaire renouvellement. L&rsquo;\u00e9quipe d&rsquo;animation locale est compos\u00e9e d&rsquo;un coordinateur, d&rsquo;un responsable pour chacune des trois dimensions pastorales (annonce de la foi, c\u00e9l\u00e9brations, solidarit\u00e9), [&hellip;]<\/p>\n","protected":false},"author":2,"featured_media":0,"parent":1540,"menu_order":3,"comment_status":"closed","ping_status":"closed","template":"","meta":{"ocean_post_layout":"","ocean_both_sidebars_style":"","ocean_both_sidebars_content_width":0,"ocean_both_sidebars_sidebars_width":0,"ocean_sidebar":"0","ocean_second_sidebar":"0","ocean_disable_margins":"enable","ocean_add_body_class":"","ocean_shortcode_before_top_bar":"","ocean_shortcode_after_top_bar":"","ocean_shortcode_before_header":"","ocean_shortcode_after_header":"","ocean_has_shortcode":"","ocean_shortcode_after_title":"","ocean_shortcode_before_footer_widgets":"","ocean_shortcode_after_footer_widgets":"","ocean_shortcode_before_footer_bottom":"","ocean_shortcode_after_footer_bottom":"","ocean_display_top_bar":"default","ocean_display_header":"default","ocean_header_style":"","ocean_center_header_left_menu":"0","ocean_custom_header_template":"0","ocean_custom_logo":0,"ocean_custom_retina_logo":0,"ocean_custom_logo_max_width":0,"ocean_custom_logo_tablet_max_width":0,"ocean_custom_logo_mobile_max_width":0,"ocean_custom_logo_max_height":0,"ocean_custom_logo_tablet_max_height":0,"ocean_custom_logo_mobile_max_height":0,"ocean_header_custom_menu":"0","ocean_menu_typo_font_family":"0","ocean_menu_typo_font_subset":"","ocean_menu_typo_font_size":0,"ocean_menu_typo_font_size_tablet":0,"ocean_menu_typo_font_size_mobile":0,"ocean_menu_typo_font_size_unit":"px","ocean_menu_typo_font_weight":"","ocean_menu_typo_font_weight_tablet":"","ocean_menu_typo_font_weight_mobile":"","ocean_menu_typo_transform":"","ocean_menu_typo_transform_tablet":"","ocean_menu_typo_transform_mobile":"","ocean_menu_typo_line_height":0,"ocean_menu_typo_line_height_tablet":0,"ocean_menu_typo_line_height_mobile":0,"ocean_menu_typo_line_height_unit":"","ocean_menu_typo_spacing":0,"ocean_menu_typo_spacing_tablet":0,"ocean_menu_typo_spacing_mobile":0,"ocean_menu_typo_spacing_unit":"","ocean_menu_link_color":"","ocean_menu_link_color_hover":"","ocean_menu_link_color_active":"","ocean_menu_link_background":"","ocean_menu_link_hover_background":"","ocean_menu_link_active_background":"","ocean_menu_social_links_bg":"","ocean_menu_social_hover_links_bg":"","ocean_menu_social_links_color":"","ocean_menu_social_hover_links_color":"","ocean_disable_title":"default","ocean_disable_heading":"default","ocean_post_title":"","ocean_post_subheading":"","ocean_post_title_style":"","ocean_post_title_background_color":"","ocean_post_title_background":0,"ocean_post_title_bg_image_position":"","ocean_post_title_bg_image_attachment":"","ocean_post_title_bg_image_repeat":"","ocean_post_title_bg_image_size":"","ocean_post_title_height":0,"ocean_post_title_bg_overlay":0.5,"ocean_post_title_bg_overlay_color":"","ocean_disable_breadcrumbs":"default","ocean_breadcrumbs_color":"","ocean_breadcrumbs_separator_color":"","ocean_breadcrumbs_links_color":"","ocean_breadcrumbs_links_hover_color":"","ocean_display_footer_widgets":"default","ocean_display_footer_bottom":"default","ocean_custom_footer_template":"0","footnotes":""},"_links":{"self":[{"href":"https:\/\/uparbois.org\/index.php?rest_route=\/wp\/v2\/pages\/1552"}],"collection":[{"href":"https:\/\/uparbois.org\/index.php?rest_route=\/wp\/v2\/pages"}],"about":[{"href":"https:\/\/uparbois.org\/index.php?rest_route=\/wp\/v2\/types\/page"}],"author":[{"embeddable":true,"href":"https:\/\/uparbois.org\/index.php?rest_route=\/wp\/v2\/users\/2"}],"replies":[{"embeddable":true,"href":"https:\/\/uparbois.org\/index.php?rest_route=%2Fwp%2Fv2%2Fcomments&post=1552"}],"version-history":[{"count":21,"href":"https:\/\/uparbois.org\/index.php?rest_route=\/wp\/v2\/pages\/1552\/revisions"}],"predecessor-version":[{"id":18681,"href":"https:\/\/uparbois.org\/index.php?rest_route=\/wp\/v2\/pages\/1552\/revisions\/18681"}],"up":[{"embeddable":true,"href":"https:\/\/uparbois.org\/index.php?rest_route=\/wp\/v2\/pages\/1540"}],"wp:attachment":[{"href":"https:\/\/uparbois.org\/index.php?rest_route=%2Fwp%2Fv2%2Fmedia&parent=1552"}],"curies":[{"name":"wp","href":"https:\/\/api.w.org\/{rel}","templated":true}]}}