{"id":1548,"date":"2014-07-24T12:24:36","date_gmt":"2014-07-24T10:24:36","guid":{"rendered":"http:\/\/localhost\/wordpress\/?page_id=1548"},"modified":"2024-09-15T17:26:02","modified_gmt":"2024-09-15T16:26:02","slug":"eap","status":"publish","type":"page","link":"https:\/\/uparbois.org\/?page_id=1548","title":{"rendered":"EAP"},"content":{"rendered":"<p style=\"text-align: left;\"><strong><span style=\"background-color: #ccffff; color: #ff6600;\">L\u2019\u00c9quipe d\u2019Animation Pastorale<\/span><\/strong> (EAP) est un groupe de personnes choisies par notre Cur\u00e9, le P\u00e8re Luc Marie Lalanne,\u00a0 et mandat\u00e9es par notre \u00e9v\u00eaque\u00a0 Mgr Christian Delabre.<\/p>\n<p style=\"text-align: left;\">L\u2019 EAP est constitu\u00e9e de chr\u00e9tiens qui collaborent \u00e0 l&rsquo;exercice de la charge pastorale du P\u00e8re Benoit.<\/p>\n<p style=\"text-align: left;\">L&rsquo; EAP participe \u00e9troitement \u00e0 la mission de l&rsquo;\u00c9glise locale dans la fid\u00e9lit\u00e9 aux orientations dioc\u00e9saines.<\/p>\n<p style=\"text-align: left;\">Elle s&rsquo;efforce avec le P\u00e8re Benoit, de d\u00e9cider, de mettre en \u0153uvre et de coordonner les activit\u00e9s habituelles ou exceptionnelles de l\u2019Unit\u00e9 Pastorale Arbois.<\/p>\n<p style=\"text-align: left;\">Conform\u00e9ment aux Statuts de l&rsquo;EAP (Mgr Feidt 29\/05\/2003), elle a pour mission d&rsquo;assurer les trois fonctions :<\/p>\n<p style=\"text-align: left;\"><em><strong><a href=\"https:\/\/uparbois.org\/wp-content\/uploads\/2014\/07\/Bible.gif\"><img loading=\"lazy\" decoding=\"async\" class=\"alignnone wp-image-2472 size-thumbnail\" src=\"https:\/\/uparbois.org\/wp-content\/uploads\/2014\/07\/Bible-100x100.gif\" alt=\"Bible\" width=\"100\" height=\"100\" \/><\/a>\u00a0\u00a0\u00a0\u00a0\u00a0\u00a0\u00a0\u00a0\u00a0\u00a0\u00a0\u00a0\u00a0\u00a0\u00a0\u00a0\u00a0\u00a0\u00a0\u00a0\u00a0\u00a0\u00a0\u00a0 Enseignement : <\/strong><\/em>Annoncer et faire partager la v\u00e9rit\u00e9 de l&rsquo;\u00c9vangile,<\/p>\n<p style=\"text-align: left;\"><em><strong><a href=\"https:\/\/uparbois.org\/wp-content\/uploads\/2014\/07\/Pri\u00e8re.jpg\"><img loading=\"lazy\" decoding=\"async\" class=\"alignnone wp-image-2473 size-thumbnail\" src=\"https:\/\/uparbois.org\/wp-content\/uploads\/2014\/07\/Pri\u00e8re-100x100.jpg\" alt=\"Pri\u00e8re\" width=\"100\" height=\"100\" \/><\/a><\/strong><strong>\u00a0\u00a0\u00a0\u00a0\u00a0\u00a0\u00a0\u00a0\u00a0\u00a0\u00a0\u00a0\u00a0\u00a0\u00a0\u00a0\u00a0\u00a0\u00a0\u00a0\u00a0\u00a0\u00a0\u00a0 Sancti<\/strong><strong><em>fic<\/em>ation :<\/strong> <\/em>Veiller \u00e0 promouvoir la saintet\u00e9 des fid\u00e8les par la pri\u00e8re et les sacrements, particuli\u00e8rement l&rsquo;Eucharistie, source et sommet de toute vie chr\u00e9tienne et de l&rsquo;\u00e9vang\u00e9lisation,<\/p>\n<p style=\"text-align: left;\"><em><strong><a href=\"https:\/\/uparbois.org\/wp-content\/uploads\/2014\/07\/partage.png\"><img loading=\"lazy\" decoding=\"async\" class=\"alignnone wp-image-2474 size-thumbnail\" src=\"https:\/\/uparbois.org\/wp-content\/uploads\/2014\/07\/partage-100x100.png\" alt=\"partage\" width=\"100\" height=\"100\" \/><\/a>\u00a0\u00a0\u00a0\u00a0\u00a0\u00a0\u00a0\u00a0\u00a0\u00a0\u00a0\u00a0\u00a0\u00a0\u00a0\u00a0\u00a0\u00a0\u00a0\u00a0\u00a0\u00a0\u00a0\u00a0 Conduite de la communaut\u00e9 : <\/strong><\/em>Rassembler et guider dans l&rsquo;unit\u00e9 et la communion la communaut\u00e9 chr\u00e9tienne, en vue de sa croissance et de sa mission&#8230;<\/p>\n<div><\/div>\n<div>Concr\u00e8tement :<\/div>\n<div>\u25ca Elle se veut \u00eatre \u00e0 l\u2019\u00e9coute des communaut\u00e9s.<\/div>\n<div>\u25ca Elle envisage les actions \u00e0 mener.<\/div>\n<div>\u25ca Elle sugg\u00e8re des initiatives<\/div>\n<div>\u25ca Elle suscite des solidarit\u00e9s.<\/div>\n<div>\u25ca Elle essaie de faire circuler l\u2019information.<\/div>\n<div>\u25ca &#8230;<\/div>\n<div><\/div>\n<div>L&rsquo;\u00e9quipe d&rsquo; Animation Pastorale de l&rsquo; UP Arbois est constitu\u00e9e de :<\/div>\n<div>&#8211; Deux membres de droit, le P\u00e8re Beno\u00eet, notre cur\u00e9 et Louis Schall, le diacre permanent,<\/div>\n<div>&#8211; Six la\u00efcs (3 de Bouc Bel Air , 3 de Cabri\u00e8s Calas); ils sont nomm\u00e9s pour une dur\u00e9e de 3 ans.<\/div>\n<div><\/div>\n<div><\/div>\n<div>\n<table style=\"width: 165.358%; height: 126px;\">\n<tbody>\n<tr style=\"background-color: #fcfc56;\">\n<td style=\"width: 45.9323%; background-color: #f2cf9d; height: 18px;\"><strong><span style=\"color: #0000ff;\">Luc Marie Lalanne<br \/>\n<\/span><\/strong><\/td>\n<td style=\"width: 53.4917%; background-color: #f2cf9d; height: 18px;\"><strong><span style=\"color: #0000ff;\">Cur\u00e9 de l&rsquo;Unit\u00e9 Pastorale<\/span><\/strong><\/td>\n<\/tr>\n<tr style=\"background-color: #fcfc56;\">\n<td style=\"width: 45.9323%; height: 18px;\">Catherine Groussin<\/td>\n<td style=\"width: 53.4917%; background-color: #f7f763; height: 18px;\">Bouc Bel air<\/td>\n<\/tr>\n<tr style=\"background-color: #4dedf0;\">\n<td style=\"width: 45.9323%; height: 18px;\">Jackie Vernet<\/td>\n<td style=\"width: 53.4917%; height: 18px;\">Bouc Bel Air<\/td>\n<\/tr>\n<tr>\n<td style=\"width: 45.9323%; background-color: #f7f763;\">Bernard Ricci<\/td>\n<td style=\"width: 53.4917%; background-color: #f7f763;\">Bouc Bel air<\/td>\n<\/tr>\n<tr style=\"background-color: #4dedf0;\">\n<td style=\"width: 45.9323%;\">Dominique Arrighi de Casanova<\/td>\n<td style=\"width: 53.4917%;\">Cabri\u00e8s Calas<\/td>\n<\/tr>\n<tr style=\"background-color: #4dedf0;\">\n<td style=\"width: 45.9323%; background-color: #f7f763; height: 18px;\">Alice Burdeyron<\/td>\n<td style=\"width: 53.4917%; background-color: #f7f763; height: 18px;\">Cabri\u00e8s Calas<\/td>\n<\/tr>\n<tr style=\"background-color: #fcfc56;\">\n<td style=\"width: 45.9323%; background-color: #4dedf0; height: 18px;\">Terry Duch\u00eane<\/td>\n<td style=\"width: 53.4917%; background-color: #4dedf0; height: 18px;\">Cabri\u00e8s-Calas<\/td>\n<\/tr>\n<tr style=\"background-color: #adf7cc;\">\n<td style=\"width: 45.9323%; height: 18px;\">Louis Schall<\/td>\n<td style=\"width: 53.4917%; height: 18px;\">Diacre permanent<\/td>\n<\/tr>\n<\/tbody>\n<\/table>\n<\/div>\n<div><\/div>\n","protected":false},"excerpt":{"rendered":"<p>L\u2019\u00c9quipe d\u2019Animation Pastorale (EAP) est un groupe de personnes choisies par notre Cur\u00e9, le P\u00e8re Luc Marie Lalanne,\u00a0 et mandat\u00e9es par notre \u00e9v\u00eaque\u00a0 Mgr Christian Delabre. L\u2019 EAP est constitu\u00e9e de chr\u00e9tiens qui collaborent \u00e0 l&rsquo;exercice de la charge pastorale du P\u00e8re Benoit. L&rsquo; EAP participe \u00e9troitement \u00e0 la mission de l&rsquo;\u00c9glise locale dans la [&hellip;]<\/p>\n","protected":false},"author":2,"featured_media":0,"parent":1540,"menu_order":4,"comment_status":"closed","ping_status":"closed","template":"","meta":{"ocean_post_layout":"","ocean_both_sidebars_style":"","ocean_both_sidebars_content_width":0,"ocean_both_sidebars_sidebars_width":0,"ocean_sidebar":"0","ocean_second_sidebar":"0","ocean_disable_margins":"enable","ocean_add_body_class":"","ocean_shortcode_before_top_bar":"","ocean_shortcode_after_top_bar":"","ocean_shortcode_before_header":"","ocean_shortcode_after_header":"","ocean_has_shortcode":"","ocean_shortcode_after_title":"","ocean_shortcode_before_footer_widgets":"","ocean_shortcode_after_footer_widgets":"","ocean_shortcode_before_footer_bottom":"","ocean_shortcode_after_footer_bottom":"","ocean_display_top_bar":"default","ocean_display_header":"default","ocean_header_style":"","ocean_center_header_left_menu":"0","ocean_custom_header_template":"0","ocean_custom_logo":0,"ocean_custom_retina_logo":0,"ocean_custom_logo_max_width":0,"ocean_custom_logo_tablet_max_width":0,"ocean_custom_logo_mobile_max_width":0,"ocean_custom_logo_max_height":0,"ocean_custom_logo_tablet_max_height":0,"ocean_custom_logo_mobile_max_height":0,"ocean_header_custom_menu":"0","ocean_menu_typo_font_family":"0","ocean_menu_typo_font_subset":"","ocean_menu_typo_font_size":0,"ocean_menu_typo_font_size_tablet":0,"ocean_menu_typo_font_size_mobile":0,"ocean_menu_typo_font_size_unit":"px","ocean_menu_typo_font_weight":"","ocean_menu_typo_font_weight_tablet":"","ocean_menu_typo_font_weight_mobile":"","ocean_menu_typo_transform":"","ocean_menu_typo_transform_tablet":"","ocean_menu_typo_transform_mobile":"","ocean_menu_typo_line_height":0,"ocean_menu_typo_line_height_tablet":0,"ocean_menu_typo_line_height_mobile":0,"ocean_menu_typo_line_height_unit":"","ocean_menu_typo_spacing":0,"ocean_menu_typo_spacing_tablet":0,"ocean_menu_typo_spacing_mobile":0,"ocean_menu_typo_spacing_unit":"","ocean_menu_link_color":"","ocean_menu_link_color_hover":"","ocean_menu_link_color_active":"","ocean_menu_link_background":"","ocean_menu_link_hover_background":"","ocean_menu_link_active_background":"","ocean_menu_social_links_bg":"","ocean_menu_social_hover_links_bg":"","ocean_menu_social_links_color":"","ocean_menu_social_hover_links_color":"","ocean_disable_title":"default","ocean_disable_heading":"default","ocean_post_title":"","ocean_post_subheading":"","ocean_post_title_style":"","ocean_post_title_background_color":"","ocean_post_title_background":0,"ocean_post_title_bg_image_position":"","ocean_post_title_bg_image_attachment":"","ocean_post_title_bg_image_repeat":"","ocean_post_title_bg_image_size":"","ocean_post_title_height":0,"ocean_post_title_bg_overlay":0.5,"ocean_post_title_bg_overlay_color":"","ocean_disable_breadcrumbs":"default","ocean_breadcrumbs_color":"","ocean_breadcrumbs_separator_color":"","ocean_breadcrumbs_links_color":"","ocean_breadcrumbs_links_hover_color":"","ocean_display_footer_widgets":"default","ocean_display_footer_bottom":"default","ocean_custom_footer_template":"0","footnotes":""},"_links":{"self":[{"href":"https:\/\/uparbois.org\/index.php?rest_route=\/wp\/v2\/pages\/1548"}],"collection":[{"href":"https:\/\/uparbois.org\/index.php?rest_route=\/wp\/v2\/pages"}],"about":[{"href":"https:\/\/uparbois.org\/index.php?rest_route=\/wp\/v2\/types\/page"}],"author":[{"embeddable":true,"href":"https:\/\/uparbois.org\/index.php?rest_route=\/wp\/v2\/users\/2"}],"replies":[{"embeddable":true,"href":"https:\/\/uparbois.org\/index.php?rest_route=%2Fwp%2Fv2%2Fcomments&post=1548"}],"version-history":[{"count":35,"href":"https:\/\/uparbois.org\/index.php?rest_route=\/wp\/v2\/pages\/1548\/revisions"}],"predecessor-version":[{"id":19229,"href":"https:\/\/uparbois.org\/index.php?rest_route=\/wp\/v2\/pages\/1548\/revisions\/19229"}],"up":[{"embeddable":true,"href":"https:\/\/uparbois.org\/index.php?rest_route=\/wp\/v2\/pages\/1540"}],"wp:attachment":[{"href":"https:\/\/uparbois.org\/index.php?rest_route=%2Fwp%2Fv2%2Fmedia&parent=1548"}],"curies":[{"name":"wp","href":"https:\/\/api.w.org\/{rel}","templated":true}]}}