{"id":1546,"date":"2014-07-24T12:23:25","date_gmt":"2014-07-24T10:23:25","guid":{"rendered":"http:\/\/localhost\/wordpress\/?page_id=1546"},"modified":"2025-10-27T15:50:43","modified_gmt":"2025-10-27T14:50:43","slug":"presbytere-2","status":"publish","type":"page","link":"https:\/\/uparbois.org\/?page_id=1546","title":{"rendered":"Presbyt\u00e8re Calas"},"content":{"rendered":"<h1 style=\"text-align: center;\"><span style=\"color: #ff0000; font-family: Calibri;\"><b><i>Paroisse de Cabri\u00e8s Calas<\/i><\/b><\/span><\/h1>\n<p><img loading=\"lazy\" decoding=\"async\" class=\"wp-image-17135 aligncenter\" src=\"https:\/\/uparbois.org\/wp-content\/uploads\/2022\/09\/Presbytere-Calas-2022-scaled.jpg\" alt=\"\" width=\"413\" height=\"607\" srcset=\"https:\/\/uparbois.org\/wp-content\/uploads\/2022\/09\/Presbytere-Calas-2022-scaled.jpg 1740w, https:\/\/uparbois.org\/wp-content\/uploads\/2022\/09\/Presbytere-Calas-2022-204x300.jpg 204w, https:\/\/uparbois.org\/wp-content\/uploads\/2022\/09\/Presbytere-Calas-2022-696x1024.jpg 696w, https:\/\/uparbois.org\/wp-content\/uploads\/2022\/09\/Presbytere-Calas-2022-768x1130.jpg 768w, https:\/\/uparbois.org\/wp-content\/uploads\/2022\/09\/Presbytere-Calas-2022-1044x1536.jpg 1044w, https:\/\/uparbois.org\/wp-content\/uploads\/2022\/09\/Presbytere-Calas-2022-1392x2048.jpg 1392w\" sizes=\"(max-width: 413px) 100vw, 413px\" \/><\/p>\n<p style=\"text-align: center;\">Le<b>\u00a0 <\/b>Presbyt\u00e8re de Calas se situe juste en face de l&rsquo;\u00e9glise Notre\u00a0 Dame de l&rsquo;Assomption<\/p>\n<p style=\"text-align: center;\"><span style=\"font-size: 12pt;\">Les coordonn\u00e9es GPS : 43.4599862 &#8211; 5.3531386,19<\/span><\/p>\n<hr \/>\n<p style=\"text-align: center;\"><span style=\"color: #0000ff;\"><span style=\"text-decoration: underline;\"><strong>Son adresse postale est<\/strong> <\/span>:<\/span><\/p>\n<p><img loading=\"lazy\" decoding=\"async\" class=\"alignnone size-large wp-image-19177\" src=\"https:\/\/uparbois.org\/wp-content\/uploads\/2024\/08\/Adresse-CC-Luc-Marie-1024x512.jpg\" alt=\"\" width=\"1024\" height=\"512\" srcset=\"https:\/\/uparbois.org\/wp-content\/uploads\/2024\/08\/Adresse-CC-Luc-Marie-1024x512.jpg 1024w, https:\/\/uparbois.org\/wp-content\/uploads\/2024\/08\/Adresse-CC-Luc-Marie-300x150.jpg 300w, https:\/\/uparbois.org\/wp-content\/uploads\/2024\/08\/Adresse-CC-Luc-Marie-768x384.jpg 768w, https:\/\/uparbois.org\/wp-content\/uploads\/2024\/08\/Adresse-CC-Luc-Marie.jpg 1074w\" sizes=\"(max-width: 1024px) 100vw, 1024px\" \/><\/p>\n<hr \/>\n<p><span style=\"font-size: 12pt;\">Vous pouvez nous joindre par<br \/><\/span><\/p>\n<p><span style=\"font-family: Calibri; font-size: 12pt;\">T\u00e9l. : <strong>04 42 69 06 34\u00a0 \u00a0 \u00a0 \u00a0 \u00a0 \u00a0<\/strong>Courriel : <\/span><span style=\"font-family: Calibri;\"><span style=\"color: #3366ff;\">cabriescalasparoisse@free.fr<\/span><\/span><\/p>\n<hr \/>\n<p><span style=\"font-family: Calibri; font-size: 12pt;\"> Vous serez accueillis par Andr\u00e9e CRETIN ou d&rsquo;autres paroissiennes b\u00e9n\u00e9voles qui assurent le secr\u00e9tariat et l&rsquo;accueil\u00a0 de notre paroisse<br \/><\/span><\/p>\n<p><span style=\"color: #0000ff;\"><strong>Pendant la p\u00e9riode scolaire, l&rsquo;accueil de Calas est ouvert les mardi, jeudi et samedi de 9h30 \u00e0 11h30.<br \/><\/strong><\/span><\/p>\n<p><span style=\"color: #008000;\"><strong><span style=\"font-size: 12pt; background-color: #ffffff;\"><span style=\"color: #ffffff;\">11h30 (sauf jours f\u00e9ri\u00e9s)<\/span><\/span><\/strong><\/span><\/p>\n\n","protected":false},"excerpt":{"rendered":"<p>Paroisse de Cabri\u00e8s Calas Le\u00a0 Presbyt\u00e8re de Calas se situe juste en face de l&rsquo;\u00e9glise Notre\u00a0 Dame de l&rsquo;Assomption Les coordonn\u00e9es GPS : 43.4599862 &#8211; 5.3531386,19 Son adresse postale est : Vous pouvez nous joindre par T\u00e9l. : 04 42 69 06 34\u00a0 \u00a0 \u00a0 \u00a0 \u00a0 \u00a0Courriel : cabriescalasparoisse@free.fr Vous serez accueillis par Andr\u00e9e [&hellip;]<\/p>\n","protected":false},"author":2,"featured_media":0,"parent":0,"menu_order":1,"comment_status":"closed","ping_status":"closed","template":"","meta":{"ocean_post_layout":"","ocean_both_sidebars_style":"","ocean_both_sidebars_content_width":0,"ocean_both_sidebars_sidebars_width":0,"ocean_sidebar":"0","ocean_second_sidebar":"0","ocean_disable_margins":"enable","ocean_add_body_class":"","ocean_shortcode_before_top_bar":"","ocean_shortcode_after_top_bar":"","ocean_shortcode_before_header":"","ocean_shortcode_after_header":"","ocean_has_shortcode":"","ocean_shortcode_after_title":"","ocean_shortcode_before_footer_widgets":"","ocean_shortcode_after_footer_widgets":"","ocean_shortcode_before_footer_bottom":"","ocean_shortcode_after_footer_bottom":"","ocean_display_top_bar":"default","ocean_display_header":"default","ocean_header_style":"","ocean_center_header_left_menu":"0","ocean_custom_header_template":"0","ocean_custom_logo":0,"ocean_custom_retina_logo":0,"ocean_custom_logo_max_width":0,"ocean_custom_logo_tablet_max_width":0,"ocean_custom_logo_mobile_max_width":0,"ocean_custom_logo_max_height":0,"ocean_custom_logo_tablet_max_height":0,"ocean_custom_logo_mobile_max_height":0,"ocean_header_custom_menu":"0","ocean_menu_typo_font_family":"0","ocean_menu_typo_font_subset":"","ocean_menu_typo_font_size":0,"ocean_menu_typo_font_size_tablet":0,"ocean_menu_typo_font_size_mobile":0,"ocean_menu_typo_font_size_unit":"px","ocean_menu_typo_font_weight":"","ocean_menu_typo_font_weight_tablet":"","ocean_menu_typo_font_weight_mobile":"","ocean_menu_typo_transform":"","ocean_menu_typo_transform_tablet":"","ocean_menu_typo_transform_mobile":"","ocean_menu_typo_line_height":0,"ocean_menu_typo_line_height_tablet":0,"ocean_menu_typo_line_height_mobile":0,"ocean_menu_typo_line_height_unit":"","ocean_menu_typo_spacing":0,"ocean_menu_typo_spacing_tablet":0,"ocean_menu_typo_spacing_mobile":0,"ocean_menu_typo_spacing_unit":"","ocean_menu_link_color":"","ocean_menu_link_color_hover":"","ocean_menu_link_color_active":"","ocean_menu_link_background":"","ocean_menu_link_hover_background":"","ocean_menu_link_active_background":"","ocean_menu_social_links_bg":"","ocean_menu_social_hover_links_bg":"","ocean_menu_social_links_color":"","ocean_menu_social_hover_links_color":"","ocean_disable_title":"default","ocean_disable_heading":"default","ocean_post_title":"","ocean_post_subheading":"","ocean_post_title_style":"","ocean_post_title_background_color":"","ocean_post_title_background":0,"ocean_post_title_bg_image_position":"","ocean_post_title_bg_image_attachment":"","ocean_post_title_bg_image_repeat":"","ocean_post_title_bg_image_size":"","ocean_post_title_height":0,"ocean_post_title_bg_overlay":0.5,"ocean_post_title_bg_overlay_color":"","ocean_disable_breadcrumbs":"default","ocean_breadcrumbs_color":"","ocean_breadcrumbs_separator_color":"","ocean_breadcrumbs_links_color":"","ocean_breadcrumbs_links_hover_color":"","ocean_display_footer_widgets":"default","ocean_display_footer_bottom":"default","ocean_custom_footer_template":"0","footnotes":""},"_links":{"self":[{"href":"https:\/\/uparbois.org\/index.php?rest_route=\/wp\/v2\/pages\/1546"}],"collection":[{"href":"https:\/\/uparbois.org\/index.php?rest_route=\/wp\/v2\/pages"}],"about":[{"href":"https:\/\/uparbois.org\/index.php?rest_route=\/wp\/v2\/types\/page"}],"author":[{"embeddable":true,"href":"https:\/\/uparbois.org\/index.php?rest_route=\/wp\/v2\/users\/2"}],"replies":[{"embeddable":true,"href":"https:\/\/uparbois.org\/index.php?rest_route=%2Fwp%2Fv2%2Fcomments&post=1546"}],"version-history":[{"count":87,"href":"https:\/\/uparbois.org\/index.php?rest_route=\/wp\/v2\/pages\/1546\/revisions"}],"predecessor-version":[{"id":20112,"href":"https:\/\/uparbois.org\/index.php?rest_route=\/wp\/v2\/pages\/1546\/revisions\/20112"}],"wp:attachment":[{"href":"https:\/\/uparbois.org\/index.php?rest_route=%2Fwp%2Fv2%2Fmedia&parent=1546"}],"curies":[{"name":"wp","href":"https:\/\/api.w.org\/{rel}","templated":true}]}}