{"id":1544,"date":"2014-07-24T12:22:58","date_gmt":"2014-07-24T10:22:58","guid":{"rendered":"http:\/\/localhost\/wordpress\/?page_id=1544"},"modified":"2025-02-12T17:24:32","modified_gmt":"2025-02-12T16:24:32","slug":"conseil-economique","status":"publish","type":"page","link":"https:\/\/uparbois.org\/?page_id=1544","title":{"rendered":"Conseil \u00c9conomique"},"content":{"rendered":"<p><a href=\"https:\/\/uparbois.org\/wp-content\/uploads\/2018\/10\/graphique.jpg\"><img loading=\"lazy\" decoding=\"async\" class=\"alignleft wp-image-10989 size-medium\" src=\"https:\/\/uparbois.org\/wp-content\/uploads\/2018\/10\/graphique-300x225.jpg\" alt=\"\" width=\"300\" height=\"225\" srcset=\"https:\/\/uparbois.org\/wp-content\/uploads\/2018\/10\/graphique-300x225.jpg 300w, https:\/\/uparbois.org\/wp-content\/uploads\/2018\/10\/graphique.jpg 396w\" sizes=\"(max-width: 300px) 100vw, 300px\" \/><\/a><\/p>\n<table style=\"height: 384px;\" width=\"315\">\n<tbody>\n<tr style=\"height: 24px;\">\n<td style=\"background-color: #a8f0e6; height: 24px; width: 364.1px;\"><span style=\"font-size: 10pt;\">Luc Marie LALANNE<br \/>\n<\/span><\/td>\n<td style=\"background-color: #a8f0e6; height: 24px; width: 690.933px;\"><span style=\"font-size: 10pt;\">Cur\u00e9 de l&rsquo; UP (01\/09\/2024)<br \/>\n<\/span><\/td>\n<td style=\"background-color: #a8f0e6; text-align: center; height: 24px; width: 341.967px;\"><strong><span style=\"font-size: 10pt;\">Unit\u00e9 Pastorale Arbois<\/span><\/strong><\/td>\n<\/tr>\n<tr style=\"height: 24px;\">\n<td style=\"height: 24px; width: 364.1px;\"><span style=\"font-size: 10pt;\">\u00a0<\/span><\/td>\n<td style=\"height: 24px; width: 690.933px;\"><span style=\"font-size: 10pt;\">\u00a0<\/span><\/td>\n<td style=\"text-align: center; vertical-align: middle; height: 24px; width: 341.967px;\"><span style=\"font-size: 10pt;\">\u00a0<\/span><\/td>\n<\/tr>\n<tr style=\"height: 24px;\">\n<td style=\"height: 24px; width: 364.1px;\"><span style=\"font-size: 10pt;\">Hugues BOUCH\u00c9<\/span><\/td>\n<td style=\"height: 24px; width: 690.933px;\"><span style=\"font-size: 10pt;\">Conseiller<\/span><\/td>\n<td style=\"background-color: #f0eca5; text-align: center; vertical-align: middle; height: 144px; width: 341.967px;\" rowspan=\"6\"><span style=\"font-size: 10pt;\"><strong>Bouc Bel Air<\/strong><\/span><\/td>\n<\/tr>\n<tr style=\"height: 24px;\">\n<td style=\"background-color: #f0eca5; height: 24px; width: 364.1px;\"><span style=\"font-size: 10pt;\">Rosine MERCATELLO<br \/>\n<\/span><\/td>\n<td style=\"background-color: #f0eca5; height: 24px; width: 690.933px;\"><span style=\"font-size: 10pt;\">Comptable<\/span><\/td>\n<\/tr>\n<tr style=\"height: 24px;\">\n<td style=\"height: 24px; width: 364.1px;\"><span style=\"font-size: 10pt;\">Claude DUVAL<\/span><\/td>\n<td style=\"height: 24px; width: 690.933px;\"><span style=\"font-size: 10pt;\">Denier de l&rsquo;\u00c9glise<br \/>\n<\/span><\/td>\n<\/tr>\n<tr style=\"height: 24px;\">\n<td style=\"background-color: #f0eca5; height: 24px; width: 364.1px;\"><span style=\"font-size: 10pt;\">Fran\u00e7oise MOUGIN<br \/>\n<\/span><\/td>\n<td style=\"background-color: #f0eca5; height: 24px; width: 690.933px;\"><span style=\"font-size: 10pt;\">Tr\u00e9sori\u00e8re<\/span><\/td>\n<\/tr>\n<tr style=\"height: 24px;\">\n<td style=\"height: 24px; width: 364.1px;\"><span style=\"font-size: 10pt;\">Alain MICHAUT<\/span><\/td>\n<td style=\"height: 24px; width: 690.933px;\"><span style=\"font-size: 10pt;\">Conseiller<\/span><\/td>\n<\/tr>\n<tr style=\"height: 24px;\">\n<td style=\"background-color: #f0eca5; height: 24px; width: 364.1px;\"><span style=\"font-size: 10pt;\">Philippe MORELON<\/span><\/td>\n<td style=\"background-color: #f0eca5; height: 24px; width: 690.933px;\"><span style=\"font-size: 10pt;\">Conseiller<\/span><\/td>\n<\/tr>\n<tr style=\"height: 24px;\">\n<td style=\"height: 24px; width: 364.1px;\"><span style=\"font-size: 10pt;\">\u00a0<\/span><\/td>\n<td style=\"height: 24px; width: 690.933px;\"><span style=\"font-size: 10pt;\">\u00a0<\/span><\/td>\n<td style=\"height: 24px; width: 341.967px;\"><span style=\"font-size: 10pt;\">\u00a0<\/span><\/td>\n<\/tr>\n<tr style=\"height: 24px;\">\n<td style=\"height: 24px; width: 364.1px;\">\u00a0<span style=\"font-size: 10pt;\">Rosine MERCATELLO<\/span><\/td>\n<td style=\"height: 24px; width: 690.933px;\">\u00a0<span style=\"font-size: 10pt;\">Comptable<\/span><\/td>\n<td style=\"background-color: #f7ca9c; text-align: center; vertical-align: middle; height: 168px; width: 341.967px;\" rowspan=\"7\"><span style=\"font-size: 10pt;\"><strong>\u00a0\u00a0 Cabri\u00e8s Calas<\/strong><\/span><\/td>\n<\/tr>\n<tr style=\"height: 24px;\">\n<td style=\"background-color: #f7ca9c; height: 24px; width: 364.1px;\"><span style=\"font-size: 10pt;\">Jean Paul D\u00c9O<\/span><\/td>\n<td style=\"background-color: #f7ca9c; height: 24px; width: 690.933px;\"><span style=\"font-size: 10pt;\">Tr\u00e9sorier<\/span><\/td>\n<\/tr>\n<tr style=\"height: 24px;\">\n<td style=\"height: 24px; width: 364.1px;\"><span style=\"font-size: 10pt;\">Heinz GLESSMER<\/span><\/td>\n<td style=\"height: 24px; width: 690.933px;\"><span style=\"font-size: 10pt;\">Conseiller<\/span><\/td>\n<\/tr>\n<tr style=\"height: 24px;\">\n<td style=\"background-color: #f7ca9c; height: 24px; width: 364.1px;\"><span style=\"font-size: 10pt;\">Chantal GU\u00c9RIN<br \/>\n<\/span><\/td>\n<td style=\"background-color: #f7ca9c; height: 24px; width: 690.933px;\"><span style=\"font-size: 10pt;\">Denier de l&rsquo;\u00c9glise<br \/>\n<\/span><\/td>\n<\/tr>\n<tr style=\"height: 24px;\">\n<td style=\"height: 24px; width: 364.1px;\"><span style=\"font-size: 10pt;\">Guy LAGAUDE<br \/>\n<\/span><\/td>\n<td style=\"height: 24px; width: 690.933px;\"><span style=\"font-size: 10pt;\">Conseiller<\/span><\/td>\n<\/tr>\n<tr>\n<td style=\"width: 364.1px; background-color: #f7ca9c;\"><span style=\"font-size: 10pt;\">Patrick MARAFETTI<\/span><\/td>\n<td style=\"width: 690.933px; background-color: #f7ca9c;\"><span style=\"font-size: 10pt;\">Conseiller<\/span><\/td>\n<\/tr>\n<tr style=\"height: 24px;\">\n<td style=\"height: 24px; width: 364.1px; background-color: #fcf7f7;\"><span style=\"font-size: 10pt;\">G\u00e9rard VANDENBRANDE<br \/>\n<\/span><\/td>\n<td style=\"height: 24px; width: 690.933px; background-color: #fcf7f7;\"><span style=\"font-size: 10pt;\">Animation site Web, Denier, Vigilant immobilier<\/span><\/td>\n<\/tr>\n<\/tbody>\n<\/table>\n<p><span style=\"text-decoration: underline;\">Pour voir les travaux r\u00e9alis\u00e9s dans nos \u00e9glises financ\u00e9s notamment par les Paroisses, cliquez sur le lien appropri\u00e9 :<br \/>\n<\/span><\/p>\n<p><strong><a href=\"https:\/\/uparbois.org\/?page_id=4238\" target=\"_blank\" rel=\"noopener\">&#8211; Travaux Paroisse de Bouc Bel Air<\/a><\/strong><\/p>\n<p><strong><a href=\"https:\/\/uparbois.org\/?page_id=4229\" target=\"_blank\" rel=\"noopener\">&#8211; Travaux Paroisse de Cabri\u00e8s-Calas<\/a><\/strong><\/p>\n","protected":false},"excerpt":{"rendered":"<p>Luc Marie LALANNE Cur\u00e9 de l&rsquo; UP (01\/09\/2024) Unit\u00e9 Pastorale Arbois \u00a0 \u00a0 \u00a0 Hugues BOUCH\u00c9 Conseiller Bouc Bel Air Rosine MERCATELLO Comptable Claude DUVAL Denier de l&rsquo;\u00c9glise Fran\u00e7oise MOUGIN Tr\u00e9sori\u00e8re Alain MICHAUT Conseiller Philippe MORELON Conseiller \u00a0 \u00a0 \u00a0 \u00a0Rosine MERCATELLO \u00a0Comptable \u00a0\u00a0 Cabri\u00e8s Calas Jean Paul D\u00c9O Tr\u00e9sorier Heinz GLESSMER Conseiller Chantal GU\u00c9RIN [&hellip;]<\/p>\n","protected":false},"author":2,"featured_media":0,"parent":1540,"menu_order":4,"comment_status":"closed","ping_status":"closed","template":"","meta":{"ocean_post_layout":"","ocean_both_sidebars_style":"","ocean_both_sidebars_content_width":0,"ocean_both_sidebars_sidebars_width":0,"ocean_sidebar":"0","ocean_second_sidebar":"0","ocean_disable_margins":"enable","ocean_add_body_class":"","ocean_shortcode_before_top_bar":"","ocean_shortcode_after_top_bar":"","ocean_shortcode_before_header":"","ocean_shortcode_after_header":"","ocean_has_shortcode":"","ocean_shortcode_after_title":"","ocean_shortcode_before_footer_widgets":"","ocean_shortcode_after_footer_widgets":"","ocean_shortcode_before_footer_bottom":"","ocean_shortcode_after_footer_bottom":"","ocean_display_top_bar":"default","ocean_display_header":"default","ocean_header_style":"","ocean_center_header_left_menu":"0","ocean_custom_header_template":"0","ocean_custom_logo":0,"ocean_custom_retina_logo":0,"ocean_custom_logo_max_width":0,"ocean_custom_logo_tablet_max_width":0,"ocean_custom_logo_mobile_max_width":0,"ocean_custom_logo_max_height":0,"ocean_custom_logo_tablet_max_height":0,"ocean_custom_logo_mobile_max_height":0,"ocean_header_custom_menu":"0","ocean_menu_typo_font_family":"0","ocean_menu_typo_font_subset":"","ocean_menu_typo_font_size":0,"ocean_menu_typo_font_size_tablet":0,"ocean_menu_typo_font_size_mobile":0,"ocean_menu_typo_font_size_unit":"px","ocean_menu_typo_font_weight":"","ocean_menu_typo_font_weight_tablet":"","ocean_menu_typo_font_weight_mobile":"","ocean_menu_typo_transform":"","ocean_menu_typo_transform_tablet":"","ocean_menu_typo_transform_mobile":"","ocean_menu_typo_line_height":0,"ocean_menu_typo_line_height_tablet":0,"ocean_menu_typo_line_height_mobile":0,"ocean_menu_typo_line_height_unit":"","ocean_menu_typo_spacing":0,"ocean_menu_typo_spacing_tablet":0,"ocean_menu_typo_spacing_mobile":0,"ocean_menu_typo_spacing_unit":"","ocean_menu_link_color":"","ocean_menu_link_color_hover":"","ocean_menu_link_color_active":"","ocean_menu_link_background":"","ocean_menu_link_hover_background":"","ocean_menu_link_active_background":"","ocean_menu_social_links_bg":"","ocean_menu_social_hover_links_bg":"","ocean_menu_social_links_color":"","ocean_menu_social_hover_links_color":"","ocean_disable_title":"default","ocean_disable_heading":"default","ocean_post_title":"","ocean_post_subheading":"","ocean_post_title_style":"","ocean_post_title_background_color":"","ocean_post_title_background":0,"ocean_post_title_bg_image_position":"","ocean_post_title_bg_image_attachment":"","ocean_post_title_bg_image_repeat":"","ocean_post_title_bg_image_size":"","ocean_post_title_height":0,"ocean_post_title_bg_overlay":0.5,"ocean_post_title_bg_overlay_color":"","ocean_disable_breadcrumbs":"default","ocean_breadcrumbs_color":"","ocean_breadcrumbs_separator_color":"","ocean_breadcrumbs_links_color":"","ocean_breadcrumbs_links_hover_color":"","ocean_display_footer_widgets":"default","ocean_display_footer_bottom":"default","ocean_custom_footer_template":"0","footnotes":""},"_links":{"self":[{"href":"https:\/\/uparbois.org\/index.php?rest_route=\/wp\/v2\/pages\/1544"}],"collection":[{"href":"https:\/\/uparbois.org\/index.php?rest_route=\/wp\/v2\/pages"}],"about":[{"href":"https:\/\/uparbois.org\/index.php?rest_route=\/wp\/v2\/types\/page"}],"author":[{"embeddable":true,"href":"https:\/\/uparbois.org\/index.php?rest_route=\/wp\/v2\/users\/2"}],"replies":[{"embeddable":true,"href":"https:\/\/uparbois.org\/index.php?rest_route=%2Fwp%2Fv2%2Fcomments&post=1544"}],"version-history":[{"count":67,"href":"https:\/\/uparbois.org\/index.php?rest_route=\/wp\/v2\/pages\/1544\/revisions"}],"predecessor-version":[{"id":19614,"href":"https:\/\/uparbois.org\/index.php?rest_route=\/wp\/v2\/pages\/1544\/revisions\/19614"}],"up":[{"embeddable":true,"href":"https:\/\/uparbois.org\/index.php?rest_route=\/wp\/v2\/pages\/1540"}],"wp:attachment":[{"href":"https:\/\/uparbois.org\/index.php?rest_route=%2Fwp%2Fv2%2Fmedia&parent=1544"}],"curies":[{"name":"wp","href":"https:\/\/api.w.org\/{rel}","templated":true}]}}