{"id":1540,"date":"2014-07-24T12:20:53","date_gmt":"2014-07-24T10:20:53","guid":{"rendered":"http:\/\/localhost\/wordpress\/?page_id=1540"},"modified":"2025-02-12T11:18:26","modified_gmt":"2025-02-12T10:18:26","slug":"unite-pastorale","status":"publish","type":"page","link":"https:\/\/uparbois.org\/?page_id=1540","title":{"rendered":"Pr\u00e9sentation"},"content":{"rendered":"<p style=\"text-align: center;\"><span style=\"color: #ff0000;\"><strong><img loading=\"lazy\" decoding=\"async\" class=\"alignnone size-full wp-image-15401 aligncenter\" src=\"https:\/\/uparbois.org\/wp-content\/uploads\/2021\/05\/Banderole-up-arbois-Web.jpg\" alt=\"\" width=\"448\" height=\"157\" srcset=\"https:\/\/uparbois.org\/wp-content\/uploads\/2021\/05\/Banderole-up-arbois-Web.jpg 448w, https:\/\/uparbois.org\/wp-content\/uploads\/2021\/05\/Banderole-up-arbois-Web-300x105.jpg 300w\" sizes=\"(max-width: 448px) 100vw, 448px\" \/><a href=\"https:\/\/uparbois.org\/\" target=\"_blank\" rel=\"noopener\">Retour sur la page d&rsquo; accueil<\/a> <\/strong><\/span><\/p>\n<hr \/>\n<p style=\"text-align: center;\"><span style=\"text-decoration: underline; color: #ff00ff;\"><span style=\"background-color: #ffffff;\"><strong>L&rsquo; Unit\u00e9 Pastorale Arbois est le regroupement de 3 paroisses : Bouc Bel Air, Cabri\u00e8s et Calas<\/strong><\/span><\/span><\/p>\n<p><img loading=\"lazy\" decoding=\"async\" class=\"alignnone size-thumbnail wp-image-19221\" src=\"https:\/\/uparbois.org\/wp-content\/uploads\/2024\/09\/messe_calas_31_08_24_bc_006-100x100.jpg\" alt=\"\" width=\"100\" height=\"100\" srcset=\"https:\/\/uparbois.org\/wp-content\/uploads\/2024\/09\/messe_calas_31_08_24_bc_006-100x100.jpg 100w, https:\/\/uparbois.org\/wp-content\/uploads\/2024\/09\/messe_calas_31_08_24_bc_006-600x600.jpg 600w\" sizes=\"(max-width: 100px) 100vw, 100px\" \/>\u00a0 Le p\u00e8re <strong>Luc Marie LALANNE<\/strong> est en charge de l&rsquo;Unit\u00e9 Pastorale depuis le 1er septembre 2024.<\/p>\n<p style=\"text-align: left;\">Il est assist\u00e9 de :<\/p>\n<p><a href=\"https:\/\/uparbois.org\/wp-content\/uploads\/2019\/09\/P\u00e8re-Damien-ETEMAD.jpg\"><img loading=\"lazy\" decoding=\"async\" class=\"alignnone size-thumbnail wp-image-12515\" src=\"https:\/\/uparbois.org\/wp-content\/uploads\/2019\/09\/P\u00e8re-Damien-ETEMAD-100x100.jpg\" alt=\"\" width=\"100\" height=\"100\" srcset=\"https:\/\/uparbois.org\/wp-content\/uploads\/2019\/09\/P\u00e8re-Damien-ETEMAD-100x100.jpg 100w, https:\/\/uparbois.org\/wp-content\/uploads\/2019\/09\/P\u00e8re-Damien-ETEMAD-300x300.jpg 300w, https:\/\/uparbois.org\/wp-content\/uploads\/2019\/09\/P\u00e8re-Damien-ETEMAD.jpg 715w\" sizes=\"(max-width: 100px) 100vw, 100px\" \/><\/a>\u00a0\u00a0\u00a0 P\u00e8re Damien Etemad Zadeh, vicaire dominical, domicili\u00e9 \u00e0 Calas, et de<\/p>\n<p><a href=\"https:\/\/uparbois.org\/wp-content\/uploads\/2014\/07\/L-Schall.jpg\"><img loading=\"lazy\" decoding=\"async\" class=\"wp-image-2354 alignnone\" src=\"https:\/\/uparbois.org\/wp-content\/uploads\/2014\/07\/L-Schall-300x288.jpg\" alt=\"L Schall\" width=\"82\" height=\"79\" srcset=\"https:\/\/uparbois.org\/wp-content\/uploads\/2014\/07\/L-Schall-300x288.jpg 300w, https:\/\/uparbois.org\/wp-content\/uploads\/2014\/07\/L-Schall.jpg 328w\" sizes=\"(max-width: 82px) 100vw, 82px\" \/><\/a>\u00a0 Louis Schall, diacre permanent<\/p>\n<p>Le P\u00e8re Luc Marie est \u00e9galement entour\u00e9 de nombreux la\u00efcs :<\/p>\n<p>Une \u00e9quipe d&rsquo;animation pastorale\u00a0 (EAP),<\/p>\n<p>des \u00e9quipes d&rsquo;animation locales propres \u00e0 chaque paroisse\u00a0 (EAL),<\/p>\n<p>des \u00e9quipes d&rsquo;animation liturgique,<\/p>\n<p>une chorale liturgique \u00e0 Bouc bel air,<\/p>\n<p>des conseils \u00e9conomiques,<\/p>\n<p>et de nombreux services et associations qui contribuent \u00e0 faire rayonner le message du Christ.<\/p>\n<hr \/>\n<p><span style=\"color: #ff6600;\"><strong><em>Bonjour \u00e0 tous,<br \/>\n<\/em><\/strong><\/span><\/p>\n<p>Les quelques pages de ce site vous montrent la vitalit\u00e9 de nos communaut\u00e9s, o\u00f9, anciens et nouveaux paroissiens peuvent trouver leur place.<\/p>\n<p><span style=\"color: #0000ff;\"><strong>Vous y \u00eates les bienvenus<\/strong>.<\/span><\/p>\n<p>De nombreux rendez-vous et temps forts vous sont propos\u00e9s que vous trouverez dans le calendrier de notre bulletin.<\/p>\n<p>Faites-vous donc conna\u00eetre, si vous souhaitez participer \u00e0 la vie de notre communaut\u00e9.<br \/>\nNous vous souhaitons une bonne lecture et sommes dans l&rsquo;attente du plaisir de vous rencontrer.<\/p>\n<p>Fraternellement<\/p>\n<p>P\u00e8re Luc Marie<\/p>\n<p><img loading=\"lazy\" decoding=\"async\" class=\"alignnone size-full wp-image-15401 aligncenter\" src=\"https:\/\/uparbois.org\/wp-content\/uploads\/2021\/05\/Banderole-up-arbois-Web.jpg\" alt=\"\" width=\"448\" height=\"157\" srcset=\"https:\/\/uparbois.org\/wp-content\/uploads\/2021\/05\/Banderole-up-arbois-Web.jpg 448w, https:\/\/uparbois.org\/wp-content\/uploads\/2021\/05\/Banderole-up-arbois-Web-300x105.jpg 300w\" sizes=\"(max-width: 448px) 100vw, 448px\" \/><\/p>\n<hr \/>\n","protected":false},"excerpt":{"rendered":"<p>Retour sur la page d&rsquo; accueil L&rsquo; Unit\u00e9 Pastorale Arbois est le regroupement de 3 paroisses : Bouc Bel Air, Cabri\u00e8s et Calas \u00a0 Le p\u00e8re Luc Marie LALANNE est en charge de l&rsquo;Unit\u00e9 Pastorale depuis le 1er septembre 2024. Il est assist\u00e9 de : \u00a0\u00a0\u00a0 P\u00e8re Damien Etemad Zadeh, vicaire dominical, domicili\u00e9 \u00e0 Calas, [&hellip;]<\/p>\n","protected":false},"author":2,"featured_media":0,"parent":0,"menu_order":3,"comment_status":"closed","ping_status":"closed","template":"","meta":{"ocean_post_layout":"","ocean_both_sidebars_style":"","ocean_both_sidebars_content_width":0,"ocean_both_sidebars_sidebars_width":0,"ocean_sidebar":"0","ocean_second_sidebar":"0","ocean_disable_margins":"enable","ocean_add_body_class":"","ocean_shortcode_before_top_bar":"","ocean_shortcode_after_top_bar":"","ocean_shortcode_before_header":"","ocean_shortcode_after_header":"","ocean_has_shortcode":"","ocean_shortcode_after_title":"","ocean_shortcode_before_footer_widgets":"","ocean_shortcode_after_footer_widgets":"","ocean_shortcode_before_footer_bottom":"","ocean_shortcode_after_footer_bottom":"","ocean_display_top_bar":"default","ocean_display_header":"default","ocean_header_style":"","ocean_center_header_left_menu":"0","ocean_custom_header_template":"0","ocean_custom_logo":0,"ocean_custom_retina_logo":0,"ocean_custom_logo_max_width":0,"ocean_custom_logo_tablet_max_width":0,"ocean_custom_logo_mobile_max_width":0,"ocean_custom_logo_max_height":0,"ocean_custom_logo_tablet_max_height":0,"ocean_custom_logo_mobile_max_height":0,"ocean_header_custom_menu":"0","ocean_menu_typo_font_family":"0","ocean_menu_typo_font_subset":"","ocean_menu_typo_font_size":0,"ocean_menu_typo_font_size_tablet":0,"ocean_menu_typo_font_size_mobile":0,"ocean_menu_typo_font_size_unit":"px","ocean_menu_typo_font_weight":"","ocean_menu_typo_font_weight_tablet":"","ocean_menu_typo_font_weight_mobile":"","ocean_menu_typo_transform":"","ocean_menu_typo_transform_tablet":"","ocean_menu_typo_transform_mobile":"","ocean_menu_typo_line_height":0,"ocean_menu_typo_line_height_tablet":0,"ocean_menu_typo_line_height_mobile":0,"ocean_menu_typo_line_height_unit":"","ocean_menu_typo_spacing":0,"ocean_menu_typo_spacing_tablet":0,"ocean_menu_typo_spacing_mobile":0,"ocean_menu_typo_spacing_unit":"","ocean_menu_link_color":"","ocean_menu_link_color_hover":"","ocean_menu_link_color_active":"","ocean_menu_link_background":"","ocean_menu_link_hover_background":"","ocean_menu_link_active_background":"","ocean_menu_social_links_bg":"","ocean_menu_social_hover_links_bg":"","ocean_menu_social_links_color":"","ocean_menu_social_hover_links_color":"","ocean_disable_title":"default","ocean_disable_heading":"default","ocean_post_title":"","ocean_post_subheading":"","ocean_post_title_style":"","ocean_post_title_background_color":"","ocean_post_title_background":0,"ocean_post_title_bg_image_position":"","ocean_post_title_bg_image_attachment":"","ocean_post_title_bg_image_repeat":"","ocean_post_title_bg_image_size":"","ocean_post_title_height":0,"ocean_post_title_bg_overlay":0.5,"ocean_post_title_bg_overlay_color":"","ocean_disable_breadcrumbs":"default","ocean_breadcrumbs_color":"","ocean_breadcrumbs_separator_color":"","ocean_breadcrumbs_links_color":"","ocean_breadcrumbs_links_hover_color":"","ocean_display_footer_widgets":"default","ocean_display_footer_bottom":"default","ocean_custom_footer_template":"0","footnotes":""},"_links":{"self":[{"href":"https:\/\/uparbois.org\/index.php?rest_route=\/wp\/v2\/pages\/1540"}],"collection":[{"href":"https:\/\/uparbois.org\/index.php?rest_route=\/wp\/v2\/pages"}],"about":[{"href":"https:\/\/uparbois.org\/index.php?rest_route=\/wp\/v2\/types\/page"}],"author":[{"embeddable":true,"href":"https:\/\/uparbois.org\/index.php?rest_route=\/wp\/v2\/users\/2"}],"replies":[{"embeddable":true,"href":"https:\/\/uparbois.org\/index.php?rest_route=%2Fwp%2Fv2%2Fcomments&post=1540"}],"version-history":[{"count":87,"href":"https:\/\/uparbois.org\/index.php?rest_route=\/wp\/v2\/pages\/1540\/revisions"}],"predecessor-version":[{"id":19611,"href":"https:\/\/uparbois.org\/index.php?rest_route=\/wp\/v2\/pages\/1540\/revisions\/19611"}],"wp:attachment":[{"href":"https:\/\/uparbois.org\/index.php?rest_route=%2Fwp%2Fv2%2Fmedia&parent=1540"}],"curies":[{"name":"wp","href":"https:\/\/api.w.org\/{rel}","templated":true}]}}