{"id":1538,"date":"2014-07-24T12:20:24","date_gmt":"2014-07-24T10:20:24","guid":{"rendered":"http:\/\/localhost\/wordpress\/?page_id=1538"},"modified":"2024-09-19T19:07:09","modified_gmt":"2024-09-19T18:07:09","slug":"cabries-calas","status":"publish","type":"page","link":"https:\/\/uparbois.org\/?page_id=1538","title":{"rendered":"Cabri\u00e8s-Calas"},"content":{"rendered":"<p style=\"text-align: center;\"><em>Pour approfondir vos connaissances sur le patrimoine de Cabri\u00e8s Calas, vous \u00eates les bienvenus \u00e0\u00a0 <a title=\"Biblioth\u00e8que\" href=\"http:\/\/www.biblio-st-raphael.fr\/\" target=\"_blank\" rel=\"noopener\">la Biblioth\u00e8que Saint Rapha\u00ebl de Calas<\/a><\/em><\/p>\n<hr \/>\n<p style=\"text-align: left;\"><span style=\"color: #ffffff; background-color: #0000ff;\"><strong>\u00c9glise Notre Dame de l&rsquo;Assomption \u00e0 CALAS<\/strong><\/span><\/p>\n<table style=\"width: 100%;\">\n<tbody>\n<tr>\n<td style=\"width: 18.0952%;\"><img loading=\"lazy\" decoding=\"async\" class=\"alignnone  wp-image-17470\" src=\"https:\/\/uparbois.org\/wp-content\/uploads\/2022\/09\/IMG_0026-225x300.jpg\" alt=\"\" width=\"149\" height=\"198\" srcset=\"https:\/\/uparbois.org\/wp-content\/uploads\/2022\/09\/IMG_0026-225x300.jpg 225w, https:\/\/uparbois.org\/wp-content\/uploads\/2022\/09\/IMG_0026-768x1024.jpg 768w, https:\/\/uparbois.org\/wp-content\/uploads\/2022\/09\/IMG_0026-1152x1536.jpg 1152w, https:\/\/uparbois.org\/wp-content\/uploads\/2022\/09\/IMG_0026-1536x2048.jpg 1536w, https:\/\/uparbois.org\/wp-content\/uploads\/2022\/09\/IMG_0026-scaled.jpg 1920w\" sizes=\"(max-width: 149px) 100vw, 149px\" \/><\/td>\n<td style=\"width: 20.1191%;\"><img loading=\"lazy\" decoding=\"async\" class=\"alignnone  wp-image-1937\" src=\"https:\/\/uparbois.org\/wp-content\/uploads\/2014\/07\/IMG_2609-224x300.jpg\" alt=\"\" width=\"165\" height=\"221\" srcset=\"https:\/\/uparbois.org\/wp-content\/uploads\/2014\/07\/IMG_2609-224x300.jpg 224w, https:\/\/uparbois.org\/wp-content\/uploads\/2014\/07\/IMG_2609-764x1024.jpg 764w, https:\/\/uparbois.org\/wp-content\/uploads\/2014\/07\/IMG_2609.jpg 784w\" sizes=\"(max-width: 165px) 100vw, 165px\" \/><\/td>\n<td style=\"width: 20.5952%;\"><img loading=\"lazy\" decoding=\"async\" class=\"alignnone  wp-image-4163\" src=\"https:\/\/uparbois.org\/wp-content\/uploads\/2014\/07\/Clocher-EgliseCalas_2-231x300.jpg\" alt=\"\" width=\"169\" height=\"219\" srcset=\"https:\/\/uparbois.org\/wp-content\/uploads\/2014\/07\/Clocher-EgliseCalas_2-231x300.jpg 231w, https:\/\/uparbois.org\/wp-content\/uploads\/2014\/07\/Clocher-EgliseCalas_2.jpg 480w\" sizes=\"(max-width: 169px) 100vw, 169px\" \/><\/td>\n<td style=\"width: 39.8809%;\"><img loading=\"lazy\" decoding=\"async\" class=\"alignnone size-medium wp-image-2187\" src=\"https:\/\/uparbois.org\/wp-content\/uploads\/2014\/07\/\u00c9glise-Calas-300x200.jpg\" alt=\"\" width=\"300\" height=\"200\" srcset=\"https:\/\/uparbois.org\/wp-content\/uploads\/2014\/07\/\u00c9glise-Calas-300x200.jpg 300w, https:\/\/uparbois.org\/wp-content\/uploads\/2014\/07\/\u00c9glise-Calas.jpg 1000w\" sizes=\"(max-width: 300px) 100vw, 300px\" \/><\/td>\n<\/tr>\n<\/tbody>\n<\/table>\n<p>L&rsquo;autel majeur est une r\u00e9duction de l&rsquo;ancien autel de Saint Sauveur d&rsquo;Aix. De style grec et poss\u00e9dant trois nefs, elle a \u00e9t\u00e9 b\u00e2tie de 1866 \u00e0 1869 par Monsieur Huot, architecte, sous l&rsquo;administration de Monsieur Guitton, cur\u00e9 fondateur sous l&rsquo;impulsion de Madame Louise Garavaque, bienfaitrice du hameau de Calas. Devant l&rsquo;\u00e9glise se dresse la statue de Laurent Imbert \u00e9v\u00eaque de Cor\u00e9e, ayant habit\u00e9 Calas, au domaine de Labory, sculpt\u00e9e par Hippolyte Ferrat.<\/p>\n<p><a href=\"https:\/\/uparbois.org\/wp-content\/uploads\/2024\/09\/Eglise-NDame-Assomption-v-202409.pdf\" target=\"_blank\" rel=\"noopener\"><span style=\"color: #0000ff;\"><strong>Voir la brochure descriptive de l&rsquo;\u00e9glise Notre Dame de l&rsquo;Assomption<\/strong><\/span><\/a><\/p>\n<p><a href=\"https:\/\/uparbois.org\/wp-content\/uploads\/2024\/09\/Historique-Pretres-UP-ND-Arbois-2024-09.pdf\" target=\"_blank\" rel=\"noopener\"><strong>Nos pr\u00eatres, paroisse de Calas, de 1866 \u00e0 nos jours<\/strong><\/a><\/p>\n<hr \/>\n<p style=\"text-align: left;\"><span style=\"color: #ffffff; background-color: #0000ff;\"><strong> \u00c9glise Sainte Marie de la Nativit\u00e9 \u00e0 CABRI\u00c8S<\/strong><\/span><\/p>\n<table>\n<tbody>\n<tr>\n<td><img loading=\"lazy\" decoding=\"async\" class=\"alignnone size-full wp-image-1932\" src=\"https:\/\/uparbois.org\/wp-content\/uploads\/2014\/07\/Cabries.jpg\" alt=\"\" width=\"80\" height=\"181\" \/><\/td>\n<td><img loading=\"lazy\" decoding=\"async\" class=\"alignnone size-medium wp-image-1935\" src=\"https:\/\/uparbois.org\/wp-content\/uploads\/2014\/07\/IMG_0848-300x259.jpg\" alt=\"\" width=\"300\" height=\"259\" srcset=\"https:\/\/uparbois.org\/wp-content\/uploads\/2014\/07\/IMG_0848-300x259.jpg 300w, https:\/\/uparbois.org\/wp-content\/uploads\/2014\/07\/IMG_0848.jpg 480w\" sizes=\"(max-width: 300px) 100vw, 300px\" \/><\/td>\n<\/tr>\n<\/tbody>\n<\/table>\n<p>Elle porte aujourd&rsquo;hui le titre de Notre Dame de la Nativit\u00e9. Sa construction primitive remonte au XII \u00e8me si\u00e8cle. Cette \u00e9glise pr\u00e9sente des particularit\u00e9s architecturales int\u00e9ressantes. Le sanctuaire est de style \u00ab Roman proven\u00e7al \u00e0 berceau bris\u00e9 \u00bb. Son plan est rectangulaire. La roche lui sert de muraille au nord. Sa muraille sud constitue une partie du rempart. La porte d&rsquo;entr\u00e9e actuelle a \u00e9t\u00e9 ouverte en 1736 dans le mur m\u00e9di\u00e9val aveugle. Le presbyt\u00e8re est construit au-dessus de la nef, ce qui est inhabituel. Enfin le clocher est une sur\u00e9l\u00e9vation d&rsquo;une tour du rempart.<br \/>\nDes inhumations furent pratiqu\u00e9es sous l&rsquo;\u00e9glise depuis le Moyen-\u00e2ge jusqu&rsquo;au XVII \u00e8me si\u00e8cle. Le joyau mobilier de l&rsquo;\u00e9glise est un triptyque proven\u00e7al du XVI \u00e8mesi\u00e8cle (il repr\u00e9sente au panneau central la Vierge assise, tenant sur ses genoux le corps de J\u00e9sus, descendu de la croix. A droite, Sainte Catherine, le livre et l&rsquo;\u00e9p\u00e9e \u00e0 la main, la roue \u00e0 ses pieds. A gauche, Saint Antoine, portant le livre, le b\u00e2ton et la clochette. L&rsquo;\u00e9glise contient aussi un beau retable en bois dor\u00e9 du XVII \u00e8me (apparition de la Vierge tenant l&rsquo;enfant J\u00e9sus). On trouve \u00e0 l&rsquo;entr\u00e9e un curieux b\u00e9nitier fait d&rsquo;une st\u00e8le gallo romaine et d&rsquo;une vasque celto ligure orn\u00e9e de deux animaux chthoniens.<br \/>\nLa restauration de l&rsquo;\u00e9glise, qui met en valeur ses belles pierres chaudes, date de 1954 et s&rsquo;est poursuivie. Les vitraux sont modernes. Le monument est inscrit \u00e0 l&rsquo;inventaire suppl\u00e9mentaire des monuments historiques.<\/p>\n<hr \/>\n<p style=\"text-align: left;\"><span style=\"color: #ffffff; background-color: #0000ff;\"><strong>Chapelle Notre Dame de la Salette, \u00e0 CALAS, colline de Trebillane<\/strong><\/span><\/p>\n<table style=\"width: 100%; height: 100px;\">\n<tbody>\n<tr style=\"height: 100px;\">\n<td style=\"height: 100px; width: 39.2857%;\">\n<h2><img loading=\"lazy\" decoding=\"async\" class=\"alignnone size-medium wp-image-2673\" src=\"https:\/\/uparbois.org\/wp-content\/uploads\/2014\/07\/ND-Salette-300x215.jpg\" alt=\"\" width=\"300\" height=\"215\" srcset=\"https:\/\/uparbois.org\/wp-content\/uploads\/2014\/07\/ND-Salette-300x215.jpg 300w, https:\/\/uparbois.org\/wp-content\/uploads\/2014\/07\/ND-Salette.jpg 490w\" sizes=\"(max-width: 300px) 100vw, 300px\" \/><\/h2>\n<\/td>\n<td style=\"height: 100px; width: 59.7619%;\"><img loading=\"lazy\" decoding=\"async\" class=\"alignnone size-medium wp-image-1944\" src=\"https:\/\/uparbois.org\/wp-content\/uploads\/2014\/07\/Salette-256x300.jpg\" alt=\"\" width=\"256\" height=\"300\" srcset=\"https:\/\/uparbois.org\/wp-content\/uploads\/2014\/07\/Salette-256x300.jpg 256w, https:\/\/uparbois.org\/wp-content\/uploads\/2014\/07\/Salette.jpg 533w\" sizes=\"(max-width: 256px) 100vw, 256px\" \/><\/td>\n<\/tr>\n<\/tbody>\n<\/table>\n<p>Certains historiens la font remonter au V <sup>\u00e8me<\/sup> ou au VI <sup>\u00e8me<\/sup> si\u00e8cle. Son antiquit\u00e9 para\u00eet prouv\u00e9e par la construction de son sanctuaire qui est la \u00ab\u00a0cella\u00a0\u00bb primitive. \u2028Elle dut servir de paroisse aux anciens habitants de \u00ab\u00a0Calcaria\u00a0\u00bb. Elle servit d&rsquo;\u00e9glise paroissiale jusqu&rsquo;en 1869, date \u00e0 laquelle fut b\u00e2tie la nouvelle \u00e9glise de Calas, par Mademoiselle Garavaque. \u2028Cet \u00e9difice a \u00e9t\u00e9 remani\u00e9 plusieurs fois au cours des si\u00e8cles, ce qui a entra\u00een\u00e9 un changement de son aspect originel. Le ch\u0153ur a \u00e9t\u00e9 agrandi et on a rajout\u00e9 une petite sacristie. Sur le c\u00f4t\u00e9 nord-ouest de la chapelle existait un petit cimeti\u00e8re d\u00e9couvert par hasard au XVIII <sup>\u00e8me<\/sup> si\u00e8cle lors d&rsquo;une restauration. A et emplacement se trouvait une cuve baptismale tr\u00e8s ancienne en pierre creus\u00e9e, qui a \u00e9t\u00e9 rapatri\u00e9e au mus\u00e9e M\u00e9lik de Cabri\u00e8s.\u00a0 En 1958 Joseph Rey, cur\u00e9 de Cabri\u00e8s en fit le lieu d&rsquo;un rassemblement de cavaliers pour une b\u00e9n\u00e9diction traditionnelle des chevaux, le Lundi de P\u00e2ques. La messe est c\u00e9l\u00e9br\u00e9e pendant les mois de Mai et d&rsquo;Octobre en l&rsquo;honneur de Marie.<\/p>\n<p>Par le dynamisme de l&rsquo;association de restauration de patrimoine ancien (Arpa), la restauration de la chapelle , d\u00e9but\u00e9e en 2002, a \u00e9t\u00e9 finalis\u00e9e en 2005 en quelques mois par l&rsquo;entreprise m\u00e9c\u00e8ne GECIM, dirig\u00e9e par Pierre Ozbolt, \u00e9galement pr\u00e9sident de l&rsquo;Arpa.<\/p>\n<p><a href=\"https:\/\/uparbois.org\/wp-content\/uploads\/2022\/09\/La-chapelle-ND-de-la-Salette.pdf\" target=\"_blank\" rel=\"noopener\"><span style=\"color: #0000ff;\"><strong><em>Lire la \u00ab\u00a0Petite histoire de la chapelle\u00a0\u00bb<\/em><\/strong><\/span><\/a><\/p>\n<hr \/>\n<p style=\"text-align: left;\"><span style=\"color: #ffffff; background-color: #0000ff;\"><strong>Statue de Saint Laurent Imbert, \u00e0 CALAS<\/strong><\/span><\/p>\n<p><a href=\"https:\/\/uparbois.org\/wp-content\/uploads\/2018\/10\/St-Laurent-Imbert-2018-08.jpg\"><img loading=\"lazy\" decoding=\"async\" class=\"alignleft wp-image-10971 size-medium\" src=\"https:\/\/uparbois.org\/wp-content\/uploads\/2018\/10\/St-Laurent-Imbert-2018-08-126x300.jpg\" alt=\"\" width=\"126\" height=\"300\" srcset=\"https:\/\/uparbois.org\/wp-content\/uploads\/2018\/10\/St-Laurent-Imbert-2018-08-126x300.jpg 126w, https:\/\/uparbois.org\/wp-content\/uploads\/2018\/10\/St-Laurent-Imbert-2018-08.jpg 258w\" sizes=\"(max-width: 126px) 100vw, 126px\" \/><\/a><a href=\"https:\/\/uparbois.org\/wp-content\/uploads\/2018\/10\/IMG_0437.jpg\"><img loading=\"lazy\" decoding=\"async\" class=\"alignleft wp-image-10983 size-medium\" src=\"https:\/\/uparbois.org\/wp-content\/uploads\/2018\/10\/IMG_0437-225x300.jpg\" alt=\"\" width=\"225\" height=\"300\" srcset=\"https:\/\/uparbois.org\/wp-content\/uploads\/2018\/10\/IMG_0437-225x300.jpg 225w, https:\/\/uparbois.org\/wp-content\/uploads\/2018\/10\/IMG_0437.jpg 576w\" sizes=\"(max-width: 225px) 100vw, 225px\" \/><\/a><img loading=\"lazy\" decoding=\"async\" class=\"alignnone size-medium wp-image-10984\" src=\"https:\/\/uparbois.org\/wp-content\/uploads\/2018\/10\/IMG_0449-169x300.png\" alt=\"\" width=\"169\" height=\"300\" srcset=\"https:\/\/uparbois.org\/wp-content\/uploads\/2018\/10\/IMG_0449-169x300.png 169w, https:\/\/uparbois.org\/wp-content\/uploads\/2018\/10\/IMG_0449.png 433w\" sizes=\"(max-width: 169px) 100vw, 169px\" \/><\/p>\n<p>Elle se dresse devant l&rsquo;\u00e9glise de Calas. Laurent Imbert \u00e9v\u00eaque de Cor\u00e9e, ayant habit\u00e9 Calas, au domaine de Labory.\u00a0 Sa statue a \u00e9t\u00e9\u00a0 sculpt\u00e9e par Hippolyte Ferrat. (le nettoyage de la statue a \u00e9t\u00e9 effectu\u00e9 en ao\u00fbt 2018 par la Mairie de Cabri\u00e8s &#8211; prestataire ste Decapro de Bouc Bel Air)<\/p>\n<p><em>Lire un extrait de\u00a0<\/em>\u00a0\u00bb <a title=\"Laurent Imbert\" href=\"http:\/\/s323197849.onlinehome.fr\/wp-content\/uploads\/2014\/07\/Mepasie-L-Imbert.pdf\" target=\"_blank\" rel=\"noopener\">L&rsquo;\u00e9tonnante histoire de la naissance de l&rsquo;\u00c9glise en Cor\u00e9e<\/a>\u00a0\u00bb<\/p>\n<p><em>Lire le dossier complet sur le site<\/em> \u00ab\u00a0<a title=\"M E P\" href=\"http:\/\/www.mepasie.org\/rubriques\/haut\/pays-de-mission\/la-coree\/?searchterm=laurent%20imbert\" target=\"_blank\" rel=\"noopener\">Missions \u00c9trang\u00e8res de Paris<\/a>\u00a0\u00bb<\/p>\n<p><a href=\"https:\/\/uparbois.org\/wp-content\/uploads\/2019\/05\/Laurent-Imbert-2019-09-Flyer.jpg\"><img loading=\"lazy\" decoding=\"async\" class=\"alignleft wp-image-12169 size-medium\" src=\"https:\/\/uparbois.org\/wp-content\/uploads\/2019\/05\/Laurent-Imbert-2019-09-Flyer-214x300.jpg\" alt=\"\" width=\"214\" height=\"300\" srcset=\"https:\/\/uparbois.org\/wp-content\/uploads\/2019\/05\/Laurent-Imbert-2019-09-Flyer-214x300.jpg 214w, https:\/\/uparbois.org\/wp-content\/uploads\/2019\/05\/Laurent-Imbert-2019-09-Flyer-768x1078.jpg 768w, https:\/\/uparbois.org\/wp-content\/uploads\/2019\/05\/Laurent-Imbert-2019-09-Flyer-729x1024.jpg 729w, https:\/\/uparbois.org\/wp-content\/uploads\/2019\/05\/Laurent-Imbert-2019-09-Flyer.jpg 827w\" sizes=\"(max-width: 214px) 100vw, 214px\" \/><\/a><\/p>\n<p><strong>L&rsquo;ann\u00e9e 2019 a vu la comm\u00e9moration du 180<sup>i\u00e8me<\/sup> anniversaire du martyre de Saint Laurent Imbert.<\/strong><\/p>\n<p>Cette f\u00eate a \u00e9t\u00e9 organis\u00e9e en collaboration avec les paroissiens de Marignane o\u00f9 saint Laurent Imbert est n\u00e9.<\/p>\n<p>Elle s&rsquo;est d\u00e9roul\u00e9e du 20 au 22 Septembre 2019.<\/p>\n<p>Un point fort pour nous \u00e0 Cabri\u00e8s-Calas a \u00e9t\u00e9 le Samedi 21\/09 avec la visite des invit\u00e9s sur les traces de notre Saint sur les chemins de notre commune.<\/p>\n<p>(Communiqu\u00e9 du groupe local de recherches sur St Laurent Imbert anim\u00e9 par\u00a0 H. Glessmer).<\/p>\n<hr \/>\n<p style=\"text-align: left;\"><span style=\"color: #ffffff; background-color: #0000ff;\"><strong>Maison Louise Garavaque \u00e0 CALAS<\/strong><\/span><\/p>\n<h2><img loading=\"lazy\" decoding=\"async\" class=\"size-medium wp-image-1949 alignleft\" src=\"https:\/\/uparbois.org\/wp-content\/uploads\/2014\/07\/LouiseCPR-268x300.jpg\" alt=\"\" width=\"268\" height=\"300\" srcset=\"https:\/\/uparbois.org\/wp-content\/uploads\/2014\/07\/LouiseCPR-268x300.jpg 268w, https:\/\/uparbois.org\/wp-content\/uploads\/2014\/07\/LouiseCPR-917x1024.jpg 917w, https:\/\/uparbois.org\/wp-content\/uploads\/2014\/07\/LouiseCPR.jpg 960w\" sizes=\"(max-width: 268px) 100vw, 268px\" \/>\u00a0 <span style=\"color: #ffffff; background-color: #0000ff;\"><strong><br \/>\n<\/strong><\/span><\/h2>\n<p>Louise Garavaque, fille unique du g\u00e9n\u00e9ral Garavaque et de Gabrielle\u00a0 Eulalie Dauphin devint \u00e0 la mort de ses fr\u00e8res et s\u0153ur, la seule h\u00e9riti\u00e8re de Louis Balthazar Dauphin. Les territoires de St Pierre et de Trebillane lui reviennent enti\u00e8rement, apr\u00e8s d\u00e9dommagement de ses neveux en 1859.<br \/>\nLa famille de Villeneuve Esclapon h\u00e9rite d\u2019elle, \u00e0 l&rsquo;exception des trois domaines (Saint-Amand, Saint-Pierre et Lamanon) qui ont \u00e9t\u00e9 vendus pour payer la construction de l\u2019\u00e9glise de Calas (1866-1869).<br \/>\nEn face de l\u2019\u00e9glise qu\u2019elle venait de faire construire, Louise Garavaque mit \u00e0 la disposition du cur\u00e9 de l&rsquo;\u00e9poque et de ses successeurs, un petit terrain au pied de la colline de Trebillane, que l&rsquo;on appela tout naturellement \u00ab\u00a0Jardin du Cur\u00e9\u00a0\u00bb. Le petit b\u00e2timent qui y fut \u00e9difi\u00e9 prit le nom de\u00a0 \u00ab\u00a0Cabanon du Cur\u00e9\u00a0\u00bb.<br \/>\nEn 2001, un accord fut conclu entre la famille de Villeneuve Esclapon, la Mairie et l\u2019association dioc\u00e9saine pour \u00e9difier le b\u00e2timent \u00ab Maison Louise Garavaque \u00bb dans le respect des volont\u00e9s de Louise G : La propri\u00e9t\u00e9 du bien \u00e0 la commune, la jouissance du bien \u00e0 la paroisse.<br \/>\nLe b\u00e2timent, inaugur\u00e9 en 2003 comporte deux parties :<br \/>\n&#8211; la partie gauche abrite la <a href=\"http:\/\/www.biblio-st-raphael.fr\" target=\"_blank\" rel=\"noopener\">Biblioth\u00e8que St Rapha\u00ebl<\/a> et, depuis 2004, les livres h\u00e9rit\u00e9s du P\u00e8re Joseph Rey. Les livres peuvent \u00eatre emprunt\u00e9s ou pour certains, consult\u00e9s sur place.<br \/>\n&#8211; La partie droite est en grande partie utilis\u00e9e en salles de cat\u00e9ch\u00e8se et d\u2019aum\u00f4nerie, ainsi qu&rsquo;en salle de r\u00e9unions et de rencontres des activit\u00e9s paroissiales.<\/p>\n<p style=\"text-align: center;\">\u00a0<img loading=\"lazy\" decoding=\"async\" class=\"wp-image-9014 size-medium alignleft\" src=\"https:\/\/uparbois.org\/wp-content\/uploads\/2014\/07\/IMG_9965-225x300.jpg\" alt=\"IMG_9965\" width=\"225\" height=\"300\" srcset=\"https:\/\/uparbois.org\/wp-content\/uploads\/2014\/07\/IMG_9965-225x300.jpg 225w, https:\/\/uparbois.org\/wp-content\/uploads\/2014\/07\/IMG_9965.jpg 480w\" sizes=\"(max-width: 225px) 100vw, 225px\" \/> <img loading=\"lazy\" decoding=\"async\" class=\"wp-image-9017 size-medium alignleft\" src=\"https:\/\/uparbois.org\/wp-content\/uploads\/2014\/07\/Biblio-interP-209x300.jpg\" alt=\"Biblio interP\" width=\"209\" height=\"300\" srcset=\"https:\/\/uparbois.org\/wp-content\/uploads\/2014\/07\/Biblio-interP-209x300.jpg 209w, https:\/\/uparbois.org\/wp-content\/uploads\/2014\/07\/Biblio-interP-768x1104.jpg 768w, https:\/\/uparbois.org\/wp-content\/uploads\/2014\/07\/Biblio-interP-712x1024.jpg 712w, https:\/\/uparbois.org\/wp-content\/uploads\/2014\/07\/Biblio-interP.jpg 1061w\" sizes=\"(max-width: 209px) 100vw, 209px\" \/><\/p>\n<hr \/>\n<p style=\"text-align: left;\"><span style=\"background-color: #0000ff; color: #ffffff;\"><strong>Chapelle Notre Dame des 7 Douleurs<\/strong><\/span><\/p>\n<p><img loading=\"lazy\" decoding=\"async\" class=\"alignnone size-medium wp-image-2414\" src=\"https:\/\/uparbois.org\/wp-content\/uploads\/2014\/07\/cabries-15-300x225.jpg\" alt=\"\" width=\"300\" height=\"225\" srcset=\"https:\/\/uparbois.org\/wp-content\/uploads\/2014\/07\/cabries-15-300x225.jpg 300w, https:\/\/uparbois.org\/wp-content\/uploads\/2014\/07\/cabries-15.jpg 800w\" sizes=\"(max-width: 300px) 100vw, 300px\" \/><\/p>\n<p>La chapelle Notre-Dame des Sept Douleurs, f\u00fbt b\u00e2tie en 1604 en l&rsquo;honneur de Saint-Michel Archange. Tomb\u00e9e en ruine au XX\u00b0 si\u00e8cle, elle fut\u00a0 partiellement restaur\u00e9e en 1998<\/p>\n<hr \/>\n<p style=\"text-align: left;\"><span style=\"color: #ffffff; background-color: #0000ff;\"><strong>Chapelle Saint Rapha\u00ebl \u00e0 Cabri\u00e8s<\/strong><\/span><\/p>\n<p><img loading=\"lazy\" decoding=\"async\" class=\"size-medium wp-image-2426 alignleft\" src=\"https:\/\/uparbois.org\/wp-content\/uploads\/2014\/07\/Chapelle-St-Raphael-300x215.jpg\" alt=\"\" width=\"300\" height=\"215\" srcset=\"https:\/\/uparbois.org\/wp-content\/uploads\/2014\/07\/Chapelle-St-Raphael-300x215.jpg 300w, https:\/\/uparbois.org\/wp-content\/uploads\/2014\/07\/Chapelle-St-Raphael-1024x735.jpg 1024w, https:\/\/uparbois.org\/wp-content\/uploads\/2014\/07\/Chapelle-St-Raphael.jpg 1461w\" sizes=\"(max-width: 300px) 100vw, 300px\" \/>Situ\u00e9e au centre du \u00ab Cimeti\u00e8re Vieux \u00bb de Cabri\u00e8s, au Nord du Piton, cette chapelle est la plus ancienne \u00e9glise du village (X \u00e8me si\u00e8cle). Elle est d\u00e9di\u00e9e \u00e0 l&rsquo;Archange Saint Rapha\u00ebl, protecteur du village. Elle poss\u00e8de une nef et un bas c\u00f4t\u00e9 plus petit. Son abside est en cul-de-four. Ses murs sont massifs et presque aveugles. Des affaissements du sol de la chapelle laissent penser \u00e0 l&rsquo;existence de tombes sous les dalles. Jusqu&rsquo;\u00e0 il y a une trentaine d&rsquo;ann\u00e9es, une procession partait de cette chapelle le 23 octobre veille de la f\u00eate de la Saint Rapha\u00ebl, portant les statues polychromes de l&rsquo;Archange et de Tobie et de son poisson. Ces statues \u00e9taient abrit\u00e9es dans le monument et se trouvent maintenant install\u00e9es sous protection dans l&rsquo;\u00e9glise. La l\u00e9gende dit que des habitants de Bouc-Bel-Air voulurent s&#8217;emparer de la statue du saint protecteur. Une nuit ils emport\u00e8rent la statue sur leurs \u00e9paules. Elle devint si lourde qu&rsquo;ils furent clou\u00e9s sur place. Saisis d&rsquo;effroi, ils abandonn\u00e8rent la statue et s&rsquo;enfuirent. La procession se fait aujourd&rsquo;hui avec la banni\u00e8re de St Rapha\u00ebl et Tobie.<\/p>\n<p><a href=\"http:\/\/s323197849.onlinehome.fr\/wp-content\/uploads\/2014\/07\/P\u00e8lerinage-de-Saint-Rapha\u00ebl.-Saint-Rapha\u00eal.-XVIe-si\u00e8cle-CABRIES-Bouches-du-Rh\u00f4ne.pdf\" target=\"_blank\" rel=\"noopener\">Voir le P\u00e8lerinage \u00e0 la chapelle Saint Rapha\u00ebl<\/a><\/p>\n<hr \/>\n<p style=\"text-align: left;\"><span style=\"color: #ffffff; background-color: #0000ff;\"><strong>Oratoire Saint Joseph (Colline Saint Martin)<\/strong><\/span><\/p>\n<p><img loading=\"lazy\" decoding=\"async\" class=\"size-medium wp-image-2428 alignleft\" src=\"https:\/\/uparbois.org\/wp-content\/uploads\/2014\/07\/IMG_0662-203x300.jpg\" alt=\"\" width=\"203\" height=\"300\" srcset=\"https:\/\/uparbois.org\/wp-content\/uploads\/2014\/07\/IMG_0662-203x300.jpg 203w, https:\/\/uparbois.org\/wp-content\/uploads\/2014\/07\/IMG_0662.jpg 304w\" sizes=\"(max-width: 203px) 100vw, 203px\" \/><\/p>\n<p>Alors qu&rsquo;il commen\u00e7ait \u00e0 tomber en ruines, quelques paroissiens de Cabri\u00e8s Calas sous la houlette du P\u00e8re Andr\u00e9 Heckenroth, se sont mobilis\u00e9s en avril 2000 pour restaurer l&rsquo;oratoire de Saint Joseph<\/p>\n<p>sur la colline Saint Martin (Trebillane). Il fut inaugur\u00e9 en juin de cette m\u00eame ann\u00e9e, par le P\u00e8re Andr\u00e9, cur\u00e9 de la paroisse de Cabri\u00e8s-Calas.<\/p>\n<hr \/>\n<p style=\"text-align: left;\"><a href=\"http:\/\/dignois.fr\/\" target=\"_blank\" rel=\"noopener\"><strong>Voir le patrimoine \u00ab\u00a0Chapelles et \u00e9glises\u00a0\u00bb aux alentours\u00a0 <\/strong><\/a><\/p>\n<p style=\"text-align: left;\"><em>avec l&rsquo;aimable autorisation du concepteur du site \u00ab\u00a0dignois.fr<\/em><\/p>\n","protected":false},"excerpt":{"rendered":"<p>Pour approfondir vos connaissances sur le patrimoine de Cabri\u00e8s Calas, vous \u00eates les bienvenus \u00e0\u00a0 la Biblioth\u00e8que Saint Rapha\u00ebl de Calas \u00c9glise Notre Dame de l&rsquo;Assomption \u00e0 CALAS L&rsquo;autel majeur est une r\u00e9duction de l&rsquo;ancien autel de Saint Sauveur d&rsquo;Aix. De style grec et poss\u00e9dant trois nefs, elle a \u00e9t\u00e9 b\u00e2tie de 1866 \u00e0 1869 [&hellip;]<\/p>\n","protected":false},"author":2,"featured_media":0,"parent":0,"menu_order":2,"comment_status":"closed","ping_status":"closed","template":"","meta":{"ocean_post_layout":"","ocean_both_sidebars_style":"","ocean_both_sidebars_content_width":0,"ocean_both_sidebars_sidebars_width":0,"ocean_sidebar":"0","ocean_second_sidebar":"0","ocean_disable_margins":"enable","ocean_add_body_class":"","ocean_shortcode_before_top_bar":"","ocean_shortcode_after_top_bar":"","ocean_shortcode_before_header":"","ocean_shortcode_after_header":"","ocean_has_shortcode":"","ocean_shortcode_after_title":"","ocean_shortcode_before_footer_widgets":"","ocean_shortcode_after_footer_widgets":"","ocean_shortcode_before_footer_bottom":"","ocean_shortcode_after_footer_bottom":"","ocean_display_top_bar":"default","ocean_display_header":"default","ocean_header_style":"","ocean_center_header_left_menu":"0","ocean_custom_header_template":"0","ocean_custom_logo":0,"ocean_custom_retina_logo":0,"ocean_custom_logo_max_width":0,"ocean_custom_logo_tablet_max_width":0,"ocean_custom_logo_mobile_max_width":0,"ocean_custom_logo_max_height":0,"ocean_custom_logo_tablet_max_height":0,"ocean_custom_logo_mobile_max_height":0,"ocean_header_custom_menu":"0","ocean_menu_typo_font_family":"0","ocean_menu_typo_font_subset":"","ocean_menu_typo_font_size":0,"ocean_menu_typo_font_size_tablet":0,"ocean_menu_typo_font_size_mobile":0,"ocean_menu_typo_font_size_unit":"px","ocean_menu_typo_font_weight":"","ocean_menu_typo_font_weight_tablet":"","ocean_menu_typo_font_weight_mobile":"","ocean_menu_typo_transform":"","ocean_menu_typo_transform_tablet":"","ocean_menu_typo_transform_mobile":"","ocean_menu_typo_line_height":0,"ocean_menu_typo_line_height_tablet":0,"ocean_menu_typo_line_height_mobile":0,"ocean_menu_typo_line_height_unit":"","ocean_menu_typo_spacing":0,"ocean_menu_typo_spacing_tablet":0,"ocean_menu_typo_spacing_mobile":0,"ocean_menu_typo_spacing_unit":"","ocean_menu_link_color":"","ocean_menu_link_color_hover":"","ocean_menu_link_color_active":"","ocean_menu_link_background":"","ocean_menu_link_hover_background":"","ocean_menu_link_active_background":"","ocean_menu_social_links_bg":"","ocean_menu_social_hover_links_bg":"","ocean_menu_social_links_color":"","ocean_menu_social_hover_links_color":"","ocean_disable_title":"default","ocean_disable_heading":"default","ocean_post_title":"","ocean_post_subheading":"","ocean_post_title_style":"","ocean_post_title_background_color":"","ocean_post_title_background":0,"ocean_post_title_bg_image_position":"","ocean_post_title_bg_image_attachment":"","ocean_post_title_bg_image_repeat":"","ocean_post_title_bg_image_size":"","ocean_post_title_height":0,"ocean_post_title_bg_overlay":0.5,"ocean_post_title_bg_overlay_color":"","ocean_disable_breadcrumbs":"default","ocean_breadcrumbs_color":"","ocean_breadcrumbs_separator_color":"","ocean_breadcrumbs_links_color":"","ocean_breadcrumbs_links_hover_color":"","ocean_display_footer_widgets":"default","ocean_display_footer_bottom":"default","ocean_custom_footer_template":"0","footnotes":""},"_links":{"self":[{"href":"https:\/\/uparbois.org\/index.php?rest_route=\/wp\/v2\/pages\/1538"}],"collection":[{"href":"https:\/\/uparbois.org\/index.php?rest_route=\/wp\/v2\/pages"}],"about":[{"href":"https:\/\/uparbois.org\/index.php?rest_route=\/wp\/v2\/types\/page"}],"author":[{"embeddable":true,"href":"https:\/\/uparbois.org\/index.php?rest_route=\/wp\/v2\/users\/2"}],"replies":[{"embeddable":true,"href":"https:\/\/uparbois.org\/index.php?rest_route=%2Fwp%2Fv2%2Fcomments&post=1538"}],"version-history":[{"count":98,"href":"https:\/\/uparbois.org\/index.php?rest_route=\/wp\/v2\/pages\/1538\/revisions"}],"predecessor-version":[{"id":19252,"href":"https:\/\/uparbois.org\/index.php?rest_route=\/wp\/v2\/pages\/1538\/revisions\/19252"}],"wp:attachment":[{"href":"https:\/\/uparbois.org\/index.php?rest_route=%2Fwp%2Fv2%2Fmedia&parent=1538"}],"curies":[{"name":"wp","href":"https:\/\/api.w.org\/{rel}","templated":true}]}}