{"id":1536,"date":"2014-07-24T12:19:53","date_gmt":"2014-07-24T10:19:53","guid":{"rendered":"http:\/\/localhost\/wordpress\/?page_id=1536"},"modified":"2022-09-25T14:42:16","modified_gmt":"2022-09-25T13:42:16","slug":"bouc-bel-air","status":"publish","type":"page","link":"https:\/\/uparbois.org\/?page_id=1536","title":{"rendered":"Bouc-Bel-Air"},"content":{"rendered":"<h1 style=\"text-align: center;\"><span style=\"background-color: #0000ff; color: #ffffff;\"><strong> \u00c9glise Saint Andr\u00e9 de Bouc Bel Air<\/strong><\/span><\/h1>\n<table>\n<tbody>\n<tr>\n<td style=\"text-align: left;\"><a href=\"https:\/\/uparbois.org\/wp-content\/uploads\/2014\/07\/\u00c9GLISE-BBA.jpg\"><img loading=\"lazy\" decoding=\"async\" class=\"alignnone size-thumbnail wp-image-2266\" src=\"https:\/\/uparbois.org\/wp-content\/uploads\/2014\/07\/\u00c9GLISE-BBA-100x100.jpg\" alt=\"\u00c9GLISE BBA\" width=\"100\" height=\"100\" \/><\/a><\/td>\n<td style=\"text-align: left;\"><a href=\"http:\/\/s323197849.onlinehome.fr\/wp-content\/uploads\/2014\/07\/Clocher-BBA.jpg\"><img loading=\"lazy\" decoding=\"async\" class=\"alignnone size-thumbnail wp-image-2267\" src=\"https:\/\/uparbois.org\/wp-content\/uploads\/2014\/07\/Clocher-BBA-100x100.jpg\" alt=\"Clocher BBA\" width=\"100\" height=\"100\" \/><\/a><\/td>\n<td style=\"text-align: left;\"><a href=\"https:\/\/uparbois.org\/wp-content\/uploads\/2014\/06\/20140419_VP_005-AL.jpg\"><img loading=\"lazy\" decoding=\"async\" class=\"alignnone size-thumbnail wp-image-2124\" src=\"https:\/\/uparbois.org\/wp-content\/uploads\/2014\/06\/20140419_VP_005-AL-100x100.jpg\" alt=\"20140419_VP_005 AL\" width=\"100\" height=\"100\" \/><\/a><\/td>\n<td style=\"text-align: left;\"><a href=\"https:\/\/uparbois.org\/wp-content\/uploads\/2014\/07\/Orgue-Jean-Daldosso.jpg\"><img loading=\"lazy\" decoding=\"async\" class=\"size-thumbnail wp-image-2390 alignnone\" src=\"https:\/\/uparbois.org\/wp-content\/uploads\/2014\/07\/Orgue-Jean-Daldosso-100x100.jpg\" alt=\"Orgue Jean Daldosso\" width=\"100\" height=\"100\" \/><\/a><\/td>\n<\/tr>\n<\/tbody>\n<\/table>\n<p>Construite au XI \u00e8me si\u00e8cle, elle a \u00e9t\u00e9 largement\u00a0 modifi\u00e9e depuis.\u00a0 Son clocher, en pierres apparentes, date de 1749. Seul le porche provient de la construction initiale. Le portail plein cintre , avec ses colonnades orn\u00e9es de feuillages qui supportent l&rsquo;archivolte, est class\u00e9 aux Monuments Historiques . A l&rsquo;int\u00e9rieur de l&rsquo;\u00e9glise, on peut admirer un tableau ex-voto d&rsquo;une sc\u00e8ne de naufrage ( datant du XVIII \u00e8me\u00a0 si\u00e8cle),\u00a0 des toiles de Jean Garcin du 17 \u00e8me, des toiles du 19 \u00e8me, le r\u00e9table du 17 \u00e8me ainsi que\u00a0 48 ex-voto,\u00a0 reflets d&rsquo;une culture populaire. Ils sont d&rsquo;une extr\u00eame vari\u00e9t\u00e9 (maladies, \u00e9pid\u00e9mies, accidents, noyades, naufrages, chutes&#8230;) et nous \u00e9clairent de fa\u00e7on souvent \u00e9mouvante sur la vie quotidienne de nos a\u00efeux. . Le Christ en Croix en bois peint et la statue de la Vierge \u00e0 l&rsquo;Enfant datent du 18 \u00e8me.\u00a0 L&rsquo;orgue actuel,de type baroque polyphonique, a \u00e9t\u00e9 inaugur\u00e9 en mai 2006. Il fut b\u00e9ni par Monseigneur Claude Feidt, Archev\u00eaque d&rsquo;Aix et Arles. Il est plac\u00e9 dans l&rsquo;angle droit juste avant le ch\u0153ur.<\/p>\n<p><em><a href=\"https:\/\/vimeo.com\/113078100\" target=\"_blank\" rel=\"noopener\">Vid\u00e9o de pr\u00e9sentation de l&rsquo;\u00e9glise Saint Andr\u00e9 par \u00ab\u00a0Les amis de l&rsquo;orgue\u00a0\u00bb<\/a>\u00a0\u00a0 <a href=\"https:\/\/uparbois.org\/wp-content\/uploads\/2015\/03\/1855717580.gif\"><img loading=\"lazy\" decoding=\"async\" class=\"alignnone wp-image-4965\" src=\"https:\/\/uparbois.org\/wp-content\/uploads\/2015\/03\/1855717580.gif\" alt=\"1855717580\" width=\"50\" height=\"22\" \/><\/a><\/em><\/p>\n<hr \/>\n<h1 style=\"text-align: center;\"><strong><span style=\"background-color: #0000ff; color: #ffffff;\">Chapelle Notre Dame de l&rsquo;Esp\u00e9rance<\/span><\/strong><\/h1>\n<p><a href=\"https:\/\/uparbois.org\/wp-content\/uploads\/2014\/07\/ND-Esp\u00e9rance.jpg\"><img loading=\"lazy\" decoding=\"async\" class=\"size-thumbnail wp-image-2275 aligncenter\" src=\"https:\/\/uparbois.org\/wp-content\/uploads\/2014\/07\/ND-Esp\u00e9rance-100x100.jpg\" alt=\"ND Esp\u00e9rance\" width=\"100\" height=\"100\" \/><\/a>\u00a0 <strong><span style=\"background-color: #0000ff; color: #ffffff;\"><br \/>\n<\/span><\/strong><\/p>\n<p>Cette grande chapelle romane du XIIe si\u00e8cle, est situ\u00e9e \u00e0 quelques m\u00e8tres d&rsquo;un ancien moulin, dans la pin\u00e8de proche du vieux village. Outre l&rsquo;attrait d&rsquo;une for\u00eat typiquement m\u00e9diterran\u00e9enne, elle offre un joli point de vue sur la plaine et sur tout le massif de l&rsquo; \u00c9toile. Elle reste un pr\u00e9cieux t\u00e9moignage de la ferveur de la foi boucaine puisque une procession annuelle y menait le dimanche apr\u00e8s P\u00e2ques et le jour de l&rsquo;Assomption et qu&rsquo;elle abritait de nombreux ex-voto, pour la plupart du XVIIIe si\u00e8cle qui ont aujourd&rsquo;hui \u00e9t\u00e9 ramen\u00e9s \u00e0 l&rsquo;\u00e9glise Saint Andr\u00e9. Pendant les mois de Mai et d&rsquo;Octobre, la chapelle Notre Dame de l&rsquo;Esp\u00e9rance est ouverte au public \u00e0 l&rsquo;occasion des c\u00e9l\u00e9brations du Rosaire et du mois de pri\u00e8res \u00e0 la Vierge Marie.<\/p>\n<hr \/>\n<h1 style=\"text-align: center;\"><span style=\"background-color: #0000ff; color: #ffffff;\"><strong> Salles\u00a0 Monique Pally<\/strong><\/span><\/h1>\n<p><a href=\"https:\/\/uparbois.org\/wp-content\/uploads\/2014\/07\/Salle-Pally-BBA.jpg\"><img loading=\"lazy\" decoding=\"async\" class=\"size-thumbnail wp-image-2273 aligncenter\" src=\"https:\/\/uparbois.org\/wp-content\/uploads\/2014\/07\/Salle-Pally-BBA-100x100.jpg\" alt=\"Salle Pally BBA\" width=\"100\" height=\"100\" \/><\/a> <span style=\"background-color: #0000ff; color: #ffffff;\"><strong><br \/>\n<\/strong><\/span><\/p>\n<p>Ces salles paroissiales ont pu \u00eatre r\u00e9habilit\u00e9es gr\u00e2ce au\u00a0 legs fait par Monique Pally \u00e0 la paroisse de Bouc Bel Air. Elles ont \u00e9t\u00e9 inaugur\u00e9es et b\u00e9nies le 28 avril 2006<\/p>\n<hr \/>\n<h1 style=\"text-align: center;\"><strong><span style=\"color: #ffffff; background-color: #0000ff;\">Chapelle Sainte Anne\u00a0 <\/span><\/strong><\/h1>\n<p><strong><span style=\"color: #ffffff; background-color: #0000ff;\"><a href=\"https:\/\/uparbois.org\/wp-content\/uploads\/2014\/07\/ste_anne_1.jpg\"><img loading=\"lazy\" decoding=\"async\" class=\"size-thumbnail wp-image-2410 aligncenter\" src=\"https:\/\/uparbois.org\/wp-content\/uploads\/2014\/07\/ste_anne_1-100x100.jpg\" alt=\"ste_anne_1\" width=\"100\" height=\"100\" \/><\/a><\/span><\/strong><\/p>\n<p>Situ\u00e9e au bout de l&rsquo;impasse de la Chapelle (dans l&rsquo;avenue J. Jaur\u00e8s), elle est aujourd&rsquo;hui le si\u00e8ge local du Secours Catholique de l&rsquo;Unit\u00e9 Pastorale Arbois.<\/p>\n<hr \/>\n<h1 style=\"text-align: center;\"><a href=\"http:\/\/dignois.fr\/\" target=\"_blank\" rel=\"noopener\"><strong>Voir le patrimoine \u00ab\u00a0Chapelles et \u00e9glises\u00a0\u00bb aux alentours<\/strong><\/a><\/h1>\n<h6 style=\"text-align: center;\"><em>avec l&rsquo;aimable autorisation du concepteur du site \u00ab\u00a0dignois.fr\u00a0\u00bb<\/em><\/h6>\n","protected":false},"excerpt":{"rendered":"<p>\u00c9glise Saint Andr\u00e9 de Bouc Bel Air Construite au XI \u00e8me si\u00e8cle, elle a \u00e9t\u00e9 largement\u00a0 modifi\u00e9e depuis.\u00a0 Son clocher, en pierres apparentes, date de 1749. Seul le porche provient de la construction initiale. Le portail plein cintre , avec ses colonnades orn\u00e9es de feuillages qui supportent l&rsquo;archivolte, est class\u00e9 aux Monuments Historiques . A [&hellip;]<\/p>\n","protected":false},"author":2,"featured_media":0,"parent":0,"menu_order":1,"comment_status":"closed","ping_status":"closed","template":"","meta":{"ocean_post_layout":"","ocean_both_sidebars_style":"","ocean_both_sidebars_content_width":0,"ocean_both_sidebars_sidebars_width":0,"ocean_sidebar":"0","ocean_second_sidebar":"0","ocean_disable_margins":"enable","ocean_add_body_class":"","ocean_shortcode_before_top_bar":"","ocean_shortcode_after_top_bar":"","ocean_shortcode_before_header":"","ocean_shortcode_after_header":"","ocean_has_shortcode":"","ocean_shortcode_after_title":"","ocean_shortcode_before_footer_widgets":"","ocean_shortcode_after_footer_widgets":"","ocean_shortcode_before_footer_bottom":"","ocean_shortcode_after_footer_bottom":"","ocean_display_top_bar":"default","ocean_display_header":"default","ocean_header_style":"","ocean_center_header_left_menu":"0","ocean_custom_header_template":"0","ocean_custom_logo":0,"ocean_custom_retina_logo":0,"ocean_custom_logo_max_width":0,"ocean_custom_logo_tablet_max_width":0,"ocean_custom_logo_mobile_max_width":0,"ocean_custom_logo_max_height":0,"ocean_custom_logo_tablet_max_height":0,"ocean_custom_logo_mobile_max_height":0,"ocean_header_custom_menu":"0","ocean_menu_typo_font_family":"0","ocean_menu_typo_font_subset":"","ocean_menu_typo_font_size":0,"ocean_menu_typo_font_size_tablet":0,"ocean_menu_typo_font_size_mobile":0,"ocean_menu_typo_font_size_unit":"px","ocean_menu_typo_font_weight":"","ocean_menu_typo_font_weight_tablet":"","ocean_menu_typo_font_weight_mobile":"","ocean_menu_typo_transform":"","ocean_menu_typo_transform_tablet":"","ocean_menu_typo_transform_mobile":"","ocean_menu_typo_line_height":0,"ocean_menu_typo_line_height_tablet":0,"ocean_menu_typo_line_height_mobile":0,"ocean_menu_typo_line_height_unit":"","ocean_menu_typo_spacing":0,"ocean_menu_typo_spacing_tablet":0,"ocean_menu_typo_spacing_mobile":0,"ocean_menu_typo_spacing_unit":"","ocean_menu_link_color":"","ocean_menu_link_color_hover":"","ocean_menu_link_color_active":"","ocean_menu_link_background":"","ocean_menu_link_hover_background":"","ocean_menu_link_active_background":"","ocean_menu_social_links_bg":"","ocean_menu_social_hover_links_bg":"","ocean_menu_social_links_color":"","ocean_menu_social_hover_links_color":"","ocean_disable_title":"default","ocean_disable_heading":"default","ocean_post_title":"","ocean_post_subheading":"","ocean_post_title_style":"","ocean_post_title_background_color":"","ocean_post_title_background":0,"ocean_post_title_bg_image_position":"","ocean_post_title_bg_image_attachment":"","ocean_post_title_bg_image_repeat":"","ocean_post_title_bg_image_size":"","ocean_post_title_height":0,"ocean_post_title_bg_overlay":0.5,"ocean_post_title_bg_overlay_color":"","ocean_disable_breadcrumbs":"default","ocean_breadcrumbs_color":"","ocean_breadcrumbs_separator_color":"","ocean_breadcrumbs_links_color":"","ocean_breadcrumbs_links_hover_color":"","ocean_display_footer_widgets":"default","ocean_display_footer_bottom":"default","ocean_custom_footer_template":"0","footnotes":""},"_links":{"self":[{"href":"https:\/\/uparbois.org\/index.php?rest_route=\/wp\/v2\/pages\/1536"}],"collection":[{"href":"https:\/\/uparbois.org\/index.php?rest_route=\/wp\/v2\/pages"}],"about":[{"href":"https:\/\/uparbois.org\/index.php?rest_route=\/wp\/v2\/types\/page"}],"author":[{"embeddable":true,"href":"https:\/\/uparbois.org\/index.php?rest_route=\/wp\/v2\/users\/2"}],"replies":[{"embeddable":true,"href":"https:\/\/uparbois.org\/index.php?rest_route=%2Fwp%2Fv2%2Fcomments&post=1536"}],"version-history":[{"count":27,"href":"https:\/\/uparbois.org\/index.php?rest_route=\/wp\/v2\/pages\/1536\/revisions"}],"predecessor-version":[{"id":17651,"href":"https:\/\/uparbois.org\/index.php?rest_route=\/wp\/v2\/pages\/1536\/revisions\/17651"}],"wp:attachment":[{"href":"https:\/\/uparbois.org\/index.php?rest_route=%2Fwp%2Fv2%2Fmedia&parent=1536"}],"curies":[{"name":"wp","href":"https:\/\/api.w.org\/{rel}","templated":true}]}}