{"id":14196,"date":"2020-06-10T11:44:03","date_gmt":"2020-06-10T10:44:03","guid":{"rendered":"http:\/\/s323197849.onlinehome.fr\/?page_id=14196"},"modified":"2021-10-25T18:16:17","modified_gmt":"2021-10-25T17:16:17","slug":"report","status":"publish","type":"page","link":"https:\/\/uparbois.org\/?page_id=14196","title":{"rendered":"Reportages 2019"},"content":{"rendered":"<table style=\"border-color: #65c9ad; width: 99.7855%;\">\n<tbody>\n<tr>\n<td style=\"border-color: #78e3bf; width: 51.1615%;\"><\/td>\n<td style=\"border-color: #78e3bf; width: 48.624%;\"><a href=\"http:\/\/s323197849.onlinehome.fr\/wp-content\/uploads\/2020\/01\/DSC02136.jpg\"><img loading=\"lazy\" decoding=\"async\" class=\"size-thumbnail wp-image-12757 alignleft\" src=\"http:\/\/s323197849.onlinehome.fr\/wp-content\/uploads\/2020\/01\/DSC02136-100x100.jpg\" alt=\"\" width=\"100\" height=\"100\"\/><\/a><a href=\"https:\/\/photos.app.goo.gl\/dFNbXE7m4F9GW5J56\" target=\"_blank\" rel=\"noopener\">Messe 16:30 Calas <\/a> &#8211; <a href=\"https:\/\/photos.app.goo.gl\/FwarDEhoEf7VVo2U8\" target=\"_blank\" rel=\"noopener\">Messe 18:00 Bouc<\/a><\/p>\n<p><a href=\"https:\/\/photos.app.goo.gl\/S6dykDwWWTy5f53RA\" target=\"_blank\" rel=\"noopener\">Messe 19:00 Cabri\u00e8s<\/a> &#8211; <a href=\"https:\/\/photos.app.goo.gl\/qtp3RjBaFzdhMoXY6\" target=\"_blank\" rel=\"noopener\">Messe Minuit Bouc<\/a><\/td>\n<\/tr>\n<tr>\n<td style=\"border-color: #78e3bf; width: 51.1615%;\"><a href=\"https:\/\/photos.app.goo.gl\/euDMgxbCKEw6Fswa9\" target=\"_blank\" rel=\"noopener\">Lourdes 2019 &#8211; XI\u00e8mes Ancolies<\/a> <a href=\"http:\/\/s323197849.onlinehome.fr\/wp-content\/uploads\/2019\/11\/2019-11-9et10-5-11\u00b0-ANCOLIES-La-grotte-de-Massabielle-Lourdes-Copier.jpg\"><img loading=\"lazy\" decoding=\"async\" class=\"size-thumbnail wp-image-12670 alignleft\" src=\"http:\/\/s323197849.onlinehome.fr\/wp-content\/uploads\/2019\/11\/2019-11-9et10-5-11\u00b0-ANCOLIES-La-grotte-de-Massabielle-Lourdes-Copier-100x100.jpg\" alt=\"\" width=\"100\" height=\"100\"\/><\/a><\/td>\n<td style=\"border-color: #78e3bf; width: 48.624%;\"><a href=\"http:\/\/s323197849.onlinehome.fr\/wp-content\/uploads\/2019\/11\/Avignon_journee_servants_17_novembre_2019_100.jpg\"><img loading=\"lazy\" decoding=\"async\" class=\"size-thumbnail wp-image-12669 alignleft\" src=\"http:\/\/s323197849.onlinehome.fr\/wp-content\/uploads\/2019\/11\/Avignon_journee_servants_17_novembre_2019_100-100x100.jpg\" alt=\"\" width=\"100\" height=\"100\"\/><\/a><a href=\"https:\/\/photos.app.goo.gl\/wQcsCsNEpfBEPbui8\" target=\"_blank\" rel=\"noopener\">Servants Avignon 2019 11 17<\/a><\/td>\n<\/tr>\n<tr>\n<td style=\"border-color: #78e3bf; width: 51.1615%;\"><a href=\"http:\/\/s323197849.onlinehome.fr\/wp-content\/uploads\/2019\/11\/Cabries_19_octobre_2019_st_Raphael_005.jpg\"><img loading=\"lazy\" decoding=\"async\" class=\"size-thumbnail wp-image-12667 alignleft\" src=\"http:\/\/s323197849.onlinehome.fr\/wp-content\/uploads\/2019\/11\/Cabries_19_octobre_2019_st_Raphael_005-100x100.jpg\" alt=\"\" width=\"100\" height=\"100\"\/><\/a><a href=\"https:\/\/photos.app.goo.gl\/WECKtcNK1aXUYnef7\" target=\"_blank\" rel=\"noopener\">St Rapha\u00ebl Cabri\u00e8s 2019 11 27<\/a><\/td>\n<td style=\"border-color: #78e3bf; width: 48.624%;\"><a href=\"http:\/\/s323197849.onlinehome.fr\/wp-content\/uploads\/2019\/10\/Bc-24.jpg\"><img loading=\"lazy\" decoding=\"async\" class=\"size-thumbnail wp-image-12572 alignleft\" src=\"http:\/\/s323197849.onlinehome.fr\/wp-content\/uploads\/2019\/10\/Bc-24-100x100.jpg\" alt=\"\" width=\"100\" height=\"100\"\/><\/a><a href=\"https:\/\/photos.app.goo.gl\/95J3YrH3eCd6KVpK6\" target=\"_blank\" rel=\"noopener\">Messe d&rsquo;accueil du P\u00e8re Benoit &#8211; Trebillane 2019 avec Mgr Dufour<\/a><\/p>\n<p><a href=\"https:\/\/photos.app.goo.gl\/PMRDm8J33B6S3GBR6\" target=\"_blank\" rel=\"noopener\">Temps convivial et repas partag\u00e9<\/a><\/td>\n<\/tr>\n<tr>\n<td style=\"border-color: #78e3bf; width: 51.1615%;\"><a href=\"http:\/\/s323197849.onlinehome.fr\/wp-content\/uploads\/2019\/10\/Messe_Calas_24_08_19_bc_14.jpg\"><img loading=\"lazy\" decoding=\"async\" class=\"size-thumbnail wp-image-12570 alignleft\" src=\"http:\/\/s323197849.onlinehome.fr\/wp-content\/uploads\/2019\/10\/Messe_Calas_24_08_19_bc_14-100x100.jpg\" alt=\"\" width=\"100\" height=\"100\"\/><\/a><a href=\"https:\/\/photos.app.goo.gl\/VsL2FL18hbk4b8Qt8\" target=\"_blank\" rel=\"noopener\">Messe de d\u00e9part du P\u00e8re Richard \u00e0 Cabri\u00e8s-Calas<\/a><\/p>\n<p><a href=\"https:\/\/photos.app.goo.gl\/QBtJuyxbfzktKNae7\" target=\"_blank\" rel=\"noopener\">Messe de d\u00e9part du P\u00e8re Richard \u00e0 Boucbelair<\/a><\/td>\n<td style=\"border-color: #78e3bf; width: 48.624%;\"><a href=\"http:\/\/s323197849.onlinehome.fr\/wp-content\/uploads\/2019\/06\/Albertas_messe_fin_d_annee_22_06_19_bc_192.jpg\"><img loading=\"lazy\" decoding=\"async\" class=\"size-thumbnail wp-image-12218 alignleft\" src=\"http:\/\/s323197849.onlinehome.fr\/wp-content\/uploads\/2019\/06\/Albertas_messe_fin_d_annee_22_06_19_bc_192-100x100.jpg\" alt=\"\" width=\"100\" height=\"100\"\/><\/a><a href=\"https:\/\/photos.app.goo.gl\/KC7oaB2YtzoRXJYb7\" target=\"_blank\" rel=\"noopener\">Albertas 2019 &#8211; Messe de fin d&rsquo;ann\u00e9e<\/a><\/p>\n<p><a href=\"https:\/\/photos.app.goo.gl\/yZoE3cJiacpkY1YJ6\" target=\"_blank\" rel=\"noopener\">Soir\u00e9e Pop louange<\/a><\/p>\n<p><a href=\"http:\/\/s323197849.onlinehome.fr\/wp-content\/uploads\/2019\/06\/Merci-P\u00e8re-Richie.pdf\" target=\"_blank\" rel=\"noopener\">Paroles du chant \u00ab\u00a0Merci P\u00e8re Richie\u00a0\u00bb<\/a><\/td>\n<\/tr>\n<tr>\n<td style=\"border-color: #78e3bf; width: 51.1615%;\"><a href=\"http:\/\/s323197849.onlinehome.fr\/wp-content\/uploads\/2019\/05\/DSC02714-Copier.jpg\"><img loading=\"lazy\" decoding=\"async\" class=\"size-thumbnail wp-image-12173 alignleft\" src=\"http:\/\/s323197849.onlinehome.fr\/wp-content\/uploads\/2019\/05\/DSC02714-Copier-100x100.jpg\" alt=\"\" width=\"100\" height=\"100\"\/><\/a><strong><span style=\"text-decoration: underline;\"><span style=\"color: #3366ff; text-decoration: underline;\">Premi\u00e8res Communions 2019 05<\/span><\/span><\/strong> &#8211; <a href=\"https:\/\/photos.app.goo.gl\/JmmPuLzBQKDcL94w6\" target=\"_blank\" rel=\"noopener\">Samedi 18 mai \u00e0 11h<\/a> &#8211; <a href=\"https:\/\/photos.app.goo.gl\/GDUtsecQnJ9XLZGp7\" target=\"_blank\" rel=\"noopener\">Samedi 18 mai \u00e0 18h<\/a> &#8211; <a href=\"https:\/\/photos.app.goo.gl\/4V6TNt33yt4n5v9VA\" target=\"_blank\" rel=\"noopener\">Dimanche 19 mai \u00e0 11h<\/a> &#8211; <a href=\"https:\/\/photos.app.goo.gl\/hyCucWurYwRFnkYx6\" target=\"_blank\" rel=\"noopener\">Samedi 25 mai \u00e0 18h<\/a> &#8211; <a href=\"https:\/\/photos.app.goo.gl\/Cp9yeXBDp6nF5Zmg9\" target=\"_blank\" rel=\"noopener\">Dimanche 26 mai \u00e0 11h<\/a><\/td>\n<td style=\"border-color: #78e3bf; width: 48.624%;\"><a href=\"http:\/\/s323197849.onlinehome.fr\/wp-content\/uploads\/2019\/05\/DSC_3633.jpg\"><img loading=\"lazy\" decoding=\"async\" class=\"size-thumbnail wp-image-12162 alignleft\" src=\"http:\/\/s323197849.onlinehome.fr\/wp-content\/uploads\/2019\/05\/DSC_3633-100x100.jpg\" alt=\"\" width=\"100\" height=\"100\"\/><\/a><a href=\"https:\/\/photos.app.goo.gl\/hDFvLXQcjQk2PC1U6\" target=\"_blank\" rel=\"noopener\">Retraite 1\u00e8res Communions 2019 05<\/a><\/td>\n<\/tr>\n<tr>\n<td style=\"border-color: #78e3bf; width: 51.1615%;\"><a href=\"http:\/\/s323197849.onlinehome.fr\/wp-content\/uploads\/2019\/05\/IMG_4100.jpg\"><img loading=\"lazy\" decoding=\"async\" class=\"size-thumbnail wp-image-12153 alignleft\" src=\"http:\/\/s323197849.onlinehome.fr\/wp-content\/uploads\/2019\/05\/IMG_4100-100x100.jpg\" alt=\"\" width=\"100\" height=\"100\"\/><\/a><span style=\"color: #0000ff;\"><strong>Visite pastorale 201905 11 Samedi :<\/strong><\/span> <a href=\"https:\/\/photos.app.goo.gl\/E4qbhFEeg4dPNXws9\" target=\"_blank\" rel=\"noopener\">Messe \u00e0 Calas<\/a> &#8211; <a href=\"https:\/\/photos.app.goo.gl\/fsKQaJjkcPAqjBNX9\" target=\"_blank\" rel=\"noopener\">Ap\u00e9ritif partag\u00e9<\/a><\/p>\n<p><span style=\"color: #0000ff;\"><strong>Visite pastorale 201905 12 Dimanche : <\/strong><a href=\"https:\/\/photos.app.goo.gl\/6ZXM5V5ZdoyMtJtS7\" target=\"_blank\" rel=\"noopener\">Messe Terres blanches <\/a> &#8211; <a href=\"https:\/\/photos.app.goo.gl\/LqGP9E9cbpoSDqgw6\" target=\"_blank\" rel=\"noopener\">Ap\u00e9ritif <\/a> &#8211; <a href=\"https:\/\/photos.app.goo.gl\/fHVnBEQTVAhEXmcV7\" target=\"_blank\" rel=\"noopener\">Th\u00e9\u00e2tre<\/a> &#8211;<\/span> <a href=\"https:\/\/photos.app.goo.gl\/DYk171miP5Hz2FpM6\" target=\"_blank\" rel=\"noopener\">T\u00e9moignages<\/a> &#8211; <a href=\"https:\/\/photos.app.goo.gl\/ZPkiZNcHN8W31qjy5\" target=\"_blank\" rel=\"noopener\">Soir\u00e9e Pop louange<\/a><\/td>\n<td style=\"border-color: #78e3bf; width: 48.624%;\"><a href=\"http:\/\/s323197849.onlinehome.fr\/wp-content\/uploads\/2019\/05\/IMG_4009.jpg\"><img loading=\"lazy\" decoding=\"async\" class=\"size-thumbnail wp-image-12143 alignleft\" src=\"http:\/\/s323197849.onlinehome.fr\/wp-content\/uploads\/2019\/05\/IMG_4009-100x100.jpg\" alt=\"\" width=\"100\" height=\"100\"\/><\/a><strong><span style=\"color: #0000ff;\">Visite pastorale 2019 05 09 Jeudi :<\/span><\/strong> <a href=\"https:\/\/photos.app.goo.gl\/1uLbmmKkBSogF86v8\" target=\"_blank\" rel=\"noopener\">Chapelle ND Salette<\/a> &#8211; <a href=\"https:\/\/photos.app.goo.gl\/fq9yCJ6e7M5ebiMj8\" target=\"_blank\" rel=\"noopener\">Biblioth\u00e8que Foyer St Rapha\u00ebl<\/a> &#8211; <a href=\"https:\/\/photos.app.goo.gl\/xBtYvBf9zpLeMTNb8\" target=\"_blank\" rel=\"noopener\">D\u00e9jeuner avec Groupes \u00ab\u00a0Accueil\u00a0\u00bb<\/a><\/p>\n<p><span style=\"color: #0000ff;\"><strong>Visite pastorale 20190510 Vendredi :<\/strong><\/span> <a href=\"https:\/\/photos.app.goo.gl\/qV342PEHMeSbyu8H6\" target=\"_blank\" rel=\"noopener\">Pri\u00e8re des enfants<\/a><\/td>\n<\/tr>\n<tr>\n<td style=\"border-color: #78e3bf; width: 51.1615%;\"><a href=\"http:\/\/s323197849.onlinehome.fr\/wp-content\/uploads\/2019\/05\/DSC04679.jpg\"><img loading=\"lazy\" decoding=\"async\" class=\"size-thumbnail wp-image-12091 alignleft\" src=\"http:\/\/s323197849.onlinehome.fr\/wp-content\/uploads\/2019\/05\/DSC04679-100x100.jpg\" alt=\"\" width=\"100\" height=\"100\"\/><\/a> <a href=\"https:\/\/photos.app.goo.gl\/3YNWs3HhVKVpo8dCA\" target=\"_blank\" rel=\"noopener\">Confirmations 2019 Gardanne- RB<\/a><\/td>\n<td style=\"border-color: #78e3bf; width: 48.624%;\"><a href=\"http:\/\/s323197849.onlinehome.fr\/wp-content\/uploads\/2019\/05\/DSC_3556.jpg\"><img loading=\"lazy\" decoding=\"async\" class=\"size-thumbnail wp-image-12089 alignleft\" src=\"http:\/\/s323197849.onlinehome.fr\/wp-content\/uploads\/2019\/05\/DSC_3556-100x100.jpg\" alt=\"\" width=\"100\" height=\"100\"\/><\/a><a href=\"https:\/\/photos.app.goo.gl\/xjERQCBgiaFgZ2m78\" target=\"_blank\" rel=\"noopener\">B\u00e9n\u00e9diction Chevaux &amp; Cavaliers 2019 04 22-RB<\/a><\/td>\n<\/tr>\n<tr>\n<td style=\"border-color: #78e3bf; width: 51.1615%;\"><a href=\"http:\/\/s323197849.onlinehome.fr\/wp-content\/uploads\/2019\/04\/Messe_jeudi_saint_Calas_2019_bc_44.jpg\"><img loading=\"lazy\" decoding=\"async\" class=\"size-thumbnail wp-image-12047 alignleft\" src=\"http:\/\/s323197849.onlinehome.fr\/wp-content\/uploads\/2019\/04\/Messe_jeudi_saint_Calas_2019_bc_44-100x100.jpg\" alt=\"\" width=\"100\" height=\"100\"\/><\/a> <a href=\"https:\/\/photos.app.goo.gl\/Xw91wCTUWCVE1bkU7\" target=\"_blank\" rel=\"noopener\">Jeudi Saint 2019 Calas -RB<\/a><\/td>\n<td style=\"border-color: #78e3bf; width: 48.624%;\"><a href=\"http:\/\/s323197849.onlinehome.fr\/wp-content\/uploads\/2019\/04\/DSC_3493-ALL.jpg\"><img loading=\"lazy\" decoding=\"async\" class=\"size-thumbnail wp-image-12044 alignleft\" src=\"http:\/\/s323197849.onlinehome.fr\/wp-content\/uploads\/2019\/04\/DSC_3493-ALL-100x100.jpg\" alt=\"\" width=\"100\" height=\"100\"\/><\/a> <a href=\"https:\/\/photos.app.goo.gl\/hibgMnk22LqToXSM6\" target=\"_blank\" rel=\"noopener\">P\u00e2ques 2019 Calas &#8211; RB<\/a><\/td>\n<\/tr>\n<tr>\n<td style=\"border-color: #78e3bf; width: 51.1615%;\"><a href=\"http:\/\/s323197849.onlinehome.fr\/wp-content\/uploads\/2019\/04\/DSC03224.jpg\"><img loading=\"lazy\" decoding=\"async\" class=\"size-thumbnail wp-image-12041 alignleft\" src=\"http:\/\/s323197849.onlinehome.fr\/wp-content\/uploads\/2019\/04\/DSC03224-100x100.jpg\" alt=\"\" width=\"100\" height=\"100\"\/><\/a> <a href=\"https:\/\/photos.app.goo.gl\/iwuGyR1Pm7mFMyBn9\" target=\"_blank\" rel=\"noopener\">Bapt\u00eame Blandine 2019 04- RB<\/a><\/td>\n<td style=\"border-color: #78e3bf; width: 48.624%;\"><a href=\"http:\/\/s323197849.onlinehome.fr\/wp-content\/uploads\/2019\/04\/DSC06353.jpg\"><img loading=\"lazy\" decoding=\"async\" class=\"size-thumbnail wp-image-12038 alignleft\" src=\"http:\/\/s323197849.onlinehome.fr\/wp-content\/uploads\/2019\/04\/DSC06353-100x100.jpg\" alt=\"\" width=\"100\" height=\"100\"\/><\/a> <a href=\"https:\/\/photos.app.goo.gl\/5TDX5mzroPpwt4Na8\" target=\"_blank\" rel=\"noopener\">Vigile Pascale BBA 2019<\/a><\/td>\n<\/tr>\n<tr>\n<td style=\"border-color: #78e3bf; width: 51.1615%;\"><a href=\"http:\/\/s323197849.onlinehome.fr\/wp-content\/uploads\/2019\/04\/DSC_3236.jpg\"><img loading=\"lazy\" decoding=\"async\" class=\"size-thumbnail wp-image-12018 alignleft\" src=\"http:\/\/s323197849.onlinehome.fr\/wp-content\/uploads\/2019\/04\/DSC_3236-100x100.jpg\" alt=\"\" width=\"100\" height=\"100\"\/><\/a> <a href=\"https:\/\/photos.app.goo.gl\/Tc6PwbmZcjyJL9Gp6\" target=\"_blank\" rel=\"noopener\">Rameaux Cabri\u00e8s 13 04 2019 &#8211; RB<\/a><\/td>\n<td style=\"border-color: #78e3bf; width: 48.624%;\"><a href=\"http:\/\/s323197849.onlinehome.fr\/wp-content\/uploads\/2019\/04\/DSC_3300.jpg\"><img loading=\"lazy\" decoding=\"async\" class=\"size-thumbnail wp-image-12032 alignleft\" src=\"http:\/\/s323197849.onlinehome.fr\/wp-content\/uploads\/2019\/04\/DSC_3300-100x100.jpg\" alt=\"\" width=\"100\" height=\"100\"\/><\/a> <a href=\"https:\/\/photos.app.goo.gl\/KzwxhHK3bGhSKVLFA\" target=\"_blank\" rel=\"noopener\">Rameaux Bouc BA &#8211; 14042019 &#8211; RB<\/a><\/td>\n<\/tr>\n<tr>\n<td style=\"border-color: #78e3bf; width: 51.1615%;\"><a href=\"http:\/\/s323197849.onlinehome.fr\/wp-content\/uploads\/2019\/04\/Messe_Calas_et_bapteme_30_03_19_bc_11.jpg\"><img loading=\"lazy\" decoding=\"async\" class=\"size-thumbnail wp-image-11978 alignleft\" src=\"http:\/\/s323197849.onlinehome.fr\/wp-content\/uploads\/2019\/04\/Messe_Calas_et_bapteme_30_03_19_bc_11-100x100.jpg\" alt=\"\" width=\"100\" height=\"100\"\/><\/a><a href=\"https:\/\/photos.app.goo.gl\/heLhCQWe5zrHWUff8\" target=\"_blank\" rel=\"noopener\">Bapt\u00eames Calas 30 03 2019 &#8211; RB<\/a><\/td>\n<td style=\"border-color: #78e3bf; width: 48.624%;\"><a href=\"http:\/\/s323197849.onlinehome.fr\/wp-content\/uploads\/2019\/03\/Appel-baptis\u00e9s.jpg\"><img loading=\"lazy\" decoding=\"async\" class=\"size-thumbnail wp-image-11941 alignleft\" src=\"http:\/\/s323197849.onlinehome.fr\/wp-content\/uploads\/2019\/03\/Appel-baptis\u00e9s-100x100.jpg\" alt=\"\" width=\"100\" height=\"100\"\/><\/a><a href=\"https:\/\/drive.google.com\/file\/d\/16Dd9j8-uSQtXwRcejdDV-oSWvhFVNdGh\/view?usp=sharing\" target=\"_blank\" rel=\"noopener\">Appel d\u00e9cisif des cat\u00e9chum\u00e8nes Aix &#8211; 10 03 2019<\/a><\/td>\n<\/tr>\n<tr>\n<td style=\"width: 51.1615%;\"><a href=\"http:\/\/s323197849.onlinehome.fr\/wp-content\/uploads\/2019\/03\/P3170083.jpg\"><img loading=\"lazy\" decoding=\"async\" class=\"size-thumbnail wp-image-11953 alignleft\" src=\"http:\/\/s323197849.onlinehome.fr\/wp-content\/uploads\/2019\/03\/P3170083-100x100.jpg\" alt=\"\" width=\"100\" height=\"100\"\/><\/a><a href=\"https:\/\/photos.app.goo.gl\/LzazLU4LxLa6cwWV8\" target=\"_blank\" rel=\"noopener\">Sacrement des malades &#8211; BBA &#8211; 17032019<\/a><\/td>\n<td style=\"border-color: #78e3bf; width: 48.624%;\"><a href=\"http:\/\/s323197849.onlinehome.fr\/wp-content\/uploads\/2019\/03\/DSC_2741.jpg\"><img loading=\"lazy\" decoding=\"async\" class=\"size-thumbnail wp-image-11951 alignleft\" src=\"http:\/\/s323197849.onlinehome.fr\/wp-content\/uploads\/2019\/03\/DSC_2741-100x100.jpg\" alt=\"\" width=\"100\" height=\"100\"\/><\/a><a href=\"https:\/\/photos.app.goo.gl\/ECTNJrKoZ2hexXur9\" target=\"_blank\" rel=\"noopener\">Remise des croix &#8211; Calas &#8211; 9 03 2019 &#8211; RB<\/a><\/td>\n<\/tr>\n<tr>\n<td style=\"border-color: #78e3bf; width: 51.1615%;\"><a href=\"http:\/\/s323197849.onlinehome.fr\/wp-content\/uploads\/2019\/03\/Cendres_06_03_19_bc_52.jpg\"><img loading=\"lazy\" decoding=\"async\" class=\"size-thumbnail wp-image-11962 alignleft\" src=\"http:\/\/s323197849.onlinehome.fr\/wp-content\/uploads\/2019\/03\/Cendres_06_03_19_bc_52-100x100.jpg\" alt=\"\" width=\"100\" height=\"100\"\/><\/a><a href=\"https:\/\/photos.app.goo.gl\/ZsWVMQXRVrU1g7jk6\" target=\"_blank\" rel=\"noopener\">Cendres 2019 et Bol de riz &#8211; RB<\/a><\/td>\n<td style=\"border-color: #78e3bf; width: 48.624%;\"><a href=\"http:\/\/s323197849.onlinehome.fr\/wp-content\/uploads\/2019\/02\/IMG_1021.jpg\"><img loading=\"lazy\" decoding=\"async\" class=\"size-thumbnail wp-image-11772 alignleft\" src=\"http:\/\/s323197849.onlinehome.fr\/wp-content\/uploads\/2019\/02\/IMG_1021-100x100.jpg\" alt=\"\" width=\"100\" height=\"100\"\/><\/a><a href=\"https:\/\/photos.app.goo.gl\/eBYH3TMQKzBUE1To6\" target=\"_blank\" rel=\"noopener\">Pot accueil nouvel an et d\u00e9part des VINCENT &#8211; RB<\/a><\/td>\n<\/tr>\n<tr>\n<td style=\"border-color: #78e3bf; width: 51.1615%;\"><a href=\"http:\/\/s323197849.onlinehome.fr\/wp-content\/uploads\/2019\/01\/P1060044.jpg\"><img loading=\"lazy\" decoding=\"async\" class=\"wp-image-11674 size-thumbnail alignleft\" src=\"http:\/\/s323197849.onlinehome.fr\/wp-content\/uploads\/2019\/01\/P1060044-100x100.jpg\" alt=\"\" width=\"100\" height=\"100\"\/><\/a><a href=\"https:\/\/photos.app.goo.gl\/MDkaq6WDsfubuvhB9\" target=\"_blank\" rel=\"noopener\">\u00c9piphanie 2019 BBA &#8211; RB<\/a><\/td>\n<td style=\"border-color: #78e3bf; width: 48.624%;\"><a href=\"http:\/\/s323197849.onlinehome.fr\/wp-content\/uploads\/2019\/01\/Epiphanie_2019_Calas_bc_35.jpg\"><img loading=\"lazy\" decoding=\"async\" class=\"size-thumbnail wp-image-11658 alignleft\" src=\"http:\/\/s323197849.onlinehome.fr\/wp-content\/uploads\/2019\/01\/Epiphanie_2019_Calas_bc_35-100x100.jpg\" alt=\"\" width=\"100\" height=\"100\"\/><\/a><a href=\"https:\/\/photos.app.goo.gl\/z13wWhj9mzM75LYH9\" target=\"_blank\" rel=\"noopener\">\u00c9piphanie 2019 Calas &#8211; RB<\/a><\/td>\n<\/tr>\n<\/tbody>\n<\/table>\n<p>\u200b<strong><a href=\"https:\/\/uparbois.org\/?page_id=95\" target=\"_blank\" rel=\"noopener\">Retour \u00e0 la page \u00ab\u00a0Reportages des paroisses\u00a0\u00bb<\/a><\/strong><\/p>\n<p>\u200b<\/p>\n<p>\u200b<\/p>\n<p>\u200b<\/p>\n","protected":false},"excerpt":{"rendered":"<p>Messe 16:30 Calas &#8211; Messe 18:00 Bouc Messe 19:00 Cabri\u00e8s &#8211; Messe Minuit Bouc Lourdes 2019 &#8211; XI\u00e8mes Ancolies Servants Avignon 2019 11 17 St Rapha\u00ebl Cabri\u00e8s 2019 11 27 Messe d&rsquo;accueil du P\u00e8re Benoit &#8211; Trebillane 2019 avec Mgr Dufour Temps convivial et repas partag\u00e9 Messe de d\u00e9part du P\u00e8re Richard \u00e0 Cabri\u00e8s-Calas Messe [&hellip;]<\/p>\n","protected":false},"author":3,"featured_media":0,"parent":95,"menu_order":6,"comment_status":"closed","ping_status":"closed","template":"","meta":{"ocean_post_layout":"","ocean_both_sidebars_style":"","ocean_both_sidebars_content_width":0,"ocean_both_sidebars_sidebars_width":0,"ocean_sidebar":"","ocean_second_sidebar":"","ocean_disable_margins":"enable","ocean_add_body_class":"","ocean_shortcode_before_top_bar":"","ocean_shortcode_after_top_bar":"","ocean_shortcode_before_header":"","ocean_shortcode_after_header":"","ocean_has_shortcode":"","ocean_shortcode_after_title":"","ocean_shortcode_before_footer_widgets":"","ocean_shortcode_after_footer_widgets":"","ocean_shortcode_before_footer_bottom":"","ocean_shortcode_after_footer_bottom":"","ocean_display_top_bar":"default","ocean_display_header":"default","ocean_header_style":"","ocean_center_header_left_menu":"","ocean_custom_header_template":"","ocean_custom_logo":0,"ocean_custom_retina_logo":0,"ocean_custom_logo_max_width":0,"ocean_custom_logo_tablet_max_width":0,"ocean_custom_logo_mobile_max_width":0,"ocean_custom_logo_max_height":0,"ocean_custom_logo_tablet_max_height":0,"ocean_custom_logo_mobile_max_height":0,"ocean_header_custom_menu":"","ocean_menu_typo_font_family":"","ocean_menu_typo_font_subset":"","ocean_menu_typo_font_size":0,"ocean_menu_typo_font_size_tablet":0,"ocean_menu_typo_font_size_mobile":0,"ocean_menu_typo_font_size_unit":"px","ocean_menu_typo_font_weight":"","ocean_menu_typo_font_weight_tablet":"","ocean_menu_typo_font_weight_mobile":"","ocean_menu_typo_transform":"","ocean_menu_typo_transform_tablet":"","ocean_menu_typo_transform_mobile":"","ocean_menu_typo_line_height":0,"ocean_menu_typo_line_height_tablet":0,"ocean_menu_typo_line_height_mobile":0,"ocean_menu_typo_line_height_unit":"","ocean_menu_typo_spacing":0,"ocean_menu_typo_spacing_tablet":0,"ocean_menu_typo_spacing_mobile":0,"ocean_menu_typo_spacing_unit":"","ocean_menu_link_color":"","ocean_menu_link_color_hover":"","ocean_menu_link_color_active":"","ocean_menu_link_background":"","ocean_menu_link_hover_background":"","ocean_menu_link_active_background":"","ocean_menu_social_links_bg":"","ocean_menu_social_hover_links_bg":"","ocean_menu_social_links_color":"","ocean_menu_social_hover_links_color":"","ocean_disable_title":"default","ocean_disable_heading":"default","ocean_post_title":"","ocean_post_subheading":"","ocean_post_title_style":"","ocean_post_title_background_color":"","ocean_post_title_background":0,"ocean_post_title_bg_image_position":"","ocean_post_title_bg_image_attachment":"","ocean_post_title_bg_image_repeat":"","ocean_post_title_bg_image_size":"","ocean_post_title_height":0,"ocean_post_title_bg_overlay":0.5,"ocean_post_title_bg_overlay_color":"","ocean_disable_breadcrumbs":"default","ocean_breadcrumbs_color":"","ocean_breadcrumbs_separator_color":"","ocean_breadcrumbs_links_color":"","ocean_breadcrumbs_links_hover_color":"","ocean_display_footer_widgets":"default","ocean_display_footer_bottom":"default","ocean_custom_footer_template":"","footnotes":""},"_links":{"self":[{"href":"https:\/\/uparbois.org\/index.php?rest_route=\/wp\/v2\/pages\/14196"}],"collection":[{"href":"https:\/\/uparbois.org\/index.php?rest_route=\/wp\/v2\/pages"}],"about":[{"href":"https:\/\/uparbois.org\/index.php?rest_route=\/wp\/v2\/types\/page"}],"author":[{"embeddable":true,"href":"https:\/\/uparbois.org\/index.php?rest_route=\/wp\/v2\/users\/3"}],"replies":[{"embeddable":true,"href":"https:\/\/uparbois.org\/index.php?rest_route=%2Fwp%2Fv2%2Fcomments&post=14196"}],"version-history":[{"count":5,"href":"https:\/\/uparbois.org\/index.php?rest_route=\/wp\/v2\/pages\/14196\/revisions"}],"predecessor-version":[{"id":16115,"href":"https:\/\/uparbois.org\/index.php?rest_route=\/wp\/v2\/pages\/14196\/revisions\/16115"}],"up":[{"embeddable":true,"href":"https:\/\/uparbois.org\/index.php?rest_route=\/wp\/v2\/pages\/95"}],"wp:attachment":[{"href":"https:\/\/uparbois.org\/index.php?rest_route=%2Fwp%2Fv2%2Fmedia&parent=14196"}],"curies":[{"name":"wp","href":"https:\/\/api.w.org\/{rel}","templated":true}]}}