{"id":11643,"date":"2019-01-06T12:31:44","date_gmt":"2019-01-06T11:31:44","guid":{"rendered":"http:\/\/s323197849.onlinehome.fr\/?page_id=11643"},"modified":"2021-10-25T18:11:47","modified_gmt":"2021-10-25T17:11:47","slug":"reportages-2018","status":"publish","type":"page","link":"https:\/\/uparbois.org\/?page_id=11643","title":{"rendered":"Reportages 2018"},"content":{"rendered":"<table>\n<tbody>\n<tr>\n<td><a href=\"http:\/\/s323197849.onlinehome.fr\/wp-content\/uploads\/2019\/01\/Noel_2018_Bouc_bc_17.jpg\"><img loading=\"lazy\" decoding=\"async\" class=\"size-thumbnail wp-image-11632 alignleft\" src=\"http:\/\/s323197849.onlinehome.fr\/wp-content\/uploads\/2019\/01\/Noel_2018_Bouc_bc_17-100x100.jpg\" alt=\"\" width=\"100\" height=\"100\" \/><\/a><\/p>\n<p><a href=\"https:\/\/photos.app.goo.gl\/RWYrtrkg8mn31tzh7\" target=\"_blank\" rel=\"noopener\">Messe de minuit BBA 24122018 &#8211; RB<\/a><\/td>\n<td><a href=\"http:\/\/s323197849.onlinehome.fr\/wp-content\/uploads\/2019\/01\/Noel_2018_Calas_bc_13.jpg\"><img loading=\"lazy\" decoding=\"async\" class=\"size-thumbnail wp-image-11630 alignleft\" src=\"http:\/\/s323197849.onlinehome.fr\/wp-content\/uploads\/2019\/01\/Noel_2018_Calas_bc_13-100x100.jpg\" alt=\"\" width=\"100\" height=\"100\" \/><\/a><\/p>\n<p><a href=\"https:\/\/photos.app.goo.gl\/4MK3Ms2EVm4sLYvB7\" target=\"_blank\" rel=\"noopener\">Conte et Messe de No\u00ebl Calas 24122018 &#8211; RB<\/a><\/td>\n<\/tr>\n<tr>\n<td><a href=\"http:\/\/s323197849.onlinehome.fr\/wp-content\/uploads\/2019\/01\/Pop_louange_07_12_2018_bc_08.jpg\"><img loading=\"lazy\" decoding=\"async\" class=\"size-thumbnail wp-image-11628 alignleft\" src=\"http:\/\/s323197849.onlinehome.fr\/wp-content\/uploads\/2019\/01\/Pop_louange_07_12_2018_bc_08-100x100.jpg\" alt=\"\" width=\"100\" height=\"100\" \/><\/a><\/p>\n<p><a href=\"https:\/\/photos.app.goo.gl\/taNnwuEZMLZQZcsp6\" target=\"_blank\" rel=\"noopener\">Veill\u00e9e Aum\u00f4nerie Pop louange &#8211; 07 12 2018 &#8211; RB<\/a><\/td>\n<td>\u00a0<a href=\"http:\/\/s323197849.onlinehome.fr\/wp-content\/uploads\/2018\/12\/Ste-Baume-2018.jpg\"><img loading=\"lazy\" decoding=\"async\" class=\"size-thumbnail wp-image-11499 alignleft\" src=\"http:\/\/s323197849.onlinehome.fr\/wp-content\/uploads\/2018\/12\/Ste-Baume-2018-100x100.jpg\" alt=\"\" width=\"100\" height=\"100\" \/><\/a><\/p>\n<p><a href=\"https:\/\/photos.app.goo.gl\/ZMhSUkz9osYj86Ch9\" target=\"_blank\" rel=\"noopener\">Ste Baume 2018 12 01 &#8211; Aum\u00f4nerie &#8211; RB<\/a><\/p>\n<p><a href=\"https:\/\/drive.google.com\/file\/d\/1EzoXlwnOJglhVgfRSwmLSKNHfwzFrXCk\/view?usp=sharing\" target=\"_blank\" rel=\"noopener\">Voir la Vid\u00e9o Ste Baume<\/a><\/td>\n<\/tr>\n<tr>\n<td><a href=\"http:\/\/s323197849.onlinehome.fr\/wp-content\/uploads\/2018\/11\/PA270039-Copier.jpg\"><img loading=\"lazy\" decoding=\"async\" class=\"size-thumbnail wp-image-11131 alignleft\" src=\"http:\/\/s323197849.onlinehome.fr\/wp-content\/uploads\/2018\/11\/PA270039-Copier-100x100.jpg\" alt=\"\" width=\"100\" height=\"100\" \/><\/a><a href=\"https:\/\/photos.app.goo.gl\/wmB6KXHffM8ikgGR9\" target=\"_blank\" rel=\"noopener\">Bapt\u00eame Baptiste Ferret &#8211; 27 10 2018- RB<\/a><\/td>\n<td><a href=\"http:\/\/s323197849.onlinehome.fr\/wp-content\/uploads\/2018\/10\/DSC_1569-Copier.jpg\"><img loading=\"lazy\" decoding=\"async\" class=\"size-thumbnail wp-image-10998 alignleft\" src=\"http:\/\/s323197849.onlinehome.fr\/wp-content\/uploads\/2018\/10\/DSC_1569-Copier-100x100.jpg\" alt=\"\" width=\"100\" height=\"100\" \/><\/a><a href=\"https:\/\/photos.app.goo.gl\/qxrrdEhntnE4jP6w6\" target=\"_blank\" rel=\"noopener\">ND du Laus 2018 10 14 &#8211; Servants et servantes &#8211; RB<\/a><\/p>\n<p><a href=\"https:\/\/drive.google.com\/file\/d\/1Ac6CGFYGvlleojFP6qiRGiPDhCKTQ3rX\/view?usp=sharing\" target=\"_blank\" rel=\"noopener\">Vid\u00e9o des chants <\/a><\/td>\n<\/tr>\n<tr>\n<td><a href=\"http:\/\/s323197849.onlinehome.fr\/wp-content\/uploads\/2018\/10\/DSC_0211.jpg\"><img loading=\"lazy\" decoding=\"async\" class=\"size-thumbnail wp-image-10959 alignleft\" src=\"http:\/\/s323197849.onlinehome.fr\/wp-content\/uploads\/2018\/10\/DSC_0211-100x100.jpg\" alt=\"\" width=\"100\" height=\"100\" \/><\/a><\/p>\n<p><a href=\"https:\/\/photos.app.goo.gl\/AY2tfBBCQQqBYh5Y9\" target=\"_blank\" rel=\"noopener\">Sortie 6\u00e8mes 5\u00e8mes \u00e0 la Major &#8211; RB<\/a><\/p>\n<p><a href=\"https:\/\/drive.google.com\/file\/d\/1vBwLpXJpkmKxVMBhHeTDgjVLV2qBf9Cf\/view?usp=sharing\" target=\"_blank\" rel=\"noopener\">Voir la vid\u00e9o de pr\u00e9sentation<\/a><\/td>\n<td><a href=\"http:\/\/s323197849.onlinehome.fr\/wp-content\/uploads\/2018\/10\/trebillane_2018_bc_-30.jpg\"><img loading=\"lazy\" decoding=\"async\" class=\"size-thumbnail wp-image-10910 alignleft\" src=\"http:\/\/s323197849.onlinehome.fr\/wp-content\/uploads\/2018\/10\/trebillane_2018_bc_-30-100x100.jpg\" alt=\"\" width=\"100\" height=\"100\" \/><\/a> <a href=\"https:\/\/photos.app.goo.gl\/NkuBh9cENnkSkkjb6\" target=\"_blank\" rel=\"noopener\">Trebillane 2018 09 30 Messe de rentr\u00e9e &#8211; RB<\/a><\/p>\n<p><a href=\"https:\/\/photos.app.goo.gl\/XE1XV2i1sxaNohaQ9\" target=\"_blank\" rel=\"noopener\">Le repas partag\u00e9<\/a><\/p>\n<p><a href=\"https:\/\/drive.google.com\/file\/d\/13Clzw5k2BIz_el2-jYZNt5RDr6QQpExv\/view?usp=sharing\" target=\"_blank\" rel=\"noopener\">Vid\u00e9o de l&rsquo;envoi<\/a><\/td>\n<\/tr>\n<tr>\n<td><a href=\"http:\/\/s323197849.onlinehome.fr\/wp-content\/uploads\/2018\/09\/DSC00879.jpg\"><img loading=\"lazy\" decoding=\"async\" class=\"size-thumbnail wp-image-10877 alignnone\" src=\"http:\/\/s323197849.onlinehome.fr\/wp-content\/uploads\/2018\/09\/DSC00879-100x100.jpg\" alt=\"\" width=\"100\" height=\"100\" \/><\/a>\u00a0\u00a0\u00a0 <a href=\"https:\/\/photos.app.goo.gl\/GeCNMsrwSRk3NSEo7\" target=\"_blank\" rel=\"noopener\">BBA P\u00e9lerinage familles 20180916 &#8211; RB<\/a><\/td>\n<td><a href=\"http:\/\/s323197849.onlinehome.fr\/wp-content\/uploads\/2018\/09\/DSC_1291.jpg\"><img loading=\"lazy\" decoding=\"async\" class=\"size-thumbnail wp-image-10876 alignnone\" src=\"http:\/\/s323197849.onlinehome.fr\/wp-content\/uploads\/2018\/09\/DSC_1291-100x100.jpg\" alt=\"\" width=\"100\" height=\"100\" \/><\/a>\u00a0\u00a0\u00a0\u00a0 <a href=\"https:\/\/photos.app.goo.gl\/CRg4hqYiFaTwP92W8\" target=\"_blank\" rel=\"noopener\">Cabri\u00e8s St Rapha\u00ebl 20180915 &#8211; RB<\/a><\/td>\n<\/tr>\n<tr>\n<td><a href=\"http:\/\/s323197849.onlinehome.fr\/wp-content\/uploads\/2018\/07\/IMG_4980.jpg\"><img loading=\"lazy\" decoding=\"async\" class=\"size-thumbnail wp-image-10681 alignleft\" src=\"http:\/\/s323197849.onlinehome.fr\/wp-content\/uploads\/2018\/07\/IMG_4980-100x100.jpg\" alt=\"\" width=\"100\" height=\"100\" \/><\/a><a href=\"https:\/\/photos.app.goo.gl\/SehDoxPE6btVQRUN7\" target=\"_blank\" rel=\"noopener\">Bapt\u00eame Ana\u00efs Stevens 2018 07 01 &#8211;<\/a><\/p>\n<p><em>Photos Gr\u00e9goire Stevens<\/em><\/td>\n<td><a href=\"http:\/\/s323197849.onlinehome.fr\/wp-content\/uploads\/2018\/06\/DSC06521.jpg\"><img loading=\"lazy\" decoding=\"async\" class=\"size-thumbnail wp-image-10462 alignleft\" src=\"http:\/\/s323197849.onlinehome.fr\/wp-content\/uploads\/2018\/06\/DSC06521-100x100.jpg\" alt=\"\" width=\"100\" height=\"100\" \/><\/a> <a href=\"https:\/\/photos.app.goo.gl\/G8P4C6X44nwKr4qR8\" target=\"_blank\" rel=\"noopener\">Albertas 20180623 &#8211; C\u00e9l\u00e9bration &#8211; RB<\/a><\/p>\n<p><a href=\"https:\/\/photos.app.goo.gl\/qBMpUepEyHzCPz1c9\" target=\"_blank\" rel=\"noopener\">Repas partag\u00e9<\/a> &#8211; <a href=\"https:\/\/photos.app.goo.gl\/XTNhQ5vywfyf2qt16\" target=\"_blank\" rel=\"noopener\">Soir\u00e9e Pop louange<\/a><\/p>\n<p>Vid\u00e9os : <a href=\"https:\/\/drive.google.com\/file\/d\/16eQbP5-fH7BzxAzSCTV9Gbdu9-9Kqbm_\/view?usp=sharing\" target=\"_blank\" rel=\"noopener\">L&rsquo;envoi<\/a>\u00a0 &#8211;\u00a0 <a href=\"https:\/\/drive.google.com\/file\/d\/1MYZ4XqpK1JR9xc8c-medPwfb1Z9FEu_e\/view?usp=sharing\" target=\"_blank\" rel=\"noopener\">Le repas<\/a>\u00a0 &#8211;\u00a0 <a href=\"https:\/\/drive.google.com\/file\/d\/1lK3i1JYOX1Ik45iEibt-uD4ob5r4r7BI\/view?usp=sharing\" target=\"_blank\" rel=\"noopener\">La soir\u00e9e Pop louange<\/a><\/td>\n<\/tr>\n<tr>\n<td>\u00a0<a href=\"http:\/\/s323197849.onlinehome.fr\/wp-content\/uploads\/2018\/06\/P6170020.jpg\"><img loading=\"lazy\" decoding=\"async\" class=\"size-thumbnail wp-image-10449 alignnone\" src=\"http:\/\/s323197849.onlinehome.fr\/wp-content\/uploads\/2018\/06\/P6170020-100x100.jpg\" alt=\"\" width=\"100\" height=\"100\" \/><\/a> <a href=\"https:\/\/photos.app.goo.gl\/6XQ1tuMXBWmaDMA66\" target=\"_blank\" rel=\"noopener\">30 ans sacerdoce Michel Desplanches-20180618-RB<\/a><\/td>\n<td><a href=\"http:\/\/s323197849.onlinehome.fr\/wp-content\/uploads\/2018\/06\/DSC05363.jpg\"><img loading=\"lazy\" decoding=\"async\" class=\"size-thumbnail wp-image-10387 alignnone\" src=\"http:\/\/s323197849.onlinehome.fr\/wp-content\/uploads\/2018\/06\/DSC05363-100x100.jpg\" alt=\"\" width=\"100\" height=\"100\" \/><\/a> <a href=\"https:\/\/photos.app.goo.gl\/kX8iOI3Ln99OBRF12\" target=\"_blank\" rel=\"noopener\">1\u00e8res Communions BBA 20180603-RB<\/a><\/td>\n<\/tr>\n<tr>\n<td><a href=\"http:\/\/s323197849.onlinehome.fr\/wp-content\/uploads\/2018\/06\/DSC05075.jpg\"><img loading=\"lazy\" decoding=\"async\" class=\"size-thumbnail wp-image-10385 alignnone\" src=\"http:\/\/s323197849.onlinehome.fr\/wp-content\/uploads\/2018\/06\/DSC05075-100x100.jpg\" alt=\"\" width=\"100\" height=\"100\" \/><\/a> <a href=\"https:\/\/photos.app.goo.gl\/iJGeCCRkFK9mizuh8\" target=\"_blank\" rel=\"noopener\">Anniversaire AMarie et Jean 20180602-RB<\/a><\/td>\n<td><a href=\"http:\/\/s323197849.onlinehome.fr\/wp-content\/uploads\/2018\/06\/DSC05103.jpg\"><img loading=\"lazy\" decoding=\"async\" class=\"size-thumbnail wp-image-10386 alignnone\" src=\"http:\/\/s323197849.onlinehome.fr\/wp-content\/uploads\/2018\/06\/DSC05103-100x100.jpg\" alt=\"\" width=\"100\" height=\"100\" \/><\/a> <a href=\"https:\/\/photos.app.goo.gl\/16KsxCQCeIcV7S362\" target=\"_blank\" rel=\"noopener\">1\u00e8res Communions Calas 20180602-RB<\/a><\/td>\n<\/tr>\n<tr>\n<td><a href=\"http:\/\/s323197849.onlinehome.fr\/wp-content\/uploads\/2018\/06\/P5270049.jpg\"><img loading=\"lazy\" decoding=\"async\" class=\"size-thumbnail wp-image-10369 alignnone\" src=\"http:\/\/s323197849.onlinehome.fr\/wp-content\/uploads\/2018\/06\/P5270049-100x100.jpg\" alt=\"\" width=\"100\" height=\"100\" \/><\/a> <a href=\"https:\/\/photos.app.goo.gl\/RGJCHgNg4ODtaEex1\" target=\"_blank\" rel=\"noopener\">1\u00e8res Communions BBA 201805-RB<\/a><\/td>\n<td>\u00a0<a href=\"http:\/\/s323197849.onlinehome.fr\/wp-content\/uploads\/2018\/06\/P5260044.jpg\"><img loading=\"lazy\" decoding=\"async\" class=\"size-thumbnail wp-image-10368 alignnone\" src=\"http:\/\/s323197849.onlinehome.fr\/wp-content\/uploads\/2018\/06\/P5260044-100x100.jpg\" alt=\"\" width=\"100\" height=\"100\" \/><\/a> <a href=\"https:\/\/photos.app.goo.gl\/Dne7BnRt8PR25kXx2\" target=\"_blank\" rel=\"noopener\">1\u00e8res Communions Calas 201805-RB<\/a><\/td>\n<\/tr>\n<tr>\n<td><a href=\"http:\/\/s323197849.onlinehome.fr\/wp-content\/uploads\/2018\/05\/IMG_3467-Copier.jpg\"><img loading=\"lazy\" decoding=\"async\" class=\"size-thumbnail wp-image-10340 alignleft\" src=\"http:\/\/s323197849.onlinehome.fr\/wp-content\/uploads\/2018\/05\/IMG_3467-Copier-100x100.jpg\" alt=\"\" width=\"100\" height=\"100\" \/><\/a><a href=\"https:\/\/photos.app.goo.gl\/mXCKedQtuRhtDshO2\" target=\"_blank\" rel=\"noopener\">In memoriam Georges<\/a><\/p>\n<p><a href=\"https:\/\/photos.app.goo.gl\/mXCKedQtuRhtDshO2\" target=\"_blank\" rel=\"noopener\">20180518 &#8211; GC<\/a><\/td>\n<td><a href=\"http:\/\/s323197849.onlinehome.fr\/wp-content\/uploads\/2018\/05\/DSC_0352.jpg\"><img loading=\"lazy\" decoding=\"async\" class=\"size-thumbnail wp-image-10326 alignleft\" src=\"http:\/\/s323197849.onlinehome.fr\/wp-content\/uploads\/2018\/05\/DSC_0352-100x100.jpg\" alt=\"\" width=\"100\" height=\"100\" \/><\/a><\/p>\n<p><a href=\"https:\/\/photos.app.goo.gl\/HfhrEG4MTUBf8XvR2\" target=\"_blank\" rel=\"noopener\">Soir\u00e9e Pop louange 20180518-RB<\/a><\/p>\n<p><a href=\"https:\/\/drive.google.com\/file\/d\/1N4si0BYf11Qp3Pydhxp-yyiSFhIY_zB-\/view?usp=sharing\" target=\"_blank\" rel=\"noopener\">Vid\u00e9o de la soir\u00e9e<\/a><\/td>\n<\/tr>\n<tr>\n<td>\u00a0<a href=\"http:\/\/s323197849.onlinehome.fr\/wp-content\/uploads\/2018\/05\/IMG_2571.jpg\"><img loading=\"lazy\" decoding=\"async\" class=\"size-thumbnail wp-image-10317 alignnone\" src=\"http:\/\/s323197849.onlinehome.fr\/wp-content\/uploads\/2018\/05\/IMG_2571-100x100.jpg\" alt=\"\" width=\"100\" height=\"100\" \/><\/a> <a href=\"https:\/\/photos.app.goo.gl\/5fCBKpYGyNNLm8Bx1\" target=\"_blank\" rel=\"noopener\">Sortie MCR &#8211; 2018 05 &#8211; RB<\/a><\/td>\n<td>\u00a0<a href=\"http:\/\/s323197849.onlinehome.fr\/wp-content\/uploads\/2018\/05\/DSC_9934.jpg\"><img loading=\"lazy\" decoding=\"async\" class=\"size-thumbnail wp-image-10305 alignnone\" src=\"http:\/\/s323197849.onlinehome.fr\/wp-content\/uploads\/2018\/05\/DSC_9934-100x100.jpg\" alt=\"\" width=\"100\" height=\"100\" \/><\/a> <a href=\"https:\/\/photos.app.goo.gl\/u1MbnwHCtL0FSFQa2\" target=\"_blank\" rel=\"noopener\">Professions Foi BBA 180513-RB<\/a><\/td>\n<\/tr>\n<tr>\n<td>\n<h6>\u00a0<a href=\"http:\/\/s323197849.onlinehome.fr\/wp-content\/uploads\/2018\/05\/DSC_0342.jpg\"><img loading=\"lazy\" decoding=\"async\" class=\"size-thumbnail wp-image-10302 alignnone\" src=\"http:\/\/s323197849.onlinehome.fr\/wp-content\/uploads\/2018\/05\/DSC_0342-100x100.jpg\" alt=\"\" width=\"100\" height=\"100\" \/><\/a> <a href=\"https:\/\/photos.app.goo.gl\/qykarL6wjbQwc0BQ2\" target=\"_blank\" rel=\"noopener\">Bapt\u00eames et 1\u00e8re Communion Calas-180512-RB<\/a><\/h6>\n<\/td>\n<td>\u00a0<a href=\"http:\/\/s323197849.onlinehome.fr\/wp-content\/uploads\/2018\/05\/P5160022.jpg\"><img loading=\"lazy\" decoding=\"async\" class=\"size-thumbnail wp-image-10301 alignnone\" src=\"http:\/\/s323197849.onlinehome.fr\/wp-content\/uploads\/2018\/05\/P5160022-100x100.jpg\" alt=\"\" width=\"100\" height=\"100\" \/><\/a> <a href=\"https:\/\/photos.app.goo.gl\/t8YYef6i1QDjsIrP2\" target=\"_blank\" rel=\"noopener\">Retraite 1\u00e8res Communion &#8211; 18 05-RB<\/a><\/td>\n<\/tr>\n<tr>\n<td>\n<h6>\u00a0<a href=\"http:\/\/s323197849.onlinehome.fr\/wp-content\/uploads\/2018\/05\/P5060031.jpg\"><img loading=\"lazy\" decoding=\"async\" class=\"size-thumbnail wp-image-10279 alignnone\" src=\"http:\/\/s323197849.onlinehome.fr\/wp-content\/uploads\/2018\/05\/P5060031-100x100.jpg\" alt=\"\" width=\"100\" height=\"100\" \/><\/a><a href=\"https:\/\/photos.app.goo.gl\/Z0YYvU1WdaXoGijy2\" target=\"_blank\" rel=\"noopener\">B\u00e9n\u00e9diction fianc\u00e9s-180507-RB<\/a><\/h6>\n<\/td>\n<td><a href=\"http:\/\/s323197849.onlinehome.fr\/wp-content\/uploads\/2018\/05\/DSC_9607.jpg\"><img loading=\"lazy\" decoding=\"async\" class=\"size-thumbnail wp-image-10311 alignnone\" src=\"http:\/\/s323197849.onlinehome.fr\/wp-content\/uploads\/2018\/05\/DSC_9607-100x100.jpg\" alt=\"\" width=\"100\" height=\"100\" \/><\/a> <a href=\"https:\/\/photos.app.goo.gl\/dRcPf0SN0LYG3HxP2\" target=\"_blank\" rel=\"noopener\">Soir\u00e9e corse autour de Pierre &#8211; 180505-RB<\/a><\/td>\n<\/tr>\n<tr>\n<td>\n<h6>\u00a0<a href=\"http:\/\/s323197849.onlinehome.fr\/wp-content\/uploads\/2018\/05\/P5050021.jpg\" target=\"_blank\" rel=\"noopener\"><img loading=\"lazy\" decoding=\"async\" class=\"alignnone wp-image-10100 size-thumbnail\" src=\"http:\/\/s323197849.onlinehome.fr\/wp-content\/uploads\/2018\/05\/P5050021-100x100.jpg\" alt=\"\" width=\"100\" height=\"100\" \/><\/a> <a href=\"https:\/\/photos.app.goo.gl\/e8NBZrxGDmQkRzfdA\" target=\"_blank\" rel=\"noopener\">Confirmations-Gardanne 20180505-SR<\/a><\/h6>\n<\/td>\n<td>\u00a0<a href=\"http:\/\/s323197849.onlinehome.fr\/wp-content\/uploads\/2018\/04\/P4140138.jpg\" target=\"_blank\" rel=\"noopener\"><img loading=\"lazy\" decoding=\"async\" class=\"alignnone wp-image-9993 size-thumbnail\" src=\"http:\/\/s323197849.onlinehome.fr\/wp-content\/uploads\/2018\/04\/P4140138-100x100.jpg\" alt=\"\" width=\"100\" height=\"100\" \/><\/a> <a href=\"https:\/\/photos.app.goo.gl\/oZo6RMN33NoahKim1\" target=\"_blank\" rel=\"noopener\">Bapt\u00eames Calas-180414-RB<\/a><\/td>\n<\/tr>\n<tr>\n<td><a href=\"http:\/\/s323197849.onlinehome.fr\/wp-content\/uploads\/2018\/04\/P4080008.jpg\" target=\"_blank\" rel=\"noopener\"><img loading=\"lazy\" decoding=\"async\" class=\"alignnone wp-image-9991 size-thumbnail\" src=\"http:\/\/s323197849.onlinehome.fr\/wp-content\/uploads\/2018\/04\/P4080008-100x100.jpg\" alt=\"\" width=\"100\" height=\"100\" \/><\/a> <a href=\"https:\/\/photos.app.goo.gl\/2FOImtrYMPqsXYn83\" target=\"_blank\" rel=\"noopener\">B\u00e9n\u00e9diction fianc\u00e9s-180408- RB<\/a><\/td>\n<td>\n<h6><a href=\"http:\/\/s323197849.onlinehome.fr\/wp-content\/uploads\/2018\/04\/reportage.png\" target=\"_blank\" rel=\"noopener\"><img loading=\"lazy\" decoding=\"async\" class=\"alignnone wp-image-9920 size-thumbnail\" src=\"http:\/\/s323197849.onlinehome.fr\/wp-content\/uploads\/2018\/04\/reportage-100x100.png\" alt=\"\" width=\"100\" height=\"100\" \/><\/a><a href=\"https:\/\/drive.google.com\/file\/d\/1aind0MHfpbDWzkkXE6rud6nHVMSS57SJ\/view?usp=sharing\" target=\"_blank\" rel=\"noopener\">Vid\u00e9o P\u00e2ques 6\u00e8mes-RB<\/a><\/h6>\n<\/td>\n<\/tr>\n<tr>\n<td>\n<h6><a href=\"http:\/\/s323197849.onlinehome.fr\/wp-content\/uploads\/2018\/04\/29694478_1781226961944037_5072673613967758535_n.jpg\" target=\"_blank\" rel=\"noopener\"><img loading=\"lazy\" decoding=\"async\" class=\"alignnone wp-image-9895 size-thumbnail\" src=\"http:\/\/s323197849.onlinehome.fr\/wp-content\/uploads\/2018\/04\/29694478_1781226961944037_5072673613967758535_n-100x100.jpg\" alt=\"\" width=\"100\" height=\"100\" \/><\/a><a href=\"https:\/\/photos.app.goo.gl\/hhXawffjWqqUBSZf2\" target=\"_blank\" rel=\"noopener\">B\u00e9n\u00e9diction cavaliers Calas-180402 &#8211; AL<\/a><\/h6>\n<\/td>\n<td>\n<h6>\u00a0<img loading=\"lazy\" decoding=\"async\" class=\"alignnone wp-image-9884 size-thumbnail\" src=\"http:\/\/s323197849.onlinehome.fr\/wp-content\/uploads\/2018\/04\/P4010016-100x100.jpg\" alt=\"\" width=\"100\" height=\"100\" \/><a href=\"https:\/\/photos.app.goo.gl\/J9Ho8ZzpjNCRYd3G3\" target=\"_blank\" rel=\"noopener\">Dimanche P\u00e2ques Calas &#8211; 18 04 01 &#8211; RB<\/a><\/h6>\n<\/td>\n<\/tr>\n<tr>\n<td>\u00a0<a href=\"http:\/\/s323197849.onlinehome.fr\/wp-content\/uploads\/2018\/04\/DSC_9348.jpg\" target=\"_blank\" rel=\"noopener\"><img loading=\"lazy\" decoding=\"async\" class=\"wp-image-9908 size-thumbnail alignnone\" src=\"http:\/\/s323197849.onlinehome.fr\/wp-content\/uploads\/2018\/04\/DSC_9348-100x100.jpg\" alt=\"\" width=\"100\" height=\"100\" \/><\/a> <a href=\"https:\/\/photos.app.goo.gl\/TB6XSrxHl1PyfWT62\" target=\"_blank\" rel=\"noopener\">Vigile Pascale BBa &#8211; 18 03 31-RB<\/a><\/td>\n<td>\n<h6>\u00a0<img loading=\"lazy\" decoding=\"async\" class=\"alignnone wp-image-9879 size-thumbnail\" src=\"http:\/\/s323197849.onlinehome.fr\/wp-content\/uploads\/2018\/04\/IMG_3228-100x100.jpg\" alt=\"\" width=\"100\" height=\"100\" \/> <a href=\"https:\/\/photos.app.goo.gl\/MYrRYEzTmoi2BS1m2\" target=\"_blank\" rel=\"noopener\">Chemin croix enfants-Calas-18 03 30-GC<\/a><\/h6>\n<\/td>\n<\/tr>\n<tr>\n<td><a href=\"http:\/\/s323197849.onlinehome.fr\/wp-content\/uploads\/2018\/04\/P3300022.jpg\" target=\"_blank\" rel=\"noopener\"><img loading=\"lazy\" decoding=\"async\" class=\"alignnone wp-image-9878 size-thumbnail\" src=\"http:\/\/s323197849.onlinehome.fr\/wp-content\/uploads\/2018\/04\/P3300022-100x100.jpg\" alt=\"\" width=\"100\" height=\"100\" \/><\/a>\u00a0\u00a0 <a href=\"https:\/\/photos.app.goo.gl\/WUuPvvWzOTD55bM93\" target=\"_blank\" rel=\"noopener\">Vendredi Saint BBa &#8211; 18 03 30 &#8211; RB<\/a><\/td>\n<td><img loading=\"lazy\" decoding=\"async\" class=\"alignnone wp-image-9877 size-thumbnail\" src=\"http:\/\/s323197849.onlinehome.fr\/wp-content\/uploads\/2018\/04\/P3300132-100x100.jpg\" alt=\"\" width=\"100\" height=\"100\" \/>\u00a0\u00a0 <a href=\"https:\/\/photos.app.goo.gl\/2V9nSaMzJmMlbd503\" target=\"_blank\" rel=\"noopener\">Reposoirs Calas\u00a0 BBa &#8211; 18 03 29-RB<\/a><\/td>\n<\/tr>\n<tr>\n<td><a href=\"http:\/\/s323197849.onlinehome.fr\/wp-content\/uploads\/2018\/04\/P3290067.jpg\" target=\"_blank\" rel=\"noopener\"><img loading=\"lazy\" decoding=\"async\" class=\"alignnone wp-image-9876 size-thumbnail\" src=\"http:\/\/s323197849.onlinehome.fr\/wp-content\/uploads\/2018\/04\/P3290067-100x100.jpg\" alt=\"\" width=\"100\" height=\"100\" \/><\/a>\u00a0\u00a0 <a href=\"https:\/\/photos.app.goo.gl\/E9S2oaxorcHuqAYv2\" target=\"_blank\" rel=\"noopener\">Jeudi Saint Calas &#8211; 18 03 29 &#8211; RB<\/a><\/td>\n<td><img loading=\"lazy\" decoding=\"async\" class=\"alignnone wp-image-9827 size-thumbnail\" src=\"http:\/\/s323197849.onlinehome.fr\/wp-content\/uploads\/2018\/03\/P3250012-100x100.jpg\" alt=\"\" width=\"100\" height=\"100\" \/>\u00a0\u00a0 <a href=\"https:\/\/photos.app.goo.gl\/0kNWMJpJhrSCdvN43\" target=\"_blank\" rel=\"noopener\">Rameaux BBA &#8211; 18 03 25 &#8211; RB<\/a><\/td>\n<\/tr>\n<tr>\n<td><img loading=\"lazy\" decoding=\"async\" class=\"alignnone wp-image-9824 size-thumbnail\" src=\"http:\/\/s323197849.onlinehome.fr\/wp-content\/uploads\/2018\/03\/DSC_9149-100x100.jpg\" alt=\"\" width=\"100\" height=\"100\" \/>\u00a0\u00a0 <a href=\"https:\/\/photos.app.goo.gl\/OuWWe1HqZuh9QwRt2\" target=\"_blank\" rel=\"noopener\">Rameaux Cabri\u00e8s &#8211; 18 03 24 &#8211; NF<\/a><\/td>\n<td><img loading=\"lazy\" decoding=\"async\" class=\"alignnone wp-image-9822 size-thumbnail\" src=\"http:\/\/s323197849.onlinehome.fr\/wp-content\/uploads\/2018\/03\/P3170020-100x100.jpg\" alt=\"\" width=\"100\" height=\"100\" \/>\u00a0 <a href=\"https:\/\/photos.app.goo.gl\/8wpoglBOuiAN8MHs2\" target=\"_blank\" rel=\"noopener\">Semaine Sainte avec 6\u00e8mes &#8211; 18 03 &#8211; RB<\/a><\/td>\n<\/tr>\n<tr>\n<td><img loading=\"lazy\" decoding=\"async\" class=\"alignnone wp-image-9321 size-thumbnail\" src=\"http:\/\/s323197849.onlinehome.fr\/wp-content\/uploads\/2018\/01\/Sacrement-malades-100x100.jpg\" alt=\"\" width=\"100\" height=\"100\" \/>\u00a0\u00a0 <a href=\"https:\/\/photos.app.goo.gl\/iuKhQXUbI5WqWCof2\" target=\"_blank\" rel=\"noopener\">Sacrement des malades &#8211; 18 03 10 &#8211; RB<\/a><\/td>\n<td><img loading=\"lazy\" decoding=\"async\" class=\"alignnone wp-image-9492 size-thumbnail\" src=\"http:\/\/s323197849.onlinehome.fr\/wp-content\/uploads\/2018\/02\/P1130047-100x100.jpg\" alt=\"\" width=\"100\" height=\"100\" \/>\u00a0 <a href=\"https:\/\/photos.app.goo.gl\/7rgrbZV7zIhnnPam2\" target=\"_blank\" rel=\"noopener\">Sortie 6\u00e8mes S\u00e9minaire St Luc &#8211; 18 01- RB<\/a><\/td>\n<\/tr>\n<\/tbody>\n<\/table>\n<p>\u200b<\/p>\n<p>\u200b<strong><a href=\"https:\/\/uparbois.org\/?page_id=95\" target=\"_blank\" rel=\"noopener\">Retour \u00e0 la page \u00ab\u00a0Reportages des paroisses\u00a0\u00bb<\/a><\/strong><\/p>\n<p>\u200b<\/p>\n<p>\u200b<\/p>\n<p>\u200b<\/p>\n<p>\u200b<\/p>\n","protected":false},"excerpt":{"rendered":"<p>Messe de minuit BBA 24122018 &#8211; RB Conte et Messe de No\u00ebl Calas 24122018 &#8211; RB Veill\u00e9e Aum\u00f4nerie Pop louange &#8211; 07 12 2018 &#8211; RB \u00a0 Ste Baume 2018 12 01 &#8211; Aum\u00f4nerie &#8211; RB Voir la Vid\u00e9o Ste Baume Bapt\u00eame Baptiste Ferret &#8211; 27 10 2018- RB ND du Laus 2018 10 14 [&hellip;]<\/p>\n","protected":false},"author":3,"featured_media":0,"parent":95,"menu_order":5,"comment_status":"closed","ping_status":"closed","template":"","meta":{"ocean_post_layout":"","ocean_both_sidebars_style":"","ocean_both_sidebars_content_width":0,"ocean_both_sidebars_sidebars_width":0,"ocean_sidebar":"","ocean_second_sidebar":"","ocean_disable_margins":"enable","ocean_add_body_class":"","ocean_shortcode_before_top_bar":"","ocean_shortcode_after_top_bar":"","ocean_shortcode_before_header":"","ocean_shortcode_after_header":"","ocean_has_shortcode":"","ocean_shortcode_after_title":"","ocean_shortcode_before_footer_widgets":"","ocean_shortcode_after_footer_widgets":"","ocean_shortcode_before_footer_bottom":"","ocean_shortcode_after_footer_bottom":"","ocean_display_top_bar":"default","ocean_display_header":"default","ocean_header_style":"","ocean_center_header_left_menu":"","ocean_custom_header_template":"","ocean_custom_logo":0,"ocean_custom_retina_logo":0,"ocean_custom_logo_max_width":0,"ocean_custom_logo_tablet_max_width":0,"ocean_custom_logo_mobile_max_width":0,"ocean_custom_logo_max_height":0,"ocean_custom_logo_tablet_max_height":0,"ocean_custom_logo_mobile_max_height":0,"ocean_header_custom_menu":"","ocean_menu_typo_font_family":"","ocean_menu_typo_font_subset":"","ocean_menu_typo_font_size":0,"ocean_menu_typo_font_size_tablet":0,"ocean_menu_typo_font_size_mobile":0,"ocean_menu_typo_font_size_unit":"px","ocean_menu_typo_font_weight":"","ocean_menu_typo_font_weight_tablet":"","ocean_menu_typo_font_weight_mobile":"","ocean_menu_typo_transform":"","ocean_menu_typo_transform_tablet":"","ocean_menu_typo_transform_mobile":"","ocean_menu_typo_line_height":0,"ocean_menu_typo_line_height_tablet":0,"ocean_menu_typo_line_height_mobile":0,"ocean_menu_typo_line_height_unit":"","ocean_menu_typo_spacing":0,"ocean_menu_typo_spacing_tablet":0,"ocean_menu_typo_spacing_mobile":0,"ocean_menu_typo_spacing_unit":"","ocean_menu_link_color":"","ocean_menu_link_color_hover":"","ocean_menu_link_color_active":"","ocean_menu_link_background":"","ocean_menu_link_hover_background":"","ocean_menu_link_active_background":"","ocean_menu_social_links_bg":"","ocean_menu_social_hover_links_bg":"","ocean_menu_social_links_color":"","ocean_menu_social_hover_links_color":"","ocean_disable_title":"default","ocean_disable_heading":"default","ocean_post_title":"","ocean_post_subheading":"","ocean_post_title_style":"","ocean_post_title_background_color":"","ocean_post_title_background":0,"ocean_post_title_bg_image_position":"","ocean_post_title_bg_image_attachment":"","ocean_post_title_bg_image_repeat":"","ocean_post_title_bg_image_size":"","ocean_post_title_height":0,"ocean_post_title_bg_overlay":0.5,"ocean_post_title_bg_overlay_color":"","ocean_disable_breadcrumbs":"default","ocean_breadcrumbs_color":"","ocean_breadcrumbs_separator_color":"","ocean_breadcrumbs_links_color":"","ocean_breadcrumbs_links_hover_color":"","ocean_display_footer_widgets":"default","ocean_display_footer_bottom":"default","ocean_custom_footer_template":"","footnotes":""},"_links":{"self":[{"href":"https:\/\/uparbois.org\/index.php?rest_route=\/wp\/v2\/pages\/11643"}],"collection":[{"href":"https:\/\/uparbois.org\/index.php?rest_route=\/wp\/v2\/pages"}],"about":[{"href":"https:\/\/uparbois.org\/index.php?rest_route=\/wp\/v2\/types\/page"}],"author":[{"embeddable":true,"href":"https:\/\/uparbois.org\/index.php?rest_route=\/wp\/v2\/users\/3"}],"replies":[{"embeddable":true,"href":"https:\/\/uparbois.org\/index.php?rest_route=%2Fwp%2Fv2%2Fcomments&post=11643"}],"version-history":[{"count":4,"href":"https:\/\/uparbois.org\/index.php?rest_route=\/wp\/v2\/pages\/11643\/revisions"}],"predecessor-version":[{"id":16111,"href":"https:\/\/uparbois.org\/index.php?rest_route=\/wp\/v2\/pages\/11643\/revisions\/16111"}],"up":[{"embeddable":true,"href":"https:\/\/uparbois.org\/index.php?rest_route=\/wp\/v2\/pages\/95"}],"wp:attachment":[{"href":"https:\/\/uparbois.org\/index.php?rest_route=%2Fwp%2Fv2%2Fmedia&parent=11643"}],"curies":[{"name":"wp","href":"https:\/\/api.w.org\/{rel}","templated":true}]}}