{"id":11409,"date":"2018-12-02T11:50:42","date_gmt":"2018-12-02T10:50:42","guid":{"rendered":"http:\/\/s323197849.onlinehome.fr\/?page_id=11409"},"modified":"2022-09-10T07:24:11","modified_gmt":"2022-09-10T06:24:11","slug":"groupes-de-reflexion-biblique","status":"publish","type":"page","link":"https:\/\/uparbois.org\/?page_id=11409","title":{"rendered":"La vie spirituelle"},"content":{"rendered":"<table style=\"border-collapse: collapse; width: 80%; height: 759px;\" border=\"1\">\n<tbody>\n<tr style=\"background-color: #73f0a3;\">\n<td style=\"width: 25%; height: 37px;\"><strong><span style=\"color: #808000;\"><em>Groupe<\/em><\/span><\/strong><\/td>\n<td style=\"width: 25%; height: 37px;\"><strong><span style=\"color: #808000;\"><em>Quand \/ O\u00f9 :<br \/>\n<\/em><\/span><\/strong><\/td>\n<td style=\"width: 25%; height: 37px;\"><strong><span style=\"color: #808000;\"><em>Les propositions<\/em><\/span><\/strong><\/td>\n<td style=\"width: 25%; height: 37px;\"><strong><span style=\"color: #808000;\"><em>Qui contacter :<br \/>\n<\/em><\/span><\/strong><\/td>\n<\/tr>\n<tr style=\"background-color: #aae3f2;\">\n<td style=\"width: 25%; height: 180px;\"><span style=\"color: #0000ff;\"><strong><em>Adoration du Saint Sacrement<\/em><\/strong><\/span><\/td>\n<td style=\"width: 25%; height: 180px;\"><span style=\"color: #0000ff;\"><em>Une fois par mois, <\/em><\/span><\/p>\n<p><span style=\"color: #0000ff;\"><em>le jeudi matin <\/em><\/span><span style=\"color: #0000ff;\"><em>\u00e0 8h15 <\/em><\/span><\/p>\n<p><span style=\"color: #0000ff;\"><em>avant la messe de 9h \u00e0 Calas<\/em><\/span><\/td>\n<td style=\"width: 25%; height: 180px;\"><span style=\"color: #0000ff;\">L\u2019Adoration Eucharistique est une pri\u00e8re, un dialogue intime avec J\u00e9sus r\u00e9ellement pr\u00e9sent sous les apparences du pain consacr\u00e9. C\u2019est un face \u00e0 face avec le Christ. Chaque mois, un service ou un mouvement est plus particuli\u00e8rement invit\u00e9 pour prier avec nous pour leurs activit\u00e9s, les personnes qu\u2019ils rencontrent et pour porter ensemble notre Unit\u00e9 Pastorale.<\/span><\/td>\n<td style=\"width: 25%; height: 180px;\"><span style=\"color: #0000ff;\">Nathalie Droneau <\/span><\/p>\n<p><span style=\"color: #0000ff;\">(06 22 45 22 78)<\/span><\/p>\n<p><span style=\"color: #0000ff;\">et Patricia Cir\u00e9e <\/span><\/p>\n<p><span style=\"color: #0000ff;\">(06 27 40 56 62)<\/span><\/td>\n<\/tr>\n<tr style=\"height: 238px; background-color: #f7e6e6;\">\n<td style=\"width: 25%; height: 238px;\"><span style=\"color: #993300;\"><strong><em>Communaut\u00e9 de Vie Chr\u00e9tienne (CVX)<\/em><\/strong><\/span><\/td>\n<td style=\"width: 25%; height: 238px;\"><span style=\"color: #993300;\"><em>Toutes les trois semaines<\/em><\/span><\/td>\n<td style=\"width: 25%; height: 238px;\"><span style=\"color: #993300;\">Les membres de la CVX se r\u00e9unissent en petites \u00e9quipes. Avec la pri\u00e8re et le partage de leurs quotidiens, ils s&rsquo;aident \u00e0 d\u00e9couvrir comment Dieu parle \u00e0 chacun. \u00c0 l&rsquo;\u00e9cole d&rsquo;Ignace de Loyola, ils apprennent \u00e0 prendre petites et grandes d\u00e9cisions en regardant la fa\u00e7on dont J\u00e9sus a lui-m\u00eame agi. Des membres de la CVX de notre unit\u00e9 pastorale ont anim\u00e9 ces derni\u00e8res ann\u00e9es les parcours de pri\u00e8re pendant le Car\u00eame, dans nos paroisses.<\/span><\/td>\n<td style=\"width: 25%; height: 238px;\"><span style=\"color: #993300;\">Nathalie Arrighi de Casanova<\/span><\/p>\n<p><span style=\"color: #993300;\"> (06 84 13 91 16)<\/span><\/td>\n<\/tr>\n<tr style=\"background-color: #aae3f2; height: 22px;\">\n<td style=\"width: 25%; height: 22px;\"><span style=\"color: #0000ff;\"><strong><em>Lectio divina<\/em><\/strong><\/span><\/td>\n<td style=\"width: 25%; height: 22px;\"><span style=\"color: #0000ff;\"><em>Une fois par mois<\/em><\/span><\/td>\n<td style=\"width: 25%; height: 22px;\"><span style=\"color: #0000ff;\"><em>Lecture priante de la Bible<\/em><\/span><\/p>\n<p><span style=\"color: #0000ff;\">Lecture du texte, suivie d\u2019un temps de pri\u00e8re silencieuse puis d\u2019un \u00e9change sur la compr\u00e9hension et sur ce que la Parole de Dieu a apport\u00e9 \u00e0 chacun.<\/span><\/td>\n<td style=\"width: 25%; height: 22px;\"><span style=\"color: #0000ff;\">Francis Klefstad<\/span><\/p>\n<p><span style=\"color: #0000ff;\"> (06 84 35 13 39)<\/span><\/td>\n<\/tr>\n<tr style=\"background-color: #f7e6e6; height: 172px;\">\n<td style=\"width: 25%; height: 172px;\"><span style=\"color: #993300;\"><strong><em>Pri\u00e8re du Rosaire<\/em><\/strong> <em><strong>Calas<\/strong><\/em><\/span><\/td>\n<td style=\"width: 25%; height: 172px;\"><span style=\"color: #993300;\"><em>Chaque quinzaine<\/em><\/span><\/p>\n<p><span style=\"color: #993300;\"><em> le lundi \u00e0 11h \u00e0 Calas ou Cabri\u00e8s<\/em><\/span><\/td>\n<td style=\"width: 25%; height: 172px;\"><span style=\"color: #993300;\">Ce temps de pri\u00e8re permet de demander \u00e0 la Vierge Marie de nous aider \u00e0 vivre notre foi dans nos actions quotidiennes \u00e0 la lumi\u00e8re de la vie de J\u00e9sus et de rendre gr\u00e2ce pour tout ce qui nous est donn\u00e9 de vivre et de partager.<\/span><\/td>\n<td style=\"width: 25%; height: 172px;\"><span style=\"color: #993300;\">Edmonde Peillon<\/span><\/p>\n<p><span style=\"color: #993300;\"> (04 42 94 11 06)<\/span><\/td>\n<\/tr>\n<tr style=\"height: 22px; background-color: #aae3f2;\">\n<td style=\"width: 25%; height: 22px;\"><span style=\"color: #0000ff;\"><strong><em>Pri\u00e8re du Rosaire<\/em><\/strong> <em><strong>Bba<\/strong><\/em><\/span><\/td>\n<td style=\"width: 25%; height: 22px;\"><span style=\"color: #0000ff;\"><em>Le 2<sup>e<\/sup> mardi du mois \u00e0 17h<\/em><\/span><\/td>\n<td style=\"width: 25%; height: 22px;\"><\/td>\n<td style=\"width: 25%; height: 22px;\"><span style=\"color: #0000ff;\">Maryse Reymond <\/span><\/p>\n<p><span style=\"color: #0000ff;\">(04 42 22 31 80)<\/span><\/td>\n<\/tr>\n<tr style=\"height: 22px; background-color: #f7e6e6;\">\n<td style=\"width: 25%; height: 22px;\"><span style=\"color: #993300;\"><strong><em>Un jour pour Dieu<\/em><\/strong><\/span><\/td>\n<td style=\"width: 25%; height: 22px;\"><span style=\"color: #993300;\"><em>Six journ\u00e9es par an<\/em><\/span><\/td>\n<td style=\"width: 25%; height: 22px;\"><span style=\"color: #993300;\">Cette initiative propose aux paroissiens une halte spirituelle avec un double objectif\u00a0: offrir une journ\u00e9e de r\u00e9flexions et de pri\u00e8res et d\u00e9couvrir nos lieux saints de Provence (ex\u00a0: Notre Dame de la Fid\u00e9lit\u00e9 \u00e0 Jouques, Notre Dame de Vie \u00e0 V\u00e9nasque, Foyer de Charit\u00e9 de Branguier, Notre Dame de Gr\u00e2ce \u00e0 Cotignac, la Sainte Baume\u2026)<\/span><\/td>\n<td style=\"width: 25%; height: 22px;\"><span style=\"color: #993300;\">Guy Lagaude <\/span><\/p>\n<p><span style=\"color: #993300;\">(06 75 44 37 33)<\/span><\/td>\n<\/tr>\n<\/tbody>\n<\/table>\n","protected":false},"excerpt":{"rendered":"<p>Groupe Quand \/ O\u00f9 : Les propositions Qui contacter : Adoration du Saint Sacrement Une fois par mois, le jeudi matin \u00e0 8h15 avant la messe de 9h \u00e0 Calas L\u2019Adoration Eucharistique est une pri\u00e8re, un dialogue intime avec J\u00e9sus r\u00e9ellement pr\u00e9sent sous les apparences du pain consacr\u00e9. C\u2019est un face \u00e0 face avec le [&hellip;]<\/p>\n","protected":false},"author":3,"featured_media":0,"parent":5611,"menu_order":0,"comment_status":"closed","ping_status":"closed","template":"","meta":{"ocean_post_layout":"","ocean_both_sidebars_style":"","ocean_both_sidebars_content_width":0,"ocean_both_sidebars_sidebars_width":0,"ocean_sidebar":"0","ocean_second_sidebar":"0","ocean_disable_margins":"enable","ocean_add_body_class":"","ocean_shortcode_before_top_bar":"","ocean_shortcode_after_top_bar":"","ocean_shortcode_before_header":"","ocean_shortcode_after_header":"","ocean_has_shortcode":"","ocean_shortcode_after_title":"","ocean_shortcode_before_footer_widgets":"","ocean_shortcode_after_footer_widgets":"","ocean_shortcode_before_footer_bottom":"","ocean_shortcode_after_footer_bottom":"","ocean_display_top_bar":"default","ocean_display_header":"default","ocean_header_style":"","ocean_center_header_left_menu":"0","ocean_custom_header_template":"0","ocean_custom_logo":0,"ocean_custom_retina_logo":0,"ocean_custom_logo_max_width":0,"ocean_custom_logo_tablet_max_width":0,"ocean_custom_logo_mobile_max_width":0,"ocean_custom_logo_max_height":0,"ocean_custom_logo_tablet_max_height":0,"ocean_custom_logo_mobile_max_height":0,"ocean_header_custom_menu":"0","ocean_menu_typo_font_family":"0","ocean_menu_typo_font_subset":"","ocean_menu_typo_font_size":0,"ocean_menu_typo_font_size_tablet":0,"ocean_menu_typo_font_size_mobile":0,"ocean_menu_typo_font_size_unit":"px","ocean_menu_typo_font_weight":"","ocean_menu_typo_font_weight_tablet":"","ocean_menu_typo_font_weight_mobile":"","ocean_menu_typo_transform":"","ocean_menu_typo_transform_tablet":"","ocean_menu_typo_transform_mobile":"","ocean_menu_typo_line_height":0,"ocean_menu_typo_line_height_tablet":0,"ocean_menu_typo_line_height_mobile":0,"ocean_menu_typo_line_height_unit":"","ocean_menu_typo_spacing":0,"ocean_menu_typo_spacing_tablet":0,"ocean_menu_typo_spacing_mobile":0,"ocean_menu_typo_spacing_unit":"","ocean_menu_link_color":"","ocean_menu_link_color_hover":"","ocean_menu_link_color_active":"","ocean_menu_link_background":"","ocean_menu_link_hover_background":"","ocean_menu_link_active_background":"","ocean_menu_social_links_bg":"","ocean_menu_social_hover_links_bg":"","ocean_menu_social_links_color":"","ocean_menu_social_hover_links_color":"","ocean_disable_title":"default","ocean_disable_heading":"default","ocean_post_title":"","ocean_post_subheading":"","ocean_post_title_style":"","ocean_post_title_background_color":"","ocean_post_title_background":0,"ocean_post_title_bg_image_position":"","ocean_post_title_bg_image_attachment":"","ocean_post_title_bg_image_repeat":"","ocean_post_title_bg_image_size":"","ocean_post_title_height":0,"ocean_post_title_bg_overlay":0.5,"ocean_post_title_bg_overlay_color":"","ocean_disable_breadcrumbs":"default","ocean_breadcrumbs_color":"","ocean_breadcrumbs_separator_color":"","ocean_breadcrumbs_links_color":"","ocean_breadcrumbs_links_hover_color":"","ocean_display_footer_widgets":"default","ocean_display_footer_bottom":"default","ocean_custom_footer_template":"0","footnotes":""},"_links":{"self":[{"href":"https:\/\/uparbois.org\/index.php?rest_route=\/wp\/v2\/pages\/11409"}],"collection":[{"href":"https:\/\/uparbois.org\/index.php?rest_route=\/wp\/v2\/pages"}],"about":[{"href":"https:\/\/uparbois.org\/index.php?rest_route=\/wp\/v2\/types\/page"}],"author":[{"embeddable":true,"href":"https:\/\/uparbois.org\/index.php?rest_route=\/wp\/v2\/users\/3"}],"replies":[{"embeddable":true,"href":"https:\/\/uparbois.org\/index.php?rest_route=%2Fwp%2Fv2%2Fcomments&post=11409"}],"version-history":[{"count":16,"href":"https:\/\/uparbois.org\/index.php?rest_route=\/wp\/v2\/pages\/11409\/revisions"}],"predecessor-version":[{"id":17243,"href":"https:\/\/uparbois.org\/index.php?rest_route=\/wp\/v2\/pages\/11409\/revisions\/17243"}],"up":[{"embeddable":true,"href":"https:\/\/uparbois.org\/index.php?rest_route=\/wp\/v2\/pages\/5611"}],"wp:attachment":[{"href":"https:\/\/uparbois.org\/index.php?rest_route=%2Fwp%2Fv2%2Fmedia&parent=11409"}],"curies":[{"name":"wp","href":"https:\/\/api.w.org\/{rel}","templated":true}]}}