{"id":10377,"date":"2018-06-05T16:13:56","date_gmt":"2018-06-05T15:13:56","guid":{"rendered":"http:\/\/s323197849.onlinehome.fr\/?page_id=10377"},"modified":"2025-01-17T12:38:46","modified_gmt":"2025-01-17T11:38:46","slug":"r-g-p-d","status":"publish","type":"page","link":"https:\/\/uparbois.org\/?page_id=10377","title":{"rendered":"Mentions l\u00e9gales"},"content":{"rendered":"<p>Vous \u00eates sur le site de l\u2019<strong>Unit\u00e9 pastorale des paroisses catholiques de Bouc Bel air, Cabri\u00e8s et Calas<\/strong>.<\/p>\n<p><strong>Mentions l\u00e9gales<\/strong><\/p>\n<p><strong>Directeur de la publication :<\/strong><br \/>\nP\u00e8re Luc Marie Lalanne, cur\u00e9<br \/>\n2 rue Bourbon 13320 Bouc Bel air T\u00e9l. : 04 42 22 09 34.<\/p>\n<p><strong>Webmasters :\u00a0<\/strong>Michel de Villequier, assist\u00e9 de G\u00e9rard Vanden Brande<\/p>\n<p><strong>Conception et d\u00e9veloppement :<\/strong> Michel de Villequier.<\/p>\n<p><strong>H\u00e9bergement<\/strong><\/p>\n<p>IONOS\u00a0SARL<\/p>\n<p>7, place de la Gare, BP 70109, 57200 Sarreguemines Cedex &#8211; t\u00e9l.\u00a0: 0970 808\u00a0911, \u00a0info@IONOS.fr<\/p>\n<p>431\u00a0303\u00a0775 RCS Sarreguemines,<\/p>\n<p>https:\/\/my.ionos.fr<\/p>\n<p><strong>\u00a0<\/strong><strong>Photos :<\/strong><\/p>\n<p>Tous les droits des photos et images qui apparaissent sur le site appartiennent \u00e0 l\u2019Unit\u00e9 pastorale.<br \/>\nToute utilisation par un tiers doit faire l\u2019objet d\u2019un accord \u00e9crit pr\u00e9alable.<\/p>\n<p><strong>\u00a0<\/strong><strong>Liens :<\/strong><\/p>\n<p>Le site de l\u2019Unit\u00e9 pastorale peut proposer \u00e0 titre purement informatif des liens hypertextes vers d\u2019autres sites, ce qui ne saurait engager sa responsabilit\u00e9.<\/p>\n<p>Le site autorise la mise en place d\u2019un lien hypertexte pointant vers son contenu, sous r\u00e9serve :<br \/>\n\u2013 que les pages du site ne soient pas imbriqu\u00e9es \u00e0 l\u2019int\u00e9rieur des pages d\u2019un autre site, mais seulement accessible par l\u2019ouverture d\u2019une fen\u00eatre ;<br \/>\n\u2013 de mentionner, gr\u00e2ce \u00e0 un lien hypertexte, la source qui pointera directement sur le contenu vis\u00e9 ;<br \/>\n\u2013 que les informations ne soient utilis\u00e9es qu\u2019\u00e0 des fins personnelles, associatives ou professionnelles (toute utilisation \u00e0 des fins publicitaires ou commerciales est interdite).<\/p>\n<p><strong>Attention !\u00a0<\/strong>Cette autorisation ne s\u2019applique pas aux sites Internet diffusant des informations \u00e0 caract\u00e8re pol\u00e9mique, pornographique, x\u00e9nophobe ou pouvant dans une plus large mesure, porter atteinte \u00e0 la sensibilit\u00e9 du plus grand nombre.<\/p>\n<p><strong>\u00a0<\/strong><strong>Loi applicable :<\/strong><\/p>\n<p>L\u2019ensemble de ce site internet rel\u00e8ve de la l\u00e9gislation fran\u00e7aise et le texte r\u00e9dig\u00e9 en fran\u00e7ais fait foi.<\/p>\n<p><strong>\u00a0<\/strong><strong>D\u00e9claration \u00e0 la CNIL :<\/strong><\/p>\n<p>Le traitement des informations r\u00e9pondant aux crit\u00e8res de la dispense de d\u00e9claration n\u00b07 de la CNIL (D\u00e9lib\u00e9ration N\u00b02006-138 du 9 mai 2006), il n\u2019y a pas eu de d\u00e9claration.<\/p>\n<p><strong>\u00a0<\/strong><strong>Protection des droits individuels :<\/strong><\/p>\n<p>Concernant les informations \u00e0 caract\u00e8re nominatif ou en cas de copyright ou de cr\u00e9ation sur des \u00e9l\u00e9ments pr\u00e9sent\u00e9s, nous vous rappelons que vous disposez d\u2019un droit d\u2019acc\u00e8s, de modification, de rectification et de suppression des donn\u00e9es vous concernant (article 34 de la loi \u00ab Informatique et Libert\u00e9<\/p>\n<p><strong>Responsabilit\u00e9s :<\/strong><\/p>\n<p>Malgr\u00e9 les pr\u00e9cautions prises, des erreurs sont possibles dans les informations fournies par le site, surtout dans le cas d\u2019\u00e9v\u00e9nements externes dont nous ne sommes pas inform\u00e9s des changements.<br \/>\nNous d\u00e9clinons toute responsabilit\u00e9 sur leurs cons\u00e9quences.<br \/>\nSi vous d\u00e9celez des erreurs, merci de le signaler \u00e0 l\u2019assistant du webmaster\u00a0<a href=\"gerard.vdb49@gmail.com\">gerard.vdb49@gmail.com<\/a><\/p>\n<p><span class=\"ILfuVd yZ8quc\">Le mot<b> RGPD<\/b> correspond aux initiales de \u00ab\u00a0R\u00e8glement G\u00e9n\u00e9ral pour la Protection des Donn\u00e9es\u00a0\u00bb et d\u00e9signe la directive europ\u00e9enne concernant les donn\u00e9es personnelles, entr\u00e9e en application dans les \u00e9tats membres le 25 mai 2018.<\/span><\/p>\n<p><span style=\"font-family: Arial;\">La base de donn\u00e9es de l&rsquo;Unit\u00e9 pastorale Arbois est exclusivement constitu\u00e9e\u00a0 \u00e0 des fins d&rsquo;informations et sur une d\u00e9marche d&rsquo;adh\u00e9sion \u00e0 la religion catholique (donateurs du Denier, paroissiens, inscriptions au KT, demandes de services religieux). Aucune donn\u00e9e sensible n&rsquo;est enregistr\u00e9e.<br \/>\n<\/span><\/p>\n<p><span style=\"font-family: Arial;\">Conform\u00e9ment aux dispositions des obligations majeures du RGPD, le responsable des donn\u00e9es et son \u00e9quipe, tiennent \u00e0 jour un registre RGPD confirmant le type de donn\u00e9es collect\u00e9es et mettent tout en \u0153uvre pour :<\/span><\/p>\n<ul>\n<li>Limiter la collecte des donn\u00e9es au strict n\u00e9cessaire,<\/li>\n<li>Obtenir et conserver le consentement des utilisateurs <em>(chaque fiche d&rsquo;inscription ou de <\/em><i>collecte de donn\u00e9es propos\u00e9e par l&rsquo;Unit\u00e9 pastorale Arbois\u00a0 pr\u00e9cise le consentement du paroissien\u00a0 et ces documents sont archiv\u00e9s).<\/i><\/li>\n<li>S\u00e9curiser les donn\u00e9es r\u00e9colt\u00e9es.<i>(les acc\u00e8s aux donn\u00e9es sont limit\u00e9s et prot\u00e9g\u00e9s par des mots de passe complexes)<\/i><\/li>\n<li>Faciliter la r\u00e9siliation des donn\u00e9es et le droit \u00e0 l&rsquo;oubli <i>(en pied de page sur les mails de l&rsquo;Unit\u00e9 pastorale<\/i><i>)<br \/>\n<\/i><\/li>\n<\/ul>\n<p>Le responsable des donn\u00e9es est le cur\u00e9 de l&rsquo;Unit\u00e9 pastorale Notre Dame de l&rsquo;Arbois. Il peut \u00eatre contact\u00e9 par mail &lt;<a href=\"mailto:contact@uparbois.org\" target=\"_blank\" rel=\"noopener\">contact@uparbois.org<\/a>&gt;<\/p>\n","protected":false},"excerpt":{"rendered":"<p>Vous \u00eates sur le site de l\u2019Unit\u00e9 pastorale des paroisses catholiques de Bouc Bel air, Cabri\u00e8s et Calas. Mentions l\u00e9gales Directeur de la publication : P\u00e8re Luc Marie Lalanne, cur\u00e9 2 rue Bourbon 13320 Bouc Bel air T\u00e9l. : 04 42 22 09 34. Webmasters :\u00a0Michel de Villequier, assist\u00e9 de G\u00e9rard Vanden Brande Conception et [&hellip;]<\/p>\n","protected":false},"author":3,"featured_media":0,"parent":5611,"menu_order":1,"comment_status":"closed","ping_status":"closed","template":"","meta":{"ocean_post_layout":"","ocean_both_sidebars_style":"","ocean_both_sidebars_content_width":0,"ocean_both_sidebars_sidebars_width":0,"ocean_sidebar":"0","ocean_second_sidebar":"0","ocean_disable_margins":"enable","ocean_add_body_class":"","ocean_shortcode_before_top_bar":"","ocean_shortcode_after_top_bar":"","ocean_shortcode_before_header":"","ocean_shortcode_after_header":"","ocean_has_shortcode":"","ocean_shortcode_after_title":"","ocean_shortcode_before_footer_widgets":"","ocean_shortcode_after_footer_widgets":"","ocean_shortcode_before_footer_bottom":"","ocean_shortcode_after_footer_bottom":"","ocean_display_top_bar":"default","ocean_display_header":"default","ocean_header_style":"","ocean_center_header_left_menu":"0","ocean_custom_header_template":"0","ocean_custom_logo":0,"ocean_custom_retina_logo":0,"ocean_custom_logo_max_width":0,"ocean_custom_logo_tablet_max_width":0,"ocean_custom_logo_mobile_max_width":0,"ocean_custom_logo_max_height":0,"ocean_custom_logo_tablet_max_height":0,"ocean_custom_logo_mobile_max_height":0,"ocean_header_custom_menu":"0","ocean_menu_typo_font_family":"0","ocean_menu_typo_font_subset":"","ocean_menu_typo_font_size":0,"ocean_menu_typo_font_size_tablet":0,"ocean_menu_typo_font_size_mobile":0,"ocean_menu_typo_font_size_unit":"px","ocean_menu_typo_font_weight":"","ocean_menu_typo_font_weight_tablet":"","ocean_menu_typo_font_weight_mobile":"","ocean_menu_typo_transform":"","ocean_menu_typo_transform_tablet":"","ocean_menu_typo_transform_mobile":"","ocean_menu_typo_line_height":0,"ocean_menu_typo_line_height_tablet":0,"ocean_menu_typo_line_height_mobile":0,"ocean_menu_typo_line_height_unit":"","ocean_menu_typo_spacing":0,"ocean_menu_typo_spacing_tablet":0,"ocean_menu_typo_spacing_mobile":0,"ocean_menu_typo_spacing_unit":"","ocean_menu_link_color":"","ocean_menu_link_color_hover":"","ocean_menu_link_color_active":"","ocean_menu_link_background":"","ocean_menu_link_hover_background":"","ocean_menu_link_active_background":"","ocean_menu_social_links_bg":"","ocean_menu_social_hover_links_bg":"","ocean_menu_social_links_color":"","ocean_menu_social_hover_links_color":"","ocean_disable_title":"default","ocean_disable_heading":"default","ocean_post_title":"","ocean_post_subheading":"","ocean_post_title_style":"","ocean_post_title_background_color":"","ocean_post_title_background":0,"ocean_post_title_bg_image_position":"","ocean_post_title_bg_image_attachment":"","ocean_post_title_bg_image_repeat":"","ocean_post_title_bg_image_size":"","ocean_post_title_height":0,"ocean_post_title_bg_overlay":0.5,"ocean_post_title_bg_overlay_color":"","ocean_disable_breadcrumbs":"default","ocean_breadcrumbs_color":"","ocean_breadcrumbs_separator_color":"","ocean_breadcrumbs_links_color":"","ocean_breadcrumbs_links_hover_color":"","ocean_display_footer_widgets":"default","ocean_display_footer_bottom":"default","ocean_custom_footer_template":"0","footnotes":""},"_links":{"self":[{"href":"https:\/\/uparbois.org\/index.php?rest_route=\/wp\/v2\/pages\/10377"}],"collection":[{"href":"https:\/\/uparbois.org\/index.php?rest_route=\/wp\/v2\/pages"}],"about":[{"href":"https:\/\/uparbois.org\/index.php?rest_route=\/wp\/v2\/types\/page"}],"author":[{"embeddable":true,"href":"https:\/\/uparbois.org\/index.php?rest_route=\/wp\/v2\/users\/3"}],"replies":[{"embeddable":true,"href":"https:\/\/uparbois.org\/index.php?rest_route=%2Fwp%2Fv2%2Fcomments&post=10377"}],"version-history":[{"count":7,"href":"https:\/\/uparbois.org\/index.php?rest_route=\/wp\/v2\/pages\/10377\/revisions"}],"predecessor-version":[{"id":19554,"href":"https:\/\/uparbois.org\/index.php?rest_route=\/wp\/v2\/pages\/10377\/revisions\/19554"}],"up":[{"embeddable":true,"href":"https:\/\/uparbois.org\/index.php?rest_route=\/wp\/v2\/pages\/5611"}],"wp:attachment":[{"href":"https:\/\/uparbois.org\/index.php?rest_route=%2Fwp%2Fv2%2Fmedia&parent=10377"}],"curies":[{"name":"wp","href":"https:\/\/api.w.org\/{rel}","templated":true}]}}